{"id":5459,"date":"2025-03-13T09:21:15","date_gmt":"2025-03-13T09:21:15","guid":{"rendered":"https:\/\/scanmast.com\/?post_type=product&#038;p=5459"},"modified":"2025-04-04T09:08:46","modified_gmt":"2025-04-04T09:08:46","slug":"skyltbarare-alta","status":"publish","type":"product","link":"https:\/\/scanmast.com\/se\/produkt\/skyltbarare-alta\/","title":{"rendered":"Skyltb\u00e4rare ALTA"},"content":{"rendered":"<p>ALTA best\u00e5r av svetsade och skruvade sexmeters sektioner. Ett flexibelt modulsystem g\u00f6r att tornet enkelt kan dimensioneras och optimeras efter behov. Det f\u00f6renklar och snabbar p\u00e5 produktionen och leveransen samt h\u00e5ller ner kostnaden.<\/p>\n<p><strong>Anpassa efter olika krav och behov.<\/strong><br \/>\nV\u00e5ra portaler och skyltb\u00e4rare kan alltid anpassas efter dina \u00f6nskem\u00e5l. Med hj\u00e4lp av v\u00e5r ber\u00e4knings- och konstruktionsavdelning kan vi utforma design och b\u00e4rkraft utifr\u00e5n just den l\u00f6sning du beh\u00f6ver ha.<\/p>\n<p><strong>Portaler och skyltb\u00e4rare som klarar tuffa krav.<\/strong><br \/>\nAlla Scanmasts produkter \u00e4r designade f\u00f6r att klara tuffa f\u00f6rh\u00e5llanden, b\u00e5de h\u00e5rda vinterv\u00e4der och industriella milj\u00f6er. V\u00e5ra portaler och skyltb\u00e4rare \u00e4r tillverkade av varmf\u00f6rzinkat st\u00e5l, vilket g\u00f6r att de h\u00e5ller upp till 50 \u00e5r. Det \u00e4r ett smart val, b\u00e5de ekonomiskt och milj\u00f6m\u00e4ssigt.<\/p>\n","protected":false},"excerpt":{"rendered":"<p>ALTA l\u00e4mpar sig perfekt som skyltb\u00e4rare eftersom den enkelt kan anpassas efter kundens behov.<\/p>\n","protected":false},"featured_media":5460,"comment_status":"closed","ping_status":"closed","template":"","meta":{"_acf_changed":false},"product_brand":[69],"product_cat":[31],"product_tag":[40],"class_list":{"0":"post-5459","1":"product","2":"type-product","3":"status-publish","4":"has-post-thumbnail","6":"product_brand-alta","7":"product_cat-portaler-skyltbarare","8":"product_tag-energi","10":"first","11":"instock","12":"shipping-taxable","13":"product-type-simple"},"acf":[],"yoast_head":"<!-- This site is optimized with the Yoast SEO plugin v26.8 - https:\/\/yoast.com\/product\/yoast-seo-wordpress\/ -->\n<title>Skyltb\u00e4rare ALTA - Scanmast<\/title>\n<meta name=\"robots\" content=\"index, follow, max-snippet:-1, max-image-preview:large, max-video-preview:-1\" \/>\n<link rel=\"canonical\" href=\"https:\/\/scanmast.com\/se\/produkt\/skyltbarare-alta\/\" \/>\n<meta property=\"og:locale\" content=\"sv_SE\" \/>\n<meta property=\"og:type\" content=\"article\" \/>\n<meta property=\"og:title\" content=\"Skyltb\u00e4rare ALTA - Scanmast\" \/>\n<meta property=\"og:description\" content=\"ALTA l\u00e4mpar sig perfekt som skyltb\u00e4rare eftersom den enkelt kan anpassas efter kundens behov.\" \/>\n<meta property=\"og:url\" content=\"https:\/\/scanmast.com\/se\/produkt\/skyltbarare-alta\/\" \/>\n<meta property=\"og:site_name\" content=\"Scanmast\" \/>\n<meta property=\"article:modified_time\" content=\"2025-04-04T09:08:46+00:00\" \/>\n<meta property=\"og:image\" content=\"https:\/\/scanmast.com\/wp-content\/uploads\/2025\/03\/skyltbarare-alta2-550x770-1.jpg\" \/>\n\t<meta property=\"og:image:width\" content=\"550\" \/>\n\t<meta property=\"og:image:height\" content=\"770\" \/>\n\t<meta property=\"og:image:type\" content=\"image\/jpeg\" \/>\n<meta name=\"twitter:card\" content=\"summary_large_image\" \/>\n<meta name=\"twitter:label1\" content=\"Ber\u00e4knad l\u00e4stid\" \/>\n\t<meta name=\"twitter:data1\" content=\"1 minut\" \/>\n<script type=\"application\/ld+json\" class=\"yoast-schema-graph\">{\"@context\":\"https:\/\/schema.org\",\"@graph\":[{\"@type\":\"WebPage\",\"@id\":\"https:\/\/scanmast.com\/se\/produkt\/skyltbarare-alta\/\",\"url\":\"https:\/\/scanmast.com\/se\/produkt\/skyltbarare-alta\/\",\"name\":\"Skyltb\u00e4rare ALTA - Scanmast\",\"isPartOf\":{\"@id\":\"https:\/\/scanmast.com\/en\/#website\"},\"primaryImageOfPage\":{\"@id\":\"https:\/\/scanmast.com\/se\/produkt\/skyltbarare-alta\/#primaryimage\"},\"image\":{\"@id\":\"https:\/\/scanmast.com\/se\/produkt\/skyltbarare-alta\/#primaryimage\"},\"thumbnailUrl\":\"https:\/\/scanmast.com\/wp-content\/uploads\/2025\/03\/skyltbarare-alta2-550x770-1.jpg\",\"datePublished\":\"2025-03-13T09:21:15+00:00\",\"dateModified\":\"2025-04-04T09:08:46+00:00\",\"breadcrumb\":{\"@id\":\"https:\/\/scanmast.com\/se\/produkt\/skyltbarare-alta\/#breadcrumb\"},\"inLanguage\":\"sv-SE\",\"potentialAction\":[{\"@type\":\"ReadAction\",\"target\":[\"https:\/\/scanmast.com\/se\/produkt\/skyltbarare-alta\/\"]}]},{\"@type\":\"ImageObject\",\"inLanguage\":\"sv-SE\",\"@id\":\"https:\/\/scanmast.com\/se\/produkt\/skyltbarare-alta\/#primaryimage\",\"url\":\"https:\/\/scanmast.com\/wp-content\/uploads\/2025\/03\/skyltbarare-alta2-550x770-1.jpg\",\"contentUrl\":\"https:\/\/scanmast.com\/wp-content\/uploads\/2025\/03\/skyltbarare-alta2-550x770-1.jpg\",\"width\":550,\"height\":770},{\"@type\":\"BreadcrumbList\",\"@id\":\"https:\/\/scanmast.com\/se\/produkt\/skyltbarare-alta\/#breadcrumb\",\"itemListElement\":[{\"@type\":\"ListItem\",\"position\":1,\"name\":\"Scanmast.se\",\"item\":\"https:\/\/scanmast.com\/en\/\"},{\"@type\":\"ListItem\",\"position\":2,\"name\":\"V\u00e5ra produkter\",\"item\":\"https:\/\/scanmast.com\/en\/goods-products\/\"},{\"@type\":\"ListItem\",\"position\":3,\"name\":\"Skyltb\u00e4rare ALTA\"}]},{\"@type\":\"WebSite\",\"@id\":\"https:\/\/scanmast.com\/en\/#website\",\"url\":\"https:\/\/scanmast.com\/en\/\",\"name\":\"Scanmast\",\"description\":\"\",\"publisher\":{\"@id\":\"https:\/\/scanmast.com\/en\/#organization\"},\"potentialAction\":[{\"@type\":\"SearchAction\",\"target\":{\"@type\":\"EntryPoint\",\"urlTemplate\":\"https:\/\/scanmast.com\/en\/?s={search_term_string}\"},\"query-input\":{\"@type\":\"PropertyValueSpecification\",\"valueRequired\":true,\"valueName\":\"search_term_string\"}}],\"inLanguage\":\"sv-SE\"},{\"@type\":\"Organization\",\"@id\":\"https:\/\/scanmast.com\/en\/#organization\",\"name\":\"Scanmast\",\"url\":\"https:\/\/scanmast.com\/en\/\",\"logo\":{\"@type\":\"ImageObject\",\"inLanguage\":\"sv-SE\",\"@id\":\"https:\/\/scanmast.com\/en\/#\/schema\/logo\/image\/\",\"url\":\"https:\/\/scanmast.com\/wp-content\/uploads\/2025\/01\/scanmast_logotyp_utansymbol.svg\",\"contentUrl\":\"https:\/\/scanmast.com\/wp-content\/uploads\/2025\/01\/scanmast_logotyp_utansymbol.svg\",\"width\":19,\"height\":3,\"caption\":\"Scanmast\"},\"image\":{\"@id\":\"https:\/\/scanmast.com\/en\/#\/schema\/logo\/image\/\"}}]}<\/script>\n<!-- \/ Yoast SEO plugin. -->","yoast_head_json":{"title":"Skyltb\u00e4rare ALTA - Scanmast","robots":{"index":"index","follow":"follow","max-snippet":"max-snippet:-1","max-image-preview":"max-image-preview:large","max-video-preview":"max-video-preview:-1"},"canonical":"https:\/\/scanmast.com\/se\/produkt\/skyltbarare-alta\/","og_locale":"sv_SE","og_type":"article","og_title":"Skyltb\u00e4rare ALTA - Scanmast","og_description":"ALTA l\u00e4mpar sig perfekt som skyltb\u00e4rare eftersom den enkelt kan anpassas efter kundens behov.","og_url":"https:\/\/scanmast.com\/se\/produkt\/skyltbarare-alta\/","og_site_name":"Scanmast","article_modified_time":"2025-04-04T09:08:46+00:00","og_image":[{"width":550,"height":770,"url":"https:\/\/scanmast.com\/wp-content\/uploads\/2025\/03\/skyltbarare-alta2-550x770-1.jpg","type":"image\/jpeg"}],"twitter_card":"summary_large_image","twitter_misc":{"Ber\u00e4knad l\u00e4stid":"1 minut"},"schema":{"@context":"https:\/\/schema.org","@graph":[{"@type":"WebPage","@id":"https:\/\/scanmast.com\/se\/produkt\/skyltbarare-alta\/","url":"https:\/\/scanmast.com\/se\/produkt\/skyltbarare-alta\/","name":"Skyltb\u00e4rare ALTA - Scanmast","isPartOf":{"@id":"https:\/\/scanmast.com\/en\/#website"},"primaryImageOfPage":{"@id":"https:\/\/scanmast.com\/se\/produkt\/skyltbarare-alta\/#primaryimage"},"image":{"@id":"https:\/\/scanmast.com\/se\/produkt\/skyltbarare-alta\/#primaryimage"},"thumbnailUrl":"https:\/\/scanmast.com\/wp-content\/uploads\/2025\/03\/skyltbarare-alta2-550x770-1.jpg","datePublished":"2025-03-13T09:21:15+00:00","dateModified":"2025-04-04T09:08:46+00:00","breadcrumb":{"@id":"https:\/\/scanmast.com\/se\/produkt\/skyltbarare-alta\/#breadcrumb"},"inLanguage":"sv-SE","potentialAction":[{"@type":"ReadAction","target":["https:\/\/scanmast.com\/se\/produkt\/skyltbarare-alta\/"]}]},{"@type":"ImageObject","inLanguage":"sv-SE","@id":"https:\/\/scanmast.com\/se\/produkt\/skyltbarare-alta\/#primaryimage","url":"https:\/\/scanmast.com\/wp-content\/uploads\/2025\/03\/skyltbarare-alta2-550x770-1.jpg","contentUrl":"https:\/\/scanmast.com\/wp-content\/uploads\/2025\/03\/skyltbarare-alta2-550x770-1.jpg","width":550,"height":770},{"@type":"BreadcrumbList","@id":"https:\/\/scanmast.com\/se\/produkt\/skyltbarare-alta\/#breadcrumb","itemListElement":[{"@type":"ListItem","position":1,"name":"Scanmast.se","item":"https:\/\/scanmast.com\/en\/"},{"@type":"ListItem","position":2,"name":"V\u00e5ra produkter","item":"https:\/\/scanmast.com\/en\/goods-products\/"},{"@type":"ListItem","position":3,"name":"Skyltb\u00e4rare ALTA"}]},{"@type":"WebSite","@id":"https:\/\/scanmast.com\/en\/#website","url":"https:\/\/scanmast.com\/en\/","name":"Scanmast","description":"","publisher":{"@id":"https:\/\/scanmast.com\/en\/#organization"},"potentialAction":[{"@type":"SearchAction","target":{"@type":"EntryPoint","urlTemplate":"https:\/\/scanmast.com\/en\/?s={search_term_string}"},"query-input":{"@type":"PropertyValueSpecification","valueRequired":true,"valueName":"search_term_string"}}],"inLanguage":"sv-SE"},{"@type":"Organization","@id":"https:\/\/scanmast.com\/en\/#organization","name":"Scanmast","url":"https:\/\/scanmast.com\/en\/","logo":{"@type":"ImageObject","inLanguage":"sv-SE","@id":"https:\/\/scanmast.com\/en\/#\/schema\/logo\/image\/","url":"https:\/\/scanmast.com\/wp-content\/uploads\/2025\/01\/scanmast_logotyp_utansymbol.svg","contentUrl":"https:\/\/scanmast.com\/wp-content\/uploads\/2025\/01\/scanmast_logotyp_utansymbol.svg","width":19,"height":3,"caption":"Scanmast"},"image":{"@id":"https:\/\/scanmast.com\/en\/#\/schema\/logo\/image\/"}}]}},"_links":{"self":[{"href":"https:\/\/scanmast.com\/se\/wp-json\/wp\/v2\/product\/5459","targetHints":{"allow":["GET"]}}],"collection":[{"href":"https:\/\/scanmast.com\/se\/wp-json\/wp\/v2\/product"}],"about":[{"href":"https:\/\/scanmast.com\/se\/wp-json\/wp\/v2\/types\/product"}],"replies":[{"embeddable":true,"href":"https:\/\/scanmast.com\/se\/wp-json\/wp\/v2\/comments?post=5459"}],"wp:featuredmedia":[{"embeddable":true,"href":"https:\/\/scanmast.com\/se\/wp-json\/wp\/v2\/media\/5460"}],"wp:attachment":[{"href":"https:\/\/scanmast.com\/se\/wp-json\/wp\/v2\/media?parent=5459"}],"wp:term":[{"taxonomy":"product_brand","embeddable":true,"href":"https:\/\/scanmast.com\/se\/wp-json\/wp\/v2\/product_brand?post=5459"},{"taxonomy":"product_cat","embeddable":true,"href":"https:\/\/scanmast.com\/se\/wp-json\/wp\/v2\/product_cat?post=5459"},{"taxonomy":"product_tag","embeddable":true,"href":"https:\/\/scanmast.com\/se\/wp-json\/wp\/v2\/product_tag?post=5459"}],"curies":[{"name":"wp","href":"https:\/\/api.w.org\/{rel}","templated":true}]}}