{"id":4938,"date":"2025-03-11T14:03:59","date_gmt":"2025-03-11T14:03:59","guid":{"rendered":"https:\/\/scanmast.com\/?post_type=product&#038;p=4938"},"modified":"2025-03-23T21:46:55","modified_gmt":"2025-03-23T21:46:55","slug":"faste-for-gatuarmatur","status":"publish","type":"product","link":"https:\/\/scanmast.com\/se\/produkt\/faste-for-gatuarmatur\/","title":{"rendered":"F\u00e4ste f\u00f6r gatuarmatur"},"content":{"rendered":"<p>F\u00e4ste f\u00f6r gatuarmatur som monteras p\u00e5 balk f\u00f6r str\u00e5lkastarf\u00e4ste.<\/p>\n","protected":false},"excerpt":{"rendered":"<p>F\u00e4ste f\u00f6r gatuarmatur som monteras p\u00e5 balk f\u00f6r str\u00e5lkastarf\u00e4ste.<\/p>\n","protected":false},"featured_media":4955,"comment_status":"closed","ping_status":"closed","template":"","meta":{"_acf_changed":false},"product_brand":[34],"product_cat":[33],"product_tag":[39],"class_list":{"0":"post-4938","1":"product","2":"type-product","3":"status-publish","4":"has-post-thumbnail","6":"product_brand-delta","7":"product_cat-tillbehor","8":"product_tag-belysning","10":"first","11":"instock","12":"shipping-taxable","13":"product-type-simple"},"acf":[],"yoast_head":"<!-- This site is optimized with the Yoast SEO plugin v26.8 - https:\/\/yoast.com\/product\/yoast-seo-wordpress\/ -->\n<title>F\u00e4ste f\u00f6r gatuarmatur - Scanmast<\/title>\n<meta name=\"robots\" content=\"index, follow, max-snippet:-1, max-image-preview:large, max-video-preview:-1\" \/>\n<link rel=\"canonical\" href=\"https:\/\/scanmast.com\/se\/produkt\/faste-for-gatuarmatur\/\" \/>\n<meta property=\"og:locale\" content=\"sv_SE\" \/>\n<meta property=\"og:type\" content=\"article\" \/>\n<meta property=\"og:title\" content=\"F\u00e4ste f\u00f6r gatuarmatur - Scanmast\" \/>\n<meta property=\"og:description\" content=\"F\u00e4ste f\u00f6r gatuarmatur som monteras p\u00e5 balk f\u00f6r str\u00e5lkastarf\u00e4ste.\" \/>\n<meta property=\"og:url\" content=\"https:\/\/scanmast.com\/se\/produkt\/faste-for-gatuarmatur\/\" \/>\n<meta property=\"og:site_name\" content=\"Scanmast\" \/>\n<meta property=\"article:modified_time\" content=\"2025-03-23T21:46:55+00:00\" \/>\n<meta property=\"og:image\" content=\"https:\/\/scanmast.com\/wp-content\/uploads\/2025\/03\/103815_Faste-for-gatuarmatur-60.jpg\" \/>\n\t<meta property=\"og:image:width\" content=\"2048\" \/>\n\t<meta property=\"og:image:height\" content=\"1106\" \/>\n\t<meta property=\"og:image:type\" content=\"image\/jpeg\" \/>\n<meta name=\"twitter:card\" content=\"summary_large_image\" \/>\n<script type=\"application\/ld+json\" class=\"yoast-schema-graph\">{\"@context\":\"https:\/\/schema.org\",\"@graph\":[{\"@type\":\"WebPage\",\"@id\":\"https:\/\/scanmast.com\/se\/produkt\/faste-for-gatuarmatur\/\",\"url\":\"https:\/\/scanmast.com\/se\/produkt\/faste-for-gatuarmatur\/\",\"name\":\"F\u00e4ste f\u00f6r gatuarmatur - Scanmast\",\"isPartOf\":{\"@id\":\"https:\/\/scanmast.com\/en\/#website\"},\"primaryImageOfPage\":{\"@id\":\"https:\/\/scanmast.com\/se\/produkt\/faste-for-gatuarmatur\/#primaryimage\"},\"image\":{\"@id\":\"https:\/\/scanmast.com\/se\/produkt\/faste-for-gatuarmatur\/#primaryimage\"},\"thumbnailUrl\":\"https:\/\/scanmast.com\/wp-content\/uploads\/2025\/03\/103815_Faste-for-gatuarmatur-60.jpg\",\"datePublished\":\"2025-03-11T14:03:59+00:00\",\"dateModified\":\"2025-03-23T21:46:55+00:00\",\"breadcrumb\":{\"@id\":\"https:\/\/scanmast.com\/se\/produkt\/faste-for-gatuarmatur\/#breadcrumb\"},\"inLanguage\":\"sv-SE\",\"potentialAction\":[{\"@type\":\"ReadAction\",\"target\":[\"https:\/\/scanmast.com\/se\/produkt\/faste-for-gatuarmatur\/\"]}]},{\"@type\":\"ImageObject\",\"inLanguage\":\"sv-SE\",\"@id\":\"https:\/\/scanmast.com\/se\/produkt\/faste-for-gatuarmatur\/#primaryimage\",\"url\":\"https:\/\/scanmast.com\/wp-content\/uploads\/2025\/03\/103815_Faste-for-gatuarmatur-60.jpg\",\"contentUrl\":\"https:\/\/scanmast.com\/wp-content\/uploads\/2025\/03\/103815_Faste-for-gatuarmatur-60.jpg\",\"width\":2048,\"height\":1106},{\"@type\":\"BreadcrumbList\",\"@id\":\"https:\/\/scanmast.com\/se\/produkt\/faste-for-gatuarmatur\/#breadcrumb\",\"itemListElement\":[{\"@type\":\"ListItem\",\"position\":1,\"name\":\"Scanmast.se\",\"item\":\"https:\/\/scanmast.com\/en\/\"},{\"@type\":\"ListItem\",\"position\":2,\"name\":\"V\u00e5ra produkter\",\"item\":\"https:\/\/scanmast.com\/en\/goods-products\/\"},{\"@type\":\"ListItem\",\"position\":3,\"name\":\"F\u00e4ste f\u00f6r gatuarmatur\"}]},{\"@type\":\"WebSite\",\"@id\":\"https:\/\/scanmast.com\/en\/#website\",\"url\":\"https:\/\/scanmast.com\/en\/\",\"name\":\"Scanmast\",\"description\":\"\",\"publisher\":{\"@id\":\"https:\/\/scanmast.com\/en\/#organization\"},\"potentialAction\":[{\"@type\":\"SearchAction\",\"target\":{\"@type\":\"EntryPoint\",\"urlTemplate\":\"https:\/\/scanmast.com\/en\/?s={search_term_string}\"},\"query-input\":{\"@type\":\"PropertyValueSpecification\",\"valueRequired\":true,\"valueName\":\"search_term_string\"}}],\"inLanguage\":\"sv-SE\"},{\"@type\":\"Organization\",\"@id\":\"https:\/\/scanmast.com\/en\/#organization\",\"name\":\"Scanmast\",\"url\":\"https:\/\/scanmast.com\/en\/\",\"logo\":{\"@type\":\"ImageObject\",\"inLanguage\":\"sv-SE\",\"@id\":\"https:\/\/scanmast.com\/en\/#\/schema\/logo\/image\/\",\"url\":\"https:\/\/scanmast.com\/wp-content\/uploads\/2025\/01\/scanmast_logotyp_utansymbol.svg\",\"contentUrl\":\"https:\/\/scanmast.com\/wp-content\/uploads\/2025\/01\/scanmast_logotyp_utansymbol.svg\",\"width\":19,\"height\":3,\"caption\":\"Scanmast\"},\"image\":{\"@id\":\"https:\/\/scanmast.com\/en\/#\/schema\/logo\/image\/\"}}]}<\/script>\n<!-- \/ Yoast SEO plugin. -->","yoast_head_json":{"title":"F\u00e4ste f\u00f6r gatuarmatur - Scanmast","robots":{"index":"index","follow":"follow","max-snippet":"max-snippet:-1","max-image-preview":"max-image-preview:large","max-video-preview":"max-video-preview:-1"},"canonical":"https:\/\/scanmast.com\/se\/produkt\/faste-for-gatuarmatur\/","og_locale":"sv_SE","og_type":"article","og_title":"F\u00e4ste f\u00f6r gatuarmatur - Scanmast","og_description":"F\u00e4ste f\u00f6r gatuarmatur som monteras p\u00e5 balk f\u00f6r str\u00e5lkastarf\u00e4ste.","og_url":"https:\/\/scanmast.com\/se\/produkt\/faste-for-gatuarmatur\/","og_site_name":"Scanmast","article_modified_time":"2025-03-23T21:46:55+00:00","og_image":[{"width":2048,"height":1106,"url":"https:\/\/scanmast.com\/wp-content\/uploads\/2025\/03\/103815_Faste-for-gatuarmatur-60.jpg","type":"image\/jpeg"}],"twitter_card":"summary_large_image","schema":{"@context":"https:\/\/schema.org","@graph":[{"@type":"WebPage","@id":"https:\/\/scanmast.com\/se\/produkt\/faste-for-gatuarmatur\/","url":"https:\/\/scanmast.com\/se\/produkt\/faste-for-gatuarmatur\/","name":"F\u00e4ste f\u00f6r gatuarmatur - Scanmast","isPartOf":{"@id":"https:\/\/scanmast.com\/en\/#website"},"primaryImageOfPage":{"@id":"https:\/\/scanmast.com\/se\/produkt\/faste-for-gatuarmatur\/#primaryimage"},"image":{"@id":"https:\/\/scanmast.com\/se\/produkt\/faste-for-gatuarmatur\/#primaryimage"},"thumbnailUrl":"https:\/\/scanmast.com\/wp-content\/uploads\/2025\/03\/103815_Faste-for-gatuarmatur-60.jpg","datePublished":"2025-03-11T14:03:59+00:00","dateModified":"2025-03-23T21:46:55+00:00","breadcrumb":{"@id":"https:\/\/scanmast.com\/se\/produkt\/faste-for-gatuarmatur\/#breadcrumb"},"inLanguage":"sv-SE","potentialAction":[{"@type":"ReadAction","target":["https:\/\/scanmast.com\/se\/produkt\/faste-for-gatuarmatur\/"]}]},{"@type":"ImageObject","inLanguage":"sv-SE","@id":"https:\/\/scanmast.com\/se\/produkt\/faste-for-gatuarmatur\/#primaryimage","url":"https:\/\/scanmast.com\/wp-content\/uploads\/2025\/03\/103815_Faste-for-gatuarmatur-60.jpg","contentUrl":"https:\/\/scanmast.com\/wp-content\/uploads\/2025\/03\/103815_Faste-for-gatuarmatur-60.jpg","width":2048,"height":1106},{"@type":"BreadcrumbList","@id":"https:\/\/scanmast.com\/se\/produkt\/faste-for-gatuarmatur\/#breadcrumb","itemListElement":[{"@type":"ListItem","position":1,"name":"Scanmast.se","item":"https:\/\/scanmast.com\/en\/"},{"@type":"ListItem","position":2,"name":"V\u00e5ra produkter","item":"https:\/\/scanmast.com\/en\/goods-products\/"},{"@type":"ListItem","position":3,"name":"F\u00e4ste f\u00f6r gatuarmatur"}]},{"@type":"WebSite","@id":"https:\/\/scanmast.com\/en\/#website","url":"https:\/\/scanmast.com\/en\/","name":"Scanmast","description":"","publisher":{"@id":"https:\/\/scanmast.com\/en\/#organization"},"potentialAction":[{"@type":"SearchAction","target":{"@type":"EntryPoint","urlTemplate":"https:\/\/scanmast.com\/en\/?s={search_term_string}"},"query-input":{"@type":"PropertyValueSpecification","valueRequired":true,"valueName":"search_term_string"}}],"inLanguage":"sv-SE"},{"@type":"Organization","@id":"https:\/\/scanmast.com\/en\/#organization","name":"Scanmast","url":"https:\/\/scanmast.com\/en\/","logo":{"@type":"ImageObject","inLanguage":"sv-SE","@id":"https:\/\/scanmast.com\/en\/#\/schema\/logo\/image\/","url":"https:\/\/scanmast.com\/wp-content\/uploads\/2025\/01\/scanmast_logotyp_utansymbol.svg","contentUrl":"https:\/\/scanmast.com\/wp-content\/uploads\/2025\/01\/scanmast_logotyp_utansymbol.svg","width":19,"height":3,"caption":"Scanmast"},"image":{"@id":"https:\/\/scanmast.com\/en\/#\/schema\/logo\/image\/"}}]}},"_links":{"self":[{"href":"https:\/\/scanmast.com\/se\/wp-json\/wp\/v2\/product\/4938","targetHints":{"allow":["GET"]}}],"collection":[{"href":"https:\/\/scanmast.com\/se\/wp-json\/wp\/v2\/product"}],"about":[{"href":"https:\/\/scanmast.com\/se\/wp-json\/wp\/v2\/types\/product"}],"replies":[{"embeddable":true,"href":"https:\/\/scanmast.com\/se\/wp-json\/wp\/v2\/comments?post=4938"}],"wp:featuredmedia":[{"embeddable":true,"href":"https:\/\/scanmast.com\/se\/wp-json\/wp\/v2\/media\/4955"}],"wp:attachment":[{"href":"https:\/\/scanmast.com\/se\/wp-json\/wp\/v2\/media?parent=4938"}],"wp:term":[{"taxonomy":"product_brand","embeddable":true,"href":"https:\/\/scanmast.com\/se\/wp-json\/wp\/v2\/product_brand?post=4938"},{"taxonomy":"product_cat","embeddable":true,"href":"https:\/\/scanmast.com\/se\/wp-json\/wp\/v2\/product_cat?post=4938"},{"taxonomy":"product_tag","embeddable":true,"href":"https:\/\/scanmast.com\/se\/wp-json\/wp\/v2\/product_tag?post=4938"}],"curies":[{"name":"wp","href":"https:\/\/api.w.org\/{rel}","templated":true}]}}