{"id":1668,"date":"2025-02-24T11:01:23","date_gmt":"2025-02-24T11:01:23","guid":{"rendered":"https:\/\/scanmast.com\/?post_type=product&#038;p=1668"},"modified":"2025-12-11T06:43:50","modified_gmt":"2025-12-11T06:43:50","slug":"t1200","status":"publish","type":"product","link":"https:\/\/scanmast.com\/se\/produkt\/t1200\/","title":{"rendered":"T1200"},"content":{"rendered":"<p>T1200 \u00e4r en riktig kameleont som har g\u00e5tt fr\u00e5n bepr\u00f6vad mast till slimmat torn. Det \u00e4r ett bra val om utrymmet \u00e4r begr\u00e4nsat. Tornet kan levereras upp till 30 meter h\u00f6gt och grundl\u00e4ggningen kan g\u00f6ras snabbt med ett prefabricerat fundament.<\/p>\n<p class=\"before-list\"><strong>Snabb leverans<br \/>\n<\/strong>V\u00e5ra standardmaster och standardtorn finns i lager, vilket inneb\u00e4r korta ledtider och snabb leverans till dig.<\/p>\n<p class=\"before-list\"><strong>Master och torn som klarar tuffa krav<br \/>\n<\/strong>V\u00e5ra master och torn \u00e4r designade f\u00f6r att klara tuffa f\u00f6rh\u00e5llanden, fr\u00e5n arktisk kyla till industriella milj\u00f6er. Alla v\u00e5ra produkter \u00e4r tillverkade av varmf\u00f6rzinkat st\u00e5l, vilket g\u00f6r att de f\u00e5r en l\u00e5ng livsl\u00e4ngd. Det \u00e4r ett smart val, b\u00e5de ekonomiskt och milj\u00f6m\u00e4ssigt.<\/p>\n<p class=\"before-list\"><strong>Anpassar ett standardsortiment<br \/>\n<\/strong>Master och torn \u00e4r det vi levererar allra mest, och de kan anpassas och anv\u00e4ndas till det mesta du efterfr\u00e5gar. Med hj\u00e4lp av v\u00e5r avdelning f\u00f6r ber\u00e4kning och konstruktion kan vi enkelt designa om v\u00e5ra standardprodukter till nya behov.<\/p>\n","protected":false},"excerpt":{"rendered":"<p class=\"no-margin-top\">T1200, v\u00e5r standardmast alltid i lager.<\/p>\n","protected":false},"featured_media":8111,"comment_status":"closed","ping_status":"closed","template":"","meta":{"_acf_changed":false},"product_brand":[86],"product_cat":[28],"product_tag":[39,37,38],"class_list":{"0":"post-1668","1":"product","2":"type-product","3":"status-publish","4":"has-post-thumbnail","6":"product_brand-t1200","7":"product_cat-master-torn","8":"product_tag-belysning","9":"product_tag-bevakning","10":"product_tag-telekom","12":"first","13":"instock","14":"shipping-taxable","15":"product-type-simple"},"acf":[],"yoast_head":"<!-- This site is optimized with the Yoast SEO plugin v26.8 - https:\/\/yoast.com\/product\/yoast-seo-wordpress\/ -->\n<title>T1200 - Scanmast<\/title>\n<meta name=\"robots\" content=\"index, follow, max-snippet:-1, max-image-preview:large, max-video-preview:-1\" \/>\n<link rel=\"canonical\" href=\"https:\/\/scanmast.com\/se\/produkt\/t1200\/\" \/>\n<meta property=\"og:locale\" content=\"sv_SE\" \/>\n<meta property=\"og:type\" content=\"article\" \/>\n<meta property=\"og:title\" content=\"T1200 - Scanmast\" \/>\n<meta property=\"og:description\" content=\"T1200, v\u00e5r standardmast alltid i lager.\" \/>\n<meta property=\"og:url\" content=\"https:\/\/scanmast.com\/se\/produkt\/t1200\/\" \/>\n<meta property=\"og:site_name\" content=\"Scanmast\" \/>\n<meta property=\"article:modified_time\" content=\"2025-12-11T06:43:50+00:00\" \/>\n<meta property=\"og:image\" content=\"https:\/\/scanmast.com\/wp-content\/uploads\/2025\/02\/t1200.webp\" \/>\n\t<meta property=\"og:image:width\" content=\"721\" \/>\n\t<meta property=\"og:image:height\" content=\"900\" \/>\n\t<meta property=\"og:image:type\" content=\"image\/webp\" \/>\n<meta name=\"twitter:card\" content=\"summary_large_image\" \/>\n<meta name=\"twitter:label1\" content=\"Ber\u00e4knad l\u00e4stid\" \/>\n\t<meta name=\"twitter:data1\" content=\"1 minut\" \/>\n<script type=\"application\/ld+json\" class=\"yoast-schema-graph\">{\"@context\":\"https:\/\/schema.org\",\"@graph\":[{\"@type\":\"WebPage\",\"@id\":\"https:\/\/scanmast.com\/produkt\/t1200\/\",\"url\":\"https:\/\/scanmast.com\/produkt\/t1200\/\",\"name\":\"T1200 - Scanmast\",\"isPartOf\":{\"@id\":\"https:\/\/scanmast.com\/en\/#website\"},\"primaryImageOfPage\":{\"@id\":\"https:\/\/scanmast.com\/produkt\/t1200\/#primaryimage\"},\"image\":{\"@id\":\"https:\/\/scanmast.com\/produkt\/t1200\/#primaryimage\"},\"thumbnailUrl\":\"https:\/\/scanmast.com\/wp-content\/uploads\/2025\/02\/t1200.webp\",\"datePublished\":\"2025-02-24T11:01:23+00:00\",\"dateModified\":\"2025-12-11T06:43:50+00:00\",\"breadcrumb\":{\"@id\":\"https:\/\/scanmast.com\/produkt\/t1200\/#breadcrumb\"},\"inLanguage\":\"sv-SE\",\"potentialAction\":[{\"@type\":\"ReadAction\",\"target\":[\"https:\/\/scanmast.com\/produkt\/t1200\/\"]}]},{\"@type\":\"ImageObject\",\"inLanguage\":\"sv-SE\",\"@id\":\"https:\/\/scanmast.com\/produkt\/t1200\/#primaryimage\",\"url\":\"https:\/\/scanmast.com\/wp-content\/uploads\/2025\/02\/t1200.webp\",\"contentUrl\":\"https:\/\/scanmast.com\/wp-content\/uploads\/2025\/02\/t1200.webp\",\"width\":721,\"height\":900},{\"@type\":\"BreadcrumbList\",\"@id\":\"https:\/\/scanmast.com\/produkt\/t1200\/#breadcrumb\",\"itemListElement\":[{\"@type\":\"ListItem\",\"position\":1,\"name\":\"Scanmast.se\",\"item\":\"https:\/\/scanmast.com\/en\/\"},{\"@type\":\"ListItem\",\"position\":2,\"name\":\"V\u00e5ra produkter\",\"item\":\"https:\/\/scanmast.com\/en\/goods-products\/\"},{\"@type\":\"ListItem\",\"position\":3,\"name\":\"T1200\"}]},{\"@type\":\"WebSite\",\"@id\":\"https:\/\/scanmast.com\/en\/#website\",\"url\":\"https:\/\/scanmast.com\/en\/\",\"name\":\"Scanmast\",\"description\":\"\",\"publisher\":{\"@id\":\"https:\/\/scanmast.com\/en\/#organization\"},\"potentialAction\":[{\"@type\":\"SearchAction\",\"target\":{\"@type\":\"EntryPoint\",\"urlTemplate\":\"https:\/\/scanmast.com\/en\/?s={search_term_string}\"},\"query-input\":{\"@type\":\"PropertyValueSpecification\",\"valueRequired\":true,\"valueName\":\"search_term_string\"}}],\"inLanguage\":\"sv-SE\"},{\"@type\":\"Organization\",\"@id\":\"https:\/\/scanmast.com\/en\/#organization\",\"name\":\"Scanmast\",\"url\":\"https:\/\/scanmast.com\/en\/\",\"logo\":{\"@type\":\"ImageObject\",\"inLanguage\":\"sv-SE\",\"@id\":\"https:\/\/scanmast.com\/en\/#\/schema\/logo\/image\/\",\"url\":\"https:\/\/scanmast.com\/wp-content\/uploads\/2025\/01\/scanmast_logotyp_utansymbol.svg\",\"contentUrl\":\"https:\/\/scanmast.com\/wp-content\/uploads\/2025\/01\/scanmast_logotyp_utansymbol.svg\",\"width\":19,\"height\":3,\"caption\":\"Scanmast\"},\"image\":{\"@id\":\"https:\/\/scanmast.com\/en\/#\/schema\/logo\/image\/\"}}]}<\/script>\n<!-- \/ Yoast SEO plugin. -->","yoast_head_json":{"title":"T1200 - Scanmast","robots":{"index":"index","follow":"follow","max-snippet":"max-snippet:-1","max-image-preview":"max-image-preview:large","max-video-preview":"max-video-preview:-1"},"canonical":"https:\/\/scanmast.com\/se\/produkt\/t1200\/","og_locale":"sv_SE","og_type":"article","og_title":"T1200 - Scanmast","og_description":"T1200, v\u00e5r standardmast alltid i lager.","og_url":"https:\/\/scanmast.com\/se\/produkt\/t1200\/","og_site_name":"Scanmast","article_modified_time":"2025-12-11T06:43:50+00:00","og_image":[{"width":721,"height":900,"url":"https:\/\/scanmast.com\/wp-content\/uploads\/2025\/02\/t1200.webp","type":"image\/webp"}],"twitter_card":"summary_large_image","twitter_misc":{"Ber\u00e4knad l\u00e4stid":"1 minut"},"schema":{"@context":"https:\/\/schema.org","@graph":[{"@type":"WebPage","@id":"https:\/\/scanmast.com\/produkt\/t1200\/","url":"https:\/\/scanmast.com\/produkt\/t1200\/","name":"T1200 - Scanmast","isPartOf":{"@id":"https:\/\/scanmast.com\/en\/#website"},"primaryImageOfPage":{"@id":"https:\/\/scanmast.com\/produkt\/t1200\/#primaryimage"},"image":{"@id":"https:\/\/scanmast.com\/produkt\/t1200\/#primaryimage"},"thumbnailUrl":"https:\/\/scanmast.com\/wp-content\/uploads\/2025\/02\/t1200.webp","datePublished":"2025-02-24T11:01:23+00:00","dateModified":"2025-12-11T06:43:50+00:00","breadcrumb":{"@id":"https:\/\/scanmast.com\/produkt\/t1200\/#breadcrumb"},"inLanguage":"sv-SE","potentialAction":[{"@type":"ReadAction","target":["https:\/\/scanmast.com\/produkt\/t1200\/"]}]},{"@type":"ImageObject","inLanguage":"sv-SE","@id":"https:\/\/scanmast.com\/produkt\/t1200\/#primaryimage","url":"https:\/\/scanmast.com\/wp-content\/uploads\/2025\/02\/t1200.webp","contentUrl":"https:\/\/scanmast.com\/wp-content\/uploads\/2025\/02\/t1200.webp","width":721,"height":900},{"@type":"BreadcrumbList","@id":"https:\/\/scanmast.com\/produkt\/t1200\/#breadcrumb","itemListElement":[{"@type":"ListItem","position":1,"name":"Scanmast.se","item":"https:\/\/scanmast.com\/en\/"},{"@type":"ListItem","position":2,"name":"V\u00e5ra produkter","item":"https:\/\/scanmast.com\/en\/goods-products\/"},{"@type":"ListItem","position":3,"name":"T1200"}]},{"@type":"WebSite","@id":"https:\/\/scanmast.com\/en\/#website","url":"https:\/\/scanmast.com\/en\/","name":"Scanmast","description":"","publisher":{"@id":"https:\/\/scanmast.com\/en\/#organization"},"potentialAction":[{"@type":"SearchAction","target":{"@type":"EntryPoint","urlTemplate":"https:\/\/scanmast.com\/en\/?s={search_term_string}"},"query-input":{"@type":"PropertyValueSpecification","valueRequired":true,"valueName":"search_term_string"}}],"inLanguage":"sv-SE"},{"@type":"Organization","@id":"https:\/\/scanmast.com\/en\/#organization","name":"Scanmast","url":"https:\/\/scanmast.com\/en\/","logo":{"@type":"ImageObject","inLanguage":"sv-SE","@id":"https:\/\/scanmast.com\/en\/#\/schema\/logo\/image\/","url":"https:\/\/scanmast.com\/wp-content\/uploads\/2025\/01\/scanmast_logotyp_utansymbol.svg","contentUrl":"https:\/\/scanmast.com\/wp-content\/uploads\/2025\/01\/scanmast_logotyp_utansymbol.svg","width":19,"height":3,"caption":"Scanmast"},"image":{"@id":"https:\/\/scanmast.com\/en\/#\/schema\/logo\/image\/"}}]}},"_links":{"self":[{"href":"https:\/\/scanmast.com\/se\/wp-json\/wp\/v2\/product\/1668","targetHints":{"allow":["GET"]}}],"collection":[{"href":"https:\/\/scanmast.com\/se\/wp-json\/wp\/v2\/product"}],"about":[{"href":"https:\/\/scanmast.com\/se\/wp-json\/wp\/v2\/types\/product"}],"replies":[{"embeddable":true,"href":"https:\/\/scanmast.com\/se\/wp-json\/wp\/v2\/comments?post=1668"}],"wp:featuredmedia":[{"embeddable":true,"href":"https:\/\/scanmast.com\/se\/wp-json\/wp\/v2\/media\/8111"}],"wp:attachment":[{"href":"https:\/\/scanmast.com\/se\/wp-json\/wp\/v2\/media?parent=1668"}],"wp:term":[{"taxonomy":"product_brand","embeddable":true,"href":"https:\/\/scanmast.com\/se\/wp-json\/wp\/v2\/product_brand?post=1668"},{"taxonomy":"product_cat","embeddable":true,"href":"https:\/\/scanmast.com\/se\/wp-json\/wp\/v2\/product_cat?post=1668"},{"taxonomy":"product_tag","embeddable":true,"href":"https:\/\/scanmast.com\/se\/wp-json\/wp\/v2\/product_tag?post=1668"}],"curies":[{"name":"wp","href":"https:\/\/api.w.org\/{rel}","templated":true}]}}