{"id":9383,"date":"2025-11-19T12:33:17","date_gmt":"2025-11-19T12:33:17","guid":{"rendered":"https:\/\/scanmast.com\/?page_id=9383"},"modified":"2025-11-19T12:44:35","modified_gmt":"2025-11-19T12:44:35","slug":"hantering-returer","status":"publish","type":"page","link":"https:\/\/scanmast.com\/se\/hantering-returer\/","title":{"rendered":"Hantering returer"},"content":{"rendered":"\t\t<div data-elementor-type=\"wp-page\" data-elementor-id=\"9383\" class=\"elementor elementor-9383\" data-elementor-post-type=\"page\">\n\t\t\t\t<div class=\"elementor-element elementor-element-f3bc6a7 e-flex e-con-boxed e-con e-parent\" data-id=\"f3bc6a7\" data-element_type=\"container\" data-e-type=\"container\" data-settings=\"{&quot;background_background&quot;:&quot;classic&quot;}\">\n\t\t\t\t\t<div class=\"e-con-inner\">\n\t\t\t\t<div class=\"elementor-element elementor-element-ecf7972 svg-color-white elementor-view-default elementor-widget elementor-widget-icon\" data-id=\"ecf7972\" data-element_type=\"widget\" data-e-type=\"widget\" data-widget_type=\"icon.default\">\n\t\t\t\t<div class=\"elementor-widget-container\">\n\t\t\t\t\t\t\t<div class=\"elementor-icon-wrapper\">\n\t\t\t<div class=\"elementor-icon\">\n\t\t\t<svg xmlns=\"http:\/\/www.w3.org\/2000\/svg\" id=\"uuid-77f82e8d-96a7-429a-8a62-e19d80ed5807\" data-name=\"Lager 1\" viewBox=\"0 0 22.3 21.95\"><defs><style>      .uuid-03aa345e-a4ed-4ed6-952d-cfb57ed9fefa {        fill: #1a1a3c;      }    <\/style><\/defs><path class=\"uuid-03aa345e-a4ed-4ed6-952d-cfb57ed9fefa\" d=\"M13.12,0v2.05c4.1.9,7.17,4.56,7.17,8.93s-3.07,8.02-7.17,8.93v2.05c5.21-.93,9.18-5.5,9.18-10.97S18.33.93,13.12,0\"><\/path><path class=\"uuid-03aa345e-a4ed-4ed6-952d-cfb57ed9fefa\" d=\"M9.17,19.9c-4.09-.91-7.16-4.56-7.16-8.92S5.08,2.96,9.17,2.05V0C3.96.94,0,5.5,0,10.98s3.96,10.04,9.17,10.97v-2.05Z\"><\/path><\/svg>\t\t\t<\/div>\n\t\t<\/div>\n\t\t\t\t\t\t<\/div>\n\t\t\t\t<\/div>\n\t\t<div class=\"elementor-element elementor-element-608636f e-con-full e-flex e-con e-child\" data-id=\"608636f\" data-element_type=\"container\" data-e-type=\"container\">\n\t\t\t\t<div class=\"elementor-element elementor-element-c9c81a8 svg-color-white elementor-icon-list--layout-traditional elementor-list-item-link-full_width elementor-widget elementor-widget-icon-list\" data-id=\"c9c81a8\" data-element_type=\"widget\" data-e-type=\"widget\" data-widget_type=\"icon-list.default\">\n\t\t\t\t<div class=\"elementor-widget-container\">\n\t\t\t\t\t\t\t<ul class=\"elementor-icon-list-items\">\n\t\t\t\t\t\t\t<li class=\"elementor-icon-list-item\">\n\t\t\t\t\t\t\t\t\t\t\t<span class=\"elementor-icon-list-icon\">\n\t\t\t\t\t\t\t<svg xmlns=\"http:\/\/www.w3.org\/2000\/svg\" id=\"uuid-b9029fdc-02de-4b69-bcb6-8cfef79a1f66\" data-name=\"Lager 1\" viewBox=\"0 0 9.3 10\"><defs><style>      .uuid-11c728b0-0004-4730-a8d2-05f5867d3029 {        fill: #1a1a3c;      }    <\/style><\/defs><polygon class=\"uuid-11c728b0-0004-4730-a8d2-05f5867d3029\" points=\"4.3 0 3.6 .7 7.3 4.5 0 4.5 0 5.5 7.3 5.5 3.6 9.3 4.3 10 9.3 5 4.3 0\"><\/polygon><\/svg>\t\t\t\t\t\t<\/span>\n\t\t\t\t\t\t\t\t\t\t<span class=\"elementor-icon-list-text\">Rapportera avvikelse<\/span>\n\t\t\t\t\t\t\t\t\t<\/li>\n\t\t\t\t\t\t<\/ul>\n\t\t\t\t\t\t<\/div>\n\t\t\t\t<\/div>\n\t\t\t\t<div class=\"elementor-element elementor-element-e1c97a9 elementor-widget elementor-widget-heading\" data-id=\"e1c97a9\" data-element_type=\"widget\" data-e-type=\"widget\" data-widget_type=\"heading.default\">\n\t\t\t\t<div class=\"elementor-widget-container\">\n\t\t\t\t\t<h1 class=\"elementor-heading-title elementor-size-default\">Hantering returer\n<\/h1>\t\t\t\t<\/div>\n\t\t\t\t<\/div>\n\t\t\t\t<\/div>\n\t\t\t\t<div class=\"elementor-element elementor-element-70d33e3 elementor-widget elementor-widget-spacer\" data-id=\"70d33e3\" data-element_type=\"widget\" data-e-type=\"widget\" data-widget_type=\"spacer.default\">\n\t\t\t\t<div class=\"elementor-widget-container\">\n\t\t\t\t\t\t\t<div class=\"elementor-spacer\">\n\t\t\t<div class=\"elementor-spacer-inner\"><\/div>\n\t\t<\/div>\n\t\t\t\t\t\t<\/div>\n\t\t\t\t<\/div>\n\t\t\t\t\t<\/div>\n\t\t\t\t<\/div>\n\t\t<div class=\"elementor-element elementor-element-8129011 e-flex e-con-boxed e-con e-parent\" data-id=\"8129011\" data-element_type=\"container\" data-e-type=\"container\" data-settings=\"{&quot;background_background&quot;:&quot;classic&quot;}\">\n\t\t\t\t\t<div class=\"e-con-inner\">\n\t\t\t\t<div class=\"elementor-element elementor-element-ca54e16 elementor-widget elementor-widget-heading\" data-id=\"ca54e16\" data-element_type=\"widget\" data-e-type=\"widget\" data-widget_type=\"heading.default\">\n\t\t\t\t<div class=\"elementor-widget-container\">\n\t\t\t\t\t<p class=\"elementor-heading-title elementor-size-default\">S\u00e5 h\u00e4r g\u00f6r du f\u00f6r att returnera en order<\/p>\t\t\t\t<\/div>\n\t\t\t\t<\/div>\n\t\t\t\t<div class=\"elementor-element elementor-element-dba3217 elementor-widget elementor-widget-text-editor\" data-id=\"dba3217\" data-element_type=\"widget\" data-e-type=\"widget\" data-widget_type=\"text-editor.default\">\n\t\t\t\t<div class=\"elementor-widget-container\">\n\t\t\t\t\t\t\t\t\t<p class=\"p1\">N\u00e4r du av n\u00e5gon anledning beh\u00f6ver returnera gods till oss \u2013 till exempel vid felbest\u00e4llning, \u00e4ndrat montage av tillbeh\u00f6r eller f\u00f6r\u00e4ndrade markf\u00f6rh\u00e5llanden \u2013 ber vi dig att kontakta oss genom att fylla i formul\u00e4ret.<\/p><p class=\"p1\">1. Kontakta oss via formul\u00e4ret<\/p><p class=\"p1\">Vi beh\u00f6ver f\u00f6ljande information s\u00e5 att vi kan hantera \u00e4rendet snabbt och korrekt:<\/p><ul class=\"ul1\"><li class=\"li1\">Anledning till returen<\/li><li class=\"li1\">V\u00e5rt ordernummer (b\u00e5de i mejlet och p\u00e5 returen)<\/li><li class=\"li1\">Specifikation av vilka artiklar som ska returneras<\/li><\/ul><p class=\"p1\">2. Returorder och m\u00e4rkning<\/p><p class=\"p1\">Efter att vi g\u00e5tt igenom \u00e4rendet \u00e5terkommer vi med en returorder samt ett AVR-nummer.<\/p><ul class=\"ul1\"><li class=\"li1\">Godset ska tydligt m\u00e4rkas med AVR-numret.<\/li><li class=\"li1\">Kunden bokar returfrakten och ansvarar f\u00f6r att godset \u00e4r v\u00e4l emballerat och bandat.<\/li><li class=\"li1\">Tejp eller fraktsedlar f\u00e5r inte f\u00e4stas direkt p\u00e5 godset.<\/li><\/ul><p class=\"p1\">3. Returhanteringstid<\/p><p class=\"p1\">Godset ska vara oss tillhanda senast en m\u00e5nad efter att returen godk\u00e4nts.<\/p><p class=\"p1\">4. Kreditfaktura<\/p><p class=\"p1\">N\u00e4r godset kommit in g\u00f6r vi en ankomstkontroll. Om varan \u00e4r i s\u00e4ljbart skick utf\u00e4rdas en kreditfaktura med 25 % returavdrag, om inte annat \u00f6verenskommits.<\/p><p class=\"p1\">Observera<\/p><ul class=\"ul1\"><li class=\"li1\">Varor som returneras utan \u00f6verenskommelse krediteras inte.<\/li><li class=\"li1\">Specialprodukter krediteras endast efter separat \u00f6verenskommelse.<\/li><\/ul><p class=\"p1\">Scanmast str\u00e4var efter att g\u00f6ra returhanteringen s\u00e5 smidig och tydlig som m\u00f6jligt. Tack f\u00f6r ditt samarbete!<\/p>\t\t\t\t\t\t\t\t<\/div>\n\t\t\t\t<\/div>\n\t\t\t\t<div class=\"elementor-element elementor-element-328d2ae elementor-widget elementor-widget-button\" data-id=\"328d2ae\" data-element_type=\"widget\" data-e-type=\"widget\" data-widget_type=\"button.default\">\n\t\t\t\t<div class=\"elementor-widget-container\">\n\t\t\t\t\t\t\t\t\t<div class=\"elementor-button-wrapper\">\n\t\t\t\t\t<a class=\"elementor-button elementor-button-link elementor-size-sm\" href=\"https:\/\/scanmast.com\/se\/rapportera-avvikelse\/\">\n\t\t\t\t\t\t<span class=\"elementor-button-content-wrapper\">\n\t\t\t\t\t\t\t\t\t<span class=\"elementor-button-text\">Ta mig Tillbaka till formul\u00e4ret<\/span>\n\t\t\t\t\t<\/span>\n\t\t\t\t\t<\/a>\n\t\t\t\t<\/div>\n\t\t\t\t\t\t\t\t<\/div>\n\t\t\t\t<\/div>\n\t\t\t\t\t<\/div>\n\t\t\t\t<\/div>\n\t\t\t\t<\/div>\n\t\t","protected":false},"excerpt":{"rendered":"<p>Rapportera avvikelse Hantering returer S\u00e5 h\u00e4r g\u00f6r du f\u00f6r att returnera en order N\u00e4r du av n\u00e5gon anledning beh\u00f6ver returnera gods till oss \u2013 till exempel vid felbest\u00e4llning, \u00e4ndrat montage av tillbeh\u00f6r eller f\u00f6r\u00e4ndrade markf\u00f6rh\u00e5llanden \u2013 ber vi dig att kontakta oss genom att fylla i formul\u00e4ret. 1. Kontakta oss via formul\u00e4ret Vi beh\u00f6ver f\u00f6ljande [&hellip;]<\/p>\n","protected":false},"author":2,"featured_media":0,"parent":0,"menu_order":0,"comment_status":"closed","ping_status":"closed","template":"elementor_header_footer","meta":{"_acf_changed":false,"footnotes":""},"class_list":["post-9383","page","type-page","status-publish","hentry"],"acf":[],"yoast_head":"<!-- This site is optimized with the Yoast SEO plugin v26.8 - https:\/\/yoast.com\/product\/yoast-seo-wordpress\/ -->\n<title>Hantering returer - Scanmast<\/title>\n<meta name=\"robots\" content=\"index, follow, max-snippet:-1, max-image-preview:large, max-video-preview:-1\" \/>\n<link rel=\"canonical\" href=\"https:\/\/scanmast.com\/se\/hantering-returer\/\" \/>\n<meta property=\"og:locale\" content=\"sv_SE\" \/>\n<meta property=\"og:type\" content=\"article\" \/>\n<meta property=\"og:title\" content=\"Hantering returer - Scanmast\" \/>\n<meta property=\"og:description\" content=\"Rapportera avvikelse Hantering returer S\u00e5 h\u00e4r g\u00f6r du f\u00f6r att returnera en order N\u00e4r du av n\u00e5gon anledning beh\u00f6ver returnera gods till oss \u2013 till exempel vid felbest\u00e4llning, \u00e4ndrat montage av tillbeh\u00f6r eller f\u00f6r\u00e4ndrade markf\u00f6rh\u00e5llanden \u2013 ber vi dig att kontakta oss genom att fylla i formul\u00e4ret. 1. Kontakta oss via formul\u00e4ret Vi beh\u00f6ver f\u00f6ljande [&hellip;]\" \/>\n<meta property=\"og:url\" content=\"https:\/\/scanmast.com\/se\/hantering-returer\/\" \/>\n<meta property=\"og:site_name\" content=\"Scanmast\" \/>\n<meta property=\"article:modified_time\" content=\"2025-11-19T12:44:35+00:00\" \/>\n<meta name=\"twitter:card\" content=\"summary_large_image\" \/>\n<meta name=\"twitter:label1\" content=\"Ber\u00e4knad l\u00e4stid\" \/>\n\t<meta name=\"twitter:data1\" content=\"1 minut\" \/>\n<script type=\"application\/ld+json\" class=\"yoast-schema-graph\">{\"@context\":\"https:\/\/schema.org\",\"@graph\":[{\"@type\":\"WebPage\",\"@id\":\"https:\/\/scanmast.com\/hantering-returer\/\",\"url\":\"https:\/\/scanmast.com\/hantering-returer\/\",\"name\":\"Hantering returer - Scanmast\",\"isPartOf\":{\"@id\":\"https:\/\/scanmast.com\/en\/#website\"},\"datePublished\":\"2025-11-19T12:33:17+00:00\",\"dateModified\":\"2025-11-19T12:44:35+00:00\",\"breadcrumb\":{\"@id\":\"https:\/\/scanmast.com\/hantering-returer\/#breadcrumb\"},\"inLanguage\":\"sv-SE\",\"potentialAction\":[{\"@type\":\"ReadAction\",\"target\":[\"https:\/\/scanmast.com\/hantering-returer\/\"]}]},{\"@type\":\"BreadcrumbList\",\"@id\":\"https:\/\/scanmast.com\/hantering-returer\/#breadcrumb\",\"itemListElement\":[{\"@type\":\"ListItem\",\"position\":1,\"name\":\"Scanmast.se\",\"item\":\"https:\/\/scanmast.com\/en\/\"},{\"@type\":\"ListItem\",\"position\":2,\"name\":\"Hantering returer\"}]},{\"@type\":\"WebSite\",\"@id\":\"https:\/\/scanmast.com\/en\/#website\",\"url\":\"https:\/\/scanmast.com\/en\/\",\"name\":\"Scanmast\",\"description\":\"\",\"publisher\":{\"@id\":\"https:\/\/scanmast.com\/en\/#organization\"},\"potentialAction\":[{\"@type\":\"SearchAction\",\"target\":{\"@type\":\"EntryPoint\",\"urlTemplate\":\"https:\/\/scanmast.com\/en\/?s={search_term_string}\"},\"query-input\":{\"@type\":\"PropertyValueSpecification\",\"valueRequired\":true,\"valueName\":\"search_term_string\"}}],\"inLanguage\":\"sv-SE\"},{\"@type\":\"Organization\",\"@id\":\"https:\/\/scanmast.com\/en\/#organization\",\"name\":\"Scanmast\",\"url\":\"https:\/\/scanmast.com\/en\/\",\"logo\":{\"@type\":\"ImageObject\",\"inLanguage\":\"sv-SE\",\"@id\":\"https:\/\/scanmast.com\/en\/#\/schema\/logo\/image\/\",\"url\":\"https:\/\/scanmast.com\/wp-content\/uploads\/2025\/01\/scanmast_logotyp_utansymbol.svg\",\"contentUrl\":\"https:\/\/scanmast.com\/wp-content\/uploads\/2025\/01\/scanmast_logotyp_utansymbol.svg\",\"width\":19,\"height\":3,\"caption\":\"Scanmast\"},\"image\":{\"@id\":\"https:\/\/scanmast.com\/en\/#\/schema\/logo\/image\/\"}}]}<\/script>\n<!-- \/ Yoast SEO plugin. -->","yoast_head_json":{"title":"Hantering returer - Scanmast","robots":{"index":"index","follow":"follow","max-snippet":"max-snippet:-1","max-image-preview":"max-image-preview:large","max-video-preview":"max-video-preview:-1"},"canonical":"https:\/\/scanmast.com\/se\/hantering-returer\/","og_locale":"sv_SE","og_type":"article","og_title":"Hantering returer - Scanmast","og_description":"Rapportera avvikelse Hantering returer S\u00e5 h\u00e4r g\u00f6r du f\u00f6r att returnera en order N\u00e4r du av n\u00e5gon anledning beh\u00f6ver returnera gods till oss \u2013 till exempel vid felbest\u00e4llning, \u00e4ndrat montage av tillbeh\u00f6r eller f\u00f6r\u00e4ndrade markf\u00f6rh\u00e5llanden \u2013 ber vi dig att kontakta oss genom att fylla i formul\u00e4ret. 1. Kontakta oss via formul\u00e4ret Vi beh\u00f6ver f\u00f6ljande [&hellip;]","og_url":"https:\/\/scanmast.com\/se\/hantering-returer\/","og_site_name":"Scanmast","article_modified_time":"2025-11-19T12:44:35+00:00","twitter_card":"summary_large_image","twitter_misc":{"Ber\u00e4knad l\u00e4stid":"1 minut"},"schema":{"@context":"https:\/\/schema.org","@graph":[{"@type":"WebPage","@id":"https:\/\/scanmast.com\/hantering-returer\/","url":"https:\/\/scanmast.com\/hantering-returer\/","name":"Hantering returer - Scanmast","isPartOf":{"@id":"https:\/\/scanmast.com\/en\/#website"},"datePublished":"2025-11-19T12:33:17+00:00","dateModified":"2025-11-19T12:44:35+00:00","breadcrumb":{"@id":"https:\/\/scanmast.com\/hantering-returer\/#breadcrumb"},"inLanguage":"sv-SE","potentialAction":[{"@type":"ReadAction","target":["https:\/\/scanmast.com\/hantering-returer\/"]}]},{"@type":"BreadcrumbList","@id":"https:\/\/scanmast.com\/hantering-returer\/#breadcrumb","itemListElement":[{"@type":"ListItem","position":1,"name":"Scanmast.se","item":"https:\/\/scanmast.com\/en\/"},{"@type":"ListItem","position":2,"name":"Hantering returer"}]},{"@type":"WebSite","@id":"https:\/\/scanmast.com\/en\/#website","url":"https:\/\/scanmast.com\/en\/","name":"Scanmast","description":"","publisher":{"@id":"https:\/\/scanmast.com\/en\/#organization"},"potentialAction":[{"@type":"SearchAction","target":{"@type":"EntryPoint","urlTemplate":"https:\/\/scanmast.com\/en\/?s={search_term_string}"},"query-input":{"@type":"PropertyValueSpecification","valueRequired":true,"valueName":"search_term_string"}}],"inLanguage":"sv-SE"},{"@type":"Organization","@id":"https:\/\/scanmast.com\/en\/#organization","name":"Scanmast","url":"https:\/\/scanmast.com\/en\/","logo":{"@type":"ImageObject","inLanguage":"sv-SE","@id":"https:\/\/scanmast.com\/en\/#\/schema\/logo\/image\/","url":"https:\/\/scanmast.com\/wp-content\/uploads\/2025\/01\/scanmast_logotyp_utansymbol.svg","contentUrl":"https:\/\/scanmast.com\/wp-content\/uploads\/2025\/01\/scanmast_logotyp_utansymbol.svg","width":19,"height":3,"caption":"Scanmast"},"image":{"@id":"https:\/\/scanmast.com\/en\/#\/schema\/logo\/image\/"}}]}},"_links":{"self":[{"href":"https:\/\/scanmast.com\/se\/wp-json\/wp\/v2\/pages\/9383","targetHints":{"allow":["GET"]}}],"collection":[{"href":"https:\/\/scanmast.com\/se\/wp-json\/wp\/v2\/pages"}],"about":[{"href":"https:\/\/scanmast.com\/se\/wp-json\/wp\/v2\/types\/page"}],"author":[{"embeddable":true,"href":"https:\/\/scanmast.com\/se\/wp-json\/wp\/v2\/users\/2"}],"replies":[{"embeddable":true,"href":"https:\/\/scanmast.com\/se\/wp-json\/wp\/v2\/comments?post=9383"}],"version-history":[{"count":7,"href":"https:\/\/scanmast.com\/se\/wp-json\/wp\/v2\/pages\/9383\/revisions"}],"predecessor-version":[{"id":9394,"href":"https:\/\/scanmast.com\/se\/wp-json\/wp\/v2\/pages\/9383\/revisions\/9394"}],"wp:attachment":[{"href":"https:\/\/scanmast.com\/se\/wp-json\/wp\/v2\/media?parent=9383"}],"curies":[{"name":"wp","href":"https:\/\/api.w.org\/{rel}","templated":true}]}}