{"id":6760,"date":"2025-03-24T13:49:08","date_gmt":"2025-03-24T13:49:08","guid":{"rendered":"https:\/\/scanmast.com\/?page_id=6760"},"modified":"2025-04-04T12:16:11","modified_gmt":"2025-04-04T12:16:11","slug":"visselblasning","status":"publish","type":"page","link":"https:\/\/scanmast.com\/se\/visselblasning\/","title":{"rendered":"Visselbl\u00e5sning"},"content":{"rendered":"\t\t<div data-elementor-type=\"wp-page\" data-elementor-id=\"6760\" class=\"elementor elementor-6760\" data-elementor-post-type=\"page\">\n\t\t\t\t<div class=\"elementor-element elementor-element-af445cb e-flex e-con-boxed e-con e-parent\" data-id=\"af445cb\" data-element_type=\"container\" data-e-type=\"container\">\n\t\t\t\t\t<div class=\"e-con-inner\">\n\t\t\t\t<div class=\"elementor-element elementor-element-8897591 elementor-widget elementor-widget-heading\" data-id=\"8897591\" data-element_type=\"widget\" data-e-type=\"widget\" data-widget_type=\"heading.default\">\n\t\t\t\t<div class=\"elementor-widget-container\">\n\t\t\t\t\t<h1 class=\"elementor-heading-title elementor-size-default\">Visselbl\u00e5sning<\/h1>\t\t\t\t<\/div>\n\t\t\t\t<\/div>\n\t\t\t\t<div class=\"elementor-element elementor-element-3a8dfe8 elementor-widget elementor-widget-text-editor\" data-id=\"3a8dfe8\" data-element_type=\"widget\" data-e-type=\"widget\" data-widget_type=\"text-editor.default\">\n\t\t\t\t<div class=\"elementor-widget-container\">\n\t\t\t\t\t\t\t\t\t<p>Vi str\u00e4var efter att st\u00e4ndigt f\u00f6rb\u00e4ttra och f\u00f6rebygga att allvarliga missf\u00f6rh\u00e5llanden f\u00f6rekommer i verksamheten.&nbsp; Vi uppmuntrar att aktivt uppm\u00e4rksamma och rapportera eventuella missf\u00f6rh\u00e5llanden eller brister inom organisationen.&nbsp; Att sl\u00e5 larm om s\u00e5dana problem \u00e4r viktigt f\u00f6r oss eftersom det hj\u00e4lper oss att uppr\u00e4tth\u00e5lla en h\u00f6g niv\u00e5 av aff\u00e4rsetik och s\u00e4kerst\u00e4lla att vi agerar i enlighet med v\u00e5ra k\u00e4rnv\u00e4rden.<\/p>\n<p><strong>N\u00e4r ska visselbl\u00e5sarfunktionen anv\u00e4ndas?<br><\/strong>Funktionen ska anv\u00e4ndas om du misst\u00e4nker att allvarliga oegentligheter f\u00f6rekommer inom verksamheten. En oegentlighet kan exempelvis vara:<\/p>\n<ul>\n<li>muta<\/li>\n<li>bedr\u00e4geri<\/li>\n<li>f\u00f6rskingring<\/li>\n<li>st\u00f6ld, korruption<\/li>\n<li>lagbrott eller allvarliga avvikelser mot interna regler och riktlinjer i tj\u00e4nsten<\/li>\n<li>eller andra j\u00e4mf\u00f6rliga missf\u00f6rh\u00e5llanden<\/li>\n<\/ul>\n<p>Du som rapporterar skall vid tidpunkten f\u00f6r rapporteringen av missf\u00f6rh\u00e5llandena ha sk\u00e4lig anledning att anta att informationen om missf\u00f6rh\u00e5llandena \u00e4r sann.<\/p>\n<p><strong>Vem kan anm\u00e4la?<\/strong><br>Det \u00e4r inte bara du som arbetstagare som har r\u00e4tt att visselbl\u00e5sa. Du som tillh\u00f6r n\u00e5gon av nedanst\u00e5ende personkategorier har ocks\u00e5 r\u00e4tt att visselbl\u00e5sa och har d\u00e4rf\u00f6r ocks\u00e5 f\u00e5tt del av v\u00e5ra rutiner f\u00f6r visselbl\u00e5sning:<\/p>\n<ul>\n<li>Du som g\u00f6r en f\u00f6rfr\u00e5gan om eller s\u00f6ker arbete hos oss<\/li>\n<li>Du som s\u00f6ker eller utf\u00f6r volont\u00e4rarbete hos oss<\/li>\n<li>Du som s\u00f6ker eller fullg\u00f6r praktik hos oss<\/li>\n<li>Du som annars st\u00e5r till f\u00f6rfogande f\u00f6r att utf\u00f6ra eller utf\u00f6r arbete under v\u00e5r kontroll och ledning<\/li>\n<li>Du som \u00e4r egenf\u00f6retagare och som s\u00f6ker eller utf\u00f6r uppdrag f\u00f6r oss<\/li>\n<li>Du som st\u00e5r till f\u00f6rfogande f\u00f6r att ing\u00e5 eller ing\u00e5r i ett f\u00f6retags f\u00f6rvaltnings-, lednings- eller tillsynsorgan hos oss<\/li>\n<li>Du som har tillh\u00f6rt n\u00e5gon av personkategorierna ovan och har f\u00e5tt del av eller inh\u00e4mtat informationen under tiden i v\u00e5r verksamhet<br><br><\/li>\n<\/ul>\n<p><strong>Vem kan anm\u00e4las?<br><\/strong>Personen som anm\u00e4ls ska ha en ledande st\u00e4llning eller en nyckelposition inom f\u00f6retaget, till exempel en h\u00f6gre chef eller en person som ansvarar f\u00f6r stora ink\u00f6p eller andra verksamhetskritiska funktioner.<\/p>\n<p><strong>N\u00e4r ska funktionen&nbsp;<em>inte<\/em>&nbsp;anv\u00e4ndas?<br><\/strong>Funktionen \u00e4r inte till f\u00f6r mer allm\u00e4nna synpunkter p\u00e5 exempelvis ledarskap, arbetsmilj\u00f6 eller verksamhetsplanering. Den \u00e4r inte heller l\u00e4mplig f\u00f6r att rapportera k\u00e4nsliga personalfr\u00e5gor som ber\u00f6r enstaka individer. Vid s\u00e5dana \u00e4renden ska \u00e4rendet i st\u00e4llet hanteras inom organisationen. Kontakta&nbsp;<a href=\"mailto:info@scanmast.com\">info@scanmast.com<\/a>&nbsp;f\u00f6r att bli kopplad till r\u00e4tt ansvarig person f\u00f6r \u00e4rendet.<\/p>\n<p><strong>G\u00f6r en anm\u00e4lan om missf\u00f6rh\u00e5llanden<br><\/strong>Vi anv\u00e4nder v\u00e5ra \u00e4gare, Volati AB\u2019s visselbl\u00e5sarfunktion.<br>Anv\u00e4nd l\u00e4nken nedan f\u00f6r att g\u00f6ra en anm\u00e4lan:<\/p>\n<p><a href=\"https:\/\/eur04.safelinks.protection.outlook.com\/?url=https%3A%2F%2Fwww.volati.se%2Fsv%2Fhallbarhet%2Fvisselblasning.aspx&amp;data=05%7C02%7Cjonas.sahlander%40mafigroup.com%7Cabfacdb12e4843f1038a08dd5c945775%7Ca94ab3b5d79c4709bb0f69d952e0b59c%7C1%7C0%7C638768514375550237%7CUnknown%7CTWFpbGZsb3d8eyJFbXB0eU1hcGkiOnRydWUsIlYiOiIwLjAuMDAwMCIsIlAiOiJXaW4zMiIsIkFOIjoiTWFpbCIsIldUIjoyfQ%3D%3D%7C0%7C%7C%7C&amp;sdata=nEk6JaLcRyLZLgaI3pZZkb6V2P1dqNV3vQXYbmDN578%3D&amp;reserved=0\">https:\/\/www.volati.se\/sv\/hallbarhet\/visselblasning.aspx<\/a><\/p>\t\t\t\t\t\t\t\t<\/div>\n\t\t\t\t<\/div>\n\t\t\t\t\t<\/div>\n\t\t\t\t<\/div>\n\t\t\t\t<\/div>\n\t\t","protected":false},"excerpt":{"rendered":"<p>Vi str\u00e4var efter att st\u00e4ndigt f\u00f6rb\u00e4ttra och f\u00f6rebygga att allvarliga missf\u00f6rh\u00e5llanden f\u00f6rekommer i verksamheten.&nbsp; Vi uppmuntrar att aktivt uppm\u00e4rksamma och rapportera eventuella missf\u00f6rh\u00e5llanden eller brister inom organisationen.&nbsp; Att sl\u00e5 larm om s\u00e5dana problem \u00e4r viktigt f\u00f6r oss eftersom det hj\u00e4lper oss att uppr\u00e4tth\u00e5lla en h\u00f6g niv\u00e5 av aff\u00e4rsetik och s\u00e4kerst\u00e4lla att vi agerar i enlighet [&hellip;]<\/p>\n","protected":false},"author":2,"featured_media":0,"parent":0,"menu_order":0,"comment_status":"closed","ping_status":"closed","template":"","meta":{"_acf_changed":false,"footnotes":""},"class_list":["post-6760","page","type-page","status-publish","hentry"],"acf":[],"yoast_head":"<!-- This site is optimized with the Yoast SEO plugin v26.8 - https:\/\/yoast.com\/product\/yoast-seo-wordpress\/ -->\n<title>Visselbl\u00e5sning - Scanmast<\/title>\n<meta name=\"robots\" content=\"index, follow, max-snippet:-1, max-image-preview:large, max-video-preview:-1\" \/>\n<link rel=\"canonical\" href=\"https:\/\/scanmast.com\/se\/visselblasning\/\" \/>\n<meta property=\"og:locale\" content=\"sv_SE\" \/>\n<meta property=\"og:type\" content=\"article\" \/>\n<meta property=\"og:title\" content=\"Visselbl\u00e5sning - Scanmast\" \/>\n<meta property=\"og:description\" content=\"Vi str\u00e4var efter att st\u00e4ndigt f\u00f6rb\u00e4ttra och f\u00f6rebygga att allvarliga missf\u00f6rh\u00e5llanden f\u00f6rekommer i verksamheten.&nbsp; Vi uppmuntrar att aktivt uppm\u00e4rksamma och rapportera eventuella missf\u00f6rh\u00e5llanden eller brister inom organisationen.&nbsp; Att sl\u00e5 larm om s\u00e5dana problem \u00e4r viktigt f\u00f6r oss eftersom det hj\u00e4lper oss att uppr\u00e4tth\u00e5lla en h\u00f6g niv\u00e5 av aff\u00e4rsetik och s\u00e4kerst\u00e4lla att vi agerar i enlighet [&hellip;]\" \/>\n<meta property=\"og:url\" content=\"https:\/\/scanmast.com\/se\/visselblasning\/\" \/>\n<meta property=\"og:site_name\" content=\"Scanmast\" \/>\n<meta property=\"article:modified_time\" content=\"2025-04-04T12:16:11+00:00\" \/>\n<meta name=\"twitter:card\" content=\"summary_large_image\" \/>\n<meta name=\"twitter:label1\" content=\"Ber\u00e4knad l\u00e4stid\" \/>\n\t<meta name=\"twitter:data1\" content=\"2 minuter\" \/>\n<script type=\"application\/ld+json\" class=\"yoast-schema-graph\">{\"@context\":\"https:\/\/schema.org\",\"@graph\":[{\"@type\":\"WebPage\",\"@id\":\"https:\/\/scanmast.com\/se\/visselblasning\/\",\"url\":\"https:\/\/scanmast.com\/se\/visselblasning\/\",\"name\":\"Visselbl\u00e5sning - Scanmast\",\"isPartOf\":{\"@id\":\"https:\/\/scanmast.com\/en\/#website\"},\"datePublished\":\"2025-03-24T13:49:08+00:00\",\"dateModified\":\"2025-04-04T12:16:11+00:00\",\"breadcrumb\":{\"@id\":\"https:\/\/scanmast.com\/se\/visselblasning\/#breadcrumb\"},\"inLanguage\":\"sv-SE\",\"potentialAction\":[{\"@type\":\"ReadAction\",\"target\":[\"https:\/\/scanmast.com\/se\/visselblasning\/\"]}]},{\"@type\":\"BreadcrumbList\",\"@id\":\"https:\/\/scanmast.com\/se\/visselblasning\/#breadcrumb\",\"itemListElement\":[{\"@type\":\"ListItem\",\"position\":1,\"name\":\"Scanmast.se\",\"item\":\"https:\/\/scanmast.com\/en\/\"},{\"@type\":\"ListItem\",\"position\":2,\"name\":\"Visselbl\u00e5sning\"}]},{\"@type\":\"WebSite\",\"@id\":\"https:\/\/scanmast.com\/en\/#website\",\"url\":\"https:\/\/scanmast.com\/en\/\",\"name\":\"Scanmast\",\"description\":\"\",\"publisher\":{\"@id\":\"https:\/\/scanmast.com\/en\/#organization\"},\"potentialAction\":[{\"@type\":\"SearchAction\",\"target\":{\"@type\":\"EntryPoint\",\"urlTemplate\":\"https:\/\/scanmast.com\/en\/?s={search_term_string}\"},\"query-input\":{\"@type\":\"PropertyValueSpecification\",\"valueRequired\":true,\"valueName\":\"search_term_string\"}}],\"inLanguage\":\"sv-SE\"},{\"@type\":\"Organization\",\"@id\":\"https:\/\/scanmast.com\/en\/#organization\",\"name\":\"Scanmast\",\"url\":\"https:\/\/scanmast.com\/en\/\",\"logo\":{\"@type\":\"ImageObject\",\"inLanguage\":\"sv-SE\",\"@id\":\"https:\/\/scanmast.com\/en\/#\/schema\/logo\/image\/\",\"url\":\"https:\/\/scanmast.com\/wp-content\/uploads\/2025\/01\/scanmast_logotyp_utansymbol.svg\",\"contentUrl\":\"https:\/\/scanmast.com\/wp-content\/uploads\/2025\/01\/scanmast_logotyp_utansymbol.svg\",\"width\":19,\"height\":3,\"caption\":\"Scanmast\"},\"image\":{\"@id\":\"https:\/\/scanmast.com\/en\/#\/schema\/logo\/image\/\"}}]}<\/script>\n<!-- \/ Yoast SEO plugin. -->","yoast_head_json":{"title":"Visselbl\u00e5sning - Scanmast","robots":{"index":"index","follow":"follow","max-snippet":"max-snippet:-1","max-image-preview":"max-image-preview:large","max-video-preview":"max-video-preview:-1"},"canonical":"https:\/\/scanmast.com\/se\/visselblasning\/","og_locale":"sv_SE","og_type":"article","og_title":"Visselbl\u00e5sning - Scanmast","og_description":"Vi str\u00e4var efter att st\u00e4ndigt f\u00f6rb\u00e4ttra och f\u00f6rebygga att allvarliga missf\u00f6rh\u00e5llanden f\u00f6rekommer i verksamheten.&nbsp; Vi uppmuntrar att aktivt uppm\u00e4rksamma och rapportera eventuella missf\u00f6rh\u00e5llanden eller brister inom organisationen.&nbsp; Att sl\u00e5 larm om s\u00e5dana problem \u00e4r viktigt f\u00f6r oss eftersom det hj\u00e4lper oss att uppr\u00e4tth\u00e5lla en h\u00f6g niv\u00e5 av aff\u00e4rsetik och s\u00e4kerst\u00e4lla att vi agerar i enlighet [&hellip;]","og_url":"https:\/\/scanmast.com\/se\/visselblasning\/","og_site_name":"Scanmast","article_modified_time":"2025-04-04T12:16:11+00:00","twitter_card":"summary_large_image","twitter_misc":{"Ber\u00e4knad l\u00e4stid":"2 minuter"},"schema":{"@context":"https:\/\/schema.org","@graph":[{"@type":"WebPage","@id":"https:\/\/scanmast.com\/se\/visselblasning\/","url":"https:\/\/scanmast.com\/se\/visselblasning\/","name":"Visselbl\u00e5sning - Scanmast","isPartOf":{"@id":"https:\/\/scanmast.com\/en\/#website"},"datePublished":"2025-03-24T13:49:08+00:00","dateModified":"2025-04-04T12:16:11+00:00","breadcrumb":{"@id":"https:\/\/scanmast.com\/se\/visselblasning\/#breadcrumb"},"inLanguage":"sv-SE","potentialAction":[{"@type":"ReadAction","target":["https:\/\/scanmast.com\/se\/visselblasning\/"]}]},{"@type":"BreadcrumbList","@id":"https:\/\/scanmast.com\/se\/visselblasning\/#breadcrumb","itemListElement":[{"@type":"ListItem","position":1,"name":"Scanmast.se","item":"https:\/\/scanmast.com\/en\/"},{"@type":"ListItem","position":2,"name":"Visselbl\u00e5sning"}]},{"@type":"WebSite","@id":"https:\/\/scanmast.com\/en\/#website","url":"https:\/\/scanmast.com\/en\/","name":"Scanmast","description":"","publisher":{"@id":"https:\/\/scanmast.com\/en\/#organization"},"potentialAction":[{"@type":"SearchAction","target":{"@type":"EntryPoint","urlTemplate":"https:\/\/scanmast.com\/en\/?s={search_term_string}"},"query-input":{"@type":"PropertyValueSpecification","valueRequired":true,"valueName":"search_term_string"}}],"inLanguage":"sv-SE"},{"@type":"Organization","@id":"https:\/\/scanmast.com\/en\/#organization","name":"Scanmast","url":"https:\/\/scanmast.com\/en\/","logo":{"@type":"ImageObject","inLanguage":"sv-SE","@id":"https:\/\/scanmast.com\/en\/#\/schema\/logo\/image\/","url":"https:\/\/scanmast.com\/wp-content\/uploads\/2025\/01\/scanmast_logotyp_utansymbol.svg","contentUrl":"https:\/\/scanmast.com\/wp-content\/uploads\/2025\/01\/scanmast_logotyp_utansymbol.svg","width":19,"height":3,"caption":"Scanmast"},"image":{"@id":"https:\/\/scanmast.com\/en\/#\/schema\/logo\/image\/"}}]}},"_links":{"self":[{"href":"https:\/\/scanmast.com\/se\/wp-json\/wp\/v2\/pages\/6760","targetHints":{"allow":["GET"]}}],"collection":[{"href":"https:\/\/scanmast.com\/se\/wp-json\/wp\/v2\/pages"}],"about":[{"href":"https:\/\/scanmast.com\/se\/wp-json\/wp\/v2\/types\/page"}],"author":[{"embeddable":true,"href":"https:\/\/scanmast.com\/se\/wp-json\/wp\/v2\/users\/2"}],"replies":[{"embeddable":true,"href":"https:\/\/scanmast.com\/se\/wp-json\/wp\/v2\/comments?post=6760"}],"version-history":[{"count":3,"href":"https:\/\/scanmast.com\/se\/wp-json\/wp\/v2\/pages\/6760\/revisions"}],"predecessor-version":[{"id":8136,"href":"https:\/\/scanmast.com\/se\/wp-json\/wp\/v2\/pages\/6760\/revisions\/8136"}],"wp:attachment":[{"href":"https:\/\/scanmast.com\/se\/wp-json\/wp\/v2\/media?parent=6760"}],"curies":[{"name":"wp","href":"https:\/\/api.w.org\/{rel}","templated":true}]}}