{"id":3849,"date":"2025-03-08T20:16:26","date_gmt":"2025-03-08T20:16:26","guid":{"rendered":"https:\/\/scanmast.com\/?page_id=3849"},"modified":"2025-04-14T11:33:18","modified_gmt":"2025-04-14T11:33:18","slug":"entreprenad","status":"publish","type":"page","link":"https:\/\/scanmast.com\/se\/entreprenad\/","title":{"rendered":"Entreprenad"},"content":{"rendered":"\t\t<div data-elementor-type=\"wp-page\" data-elementor-id=\"3849\" class=\"elementor elementor-3849\" data-elementor-post-type=\"page\">\n\t\t\t\t<div class=\"elementor-element elementor-element-3184b91 e-con-full e-flex e-con e-parent\" data-id=\"3184b91\" data-element_type=\"container\" data-e-type=\"container\">\n\t\t\t\t<div class=\"elementor-element elementor-element-b7ecc84 elementor-widget elementor-widget-spacer\" data-id=\"b7ecc84\" data-element_type=\"widget\" data-e-type=\"widget\" data-widget_type=\"spacer.default\">\n\t\t\t\t<div class=\"elementor-widget-container\">\n\t\t\t\t\t\t\t<div class=\"elementor-spacer\">\n\t\t\t<div class=\"elementor-spacer-inner\"><\/div>\n\t\t<\/div>\n\t\t\t\t\t\t<\/div>\n\t\t\t\t<\/div>\n\t\t\t\t<\/div>\n\t\t<div class=\"elementor-element elementor-element-4e8a6b2 e-flex e-con-boxed e-con e-parent\" data-id=\"4e8a6b2\" data-element_type=\"container\" data-e-type=\"container\" data-settings=\"{&quot;background_background&quot;:&quot;classic&quot;}\">\n\t\t\t\t\t<div class=\"e-con-inner\">\n\t\t<div class=\"elementor-element elementor-element-17c73c5 e-con-full e-flex e-con e-child\" data-id=\"17c73c5\" data-element_type=\"container\" data-e-type=\"container\" data-settings=\"{&quot;background_background&quot;:&quot;classic&quot;}\">\n\t\t\t\t<div class=\"elementor-element elementor-element-4b710e2 elementor-widget elementor-widget-image\" data-id=\"4b710e2\" data-element_type=\"widget\" data-e-type=\"widget\" data-widget_type=\"image.default\">\n\t\t\t\t<div class=\"elementor-widget-container\">\n\t\t\t\t\t\t\t\t\t\t\t\t\t\t\t<img fetchpriority=\"high\" decoding=\"async\" width=\"1104\" height=\"860\" src=\"https:\/\/scanmast.com\/wp-content\/uploads\/2025\/03\/entreprenad5.jpg\" class=\"attachment-full size-full wp-image-5435\" alt=\"\" srcset=\"https:\/\/scanmast.com\/wp-content\/uploads\/2025\/03\/entreprenad5.jpg 1104w, https:\/\/scanmast.com\/wp-content\/uploads\/2025\/03\/entreprenad5-456x355.jpg 456w, https:\/\/scanmast.com\/wp-content\/uploads\/2025\/03\/entreprenad5-721x562.jpg 721w, https:\/\/scanmast.com\/wp-content\/uploads\/2025\/03\/entreprenad5-300x234.jpg 300w, https:\/\/scanmast.com\/wp-content\/uploads\/2025\/03\/entreprenad5-1024x798.jpg 1024w, https:\/\/scanmast.com\/wp-content\/uploads\/2025\/03\/entreprenad5-768x598.jpg 768w, https:\/\/scanmast.com\/wp-content\/uploads\/2025\/03\/entreprenad5-15x12.jpg 15w\" sizes=\"(max-width: 1104px) 100vw, 1104px\" \/>\t\t\t\t\t\t\t\t\t\t\t\t\t\t\t<\/div>\n\t\t\t\t<\/div>\n\t\t\t\t<\/div>\n\t\t<div class=\"elementor-element elementor-element-c1ba093 e-con-full e-flex e-con e-child\" data-id=\"c1ba093\" data-element_type=\"container\" data-e-type=\"container\">\n\t\t\t\t<div class=\"elementor-element elementor-element-3524317 parent-cat elementor-icon-list--layout-traditional elementor-list-item-link-full_width elementor-widget elementor-widget-icon-list\" data-id=\"3524317\" data-element_type=\"widget\" data-e-type=\"widget\" data-widget_type=\"icon-list.default\">\n\t\t\t\t<div class=\"elementor-widget-container\">\n\t\t\t\t\t\t\t<ul class=\"elementor-icon-list-items\">\n\t\t\t\t\t\t\t<li class=\"elementor-icon-list-item\">\n\t\t\t\t\t\t\t\t\t\t\t<a href=\"https:\/\/scanmast.com\/vara-tjanster\/\">\n\n\t\t\t\t\t\t\t\t\t\t\t\t<span class=\"elementor-icon-list-icon\">\n\t\t\t\t\t\t\t<svg xmlns=\"http:\/\/www.w3.org\/2000\/svg\" id=\"uuid-b9029fdc-02de-4b69-bcb6-8cfef79a1f66\" data-name=\"Lager 1\" viewBox=\"0 0 9.3 10\"><defs><style>      .uuid-11c728b0-0004-4730-a8d2-05f5867d3029 {        fill: #1a1a3c;      }    <\/style><\/defs><polygon class=\"uuid-11c728b0-0004-4730-a8d2-05f5867d3029\" points=\"4.3 0 3.6 .7 7.3 4.5 0 4.5 0 5.5 7.3 5.5 3.6 9.3 4.3 10 9.3 5 4.3 0\"><\/polygon><\/svg>\t\t\t\t\t\t<\/span>\n\t\t\t\t\t\t\t\t\t\t<span class=\"elementor-icon-list-text\">V\u00e5ra tj\u00e4nster<\/span>\n\t\t\t\t\t\t\t\t\t\t\t<\/a>\n\t\t\t\t\t\t\t\t\t<\/li>\n\t\t\t\t\t\t<\/ul>\n\t\t\t\t\t\t<\/div>\n\t\t\t\t<\/div>\n\t\t\t\t<div class=\"elementor-element elementor-element-0e9123f elementor-widget elementor-widget-heading\" data-id=\"0e9123f\" data-element_type=\"widget\" data-e-type=\"widget\" data-widget_type=\"heading.default\">\n\t\t\t\t<div class=\"elementor-widget-container\">\n\t\t\t\t\t<h1 class=\"elementor-heading-title elementor-size-default\">Entreprenad<\/h1>\t\t\t\t<\/div>\n\t\t\t\t<\/div>\n\t\t\t\t<div class=\"elementor-element elementor-element-921d6d5 elementor-widget elementor-widget-text-editor\" data-id=\"921d6d5\" data-element_type=\"widget\" data-e-type=\"widget\" data-widget_type=\"text-editor.default\">\n\t\t\t\t<div class=\"elementor-widget-container\">\n\t\t\t\t\t\t\t\t\t<p>P\u00e5 Scanmast utf\u00f6r vi alla slags markarbeten som \u00e4r kopplade till de fackverk vi monterar och installerar. Det handlar oftast om gr\u00e4vning f\u00f6r fundament och f\u00f6r att installera el, fiber, kraft och tele.<\/p>\t\t\t\t\t\t\t\t<\/div>\n\t\t\t\t<\/div>\n\t\t\t\t<div class=\"elementor-element elementor-element-6b7bdfe elementor-widget elementor-widget-button\" data-id=\"6b7bdfe\" data-element_type=\"widget\" data-e-type=\"widget\" data-widget_type=\"button.default\">\n\t\t\t\t<div class=\"elementor-widget-container\">\n\t\t\t\t\t\t\t\t\t<div class=\"elementor-button-wrapper\">\n\t\t\t\t\t<a class=\"elementor-button elementor-button-link elementor-size-sm\" href=\"https:\/\/scanmast.com\/kontakt\/\">\n\t\t\t\t\t\t<span class=\"elementor-button-content-wrapper\">\n\t\t\t\t\t\t\t\t\t<span class=\"elementor-button-text\">Kontakta oss<\/span>\n\t\t\t\t\t<\/span>\n\t\t\t\t\t<\/a>\n\t\t\t\t<\/div>\n\t\t\t\t\t\t\t\t<\/div>\n\t\t\t\t<\/div>\n\t\t\t\t<\/div>\n\t\t\t\t\t<\/div>\n\t\t\t\t<\/div>\n\t\t<div class=\"elementor-element elementor-element-1056bd2 elementor-hidden-mobile e-flex e-con-boxed e-con e-child\" data-id=\"1056bd2\" data-element_type=\"container\" data-e-type=\"container\" data-settings=\"{&quot;background_background&quot;:&quot;classic&quot;}\">\n\t\t\t\t\t<div class=\"e-con-inner\">\n\t\t<div class=\"elementor-element elementor-element-1a78f13 e-flex e-con-boxed e-con e-child\" data-id=\"1a78f13\" data-element_type=\"container\" data-e-type=\"container\">\n\t\t\t\t\t<div class=\"e-con-inner\">\n\t\t<div class=\"elementor-element elementor-element-01d5e21 e-con-full e-flex e-con e-child\" data-id=\"01d5e21\" data-element_type=\"container\" data-e-type=\"container\">\n\t\t<div class=\"elementor-element elementor-element-d5fb699 e-con-full e-flex e-con e-child\" data-id=\"d5fb699\" data-element_type=\"container\" data-e-type=\"container\" data-settings=\"{&quot;background_background&quot;:&quot;classic&quot;}\">\n\t\t\t\t<div class=\"elementor-element elementor-element-8acb7ab elementor-widget elementor-widget-heading\" data-id=\"8acb7ab\" data-element_type=\"widget\" data-e-type=\"widget\" data-widget_type=\"heading.default\">\n\t\t\t\t<div class=\"elementor-widget-container\">\n\t\t\t\t\t<p class=\"elementor-heading-title elementor-size-default\"><a href=\"https:\/\/scanmast.com\/\">scanmast.com<\/a><\/p>\t\t\t\t<\/div>\n\t\t\t\t<\/div>\n\t\t\t\t<div class=\"elementor-element elementor-element-fca1594 thin-link elementor-widget elementor-widget-heading\" data-id=\"fca1594\" data-element_type=\"widget\" data-e-type=\"widget\" data-widget_type=\"heading.default\">\n\t\t\t\t<div class=\"elementor-widget-container\">\n\t\t\t\t\t<p class=\"elementor-heading-title elementor-size-default\"><a href=\"https:\/\/scanmast.com\/vara-tjanster\/\">\/ V\u00e5ra tj\u00e4nster \/ <\/a><\/p>\t\t\t\t<\/div>\n\t\t\t\t<\/div>\n\t\t\t\t<div class=\"elementor-element elementor-element-a94c00b thin-link elementor-widget elementor-widget-heading\" data-id=\"a94c00b\" data-element_type=\"widget\" data-e-type=\"widget\" data-widget_type=\"heading.default\">\n\t\t\t\t<div class=\"elementor-widget-container\">\n\t\t\t\t\t<p class=\"elementor-heading-title elementor-size-default\">Entreprenad<\/p>\t\t\t\t<\/div>\n\t\t\t\t<\/div>\n\t\t\t\t<\/div>\n\t\t\t\t<\/div>\n\t\t\t\t\t<\/div>\n\t\t\t\t<\/div>\n\t\t\t\t\t<\/div>\n\t\t\t\t<\/div>\n\t\t<div class=\"elementor-element elementor-element-e43f8f5 e-flex e-con-boxed e-con e-child\" data-id=\"e43f8f5\" data-element_type=\"container\" data-e-type=\"container\" data-settings=\"{&quot;background_background&quot;:&quot;classic&quot;}\">\n\t\t\t\t\t<div class=\"e-con-inner\">\n\t\t<div class=\"elementor-element elementor-element-78c5c66 e-con-full e-flex e-con e-child\" data-id=\"78c5c66\" data-element_type=\"container\" data-e-type=\"container\">\n\t\t<div class=\"elementor-element elementor-element-a80932f e-con-full e-flex e-con e-child\" data-id=\"a80932f\" data-element_type=\"container\" data-e-type=\"container\">\n\t\t\t\t<div class=\"elementor-element elementor-element-e5c93c6 elementor-widget elementor-widget-heading\" data-id=\"e5c93c6\" data-element_type=\"widget\" data-e-type=\"widget\" data-widget_type=\"heading.default\">\n\t\t\t\t<div class=\"elementor-widget-container\">\n\t\t\t\t\t<h2 class=\"elementor-heading-title elementor-size-default\">Effektiv entreprenad<\/h2>\t\t\t\t<\/div>\n\t\t\t\t<\/div>\n\t\t\t\t<div class=\"elementor-element elementor-element-3acb56e elementor-widget elementor-widget-text-editor\" data-id=\"3acb56e\" data-element_type=\"widget\" data-e-type=\"widget\" data-widget_type=\"text-editor.default\">\n\t\t\t\t<div class=\"elementor-widget-container\">\n\t\t\t\t\t\t\t\t\t<p>F\u00f6r att den infrastruktur vi bygger idag ska f\u00e5 ett l\u00e5ngt liv fram\u00f6ver \u00e4r det viktigt att g\u00f6ra r\u00e4tt fr\u00e5n grunden. N\u00e4r det ska byggas nya telekomsiter, belysningstorn eller anl\u00e4ggningar inom industri och s\u00e4kerhet ovan jord, beh\u00f6ver tekniken oftast gr\u00e4vas ner i anslutning till det. Vi har b\u00e5de kompetensen och erfarenheten av att utf\u00f6ra entreprenaden kopplat till v\u00e5ra fackverkskonstruktioner.<\/p><p>M\u00e5nga g\u00e5nger kr\u00e4vs det st\u00f6rre insatser f\u00f6r att s\u00e4kerst\u00e4lla tillg\u00e4ngligheten till site. Detta kan inneb\u00e4ra att vi bygger tillfartsv\u00e4gar f\u00f6r mobilkranar och annan tung utrustning. Markberedningen kan ocks\u00e5 omfatta utbyte av jordmassor, p\u00e5lning f\u00f6r \u00f6kad stabilitet, dikning f\u00f6r f\u00f6rb\u00e4ttrad dr\u00e4nering och spr\u00e4ngningsarbeten vid behov.<\/p><p>Vi l\u00e4gger stor vikt vid att minimera v\u00e5r milj\u00f6p\u00e5verkan under hela processen och \u00e5terst\u00e4lla arbetsomr\u00e5det och marken efter avslutat projekt. V\u00e5rt erfarna team kan hantera alla dessa aspekter av projektet, fr\u00e5n f\u00f6rberedande markarbeten till slutlig \u00e5terst\u00e4llning. Vi erbjuder en helt\u00e4ckande l\u00f6sning som s\u00e4kerst\u00e4ller att varje steg i processen utf\u00f6rs professionellt och ansvarsfullt.<\/p>\t\t\t\t\t\t\t\t<\/div>\n\t\t\t\t<\/div>\n\t\t\t\t<div class=\"elementor-element elementor-element-4c71332 elementor-widget elementor-widget-heading\" data-id=\"4c71332\" data-element_type=\"widget\" data-e-type=\"widget\" data-widget_type=\"heading.default\">\n\t\t\t\t<div class=\"elementor-widget-container\">\n\t\t\t\t\t<h3 class=\"elementor-heading-title elementor-size-default\">Gr\u00e4ver f\u00f6r och gjuter fundament<\/h3>\t\t\t\t<\/div>\n\t\t\t\t<\/div>\n\t\t\t\t<div class=\"elementor-element elementor-element-9b8f91d elementor-widget elementor-widget-text-editor\" data-id=\"9b8f91d\" data-element_type=\"widget\" data-e-type=\"widget\" data-widget_type=\"text-editor.default\">\n\t\t\t\t<div class=\"elementor-widget-container\">\n\t\t\t\t\t\t\t\t\tVi utf\u00f6r markarbeten inom alla v\u00e5ra aff\u00e4rsomr\u00e5den, och f\u00f6r alla fundament som de olika anl\u00e4ggningarna kr\u00e4ver. Vi gr\u00e4ver ner prefabricerade fundament f\u00f6r v\u00e5ra mindre torn, och f\u00f6r v\u00e5ra master och st\u00f6rre torn gjuter vi \u00e4ven sj\u00e4lva fundamenten, bygger formen, armerar och gjuter betongen.\t\t\t\t\t\t\t\t<\/div>\n\t\t\t\t<\/div>\n\t\t\t\t<div class=\"elementor-element elementor-element-417c4b2 elementor-widget elementor-widget-heading\" data-id=\"417c4b2\" data-element_type=\"widget\" data-e-type=\"widget\" data-widget_type=\"heading.default\">\n\t\t\t\t<div class=\"elementor-widget-container\">\n\t\t\t\t\t<h3 class=\"elementor-heading-title elementor-size-default\">Markarbete f\u00f6r fiber, kraft och el<\/h3>\t\t\t\t<\/div>\n\t\t\t\t<\/div>\n\t\t\t\t<div class=\"elementor-element elementor-element-d04dd41 elementor-widget elementor-widget-text-editor\" data-id=\"d04dd41\" data-element_type=\"widget\" data-e-type=\"widget\" data-widget_type=\"text-editor.default\">\n\t\t\t\t<div class=\"elementor-widget-container\">\n\t\t\t\t\t\t\t\t\tI v\u00e5ra projekt gr\u00e4ver vi f\u00f6r ofta f\u00f6r fiber eller kraftkablar och f\u00f6r elrelaterade installationer.\t\t\t\t\t\t\t\t<\/div>\n\t\t\t\t<\/div>\n\t\t\t\t<\/div>\n\t\t\t\t<\/div>\n\t\t<div class=\"elementor-element elementor-element-9ac9a7e e-con-full e-flex e-con e-child\" data-id=\"9ac9a7e\" data-element_type=\"container\" data-e-type=\"container\">\n\t\t\t\t<div class=\"elementor-element elementor-element-8e51526 elementor-widget elementor-widget-image\" data-id=\"8e51526\" data-element_type=\"widget\" data-e-type=\"widget\" data-widget_type=\"image.default\">\n\t\t\t\t<div class=\"elementor-widget-container\">\n\t\t\t\t\t\t\t\t\t\t\t\t\t\t\t<img decoding=\"async\" width=\"704\" height=\"469\" src=\"https:\/\/scanmast.com\/wp-content\/uploads\/2025\/03\/mata.jpg\" class=\"attachment-large size-large wp-image-4429\" alt=\"\" srcset=\"https:\/\/scanmast.com\/wp-content\/uploads\/2025\/03\/mata.jpg 704w, https:\/\/scanmast.com\/wp-content\/uploads\/2025\/03\/mata-456x304.jpg 456w, https:\/\/scanmast.com\/wp-content\/uploads\/2025\/03\/mata-300x200.jpg 300w, https:\/\/scanmast.com\/wp-content\/uploads\/2025\/03\/mata-18x12.jpg 18w, https:\/\/scanmast.com\/wp-content\/uploads\/2025\/03\/mata-600x400.jpg 600w\" sizes=\"(max-width: 704px) 100vw, 704px\" \/>\t\t\t\t\t\t\t\t\t\t\t\t\t\t\t<\/div>\n\t\t\t\t<\/div>\n\t\t\t\t<\/div>\n\t\t\t\t\t<\/div>\n\t\t\t\t<\/div>\n\t\t<div class=\"elementor-element elementor-element-13c45e8 e-flex e-con-boxed e-con e-parent\" data-id=\"13c45e8\" data-element_type=\"container\" data-e-type=\"container\">\n\t\t\t\t\t<div class=\"e-con-inner\">\n\t\t\t\t<div class=\"elementor-element elementor-element-fe47ddf elementor-widget elementor-widget-image\" data-id=\"fe47ddf\" data-element_type=\"widget\" data-e-type=\"widget\" data-widget_type=\"image.default\">\n\t\t\t\t<div class=\"elementor-widget-container\">\n\t\t\t\t\t\t\t\t\t\t\t\t\t\t\t<img decoding=\"async\" width=\"1104\" height=\"860\" src=\"https:\/\/scanmast.com\/wp-content\/uploads\/2025\/03\/entreprenad2.jpg\" class=\"attachment-full size-full wp-image-5024\" alt=\"\" srcset=\"https:\/\/scanmast.com\/wp-content\/uploads\/2025\/03\/entreprenad2.jpg 1104w, https:\/\/scanmast.com\/wp-content\/uploads\/2025\/03\/entreprenad2-456x355.jpg 456w, https:\/\/scanmast.com\/wp-content\/uploads\/2025\/03\/entreprenad2-721x562.jpg 721w, https:\/\/scanmast.com\/wp-content\/uploads\/2025\/03\/entreprenad2-300x234.jpg 300w, https:\/\/scanmast.com\/wp-content\/uploads\/2025\/03\/entreprenad2-1024x798.jpg 1024w, https:\/\/scanmast.com\/wp-content\/uploads\/2025\/03\/entreprenad2-768x598.jpg 768w, https:\/\/scanmast.com\/wp-content\/uploads\/2025\/03\/entreprenad2-15x12.jpg 15w\" sizes=\"(max-width: 1104px) 100vw, 1104px\" \/>\t\t\t\t\t\t\t\t\t\t\t\t\t\t\t<\/div>\n\t\t\t\t<\/div>\n\t\t\t\t\t<\/div>\n\t\t\t\t<\/div>\n\t\t\t\t<\/div>\n\t\t","protected":false},"excerpt":{"rendered":"<p>V\u00e5ra tj\u00e4nster P\u00e5 Scanmast utf\u00f6r vi alla slags markarbeten som \u00e4r kopplade till de fackverk vi monterar och installerar. Det handlar oftast om gr\u00e4vning f\u00f6r fundament och f\u00f6r att installera el, fiber, kraft och tele. Kontakta oss scanmast.com \/ V\u00e5ra tj\u00e4nster \/ Effektiv entreprenad F\u00f6r att den infrastruktur vi bygger idag ska f\u00e5 ett l\u00e5ngt [&hellip;]<\/p>\n","protected":false},"author":2,"featured_media":5435,"parent":0,"menu_order":0,"comment_status":"closed","ping_status":"closed","template":"","meta":{"_acf_changed":false,"footnotes":""},"class_list":["post-3849","page","type-page","status-publish","has-post-thumbnail","hentry"],"acf":[],"yoast_head":"<!-- This site is optimized with the Yoast SEO plugin v26.8 - https:\/\/yoast.com\/product\/yoast-seo-wordpress\/ -->\n<title>Entreprenad - Scanmast<\/title>\n<meta name=\"robots\" content=\"index, follow, max-snippet:-1, max-image-preview:large, max-video-preview:-1\" \/>\n<link rel=\"canonical\" href=\"https:\/\/scanmast.com\/se\/entreprenad\/\" \/>\n<meta property=\"og:locale\" content=\"sv_SE\" \/>\n<meta property=\"og:type\" content=\"article\" \/>\n<meta property=\"og:title\" content=\"Entreprenad - Scanmast\" \/>\n<meta property=\"og:description\" content=\"V\u00e5ra tj\u00e4nster P\u00e5 Scanmast utf\u00f6r vi alla slags markarbeten som \u00e4r kopplade till de fackverk vi monterar och installerar. Det handlar oftast om gr\u00e4vning f\u00f6r fundament och f\u00f6r att installera el, fiber, kraft och tele. Kontakta oss scanmast.com \/ V\u00e5ra tj\u00e4nster \/ Effektiv entreprenad F\u00f6r att den infrastruktur vi bygger idag ska f\u00e5 ett l\u00e5ngt [&hellip;]\" \/>\n<meta property=\"og:url\" content=\"https:\/\/scanmast.com\/se\/entreprenad\/\" \/>\n<meta property=\"og:site_name\" content=\"Scanmast\" \/>\n<meta property=\"article:modified_time\" content=\"2025-04-14T11:33:18+00:00\" \/>\n<meta property=\"og:image\" content=\"https:\/\/scanmast.com\/wp-content\/uploads\/2025\/03\/entreprenad5.jpg\" \/>\n\t<meta property=\"og:image:width\" content=\"1104\" \/>\n\t<meta property=\"og:image:height\" content=\"860\" \/>\n\t<meta property=\"og:image:type\" content=\"image\/jpeg\" \/>\n<meta name=\"twitter:card\" content=\"summary_large_image\" \/>\n<meta name=\"twitter:label1\" content=\"Ber\u00e4knad l\u00e4stid\" \/>\n\t<meta name=\"twitter:data1\" content=\"2 minuter\" \/>\n<script type=\"application\/ld+json\" class=\"yoast-schema-graph\">{\"@context\":\"https:\/\/schema.org\",\"@graph\":[{\"@type\":\"WebPage\",\"@id\":\"https:\/\/scanmast.com\/se\/entreprenad\/\",\"url\":\"https:\/\/scanmast.com\/se\/entreprenad\/\",\"name\":\"Entreprenad - Scanmast\",\"isPartOf\":{\"@id\":\"https:\/\/scanmast.com\/en\/#website\"},\"primaryImageOfPage\":{\"@id\":\"https:\/\/scanmast.com\/se\/entreprenad\/#primaryimage\"},\"image\":{\"@id\":\"https:\/\/scanmast.com\/se\/entreprenad\/#primaryimage\"},\"thumbnailUrl\":\"https:\/\/scanmast.com\/wp-content\/uploads\/2025\/03\/entreprenad5.jpg\",\"datePublished\":\"2025-03-08T20:16:26+00:00\",\"dateModified\":\"2025-04-14T11:33:18+00:00\",\"breadcrumb\":{\"@id\":\"https:\/\/scanmast.com\/se\/entreprenad\/#breadcrumb\"},\"inLanguage\":\"sv-SE\",\"potentialAction\":[{\"@type\":\"ReadAction\",\"target\":[\"https:\/\/scanmast.com\/se\/entreprenad\/\"]}]},{\"@type\":\"ImageObject\",\"inLanguage\":\"sv-SE\",\"@id\":\"https:\/\/scanmast.com\/se\/entreprenad\/#primaryimage\",\"url\":\"https:\/\/scanmast.com\/wp-content\/uploads\/2025\/03\/entreprenad5.jpg\",\"contentUrl\":\"https:\/\/scanmast.com\/wp-content\/uploads\/2025\/03\/entreprenad5.jpg\",\"width\":1104,\"height\":860},{\"@type\":\"BreadcrumbList\",\"@id\":\"https:\/\/scanmast.com\/se\/entreprenad\/#breadcrumb\",\"itemListElement\":[{\"@type\":\"ListItem\",\"position\":1,\"name\":\"Scanmast.se\",\"item\":\"https:\/\/scanmast.com\/en\/\"},{\"@type\":\"ListItem\",\"position\":2,\"name\":\"Entreprenad\"}]},{\"@type\":\"WebSite\",\"@id\":\"https:\/\/scanmast.com\/en\/#website\",\"url\":\"https:\/\/scanmast.com\/en\/\",\"name\":\"Scanmast\",\"description\":\"\",\"publisher\":{\"@id\":\"https:\/\/scanmast.com\/en\/#organization\"},\"potentialAction\":[{\"@type\":\"SearchAction\",\"target\":{\"@type\":\"EntryPoint\",\"urlTemplate\":\"https:\/\/scanmast.com\/en\/?s={search_term_string}\"},\"query-input\":{\"@type\":\"PropertyValueSpecification\",\"valueRequired\":true,\"valueName\":\"search_term_string\"}}],\"inLanguage\":\"sv-SE\"},{\"@type\":\"Organization\",\"@id\":\"https:\/\/scanmast.com\/en\/#organization\",\"name\":\"Scanmast\",\"url\":\"https:\/\/scanmast.com\/en\/\",\"logo\":{\"@type\":\"ImageObject\",\"inLanguage\":\"sv-SE\",\"@id\":\"https:\/\/scanmast.com\/en\/#\/schema\/logo\/image\/\",\"url\":\"https:\/\/scanmast.com\/wp-content\/uploads\/2025\/01\/scanmast_logotyp_utansymbol.svg\",\"contentUrl\":\"https:\/\/scanmast.com\/wp-content\/uploads\/2025\/01\/scanmast_logotyp_utansymbol.svg\",\"width\":19,\"height\":3,\"caption\":\"Scanmast\"},\"image\":{\"@id\":\"https:\/\/scanmast.com\/en\/#\/schema\/logo\/image\/\"}}]}<\/script>\n<!-- \/ Yoast SEO plugin. -->","yoast_head_json":{"title":"Entreprenad - Scanmast","robots":{"index":"index","follow":"follow","max-snippet":"max-snippet:-1","max-image-preview":"max-image-preview:large","max-video-preview":"max-video-preview:-1"},"canonical":"https:\/\/scanmast.com\/se\/entreprenad\/","og_locale":"sv_SE","og_type":"article","og_title":"Entreprenad - Scanmast","og_description":"V\u00e5ra tj\u00e4nster P\u00e5 Scanmast utf\u00f6r vi alla slags markarbeten som \u00e4r kopplade till de fackverk vi monterar och installerar. Det handlar oftast om gr\u00e4vning f\u00f6r fundament och f\u00f6r att installera el, fiber, kraft och tele. Kontakta oss scanmast.com \/ V\u00e5ra tj\u00e4nster \/ Effektiv entreprenad F\u00f6r att den infrastruktur vi bygger idag ska f\u00e5 ett l\u00e5ngt [&hellip;]","og_url":"https:\/\/scanmast.com\/se\/entreprenad\/","og_site_name":"Scanmast","article_modified_time":"2025-04-14T11:33:18+00:00","og_image":[{"width":1104,"height":860,"url":"https:\/\/scanmast.com\/wp-content\/uploads\/2025\/03\/entreprenad5.jpg","type":"image\/jpeg"}],"twitter_card":"summary_large_image","twitter_misc":{"Ber\u00e4knad l\u00e4stid":"2 minuter"},"schema":{"@context":"https:\/\/schema.org","@graph":[{"@type":"WebPage","@id":"https:\/\/scanmast.com\/se\/entreprenad\/","url":"https:\/\/scanmast.com\/se\/entreprenad\/","name":"Entreprenad - Scanmast","isPartOf":{"@id":"https:\/\/scanmast.com\/en\/#website"},"primaryImageOfPage":{"@id":"https:\/\/scanmast.com\/se\/entreprenad\/#primaryimage"},"image":{"@id":"https:\/\/scanmast.com\/se\/entreprenad\/#primaryimage"},"thumbnailUrl":"https:\/\/scanmast.com\/wp-content\/uploads\/2025\/03\/entreprenad5.jpg","datePublished":"2025-03-08T20:16:26+00:00","dateModified":"2025-04-14T11:33:18+00:00","breadcrumb":{"@id":"https:\/\/scanmast.com\/se\/entreprenad\/#breadcrumb"},"inLanguage":"sv-SE","potentialAction":[{"@type":"ReadAction","target":["https:\/\/scanmast.com\/se\/entreprenad\/"]}]},{"@type":"ImageObject","inLanguage":"sv-SE","@id":"https:\/\/scanmast.com\/se\/entreprenad\/#primaryimage","url":"https:\/\/scanmast.com\/wp-content\/uploads\/2025\/03\/entreprenad5.jpg","contentUrl":"https:\/\/scanmast.com\/wp-content\/uploads\/2025\/03\/entreprenad5.jpg","width":1104,"height":860},{"@type":"BreadcrumbList","@id":"https:\/\/scanmast.com\/se\/entreprenad\/#breadcrumb","itemListElement":[{"@type":"ListItem","position":1,"name":"Scanmast.se","item":"https:\/\/scanmast.com\/en\/"},{"@type":"ListItem","position":2,"name":"Entreprenad"}]},{"@type":"WebSite","@id":"https:\/\/scanmast.com\/en\/#website","url":"https:\/\/scanmast.com\/en\/","name":"Scanmast","description":"","publisher":{"@id":"https:\/\/scanmast.com\/en\/#organization"},"potentialAction":[{"@type":"SearchAction","target":{"@type":"EntryPoint","urlTemplate":"https:\/\/scanmast.com\/en\/?s={search_term_string}"},"query-input":{"@type":"PropertyValueSpecification","valueRequired":true,"valueName":"search_term_string"}}],"inLanguage":"sv-SE"},{"@type":"Organization","@id":"https:\/\/scanmast.com\/en\/#organization","name":"Scanmast","url":"https:\/\/scanmast.com\/en\/","logo":{"@type":"ImageObject","inLanguage":"sv-SE","@id":"https:\/\/scanmast.com\/en\/#\/schema\/logo\/image\/","url":"https:\/\/scanmast.com\/wp-content\/uploads\/2025\/01\/scanmast_logotyp_utansymbol.svg","contentUrl":"https:\/\/scanmast.com\/wp-content\/uploads\/2025\/01\/scanmast_logotyp_utansymbol.svg","width":19,"height":3,"caption":"Scanmast"},"image":{"@id":"https:\/\/scanmast.com\/en\/#\/schema\/logo\/image\/"}}]}},"_links":{"self":[{"href":"https:\/\/scanmast.com\/se\/wp-json\/wp\/v2\/pages\/3849","targetHints":{"allow":["GET"]}}],"collection":[{"href":"https:\/\/scanmast.com\/se\/wp-json\/wp\/v2\/pages"}],"about":[{"href":"https:\/\/scanmast.com\/se\/wp-json\/wp\/v2\/types\/page"}],"author":[{"embeddable":true,"href":"https:\/\/scanmast.com\/se\/wp-json\/wp\/v2\/users\/2"}],"replies":[{"embeddable":true,"href":"https:\/\/scanmast.com\/se\/wp-json\/wp\/v2\/comments?post=3849"}],"version-history":[{"count":36,"href":"https:\/\/scanmast.com\/se\/wp-json\/wp\/v2\/pages\/3849\/revisions"}],"predecessor-version":[{"id":8821,"href":"https:\/\/scanmast.com\/se\/wp-json\/wp\/v2\/pages\/3849\/revisions\/8821"}],"wp:featuredmedia":[{"embeddable":true,"href":"https:\/\/scanmast.com\/se\/wp-json\/wp\/v2\/media\/5435"}],"wp:attachment":[{"href":"https:\/\/scanmast.com\/se\/wp-json\/wp\/v2\/media?parent=3849"}],"curies":[{"name":"wp","href":"https:\/\/api.w.org\/{rel}","templated":true}]}}