{"id":3779,"date":"2025-03-08T19:29:21","date_gmt":"2025-03-08T19:29:21","guid":{"rendered":"https:\/\/scanmast.com\/?page_id=3779"},"modified":"2025-04-14T11:31:38","modified_gmt":"2025-04-14T11:31:38","slug":"radgivning-stod","status":"publish","type":"page","link":"https:\/\/scanmast.com\/se\/radgivning-stod\/","title":{"rendered":"R\u00e5dgivning &#038; st\u00f6d"},"content":{"rendered":"\t\t<div data-elementor-type=\"wp-page\" data-elementor-id=\"3779\" class=\"elementor elementor-3779\" data-elementor-post-type=\"page\">\n\t\t\t\t<div class=\"elementor-element elementor-element-0c1a0f8 e-con-full e-flex e-con e-parent\" data-id=\"0c1a0f8\" data-element_type=\"container\" data-e-type=\"container\">\n\t\t\t\t<div class=\"elementor-element elementor-element-e5be38a elementor-widget elementor-widget-spacer\" data-id=\"e5be38a\" data-element_type=\"widget\" data-e-type=\"widget\" data-widget_type=\"spacer.default\">\n\t\t\t\t<div class=\"elementor-widget-container\">\n\t\t\t\t\t\t\t<div class=\"elementor-spacer\">\n\t\t\t<div class=\"elementor-spacer-inner\"><\/div>\n\t\t<\/div>\n\t\t\t\t\t\t<\/div>\n\t\t\t\t<\/div>\n\t\t\t\t<\/div>\n\t\t<div class=\"elementor-element elementor-element-b9875bb e-flex e-con-boxed e-con e-parent\" data-id=\"b9875bb\" data-element_type=\"container\" data-e-type=\"container\" data-settings=\"{&quot;background_background&quot;:&quot;classic&quot;}\">\n\t\t\t\t\t<div class=\"e-con-inner\">\n\t\t<div class=\"elementor-element elementor-element-92216a2 e-con-full e-flex e-con e-child\" data-id=\"92216a2\" data-element_type=\"container\" data-e-type=\"container\" data-settings=\"{&quot;background_background&quot;:&quot;classic&quot;}\">\n\t\t\t\t<div class=\"elementor-element elementor-element-1390587 elementor-widget elementor-widget-image\" data-id=\"1390587\" data-element_type=\"widget\" data-e-type=\"widget\" data-widget_type=\"image.default\">\n\t\t\t\t<div class=\"elementor-widget-container\">\n\t\t\t\t\t\t\t\t\t\t\t\t\t\t\t<img fetchpriority=\"high\" decoding=\"async\" width=\"1104\" height=\"860\" src=\"https:\/\/scanmast.com\/wp-content\/uploads\/2025\/03\/bevakning.jpg\" class=\"attachment-full size-full wp-image-4924\" alt=\"\" srcset=\"https:\/\/scanmast.com\/wp-content\/uploads\/2025\/03\/bevakning.jpg 1104w, https:\/\/scanmast.com\/wp-content\/uploads\/2025\/03\/bevakning-456x355.jpg 456w, https:\/\/scanmast.com\/wp-content\/uploads\/2025\/03\/bevakning-721x562.jpg 721w, https:\/\/scanmast.com\/wp-content\/uploads\/2025\/03\/bevakning-300x234.jpg 300w, https:\/\/scanmast.com\/wp-content\/uploads\/2025\/03\/bevakning-1024x798.jpg 1024w, https:\/\/scanmast.com\/wp-content\/uploads\/2025\/03\/bevakning-768x598.jpg 768w, https:\/\/scanmast.com\/wp-content\/uploads\/2025\/03\/bevakning-15x12.jpg 15w\" sizes=\"(max-width: 1104px) 100vw, 1104px\" \/>\t\t\t\t\t\t\t\t\t\t\t\t\t\t\t<\/div>\n\t\t\t\t<\/div>\n\t\t\t\t<\/div>\n\t\t<div class=\"elementor-element elementor-element-1ac1ff3 e-con-full e-flex e-con e-child\" data-id=\"1ac1ff3\" data-element_type=\"container\" data-e-type=\"container\">\n\t\t\t\t<div class=\"elementor-element elementor-element-c15fd79 parent-cat elementor-icon-list--layout-traditional elementor-list-item-link-full_width elementor-widget elementor-widget-icon-list\" data-id=\"c15fd79\" data-element_type=\"widget\" data-e-type=\"widget\" data-widget_type=\"icon-list.default\">\n\t\t\t\t<div class=\"elementor-widget-container\">\n\t\t\t\t\t\t\t<ul class=\"elementor-icon-list-items\">\n\t\t\t\t\t\t\t<li class=\"elementor-icon-list-item\">\n\t\t\t\t\t\t\t\t\t\t\t<a href=\"https:\/\/scanmast.com\/vara-tjanster\/\">\n\n\t\t\t\t\t\t\t\t\t\t\t\t<span class=\"elementor-icon-list-icon\">\n\t\t\t\t\t\t\t<svg xmlns=\"http:\/\/www.w3.org\/2000\/svg\" id=\"uuid-b9029fdc-02de-4b69-bcb6-8cfef79a1f66\" data-name=\"Lager 1\" viewBox=\"0 0 9.3 10\"><defs><style>      .uuid-11c728b0-0004-4730-a8d2-05f5867d3029 {        fill: #1a1a3c;      }    <\/style><\/defs><polygon class=\"uuid-11c728b0-0004-4730-a8d2-05f5867d3029\" points=\"4.3 0 3.6 .7 7.3 4.5 0 4.5 0 5.5 7.3 5.5 3.6 9.3 4.3 10 9.3 5 4.3 0\"><\/polygon><\/svg>\t\t\t\t\t\t<\/span>\n\t\t\t\t\t\t\t\t\t\t<span class=\"elementor-icon-list-text\">V\u00e5ra tj\u00e4nster<\/span>\n\t\t\t\t\t\t\t\t\t\t\t<\/a>\n\t\t\t\t\t\t\t\t\t<\/li>\n\t\t\t\t\t\t<\/ul>\n\t\t\t\t\t\t<\/div>\n\t\t\t\t<\/div>\n\t\t\t\t<div class=\"elementor-element elementor-element-dea5500 elementor-widget elementor-widget-heading\" data-id=\"dea5500\" data-element_type=\"widget\" data-e-type=\"widget\" data-widget_type=\"heading.default\">\n\t\t\t\t<div class=\"elementor-widget-container\">\n\t\t\t\t\t<h1 class=\"elementor-heading-title elementor-size-default\">R\u00e5dgivning &#038; st\u00f6d<\/h1>\t\t\t\t<\/div>\n\t\t\t\t<\/div>\n\t\t\t\t<div class=\"elementor-element elementor-element-b26ed75 elementor-widget elementor-widget-text-editor\" data-id=\"b26ed75\" data-element_type=\"widget\" data-e-type=\"widget\" data-widget_type=\"text-editor.default\">\n\t\t\t\t<div class=\"elementor-widget-container\">\n\t\t\t\t\t\t\t\t\t<p>Vi bist\u00e5r med r\u00e5dgivning och st\u00f6d f\u00f6r ditt projekt inom alla v\u00e5ra verksamhetsomr\u00e5den. N\u00e4r du involverar oss tidigt i processen kan vi hj\u00e4lpa dig att v\u00e4lja ut de b\u00e4sta produkterna utifr\u00e5n dina behov och optimera och anpassa dem f\u00f6r just din l\u00f6sning.<\/p>\t\t\t\t\t\t\t\t<\/div>\n\t\t\t\t<\/div>\n\t\t\t\t<div class=\"elementor-element elementor-element-baeaa7a elementor-widget elementor-widget-button\" data-id=\"baeaa7a\" data-element_type=\"widget\" data-e-type=\"widget\" data-widget_type=\"button.default\">\n\t\t\t\t<div class=\"elementor-widget-container\">\n\t\t\t\t\t\t\t\t\t<div class=\"elementor-button-wrapper\">\n\t\t\t\t\t<a class=\"elementor-button elementor-button-link elementor-size-sm\" href=\"https:\/\/scanmast.com\/kontakt\/\">\n\t\t\t\t\t\t<span class=\"elementor-button-content-wrapper\">\n\t\t\t\t\t\t\t\t\t<span class=\"elementor-button-text\">Kontakta oss<\/span>\n\t\t\t\t\t<\/span>\n\t\t\t\t\t<\/a>\n\t\t\t\t<\/div>\n\t\t\t\t\t\t\t\t<\/div>\n\t\t\t\t<\/div>\n\t\t\t\t<\/div>\n\t\t\t\t\t<\/div>\n\t\t\t\t<\/div>\n\t\t<div class=\"elementor-element elementor-element-77dbc5f elementor-hidden-mobile e-flex e-con-boxed e-con e-child\" data-id=\"77dbc5f\" data-element_type=\"container\" data-e-type=\"container\" data-settings=\"{&quot;background_background&quot;:&quot;classic&quot;}\">\n\t\t\t\t\t<div class=\"e-con-inner\">\n\t\t<div class=\"elementor-element elementor-element-96a06fc e-flex e-con-boxed e-con e-child\" data-id=\"96a06fc\" data-element_type=\"container\" data-e-type=\"container\">\n\t\t\t\t\t<div class=\"e-con-inner\">\n\t\t<div class=\"elementor-element elementor-element-5ae1317 e-con-full e-flex e-con e-child\" data-id=\"5ae1317\" data-element_type=\"container\" data-e-type=\"container\">\n\t\t<div class=\"elementor-element elementor-element-972460b e-con-full e-flex e-con e-child\" data-id=\"972460b\" data-element_type=\"container\" data-e-type=\"container\" data-settings=\"{&quot;background_background&quot;:&quot;classic&quot;}\">\n\t\t\t\t<div class=\"elementor-element elementor-element-62d8095 elementor-widget elementor-widget-heading\" data-id=\"62d8095\" data-element_type=\"widget\" data-e-type=\"widget\" data-widget_type=\"heading.default\">\n\t\t\t\t<div class=\"elementor-widget-container\">\n\t\t\t\t\t<p class=\"elementor-heading-title elementor-size-default\"><a href=\"https:\/\/scanmast.com\/\">scanmast.com<\/a><\/p>\t\t\t\t<\/div>\n\t\t\t\t<\/div>\n\t\t\t\t<div class=\"elementor-element elementor-element-1cb2f7d thin-link elementor-widget elementor-widget-heading\" data-id=\"1cb2f7d\" data-element_type=\"widget\" data-e-type=\"widget\" data-widget_type=\"heading.default\">\n\t\t\t\t<div class=\"elementor-widget-container\">\n\t\t\t\t\t<p class=\"elementor-heading-title elementor-size-default\"><a href=\"https:\/\/scanmast.com\/vara-tjanster\/\">\/ V\u00e5ra tj\u00e4nster \/ <\/a><\/p>\t\t\t\t<\/div>\n\t\t\t\t<\/div>\n\t\t\t\t<div class=\"elementor-element elementor-element-686210c thin-link elementor-widget elementor-widget-heading\" data-id=\"686210c\" data-element_type=\"widget\" data-e-type=\"widget\" data-widget_type=\"heading.default\">\n\t\t\t\t<div class=\"elementor-widget-container\">\n\t\t\t\t\t<p class=\"elementor-heading-title elementor-size-default\">R\u00e5dgivning &#038; st\u00f6d<\/p>\t\t\t\t<\/div>\n\t\t\t\t<\/div>\n\t\t\t\t<\/div>\n\t\t\t\t<\/div>\n\t\t\t\t\t<\/div>\n\t\t\t\t<\/div>\n\t\t\t\t\t<\/div>\n\t\t\t\t<\/div>\n\t\t<div class=\"elementor-element elementor-element-224a35e e-flex e-con-boxed e-con e-child\" data-id=\"224a35e\" data-element_type=\"container\" data-e-type=\"container\" data-settings=\"{&quot;background_background&quot;:&quot;classic&quot;}\">\n\t\t\t\t\t<div class=\"e-con-inner\">\n\t\t<div class=\"elementor-element elementor-element-a01ac24 e-con-full e-flex e-con e-child\" data-id=\"a01ac24\" data-element_type=\"container\" data-e-type=\"container\">\n\t\t<div class=\"elementor-element elementor-element-2642ee4 e-con-full e-flex e-con e-child\" data-id=\"2642ee4\" data-element_type=\"container\" data-e-type=\"container\">\n\t\t\t\t<div class=\"elementor-element elementor-element-03f2230 elementor-widget elementor-widget-heading\" data-id=\"03f2230\" data-element_type=\"widget\" data-e-type=\"widget\" data-widget_type=\"heading.default\">\n\t\t\t\t<div class=\"elementor-widget-container\">\n\t\t\t\t\t<h2 class=\"elementor-heading-title elementor-size-default\">Vi ger r\u00e5dgivning och st\u00f6d - f\u00f6r den b\u00e4sta l\u00f6sningen<\/h2>\t\t\t\t<\/div>\n\t\t\t\t<\/div>\n\t\t\t\t<div class=\"elementor-element elementor-element-2262ae0 elementor-widget elementor-widget-text-editor\" data-id=\"2262ae0\" data-element_type=\"widget\" data-e-type=\"widget\" data-widget_type=\"text-editor.default\">\n\t\t\t\t<div class=\"elementor-widget-container\">\n\t\t\t\t\t\t\t\t\t<p>Eftersom vi designar och utvecklar v\u00e5ra egna produkter kan vi alltid ge r\u00e5d och st\u00f6d tidigt i designprocessen av komplexa industriella l\u00f6sningar. Det g\u00f6r att vi ocks\u00e5 kan garantera att ditt slutresultat blir s\u00e5 optimalt, kostnadseffektivt \u2013 och s\u00e5 bra f\u00f6r milj\u00f6n som m\u00f6jligt.<\/p>\t\t\t\t\t\t\t\t<\/div>\n\t\t\t\t<\/div>\n\t\t\t\t<div class=\"elementor-element elementor-element-55853e0 elementor-widget elementor-widget-heading\" data-id=\"55853e0\" data-element_type=\"widget\" data-e-type=\"widget\" data-widget_type=\"heading.default\">\n\t\t\t\t<div class=\"elementor-widget-container\">\n\t\t\t\t\t<h3 class=\"elementor-heading-title elementor-size-default\">R\u00e5dgivning och st\u00f6d f\u00f6r maximal t\u00e4ckning inom telkom<\/h3>\t\t\t\t<\/div>\n\t\t\t\t<\/div>\n\t\t\t\t<div class=\"elementor-element elementor-element-f976de3 elementor-widget elementor-widget-text-editor\" data-id=\"f976de3\" data-element_type=\"widget\" data-e-type=\"widget\" data-widget_type=\"text-editor.default\">\n\t\t\t\t<div class=\"elementor-widget-container\">\n\t\t\t\t\t\t\t\t\t<p>Ett bra exempel d\u00e4r vi arbetar med r\u00e5dgivning i ett tidigt skede \u00e4r vid arbete med projektering och utformning av stora telekomprojekt, s\u00e5 kallade Greenfields. Vi \u00e4r d\u00e5 med i ett tidigt skede f\u00f6r att ta fram en kostnadseffektiv l\u00f6sning som n\u00e5r maximal t\u00e4ckning. Tillsammans med operat\u00f6r och leverant\u00f6r v\u00e4ljer vi ut de b\u00e4sta tornen, fundamenten och logistiken samt minimerar ingrepp i den omgivande naturen.<\/p>\t\t\t\t\t\t\t\t<\/div>\n\t\t\t\t<\/div>\n\t\t\t\t<div class=\"elementor-element elementor-element-7b00219 elementor-widget elementor-widget-heading\" data-id=\"7b00219\" data-element_type=\"widget\" data-e-type=\"widget\" data-widget_type=\"heading.default\">\n\t\t\t\t<div class=\"elementor-widget-container\">\n\t\t\t\t\t<h3 class=\"elementor-heading-title elementor-size-default\">Ta hj\u00e4lp av oss f\u00f6r r\u00e5dgivning och st\u00f6d<\/h3>\t\t\t\t<\/div>\n\t\t\t\t<\/div>\n\t\t\t\t<div class=\"elementor-element elementor-element-4e82bfa elementor-widget elementor-widget-text-editor\" data-id=\"4e82bfa\" data-element_type=\"widget\" data-e-type=\"widget\" data-widget_type=\"text-editor.default\">\n\t\t\t\t<div class=\"elementor-widget-container\">\n\t\t\t\t\t\t\t\t\t<p>Du kanske har specifika behov, eller inte riktigt vet vad du letar efter? <a href=\"https:\/\/scanmast.com\/kontakt\/\">Kontakta oss<\/a>, s\u00e5 hj\u00e4lper vi dig med r\u00e5dgivning av den b\u00e4sta t\u00e4nkbara l\u00f6sningen.<\/p>\t\t\t\t\t\t\t\t<\/div>\n\t\t\t\t<\/div>\n\t\t\t\t<\/div>\n\t\t\t\t<\/div>\n\t\t<div class=\"elementor-element elementor-element-7f2004b e-con-full e-flex e-con e-child\" data-id=\"7f2004b\" data-element_type=\"container\" data-e-type=\"container\">\n\t\t\t\t<div class=\"elementor-element elementor-element-ee04ef6 elementor-widget elementor-widget-image\" data-id=\"ee04ef6\" data-element_type=\"widget\" data-e-type=\"widget\" data-widget_type=\"image.default\">\n\t\t\t\t<div class=\"elementor-widget-container\">\n\t\t\t\t\t\t\t\t\t\t\t\t\t\t\t<img decoding=\"async\" width=\"704\" height=\"469\" src=\"https:\/\/scanmast.com\/wp-content\/uploads\/2025\/03\/greenfield.jpg\" class=\"attachment-large size-large wp-image-5168\" alt=\"\" srcset=\"https:\/\/scanmast.com\/wp-content\/uploads\/2025\/03\/greenfield.jpg 704w, https:\/\/scanmast.com\/wp-content\/uploads\/2025\/03\/greenfield-456x304.jpg 456w, https:\/\/scanmast.com\/wp-content\/uploads\/2025\/03\/greenfield-300x200.jpg 300w, https:\/\/scanmast.com\/wp-content\/uploads\/2025\/03\/greenfield-18x12.jpg 18w, https:\/\/scanmast.com\/wp-content\/uploads\/2025\/03\/greenfield-600x400.jpg 600w\" sizes=\"(max-width: 704px) 100vw, 704px\" \/>\t\t\t\t\t\t\t\t\t\t\t\t\t\t\t<\/div>\n\t\t\t\t<\/div>\n\t\t\t\t<\/div>\n\t\t\t\t\t<\/div>\n\t\t\t\t<\/div>\n\t\t<div class=\"elementor-element elementor-element-13c45e8 e-flex e-con-boxed e-con e-parent\" data-id=\"13c45e8\" data-element_type=\"container\" data-e-type=\"container\">\n\t\t\t\t\t<div class=\"e-con-inner\">\n\t\t\t\t<div class=\"elementor-element elementor-element-fe47ddf elementor-widget elementor-widget-image\" data-id=\"fe47ddf\" data-element_type=\"widget\" data-e-type=\"widget\" data-widget_type=\"image.default\">\n\t\t\t\t<div class=\"elementor-widget-container\">\n\t\t\t\t\t\t\t\t\t\t\t\t\t\t\t<img decoding=\"async\" width=\"1715\" height=\"965\" src=\"https:\/\/scanmast.com\/wp-content\/uploads\/2025\/03\/sas.jpg\" class=\"attachment-full size-full wp-image-4997\" alt=\"\" srcset=\"https:\/\/scanmast.com\/wp-content\/uploads\/2025\/03\/sas.jpg 1715w, https:\/\/scanmast.com\/wp-content\/uploads\/2025\/03\/sas-456x257.jpg 456w, https:\/\/scanmast.com\/wp-content\/uploads\/2025\/03\/sas-721x406.jpg 721w, https:\/\/scanmast.com\/wp-content\/uploads\/2025\/03\/sas-300x169.jpg 300w, https:\/\/scanmast.com\/wp-content\/uploads\/2025\/03\/sas-1024x576.jpg 1024w, https:\/\/scanmast.com\/wp-content\/uploads\/2025\/03\/sas-768x432.jpg 768w, https:\/\/scanmast.com\/wp-content\/uploads\/2025\/03\/sas-1536x864.jpg 1536w, https:\/\/scanmast.com\/wp-content\/uploads\/2025\/03\/sas-18x10.jpg 18w\" sizes=\"(max-width: 1715px) 100vw, 1715px\" \/>\t\t\t\t\t\t\t\t\t\t\t\t\t\t\t<\/div>\n\t\t\t\t<\/div>\n\t\t\t\t\t<\/div>\n\t\t\t\t<\/div>\n\t\t\t\t<\/div>\n\t\t","protected":false},"excerpt":{"rendered":"<p>V\u00e5ra tj\u00e4nster Vi bist\u00e5r med r\u00e5dgivning och st\u00f6d f\u00f6r ditt projekt inom alla v\u00e5ra verksamhetsomr\u00e5den. N\u00e4r du involverar oss tidigt i processen kan vi hj\u00e4lpa dig att v\u00e4lja ut de b\u00e4sta produkterna utifr\u00e5n dina behov och optimera och anpassa dem f\u00f6r just din l\u00f6sning. Kontakta oss scanmast.com \/ V\u00e5ra tj\u00e4nster \/ Vi ger r\u00e5dgivning och [&hellip;]<\/p>\n","protected":false},"author":2,"featured_media":4924,"parent":0,"menu_order":0,"comment_status":"closed","ping_status":"closed","template":"","meta":{"_acf_changed":false,"footnotes":""},"class_list":["post-3779","page","type-page","status-publish","has-post-thumbnail","hentry"],"acf":[],"yoast_head":"<!-- This site is optimized with the Yoast SEO plugin v26.8 - https:\/\/yoast.com\/product\/yoast-seo-wordpress\/ -->\n<title>R\u00e5dgivning &amp; st\u00f6d - Scanmast<\/title>\n<meta name=\"robots\" content=\"index, follow, max-snippet:-1, max-image-preview:large, max-video-preview:-1\" \/>\n<link rel=\"canonical\" href=\"https:\/\/scanmast.com\/se\/radgivning-stod\/\" \/>\n<meta property=\"og:locale\" content=\"sv_SE\" \/>\n<meta property=\"og:type\" content=\"article\" \/>\n<meta property=\"og:title\" content=\"R\u00e5dgivning &amp; st\u00f6d - Scanmast\" \/>\n<meta property=\"og:description\" content=\"V\u00e5ra tj\u00e4nster Vi bist\u00e5r med r\u00e5dgivning och st\u00f6d f\u00f6r ditt projekt inom alla v\u00e5ra verksamhetsomr\u00e5den. N\u00e4r du involverar oss tidigt i processen kan vi hj\u00e4lpa dig att v\u00e4lja ut de b\u00e4sta produkterna utifr\u00e5n dina behov och optimera och anpassa dem f\u00f6r just din l\u00f6sning. Kontakta oss scanmast.com \/ V\u00e5ra tj\u00e4nster \/ Vi ger r\u00e5dgivning och [&hellip;]\" \/>\n<meta property=\"og:url\" content=\"https:\/\/scanmast.com\/se\/radgivning-stod\/\" \/>\n<meta property=\"og:site_name\" content=\"Scanmast\" \/>\n<meta property=\"article:modified_time\" content=\"2025-04-14T11:31:38+00:00\" \/>\n<meta property=\"og:image\" content=\"https:\/\/scanmast.com\/wp-content\/uploads\/2025\/03\/bevakning.jpg\" \/>\n\t<meta property=\"og:image:width\" content=\"1104\" \/>\n\t<meta property=\"og:image:height\" content=\"860\" \/>\n\t<meta property=\"og:image:type\" content=\"image\/jpeg\" \/>\n<meta name=\"twitter:card\" content=\"summary_large_image\" \/>\n<meta name=\"twitter:label1\" content=\"Ber\u00e4knad l\u00e4stid\" \/>\n\t<meta name=\"twitter:data1\" content=\"2 minuter\" \/>\n<script type=\"application\/ld+json\" class=\"yoast-schema-graph\">{\"@context\":\"https:\/\/schema.org\",\"@graph\":[{\"@type\":\"WebPage\",\"@id\":\"https:\/\/scanmast.com\/en\/counselling-was\/\",\"url\":\"https:\/\/scanmast.com\/en\/counselling-was\/\",\"name\":\"R\u00e5dgivning & st\u00f6d - Scanmast\",\"isPartOf\":{\"@id\":\"https:\/\/scanmast.com\/en\/#website\"},\"primaryImageOfPage\":{\"@id\":\"https:\/\/scanmast.com\/en\/counselling-was\/#primaryimage\"},\"image\":{\"@id\":\"https:\/\/scanmast.com\/en\/counselling-was\/#primaryimage\"},\"thumbnailUrl\":\"https:\/\/scanmast.com\/wp-content\/uploads\/2025\/03\/bevakning.jpg\",\"datePublished\":\"2025-03-08T19:29:21+00:00\",\"dateModified\":\"2025-04-14T11:31:38+00:00\",\"breadcrumb\":{\"@id\":\"https:\/\/scanmast.com\/en\/counselling-was\/#breadcrumb\"},\"inLanguage\":\"sv-SE\",\"potentialAction\":[{\"@type\":\"ReadAction\",\"target\":[\"https:\/\/scanmast.com\/en\/counselling-was\/\"]}]},{\"@type\":\"ImageObject\",\"inLanguage\":\"sv-SE\",\"@id\":\"https:\/\/scanmast.com\/en\/counselling-was\/#primaryimage\",\"url\":\"https:\/\/scanmast.com\/wp-content\/uploads\/2025\/03\/bevakning.jpg\",\"contentUrl\":\"https:\/\/scanmast.com\/wp-content\/uploads\/2025\/03\/bevakning.jpg\",\"width\":1104,\"height\":860},{\"@type\":\"BreadcrumbList\",\"@id\":\"https:\/\/scanmast.com\/en\/counselling-was\/#breadcrumb\",\"itemListElement\":[{\"@type\":\"ListItem\",\"position\":1,\"name\":\"Scanmast.se\",\"item\":\"https:\/\/scanmast.com\/en\/\"},{\"@type\":\"ListItem\",\"position\":2,\"name\":\"R\u00e5dgivning &#038; st\u00f6d\"}]},{\"@type\":\"WebSite\",\"@id\":\"https:\/\/scanmast.com\/en\/#website\",\"url\":\"https:\/\/scanmast.com\/en\/\",\"name\":\"Scanmast\",\"description\":\"\",\"publisher\":{\"@id\":\"https:\/\/scanmast.com\/en\/#organization\"},\"potentialAction\":[{\"@type\":\"SearchAction\",\"target\":{\"@type\":\"EntryPoint\",\"urlTemplate\":\"https:\/\/scanmast.com\/en\/?s={search_term_string}\"},\"query-input\":{\"@type\":\"PropertyValueSpecification\",\"valueRequired\":true,\"valueName\":\"search_term_string\"}}],\"inLanguage\":\"sv-SE\"},{\"@type\":\"Organization\",\"@id\":\"https:\/\/scanmast.com\/en\/#organization\",\"name\":\"Scanmast\",\"url\":\"https:\/\/scanmast.com\/en\/\",\"logo\":{\"@type\":\"ImageObject\",\"inLanguage\":\"sv-SE\",\"@id\":\"https:\/\/scanmast.com\/en\/#\/schema\/logo\/image\/\",\"url\":\"https:\/\/scanmast.com\/wp-content\/uploads\/2025\/01\/scanmast_logotyp_utansymbol.svg\",\"contentUrl\":\"https:\/\/scanmast.com\/wp-content\/uploads\/2025\/01\/scanmast_logotyp_utansymbol.svg\",\"width\":19,\"height\":3,\"caption\":\"Scanmast\"},\"image\":{\"@id\":\"https:\/\/scanmast.com\/en\/#\/schema\/logo\/image\/\"}}]}<\/script>\n<!-- \/ Yoast SEO plugin. -->","yoast_head_json":{"title":"R\u00e5dgivning & st\u00f6d - Scanmast","robots":{"index":"index","follow":"follow","max-snippet":"max-snippet:-1","max-image-preview":"max-image-preview:large","max-video-preview":"max-video-preview:-1"},"canonical":"https:\/\/scanmast.com\/se\/radgivning-stod\/","og_locale":"sv_SE","og_type":"article","og_title":"R\u00e5dgivning & st\u00f6d - Scanmast","og_description":"V\u00e5ra tj\u00e4nster Vi bist\u00e5r med r\u00e5dgivning och st\u00f6d f\u00f6r ditt projekt inom alla v\u00e5ra verksamhetsomr\u00e5den. N\u00e4r du involverar oss tidigt i processen kan vi hj\u00e4lpa dig att v\u00e4lja ut de b\u00e4sta produkterna utifr\u00e5n dina behov och optimera och anpassa dem f\u00f6r just din l\u00f6sning. Kontakta oss scanmast.com \/ V\u00e5ra tj\u00e4nster \/ Vi ger r\u00e5dgivning och [&hellip;]","og_url":"https:\/\/scanmast.com\/se\/radgivning-stod\/","og_site_name":"Scanmast","article_modified_time":"2025-04-14T11:31:38+00:00","og_image":[{"width":1104,"height":860,"url":"https:\/\/scanmast.com\/wp-content\/uploads\/2025\/03\/bevakning.jpg","type":"image\/jpeg"}],"twitter_card":"summary_large_image","twitter_misc":{"Ber\u00e4knad l\u00e4stid":"2 minuter"},"schema":{"@context":"https:\/\/schema.org","@graph":[{"@type":"WebPage","@id":"https:\/\/scanmast.com\/en\/counselling-was\/","url":"https:\/\/scanmast.com\/en\/counselling-was\/","name":"R\u00e5dgivning & st\u00f6d - Scanmast","isPartOf":{"@id":"https:\/\/scanmast.com\/en\/#website"},"primaryImageOfPage":{"@id":"https:\/\/scanmast.com\/en\/counselling-was\/#primaryimage"},"image":{"@id":"https:\/\/scanmast.com\/en\/counselling-was\/#primaryimage"},"thumbnailUrl":"https:\/\/scanmast.com\/wp-content\/uploads\/2025\/03\/bevakning.jpg","datePublished":"2025-03-08T19:29:21+00:00","dateModified":"2025-04-14T11:31:38+00:00","breadcrumb":{"@id":"https:\/\/scanmast.com\/en\/counselling-was\/#breadcrumb"},"inLanguage":"sv-SE","potentialAction":[{"@type":"ReadAction","target":["https:\/\/scanmast.com\/en\/counselling-was\/"]}]},{"@type":"ImageObject","inLanguage":"sv-SE","@id":"https:\/\/scanmast.com\/en\/counselling-was\/#primaryimage","url":"https:\/\/scanmast.com\/wp-content\/uploads\/2025\/03\/bevakning.jpg","contentUrl":"https:\/\/scanmast.com\/wp-content\/uploads\/2025\/03\/bevakning.jpg","width":1104,"height":860},{"@type":"BreadcrumbList","@id":"https:\/\/scanmast.com\/en\/counselling-was\/#breadcrumb","itemListElement":[{"@type":"ListItem","position":1,"name":"Scanmast.se","item":"https:\/\/scanmast.com\/en\/"},{"@type":"ListItem","position":2,"name":"R\u00e5dgivning &#038; st\u00f6d"}]},{"@type":"WebSite","@id":"https:\/\/scanmast.com\/en\/#website","url":"https:\/\/scanmast.com\/en\/","name":"Scanmast","description":"","publisher":{"@id":"https:\/\/scanmast.com\/en\/#organization"},"potentialAction":[{"@type":"SearchAction","target":{"@type":"EntryPoint","urlTemplate":"https:\/\/scanmast.com\/en\/?s={search_term_string}"},"query-input":{"@type":"PropertyValueSpecification","valueRequired":true,"valueName":"search_term_string"}}],"inLanguage":"sv-SE"},{"@type":"Organization","@id":"https:\/\/scanmast.com\/en\/#organization","name":"Scanmast","url":"https:\/\/scanmast.com\/en\/","logo":{"@type":"ImageObject","inLanguage":"sv-SE","@id":"https:\/\/scanmast.com\/en\/#\/schema\/logo\/image\/","url":"https:\/\/scanmast.com\/wp-content\/uploads\/2025\/01\/scanmast_logotyp_utansymbol.svg","contentUrl":"https:\/\/scanmast.com\/wp-content\/uploads\/2025\/01\/scanmast_logotyp_utansymbol.svg","width":19,"height":3,"caption":"Scanmast"},"image":{"@id":"https:\/\/scanmast.com\/en\/#\/schema\/logo\/image\/"}}]}},"_links":{"self":[{"href":"https:\/\/scanmast.com\/se\/wp-json\/wp\/v2\/pages\/3779","targetHints":{"allow":["GET"]}}],"collection":[{"href":"https:\/\/scanmast.com\/se\/wp-json\/wp\/v2\/pages"}],"about":[{"href":"https:\/\/scanmast.com\/se\/wp-json\/wp\/v2\/types\/page"}],"author":[{"embeddable":true,"href":"https:\/\/scanmast.com\/se\/wp-json\/wp\/v2\/users\/2"}],"replies":[{"embeddable":true,"href":"https:\/\/scanmast.com\/se\/wp-json\/wp\/v2\/comments?post=3779"}],"version-history":[{"count":33,"href":"https:\/\/scanmast.com\/se\/wp-json\/wp\/v2\/pages\/3779\/revisions"}],"predecessor-version":[{"id":8815,"href":"https:\/\/scanmast.com\/se\/wp-json\/wp\/v2\/pages\/3779\/revisions\/8815"}],"wp:featuredmedia":[{"embeddable":true,"href":"https:\/\/scanmast.com\/se\/wp-json\/wp\/v2\/media\/4924"}],"wp:attachment":[{"href":"https:\/\/scanmast.com\/se\/wp-json\/wp\/v2\/media?parent=3779"}],"curies":[{"name":"wp","href":"https:\/\/api.w.org\/{rel}","templated":true}]}}