{"id":5462,"date":"2025-03-13T09:30:00","date_gmt":"2025-03-13T09:30:00","guid":{"rendered":"https:\/\/scanmast.com\/?post_type=product&#038;p=5462"},"modified":"2025-04-04T09:28:01","modified_gmt":"2025-04-04T09:28:01","slug":"delta-portaali","status":"publish","type":"product","link":"https:\/\/scanmast.com\/fi\/tuote\/delta-portaali\/","title":{"rendered":"DELTA-portaali"},"content":{"rendered":"<p>Tarkoitettu lyhyiden et\u00e4isyyksien kuljettamiseen pilarien v\u00e4lill\u00e4. Voidaan k\u00e4ytt\u00e4\u00e4 teollisuushankkeissa, bussiterminaaleissa, tieportaaleissa, kaapelisiirroissa ja v\u00e4liaikaisissa ratkaisuissa. Se on tuettu pystysuorilla profiileilla ja varustettu kussakin erityishankkeessa tarvittavilla komponenteilla.<\/p>\n<p>DELTA toimii eritt\u00e4in hyvin s\u00e4hk\u00f6n, kaasun ja nesteiden kuljetuksessa kiinteist\u00f6st\u00e4 toiseen. DELTA on taloudellisesti houkutteleva ratkaisu, ja se on eritt\u00e4in hyvin r\u00e4\u00e4t\u00e4l\u00f6it\u00e4viss\u00e4 kunkin asiakkaan tarpeiden ja hankkeen mukaan.<\/p>\n<p><strong>Mukauttaminen erilaisiin vaatimuksiin ja tarpeisiin<\/strong><br \/>\nPortaalimme ja kylttimastomme voidaan aina r\u00e4\u00e4t\u00e4l\u00f6id\u00e4 tarpeittesi mukaan. Laskenta- ja suunnitteluosastomme avulla voimme suunnitella rakenteen ja kantavuuden juuri tarvitsemasi ratkaisun mukaan.<\/p>\n<p><strong>Tiukat vaatimukset t\u00e4ytt\u00e4v\u00e4t portaalit ja merkkien kantajat<\/strong><br \/>\nKaikki Scanmastin tuotteet on suunniteltu kest\u00e4m\u00e4\u00e4n kovia olosuhteita, sek\u00e4 ankaraa talvis\u00e4\u00e4t\u00e4 ett\u00e4 teollisuusymp\u00e4rist\u00f6j\u00e4. Mastomme valmistettu kuumasinkityst\u00e4 ter\u00e4ksest\u00e4, mik\u00e4 tarkoittaa, ett\u00e4 ne kest\u00e4v\u00e4t jopa 50 vuotta. Se on j\u00e4rkev\u00e4 valinta sek\u00e4 taloudellisesti ett\u00e4 ymp\u00e4rist\u00f6n kannalta.<\/p>","protected":false},"excerpt":{"rendered":"<p>DELTA on kolmisivuinen ristikkorakenne, joka on rakenteeseensa n\u00e4hden eritt\u00e4in vahva.<\/p>","protected":false},"featured_media":5464,"comment_status":"closed","ping_status":"closed","template":"","meta":{"_acf_changed":false},"product_brand":[34],"product_cat":[31],"product_tag":[37,40],"class_list":{"0":"post-5462","1":"product","2":"type-product","3":"status-publish","4":"has-post-thumbnail","6":"product_brand-delta","7":"product_cat-portaler-skyltbarare","8":"product_tag-bevakning","9":"product_tag-energi","11":"first","12":"instock","13":"shipping-taxable","14":"product-type-simple"},"acf":[],"yoast_head":"<!-- This site is optimized with the Yoast SEO plugin v26.8 - https:\/\/yoast.com\/product\/yoast-seo-wordpress\/ -->\n<title>Portal DELTA - Scanmast<\/title>\n<meta name=\"robots\" content=\"index, follow, max-snippet:-1, max-image-preview:large, max-video-preview:-1\" \/>\n<link rel=\"canonical\" href=\"https:\/\/scanmast.com\/fi\/tuote\/delta-portaali\/\" \/>\n<meta property=\"og:locale\" content=\"fi_FI\" \/>\n<meta property=\"og:type\" content=\"article\" \/>\n<meta property=\"og:title\" content=\"Portal DELTA - Scanmast\" \/>\n<meta property=\"og:description\" content=\"DELTA \u00e4r en tresidig fackverkskonstruktion, som \u00e4r mycket stark i f\u00f6rh\u00e5llande till sin konstruktion.\" \/>\n<meta property=\"og:url\" content=\"https:\/\/scanmast.com\/fi\/tuote\/delta-portaali\/\" \/>\n<meta property=\"og:site_name\" content=\"Scanmast\" \/>\n<meta property=\"article:modified_time\" content=\"2025-04-04T09:28:01+00:00\" \/>\n<meta property=\"og:image\" content=\"https:\/\/scanmast.com\/wp-content\/uploads\/2025\/03\/portal-delta-2-550x770-1.jpg\" \/>\n\t<meta property=\"og:image:width\" content=\"550\" \/>\n\t<meta property=\"og:image:height\" content=\"770\" \/>\n\t<meta property=\"og:image:type\" content=\"image\/jpeg\" \/>\n<meta name=\"twitter:card\" content=\"summary_large_image\" \/>\n<meta name=\"twitter:label1\" content=\"Arvioitu lukuaika\" \/>\n\t<meta name=\"twitter:data1\" content=\"1 minuutti\" \/>\n<script type=\"application\/ld+json\" class=\"yoast-schema-graph\">{\"@context\":\"https:\/\/schema.org\",\"@graph\":[{\"@type\":\"WebPage\",\"@id\":\"https:\/\/scanmast.com\/en\/product\/delta-portal\/\",\"url\":\"https:\/\/scanmast.com\/en\/product\/delta-portal\/\",\"name\":\"Portal DELTA - Scanmast\",\"isPartOf\":{\"@id\":\"https:\/\/scanmast.com\/en\/#website\"},\"primaryImageOfPage\":{\"@id\":\"https:\/\/scanmast.com\/en\/product\/delta-portal\/#primaryimage\"},\"image\":{\"@id\":\"https:\/\/scanmast.com\/en\/product\/delta-portal\/#primaryimage\"},\"thumbnailUrl\":\"https:\/\/scanmast.com\/wp-content\/uploads\/2025\/03\/portal-delta-2-550x770-1.jpg\",\"datePublished\":\"2025-03-13T09:30:00+00:00\",\"dateModified\":\"2025-04-04T09:28:01+00:00\",\"breadcrumb\":{\"@id\":\"https:\/\/scanmast.com\/en\/product\/delta-portal\/#breadcrumb\"},\"inLanguage\":\"fi\",\"potentialAction\":[{\"@type\":\"ReadAction\",\"target\":[\"https:\/\/scanmast.com\/en\/product\/delta-portal\/\"]}]},{\"@type\":\"ImageObject\",\"inLanguage\":\"fi\",\"@id\":\"https:\/\/scanmast.com\/en\/product\/delta-portal\/#primaryimage\",\"url\":\"https:\/\/scanmast.com\/wp-content\/uploads\/2025\/03\/portal-delta-2-550x770-1.jpg\",\"contentUrl\":\"https:\/\/scanmast.com\/wp-content\/uploads\/2025\/03\/portal-delta-2-550x770-1.jpg\",\"width\":550,\"height\":770},{\"@type\":\"BreadcrumbList\",\"@id\":\"https:\/\/scanmast.com\/en\/product\/delta-portal\/#breadcrumb\",\"itemListElement\":[{\"@type\":\"ListItem\",\"position\":1,\"name\":\"Scanmast.se\",\"item\":\"https:\/\/scanmast.com\/en\/\"},{\"@type\":\"ListItem\",\"position\":2,\"name\":\"V\u00e5ra produkter\",\"item\":\"https:\/\/scanmast.com\/en\/goods-products\/\"},{\"@type\":\"ListItem\",\"position\":3,\"name\":\"Portal DELTA\"}]},{\"@type\":\"WebSite\",\"@id\":\"https:\/\/scanmast.com\/en\/#website\",\"url\":\"https:\/\/scanmast.com\/en\/\",\"name\":\"Scanmast\",\"description\":\"\",\"publisher\":{\"@id\":\"https:\/\/scanmast.com\/en\/#organization\"},\"potentialAction\":[{\"@type\":\"SearchAction\",\"target\":{\"@type\":\"EntryPoint\",\"urlTemplate\":\"https:\/\/scanmast.com\/en\/?s={search_term_string}\"},\"query-input\":{\"@type\":\"PropertyValueSpecification\",\"valueRequired\":true,\"valueName\":\"search_term_string\"}}],\"inLanguage\":\"fi\"},{\"@type\":\"Organization\",\"@id\":\"https:\/\/scanmast.com\/en\/#organization\",\"name\":\"Scanmast\",\"url\":\"https:\/\/scanmast.com\/en\/\",\"logo\":{\"@type\":\"ImageObject\",\"inLanguage\":\"fi\",\"@id\":\"https:\/\/scanmast.com\/en\/#\/schema\/logo\/image\/\",\"url\":\"https:\/\/scanmast.com\/wp-content\/uploads\/2025\/01\/scanmast_logotyp_utansymbol.svg\",\"contentUrl\":\"https:\/\/scanmast.com\/wp-content\/uploads\/2025\/01\/scanmast_logotyp_utansymbol.svg\",\"width\":19,\"height\":3,\"caption\":\"Scanmast\"},\"image\":{\"@id\":\"https:\/\/scanmast.com\/en\/#\/schema\/logo\/image\/\"}}]}<\/script>\n<!-- \/ Yoast SEO plugin. -->","yoast_head_json":{"title":"DELTA Portal - Scanmast","robots":{"index":"index","follow":"follow","max-snippet":"max-snippet:-1","max-image-preview":"max-image-preview:large","max-video-preview":"max-video-preview:-1"},"canonical":"https:\/\/scanmast.com\/fi\/tuote\/delta-portaali\/","og_locale":"fi_FI","og_type":"article","og_title":"Portal DELTA - Scanmast","og_description":"DELTA \u00e4r en tresidig fackverkskonstruktion, som \u00e4r mycket stark i f\u00f6rh\u00e5llande till sin konstruktion.","og_url":"https:\/\/scanmast.com\/fi\/tuote\/delta-portaali\/","og_site_name":"Scanmast","article_modified_time":"2025-04-04T09:28:01+00:00","og_image":[{"width":550,"height":770,"url":"https:\/\/scanmast.com\/wp-content\/uploads\/2025\/03\/portal-delta-2-550x770-1.jpg","type":"image\/jpeg"}],"twitter_card":"summary_large_image","twitter_misc":{"Arvioitu lukuaika":"1 minuutti"},"schema":{"@context":"https:\/\/schema.org","@graph":[{"@type":"WebPage","@id":"https:\/\/scanmast.com\/en\/product\/delta-portal\/","url":"https:\/\/scanmast.com\/en\/product\/delta-portal\/","name":"DELTA Portal - Scanmast","isPartOf":{"@id":"https:\/\/scanmast.com\/en\/#website"},"primaryImageOfPage":{"@id":"https:\/\/scanmast.com\/en\/product\/delta-portal\/#primaryimage"},"image":{"@id":"https:\/\/scanmast.com\/en\/product\/delta-portal\/#primaryimage"},"thumbnailUrl":"https:\/\/scanmast.com\/wp-content\/uploads\/2025\/03\/portal-delta-2-550x770-1.jpg","datePublished":"2025-03-13T09:30:00+00:00","dateModified":"2025-04-04T09:28:01+00:00","breadcrumb":{"@id":"https:\/\/scanmast.com\/en\/product\/delta-portal\/#breadcrumb"},"inLanguage":"fi","potentialAction":[{"@type":"ReadAction","target":["https:\/\/scanmast.com\/en\/product\/delta-portal\/"]}]},{"@type":"ImageObject","inLanguage":"fi","@id":"https:\/\/scanmast.com\/en\/product\/delta-portal\/#primaryimage","url":"https:\/\/scanmast.com\/wp-content\/uploads\/2025\/03\/portal-delta-2-550x770-1.jpg","contentUrl":"https:\/\/scanmast.com\/wp-content\/uploads\/2025\/03\/portal-delta-2-550x770-1.jpg","width":550,"height":770},{"@type":"BreadcrumbList","@id":"https:\/\/scanmast.com\/en\/product\/delta-portal\/#breadcrumb","itemListElement":[{"@type":"ListItem","position":1,"name":"Scanmast.se","item":"https:\/\/scanmast.com\/en\/"},{"@type":"ListItem","position":2,"name":"V\u00e5ra produkter","item":"https:\/\/scanmast.com\/en\/goods-products\/"},{"@type":"ListItem","position":3,"name":"Portal DELTA"}]},{"@type":"WebSite","@id":"https:\/\/scanmast.com\/en\/#website","url":"https:\/\/scanmast.com\/en\/","name":"Scanmast","description":"","publisher":{"@id":"https:\/\/scanmast.com\/en\/#organization"},"potentialAction":[{"@type":"SearchAction","target":{"@type":"EntryPoint","urlTemplate":"https:\/\/scanmast.com\/en\/?s={search_term_string}"},"query-input":{"@type":"PropertyValueSpecification","valueRequired":true,"valueName":"search_term_string"}}],"inLanguage":"fi"},{"@type":"Organization","@id":"https:\/\/scanmast.com\/en\/#organization","name":"Scanmast","url":"https:\/\/scanmast.com\/en\/","logo":{"@type":"ImageObject","inLanguage":"fi","@id":"https:\/\/scanmast.com\/en\/#\/schema\/logo\/image\/","url":"https:\/\/scanmast.com\/wp-content\/uploads\/2025\/01\/scanmast_logotyp_utansymbol.svg","contentUrl":"https:\/\/scanmast.com\/wp-content\/uploads\/2025\/01\/scanmast_logotyp_utansymbol.svg","width":19,"height":3,"caption":"Scanmast"},"image":{"@id":"https:\/\/scanmast.com\/en\/#\/schema\/logo\/image\/"}}]}},"_links":{"self":[{"href":"https:\/\/scanmast.com\/fi\/wp-json\/wp\/v2\/product\/5462","targetHints":{"allow":["GET"]}}],"collection":[{"href":"https:\/\/scanmast.com\/fi\/wp-json\/wp\/v2\/product"}],"about":[{"href":"https:\/\/scanmast.com\/fi\/wp-json\/wp\/v2\/types\/product"}],"replies":[{"embeddable":true,"href":"https:\/\/scanmast.com\/fi\/wp-json\/wp\/v2\/comments?post=5462"}],"wp:featuredmedia":[{"embeddable":true,"href":"https:\/\/scanmast.com\/fi\/wp-json\/wp\/v2\/media\/5464"}],"wp:attachment":[{"href":"https:\/\/scanmast.com\/fi\/wp-json\/wp\/v2\/media?parent=5462"}],"wp:term":[{"taxonomy":"product_brand","embeddable":true,"href":"https:\/\/scanmast.com\/fi\/wp-json\/wp\/v2\/product_brand?post=5462"},{"taxonomy":"product_cat","embeddable":true,"href":"https:\/\/scanmast.com\/fi\/wp-json\/wp\/v2\/product_cat?post=5462"},{"taxonomy":"product_tag","embeddable":true,"href":"https:\/\/scanmast.com\/fi\/wp-json\/wp\/v2\/product_tag?post=5462"}],"curies":[{"name":"wp","href":"https:\/\/api.w.org\/{rel}","templated":true}]}}