{"id":4918,"date":"2025-03-11T13:39:13","date_gmt":"2025-03-11T13:39:13","guid":{"rendered":"https:\/\/scanmast.com\/?post_type=product&#038;p=4918"},"modified":"2025-03-23T21:47:02","modified_gmt":"2025-03-23T21:47:02","slug":"levylautasen-varren-kanssa-varustettu-piikkauslaitteen-kiinnityslaite","status":"publish","type":"product","link":"https:\/\/scanmast.com\/fi\/tuote\/levylautasen-varren-kanssa-varustettu-piikkauslaitteen-kiinnityslaite\/","title":{"rendered":"Valaisinorsi"},"content":{"rendered":"<p>Yl\u00e4levylle asennettu ripustettujen ajovalaisimien varsi.<\/p>\n<p>Se mahdollistaa ymp\u00e4rivuotisen asennuksen jopa 6 valaisimella.<\/p>","protected":false},"excerpt":{"rendered":"<p>Yl\u00e4levylle asennettu ripustettujen valonheittimien varsi. Sen avulla voidaan asentaa jopa 6 valaisinta ymp\u00e4riins\u00e4.<\/p>","protected":false},"featured_media":4917,"comment_status":"closed","ping_status":"closed","template":"","meta":{"_acf_changed":false},"product_brand":[34],"product_cat":[33],"product_tag":[39],"class_list":{"0":"post-4918","1":"product","2":"type-product","3":"status-publish","4":"has-post-thumbnail","6":"product_brand-delta","7":"product_cat-tillbehor","8":"product_tag-belysning","10":"first","11":"instock","12":"shipping-taxable","13":"product-type-simple"},"acf":[],"yoast_head":"<!-- This site is optimized with the Yoast SEO plugin v26.8 - https:\/\/yoast.com\/product\/yoast-seo-wordpress\/ -->\n<title>Str\u00e5lkastarf\u00e4ste med arm f\u00f6r platta - Scanmast<\/title>\n<meta name=\"robots\" content=\"index, follow, max-snippet:-1, max-image-preview:large, max-video-preview:-1\" \/>\n<link rel=\"canonical\" href=\"https:\/\/scanmast.com\/fi\/tuote\/levylautasen-varren-kanssa-varustettu-piikkauslaitteen-kiinnityslaite\/\" \/>\n<meta property=\"og:locale\" content=\"fi_FI\" \/>\n<meta property=\"og:type\" content=\"article\" \/>\n<meta property=\"og:title\" content=\"Str\u00e5lkastarf\u00e4ste med arm f\u00f6r platta - Scanmast\" \/>\n<meta property=\"og:description\" content=\"Arm f\u00f6r h\u00e4ngade str\u00e5lkastare som monteras p\u00e5 topplatta. Det m\u00f6jligg\u00f6r ett runtomstr\u00e5lande montage med upp till 6 st armaturer.\" \/>\n<meta property=\"og:url\" content=\"https:\/\/scanmast.com\/fi\/tuote\/levylautasen-varren-kanssa-varustettu-piikkauslaitteen-kiinnityslaite\/\" \/>\n<meta property=\"og:site_name\" content=\"Scanmast\" \/>\n<meta property=\"article:modified_time\" content=\"2025-03-23T21:47:02+00:00\" \/>\n<meta property=\"og:image\" content=\"https:\/\/scanmast.com\/wp-content\/uploads\/2025\/03\/790927_Stralkastarfaste-med-arm-for-platta.jpg\" \/>\n\t<meta property=\"og:image:width\" content=\"1920\" \/>\n\t<meta property=\"og:image:height\" content=\"1080\" \/>\n\t<meta property=\"og:image:type\" content=\"image\/jpeg\" \/>\n<meta name=\"twitter:card\" content=\"summary_large_image\" \/>\n<script type=\"application\/ld+json\" class=\"yoast-schema-graph\">{\"@context\":\"https:\/\/schema.org\",\"@graph\":[{\"@type\":\"WebPage\",\"@id\":\"https:\/\/scanmast.com\/en\/product\/beamer-attachment-with-arm-for-disc\/\",\"url\":\"https:\/\/scanmast.com\/en\/product\/beamer-attachment-with-arm-for-disc\/\",\"name\":\"Str\u00e5lkastarf\u00e4ste med arm f\u00f6r platta - Scanmast\",\"isPartOf\":{\"@id\":\"https:\/\/scanmast.com\/en\/#website\"},\"primaryImageOfPage\":{\"@id\":\"https:\/\/scanmast.com\/en\/product\/beamer-attachment-with-arm-for-disc\/#primaryimage\"},\"image\":{\"@id\":\"https:\/\/scanmast.com\/en\/product\/beamer-attachment-with-arm-for-disc\/#primaryimage\"},\"thumbnailUrl\":\"https:\/\/scanmast.com\/wp-content\/uploads\/2025\/03\/790927_Stralkastarfaste-med-arm-for-platta.jpg\",\"datePublished\":\"2025-03-11T13:39:13+00:00\",\"dateModified\":\"2025-03-23T21:47:02+00:00\",\"breadcrumb\":{\"@id\":\"https:\/\/scanmast.com\/en\/product\/beamer-attachment-with-arm-for-disc\/#breadcrumb\"},\"inLanguage\":\"fi\",\"potentialAction\":[{\"@type\":\"ReadAction\",\"target\":[\"https:\/\/scanmast.com\/en\/product\/beamer-attachment-with-arm-for-disc\/\"]}]},{\"@type\":\"ImageObject\",\"inLanguage\":\"fi\",\"@id\":\"https:\/\/scanmast.com\/en\/product\/beamer-attachment-with-arm-for-disc\/#primaryimage\",\"url\":\"https:\/\/scanmast.com\/wp-content\/uploads\/2025\/03\/790927_Stralkastarfaste-med-arm-for-platta.jpg\",\"contentUrl\":\"https:\/\/scanmast.com\/wp-content\/uploads\/2025\/03\/790927_Stralkastarfaste-med-arm-for-platta.jpg\",\"width\":1920,\"height\":1080},{\"@type\":\"BreadcrumbList\",\"@id\":\"https:\/\/scanmast.com\/en\/product\/beamer-attachment-with-arm-for-disc\/#breadcrumb\",\"itemListElement\":[{\"@type\":\"ListItem\",\"position\":1,\"name\":\"Scanmast.se\",\"item\":\"https:\/\/scanmast.com\/en\/\"},{\"@type\":\"ListItem\",\"position\":2,\"name\":\"V\u00e5ra produkter\",\"item\":\"https:\/\/scanmast.com\/en\/goods-products\/\"},{\"@type\":\"ListItem\",\"position\":3,\"name\":\"Str\u00e5lkastarf\u00e4ste med arm f\u00f6r platta\"}]},{\"@type\":\"WebSite\",\"@id\":\"https:\/\/scanmast.com\/en\/#website\",\"url\":\"https:\/\/scanmast.com\/en\/\",\"name\":\"Scanmast\",\"description\":\"\",\"publisher\":{\"@id\":\"https:\/\/scanmast.com\/en\/#organization\"},\"potentialAction\":[{\"@type\":\"SearchAction\",\"target\":{\"@type\":\"EntryPoint\",\"urlTemplate\":\"https:\/\/scanmast.com\/en\/?s={search_term_string}\"},\"query-input\":{\"@type\":\"PropertyValueSpecification\",\"valueRequired\":true,\"valueName\":\"search_term_string\"}}],\"inLanguage\":\"fi\"},{\"@type\":\"Organization\",\"@id\":\"https:\/\/scanmast.com\/en\/#organization\",\"name\":\"Scanmast\",\"url\":\"https:\/\/scanmast.com\/en\/\",\"logo\":{\"@type\":\"ImageObject\",\"inLanguage\":\"fi\",\"@id\":\"https:\/\/scanmast.com\/en\/#\/schema\/logo\/image\/\",\"url\":\"https:\/\/scanmast.com\/wp-content\/uploads\/2025\/01\/scanmast_logotyp_utansymbol.svg\",\"contentUrl\":\"https:\/\/scanmast.com\/wp-content\/uploads\/2025\/01\/scanmast_logotyp_utansymbol.svg\",\"width\":19,\"height\":3,\"caption\":\"Scanmast\"},\"image\":{\"@id\":\"https:\/\/scanmast.com\/en\/#\/schema\/logo\/image\/\"}}]}<\/script>\n<!-- \/ Yoast SEO plugin. -->","yoast_head_json":{"title":"Valonheittimen kiinnike ja varsi levylle - Scanmast","robots":{"index":"index","follow":"follow","max-snippet":"max-snippet:-1","max-image-preview":"max-image-preview:large","max-video-preview":"max-video-preview:-1"},"canonical":"https:\/\/scanmast.com\/fi\/tuote\/levylautasen-varren-kanssa-varustettu-piikkauslaitteen-kiinnityslaite\/","og_locale":"fi_FI","og_type":"article","og_title":"Str\u00e5lkastarf\u00e4ste med arm f\u00f6r platta - Scanmast","og_description":"Arm f\u00f6r h\u00e4ngade str\u00e5lkastare som monteras p\u00e5 topplatta. Det m\u00f6jligg\u00f6r ett runtomstr\u00e5lande montage med upp till 6 st armaturer.","og_url":"https:\/\/scanmast.com\/fi\/tuote\/levylautasen-varren-kanssa-varustettu-piikkauslaitteen-kiinnityslaite\/","og_site_name":"Scanmast","article_modified_time":"2025-03-23T21:47:02+00:00","og_image":[{"width":1920,"height":1080,"url":"https:\/\/scanmast.com\/wp-content\/uploads\/2025\/03\/790927_Stralkastarfaste-med-arm-for-platta.jpg","type":"image\/jpeg"}],"twitter_card":"summary_large_image","schema":{"@context":"https:\/\/schema.org","@graph":[{"@type":"WebPage","@id":"https:\/\/scanmast.com\/en\/product\/beamer-attachment-with-arm-for-disc\/","url":"https:\/\/scanmast.com\/en\/product\/beamer-attachment-with-arm-for-disc\/","name":"Valonheittimen kiinnike ja varsi levylle - Scanmast","isPartOf":{"@id":"https:\/\/scanmast.com\/en\/#website"},"primaryImageOfPage":{"@id":"https:\/\/scanmast.com\/en\/product\/beamer-attachment-with-arm-for-disc\/#primaryimage"},"image":{"@id":"https:\/\/scanmast.com\/en\/product\/beamer-attachment-with-arm-for-disc\/#primaryimage"},"thumbnailUrl":"https:\/\/scanmast.com\/wp-content\/uploads\/2025\/03\/790927_Stralkastarfaste-med-arm-for-platta.jpg","datePublished":"2025-03-11T13:39:13+00:00","dateModified":"2025-03-23T21:47:02+00:00","breadcrumb":{"@id":"https:\/\/scanmast.com\/en\/product\/beamer-attachment-with-arm-for-disc\/#breadcrumb"},"inLanguage":"fi","potentialAction":[{"@type":"ReadAction","target":["https:\/\/scanmast.com\/en\/product\/beamer-attachment-with-arm-for-disc\/"]}]},{"@type":"ImageObject","inLanguage":"fi","@id":"https:\/\/scanmast.com\/en\/product\/beamer-attachment-with-arm-for-disc\/#primaryimage","url":"https:\/\/scanmast.com\/wp-content\/uploads\/2025\/03\/790927_Stralkastarfaste-med-arm-for-platta.jpg","contentUrl":"https:\/\/scanmast.com\/wp-content\/uploads\/2025\/03\/790927_Stralkastarfaste-med-arm-for-platta.jpg","width":1920,"height":1080},{"@type":"BreadcrumbList","@id":"https:\/\/scanmast.com\/en\/product\/beamer-attachment-with-arm-for-disc\/#breadcrumb","itemListElement":[{"@type":"ListItem","position":1,"name":"Scanmast.se","item":"https:\/\/scanmast.com\/en\/"},{"@type":"ListItem","position":2,"name":"V\u00e5ra produkter","item":"https:\/\/scanmast.com\/en\/goods-products\/"},{"@type":"ListItem","position":3,"name":"Str\u00e5lkastarf\u00e4ste med arm f\u00f6r platta"}]},{"@type":"WebSite","@id":"https:\/\/scanmast.com\/en\/#website","url":"https:\/\/scanmast.com\/en\/","name":"Scanmast","description":"","publisher":{"@id":"https:\/\/scanmast.com\/en\/#organization"},"potentialAction":[{"@type":"SearchAction","target":{"@type":"EntryPoint","urlTemplate":"https:\/\/scanmast.com\/en\/?s={search_term_string}"},"query-input":{"@type":"PropertyValueSpecification","valueRequired":true,"valueName":"search_term_string"}}],"inLanguage":"fi"},{"@type":"Organization","@id":"https:\/\/scanmast.com\/en\/#organization","name":"Scanmast","url":"https:\/\/scanmast.com\/en\/","logo":{"@type":"ImageObject","inLanguage":"fi","@id":"https:\/\/scanmast.com\/en\/#\/schema\/logo\/image\/","url":"https:\/\/scanmast.com\/wp-content\/uploads\/2025\/01\/scanmast_logotyp_utansymbol.svg","contentUrl":"https:\/\/scanmast.com\/wp-content\/uploads\/2025\/01\/scanmast_logotyp_utansymbol.svg","width":19,"height":3,"caption":"Scanmast"},"image":{"@id":"https:\/\/scanmast.com\/en\/#\/schema\/logo\/image\/"}}]}},"_links":{"self":[{"href":"https:\/\/scanmast.com\/fi\/wp-json\/wp\/v2\/product\/4918","targetHints":{"allow":["GET"]}}],"collection":[{"href":"https:\/\/scanmast.com\/fi\/wp-json\/wp\/v2\/product"}],"about":[{"href":"https:\/\/scanmast.com\/fi\/wp-json\/wp\/v2\/types\/product"}],"replies":[{"embeddable":true,"href":"https:\/\/scanmast.com\/fi\/wp-json\/wp\/v2\/comments?post=4918"}],"wp:featuredmedia":[{"embeddable":true,"href":"https:\/\/scanmast.com\/fi\/wp-json\/wp\/v2\/media\/4917"}],"wp:attachment":[{"href":"https:\/\/scanmast.com\/fi\/wp-json\/wp\/v2\/media?parent=4918"}],"wp:term":[{"taxonomy":"product_brand","embeddable":true,"href":"https:\/\/scanmast.com\/fi\/wp-json\/wp\/v2\/product_brand?post=4918"},{"taxonomy":"product_cat","embeddable":true,"href":"https:\/\/scanmast.com\/fi\/wp-json\/wp\/v2\/product_cat?post=4918"},{"taxonomy":"product_tag","embeddable":true,"href":"https:\/\/scanmast.com\/fi\/wp-json\/wp\/v2\/product_tag?post=4918"}],"curies":[{"name":"wp","href":"https:\/\/api.w.org\/{rel}","templated":true}]}}