{"id":4641,"date":"2025-03-11T09:17:18","date_gmt":"2025-03-11T09:17:18","guid":{"rendered":"https:\/\/scanmast.com\/?post_type=product&#038;p=4641"},"modified":"2025-04-04T09:29:18","modified_gmt":"2025-04-04T09:29:18","slug":"kameran-kiintea-kulma-kiinnikeakseli","status":"publish","type":"product","link":"https:\/\/scanmast.com\/fi\/tuote\/kameran-kiintea-kulma-kiinnikeakseli\/","title":{"rendered":"Kameran kulmakiinnike AXIS"},"content":{"rendered":"<p>Kameran kiinnike yl\u00e4levyyn kiinnitt\u00e4mist\u00e4 varten. Sopii AXIS-sarjaan:<\/p>\n<p><strong>Kamerat<\/strong>:<br \/>\n- Q17, Q19, Q35<br \/>\n- S14, S32, S38<br \/>\n- M20, M32<br \/>\n<strong>Suluissa<\/strong>:<br \/>\n- T91L61<br \/>\n- T91G61<br \/>\n- T94Q01A<\/p>","protected":false},"excerpt":{"rendered":"<p>Kameraf\u00e4ste f\u00f6r montage p\u00e5 topplatta. Passande AXIS serier: Kameror: &#8211; Q17, Q19, Q35 &#8211; P14, P32, P38 &#8211; M20, M32 F\u00e4sten: &#8211; T91L61 &#8211; T91G61 &#8211; T94Q01A<\/p>","protected":false},"featured_media":4663,"comment_status":"closed","ping_status":"closed","template":"","meta":{"_acf_changed":false},"product_brand":[34],"product_cat":[33],"product_tag":[37],"class_list":{"0":"post-4641","1":"product","2":"type-product","3":"status-publish","4":"has-post-thumbnail","6":"product_brand-delta","7":"product_cat-tillbehor","8":"product_tag-bevakning","10":"first","11":"instock","12":"shipping-taxable","13":"product-type-simple"},"acf":[],"yoast_head":"<!-- This site is optimized with the Yoast SEO plugin v26.8 - https:\/\/yoast.com\/product\/yoast-seo-wordpress\/ -->\n<title>Kameraf\u00e4ste vinkelkonsol AXIS - Scanmast<\/title>\n<meta name=\"robots\" content=\"index, follow, max-snippet:-1, max-image-preview:large, max-video-preview:-1\" \/>\n<link rel=\"canonical\" href=\"https:\/\/scanmast.com\/fi\/tuote\/kameran-kiintea-kulma-kiinnikeakseli\/\" \/>\n<meta property=\"og:locale\" content=\"fi_FI\" \/>\n<meta property=\"og:type\" content=\"article\" \/>\n<meta property=\"og:title\" content=\"Kameraf\u00e4ste vinkelkonsol AXIS - Scanmast\" \/>\n<meta property=\"og:description\" content=\"Kameraf\u00e4ste f\u00f6r montage p\u00e5 topplatta. Passande AXIS serier: Kameror: &#8211; Q17, Q19, Q35 &#8211; P14, P32, P38 &#8211; M20, M32 F\u00e4sten: &#8211; T91L61 &#8211; T91G61 &#8211; T94Q01A\" \/>\n<meta property=\"og:url\" content=\"https:\/\/scanmast.com\/fi\/tuote\/kameran-kiintea-kulma-kiinnikeakseli\/\" \/>\n<meta property=\"og:site_name\" content=\"Scanmast\" \/>\n<meta property=\"article:modified_time\" content=\"2025-04-04T09:29:18+00:00\" \/>\n<meta property=\"og:image\" content=\"https:\/\/scanmast.com\/wp-content\/uploads\/2025\/03\/105623_Kamerafaste-vinkelkonsol-AXIS.jpg\" \/>\n\t<meta property=\"og:image:width\" content=\"2048\" \/>\n\t<meta property=\"og:image:height\" content=\"1106\" \/>\n\t<meta property=\"og:image:type\" content=\"image\/jpeg\" \/>\n<meta name=\"twitter:card\" content=\"summary_large_image\" \/>\n<script type=\"application\/ld+json\" class=\"yoast-schema-graph\">{\"@context\":\"https:\/\/schema.org\",\"@graph\":[{\"@type\":\"WebPage\",\"@id\":\"https:\/\/scanmast.com\/en\/product\/camera-fixed-angle-bracket-axis\/\",\"url\":\"https:\/\/scanmast.com\/en\/product\/camera-fixed-angle-bracket-axis\/\",\"name\":\"Kameraf\u00e4ste vinkelkonsol AXIS - Scanmast\",\"isPartOf\":{\"@id\":\"https:\/\/scanmast.com\/en\/#website\"},\"primaryImageOfPage\":{\"@id\":\"https:\/\/scanmast.com\/en\/product\/camera-fixed-angle-bracket-axis\/#primaryimage\"},\"image\":{\"@id\":\"https:\/\/scanmast.com\/en\/product\/camera-fixed-angle-bracket-axis\/#primaryimage\"},\"thumbnailUrl\":\"https:\/\/scanmast.com\/wp-content\/uploads\/2025\/03\/105623_Kamerafaste-vinkelkonsol-AXIS.jpg\",\"datePublished\":\"2025-03-11T09:17:18+00:00\",\"dateModified\":\"2025-04-04T09:29:18+00:00\",\"breadcrumb\":{\"@id\":\"https:\/\/scanmast.com\/en\/product\/camera-fixed-angle-bracket-axis\/#breadcrumb\"},\"inLanguage\":\"fi\",\"potentialAction\":[{\"@type\":\"ReadAction\",\"target\":[\"https:\/\/scanmast.com\/en\/product\/camera-fixed-angle-bracket-axis\/\"]}]},{\"@type\":\"ImageObject\",\"inLanguage\":\"fi\",\"@id\":\"https:\/\/scanmast.com\/en\/product\/camera-fixed-angle-bracket-axis\/#primaryimage\",\"url\":\"https:\/\/scanmast.com\/wp-content\/uploads\/2025\/03\/105623_Kamerafaste-vinkelkonsol-AXIS.jpg\",\"contentUrl\":\"https:\/\/scanmast.com\/wp-content\/uploads\/2025\/03\/105623_Kamerafaste-vinkelkonsol-AXIS.jpg\",\"width\":2048,\"height\":1106},{\"@type\":\"BreadcrumbList\",\"@id\":\"https:\/\/scanmast.com\/en\/product\/camera-fixed-angle-bracket-axis\/#breadcrumb\",\"itemListElement\":[{\"@type\":\"ListItem\",\"position\":1,\"name\":\"Scanmast.se\",\"item\":\"https:\/\/scanmast.com\/en\/\"},{\"@type\":\"ListItem\",\"position\":2,\"name\":\"V\u00e5ra produkter\",\"item\":\"https:\/\/scanmast.com\/en\/goods-products\/\"},{\"@type\":\"ListItem\",\"position\":3,\"name\":\"Kameraf\u00e4ste vinkelkonsol AXIS\"}]},{\"@type\":\"WebSite\",\"@id\":\"https:\/\/scanmast.com\/en\/#website\",\"url\":\"https:\/\/scanmast.com\/en\/\",\"name\":\"Scanmast\",\"description\":\"\",\"publisher\":{\"@id\":\"https:\/\/scanmast.com\/en\/#organization\"},\"potentialAction\":[{\"@type\":\"SearchAction\",\"target\":{\"@type\":\"EntryPoint\",\"urlTemplate\":\"https:\/\/scanmast.com\/en\/?s={search_term_string}\"},\"query-input\":{\"@type\":\"PropertyValueSpecification\",\"valueRequired\":true,\"valueName\":\"search_term_string\"}}],\"inLanguage\":\"fi\"},{\"@type\":\"Organization\",\"@id\":\"https:\/\/scanmast.com\/en\/#organization\",\"name\":\"Scanmast\",\"url\":\"https:\/\/scanmast.com\/en\/\",\"logo\":{\"@type\":\"ImageObject\",\"inLanguage\":\"fi\",\"@id\":\"https:\/\/scanmast.com\/en\/#\/schema\/logo\/image\/\",\"url\":\"https:\/\/scanmast.com\/wp-content\/uploads\/2025\/01\/scanmast_logotyp_utansymbol.svg\",\"contentUrl\":\"https:\/\/scanmast.com\/wp-content\/uploads\/2025\/01\/scanmast_logotyp_utansymbol.svg\",\"width\":19,\"height\":3,\"caption\":\"Scanmast\"},\"image\":{\"@id\":\"https:\/\/scanmast.com\/en\/#\/schema\/logo\/image\/\"}}]}<\/script>\n<!-- \/ Yoast SEO plugin. -->","yoast_head_json":{"title":"Kameran kulmakiinnike AXIS - Scanmast","robots":{"index":"index","follow":"follow","max-snippet":"max-snippet:-1","max-image-preview":"max-image-preview:large","max-video-preview":"max-video-preview:-1"},"canonical":"https:\/\/scanmast.com\/fi\/tuote\/kameran-kiintea-kulma-kiinnikeakseli\/","og_locale":"fi_FI","og_type":"article","og_title":"Kameraf\u00e4ste vinkelkonsol AXIS - Scanmast","og_description":"Kameraf\u00e4ste f\u00f6r montage p\u00e5 topplatta. Passande AXIS serier: Kameror: &#8211; Q17, Q19, Q35 &#8211; P14, P32, P38 &#8211; M20, M32 F\u00e4sten: &#8211; T91L61 &#8211; T91G61 &#8211; T94Q01A","og_url":"https:\/\/scanmast.com\/fi\/tuote\/kameran-kiintea-kulma-kiinnikeakseli\/","og_site_name":"Scanmast","article_modified_time":"2025-04-04T09:29:18+00:00","og_image":[{"width":2048,"height":1106,"url":"https:\/\/scanmast.com\/wp-content\/uploads\/2025\/03\/105623_Kamerafaste-vinkelkonsol-AXIS.jpg","type":"image\/jpeg"}],"twitter_card":"summary_large_image","schema":{"@context":"https:\/\/schema.org","@graph":[{"@type":"WebPage","@id":"https:\/\/scanmast.com\/en\/product\/camera-fixed-angle-bracket-axis\/","url":"https:\/\/scanmast.com\/en\/product\/camera-fixed-angle-bracket-axis\/","name":"Kameran kulmakiinnike AXIS - Scanmast","isPartOf":{"@id":"https:\/\/scanmast.com\/en\/#website"},"primaryImageOfPage":{"@id":"https:\/\/scanmast.com\/en\/product\/camera-fixed-angle-bracket-axis\/#primaryimage"},"image":{"@id":"https:\/\/scanmast.com\/en\/product\/camera-fixed-angle-bracket-axis\/#primaryimage"},"thumbnailUrl":"https:\/\/scanmast.com\/wp-content\/uploads\/2025\/03\/105623_Kamerafaste-vinkelkonsol-AXIS.jpg","datePublished":"2025-03-11T09:17:18+00:00","dateModified":"2025-04-04T09:29:18+00:00","breadcrumb":{"@id":"https:\/\/scanmast.com\/en\/product\/camera-fixed-angle-bracket-axis\/#breadcrumb"},"inLanguage":"fi","potentialAction":[{"@type":"ReadAction","target":["https:\/\/scanmast.com\/en\/product\/camera-fixed-angle-bracket-axis\/"]}]},{"@type":"ImageObject","inLanguage":"fi","@id":"https:\/\/scanmast.com\/en\/product\/camera-fixed-angle-bracket-axis\/#primaryimage","url":"https:\/\/scanmast.com\/wp-content\/uploads\/2025\/03\/105623_Kamerafaste-vinkelkonsol-AXIS.jpg","contentUrl":"https:\/\/scanmast.com\/wp-content\/uploads\/2025\/03\/105623_Kamerafaste-vinkelkonsol-AXIS.jpg","width":2048,"height":1106},{"@type":"BreadcrumbList","@id":"https:\/\/scanmast.com\/en\/product\/camera-fixed-angle-bracket-axis\/#breadcrumb","itemListElement":[{"@type":"ListItem","position":1,"name":"Scanmast.se","item":"https:\/\/scanmast.com\/en\/"},{"@type":"ListItem","position":2,"name":"V\u00e5ra produkter","item":"https:\/\/scanmast.com\/en\/goods-products\/"},{"@type":"ListItem","position":3,"name":"Kameraf\u00e4ste vinkelkonsol AXIS"}]},{"@type":"WebSite","@id":"https:\/\/scanmast.com\/en\/#website","url":"https:\/\/scanmast.com\/en\/","name":"Scanmast","description":"","publisher":{"@id":"https:\/\/scanmast.com\/en\/#organization"},"potentialAction":[{"@type":"SearchAction","target":{"@type":"EntryPoint","urlTemplate":"https:\/\/scanmast.com\/en\/?s={search_term_string}"},"query-input":{"@type":"PropertyValueSpecification","valueRequired":true,"valueName":"search_term_string"}}],"inLanguage":"fi"},{"@type":"Organization","@id":"https:\/\/scanmast.com\/en\/#organization","name":"Scanmast","url":"https:\/\/scanmast.com\/en\/","logo":{"@type":"ImageObject","inLanguage":"fi","@id":"https:\/\/scanmast.com\/en\/#\/schema\/logo\/image\/","url":"https:\/\/scanmast.com\/wp-content\/uploads\/2025\/01\/scanmast_logotyp_utansymbol.svg","contentUrl":"https:\/\/scanmast.com\/wp-content\/uploads\/2025\/01\/scanmast_logotyp_utansymbol.svg","width":19,"height":3,"caption":"Scanmast"},"image":{"@id":"https:\/\/scanmast.com\/en\/#\/schema\/logo\/image\/"}}]}},"_links":{"self":[{"href":"https:\/\/scanmast.com\/fi\/wp-json\/wp\/v2\/product\/4641","targetHints":{"allow":["GET"]}}],"collection":[{"href":"https:\/\/scanmast.com\/fi\/wp-json\/wp\/v2\/product"}],"about":[{"href":"https:\/\/scanmast.com\/fi\/wp-json\/wp\/v2\/types\/product"}],"replies":[{"embeddable":true,"href":"https:\/\/scanmast.com\/fi\/wp-json\/wp\/v2\/comments?post=4641"}],"wp:featuredmedia":[{"embeddable":true,"href":"https:\/\/scanmast.com\/fi\/wp-json\/wp\/v2\/media\/4663"}],"wp:attachment":[{"href":"https:\/\/scanmast.com\/fi\/wp-json\/wp\/v2\/media?parent=4641"}],"wp:term":[{"taxonomy":"product_brand","embeddable":true,"href":"https:\/\/scanmast.com\/fi\/wp-json\/wp\/v2\/product_brand?post=4641"},{"taxonomy":"product_cat","embeddable":true,"href":"https:\/\/scanmast.com\/fi\/wp-json\/wp\/v2\/product_cat?post=4641"},{"taxonomy":"product_tag","embeddable":true,"href":"https:\/\/scanmast.com\/fi\/wp-json\/wp\/v2\/product_tag?post=4641"}],"curies":[{"name":"wp","href":"https:\/\/api.w.org\/{rel}","templated":true}]}}