{"id":4192,"date":"2025-03-10T07:11:15","date_gmt":"2025-03-10T07:11:15","guid":{"rendered":"https:\/\/scanmast.com\/?post_type=product&#038;p=4192"},"modified":"2025-04-25T11:05:17","modified_gmt":"2025-04-25T11:05:17","slug":"delta-saatio-340-450","status":"publish","type":"product","link":"https:\/\/scanmast.com\/fi\/tuote\/delta-saatio-340-450\/","title":{"rendered":"DELTA-jalusta"},"content":{"rendered":"<p><strong>Delta Light 340-450<\/strong><br \/>\nArt.nro: 100711<br \/>\nE-numero: 77780388<br \/>\nPaino: 480 kg, pituus: 1,0 m.<\/p>\n<p><strong>Delta 340-450<\/strong><br \/>\nArt.nro: 100712<br \/>\nE-numero: 77780389<br \/>\nPaino: 850 kg, pituus: 2,0 m.<\/p>\n<p><strong>Esirahoitus Delta 560 2500<\/strong><br \/>\nArt.nro: 100713<br \/>\nE-numero: 788390<br \/>\nPaino: 1800 kg, pituus: 2,5 m.<\/p>\n<p><strong>Esirahoitus Delta 690 2500<\/strong><br \/>\nArt.nro: 100714<br \/>\nE-numero: 788391<br \/>\nPaino: 2550 kg, Pituus: 2,5 m.<\/p>\n<p><strong>Esirahoitus Delta 890 2500<\/strong><br \/>\nArt.nro: 100715<br \/>\nE-numero: 788392<br \/>\nPaino: 3500 kg, pituus: 2,5 m.<\/p>\n<p><strong>Esirahoitus Delta 1160 2700<\/strong><br \/>\nArt.nro: 100716<br \/>\nE-numero: 788393<br \/>\nPaino: 5300 kg, pituus: 2,7 m.<\/p>","protected":false},"excerpt":{"rendered":"<p>Prefundament Delta Light 340-450 Art.nr: 100711 E-nr: 77780388 Vikt: 480 kg, L\u00e4ngd: 1,0 m Prefundament Delta 340-450 Art.nr: 100712 E-nr: 77780389 Vikt: 850 kg, L\u00e4ngd: 2,0 m Prefundament Delta 560 2500 Art.nr: 100713 E-nr: 788390 Vikt: 1800kg, L\u00e4ngd: 2,5 m Prefundament Delta 690 2500 Art.nr: 100714 E-nr: 788391 Vikt: 2550 kg, L\u00e4ngd: 2,5 m Prefundament [&hellip;]<\/p>\n","protected":false},"featured_media":4193,"comment_status":"closed","ping_status":"closed","template":"","meta":{"_acf_changed":false},"product_brand":[34],"product_cat":[32],"product_tag":[39,37,40,38],"class_list":{"0":"post-4192","1":"product","2":"type-product","3":"status-publish","4":"has-post-thumbnail","6":"product_brand-delta","7":"product_cat-fundament","8":"product_tag-belysning","9":"product_tag-bevakning","10":"product_tag-energi","11":"product_tag-telekom","13":"first","14":"instock","15":"shipping-taxable","16":"product-type-simple"},"acf":[],"yoast_head":"<!-- This site is optimized with the Yoast SEO plugin v26.8 - https:\/\/yoast.com\/product\/yoast-seo-wordpress\/ -->\n<title>Fundament DELTA - Scanmast<\/title>\n<meta name=\"robots\" content=\"index, follow, max-snippet:-1, max-image-preview:large, max-video-preview:-1\" \/>\n<link rel=\"canonical\" href=\"https:\/\/scanmast.com\/fi\/tuote\/delta-saatio-340-450\/\" \/>\n<meta property=\"og:locale\" content=\"fi_FI\" \/>\n<meta property=\"og:type\" content=\"article\" \/>\n<meta property=\"og:title\" content=\"Fundament DELTA - Scanmast\" \/>\n<meta property=\"og:description\" content=\"Prefundament Delta Light 340-450 Art.nr: 100711 E-nr: 77780388 Vikt: 480 kg, L\u00e4ngd: 1,0 m Prefundament Delta 340-450 Art.nr: 100712 E-nr: 77780389 Vikt: 850 kg, L\u00e4ngd: 2,0 m Prefundament Delta 560 2500 Art.nr: 100713 E-nr: 788390 Vikt: 1800kg, L\u00e4ngd: 2,5 m Prefundament Delta 690 2500 Art.nr: 100714 E-nr: 788391 Vikt: 2550 kg, L\u00e4ngd: 2,5 m Prefundament [&hellip;]\" \/>\n<meta property=\"og:url\" content=\"https:\/\/scanmast.com\/fi\/tuote\/delta-saatio-340-450\/\" \/>\n<meta property=\"og:site_name\" content=\"Scanmast\" \/>\n<meta property=\"article:modified_time\" content=\"2025-04-25T11:05:17+00:00\" \/>\n<meta property=\"og:image\" content=\"https:\/\/scanmast.com\/wp-content\/uploads\/2025\/03\/100712_Fundament-Delta-340-450.jpg\" \/>\n\t<meta property=\"og:image:width\" content=\"2048\" \/>\n\t<meta property=\"og:image:height\" content=\"1106\" \/>\n\t<meta property=\"og:image:type\" content=\"image\/jpeg\" \/>\n<meta name=\"twitter:card\" content=\"summary_large_image\" \/>\n<meta name=\"twitter:label1\" content=\"Arvioitu lukuaika\" \/>\n\t<meta name=\"twitter:data1\" content=\"1 minuutti\" \/>\n<script type=\"application\/ld+json\" class=\"yoast-schema-graph\">{\"@context\":\"https:\/\/schema.org\",\"@graph\":[{\"@type\":\"WebPage\",\"@id\":\"https:\/\/scanmast.com\/en\/product\/delta-foundation-340-450\/\",\"url\":\"https:\/\/scanmast.com\/en\/product\/delta-foundation-340-450\/\",\"name\":\"Fundament DELTA - Scanmast\",\"isPartOf\":{\"@id\":\"https:\/\/scanmast.com\/en\/#website\"},\"primaryImageOfPage\":{\"@id\":\"https:\/\/scanmast.com\/en\/product\/delta-foundation-340-450\/#primaryimage\"},\"image\":{\"@id\":\"https:\/\/scanmast.com\/en\/product\/delta-foundation-340-450\/#primaryimage\"},\"thumbnailUrl\":\"https:\/\/scanmast.com\/wp-content\/uploads\/2025\/03\/100712_Fundament-Delta-340-450.jpg\",\"datePublished\":\"2025-03-10T07:11:15+00:00\",\"dateModified\":\"2025-04-25T11:05:17+00:00\",\"breadcrumb\":{\"@id\":\"https:\/\/scanmast.com\/en\/product\/delta-foundation-340-450\/#breadcrumb\"},\"inLanguage\":\"fi\",\"potentialAction\":[{\"@type\":\"ReadAction\",\"target\":[\"https:\/\/scanmast.com\/en\/product\/delta-foundation-340-450\/\"]}]},{\"@type\":\"ImageObject\",\"inLanguage\":\"fi\",\"@id\":\"https:\/\/scanmast.com\/en\/product\/delta-foundation-340-450\/#primaryimage\",\"url\":\"https:\/\/scanmast.com\/wp-content\/uploads\/2025\/03\/100712_Fundament-Delta-340-450.jpg\",\"contentUrl\":\"https:\/\/scanmast.com\/wp-content\/uploads\/2025\/03\/100712_Fundament-Delta-340-450.jpg\",\"width\":2048,\"height\":1106},{\"@type\":\"BreadcrumbList\",\"@id\":\"https:\/\/scanmast.com\/en\/product\/delta-foundation-340-450\/#breadcrumb\",\"itemListElement\":[{\"@type\":\"ListItem\",\"position\":1,\"name\":\"Scanmast.se\",\"item\":\"https:\/\/scanmast.com\/en\/\"},{\"@type\":\"ListItem\",\"position\":2,\"name\":\"V\u00e5ra produkter\",\"item\":\"https:\/\/scanmast.com\/en\/goods-products\/\"},{\"@type\":\"ListItem\",\"position\":3,\"name\":\"Fundament DELTA\"}]},{\"@type\":\"WebSite\",\"@id\":\"https:\/\/scanmast.com\/en\/#website\",\"url\":\"https:\/\/scanmast.com\/en\/\",\"name\":\"Scanmast\",\"description\":\"\",\"publisher\":{\"@id\":\"https:\/\/scanmast.com\/en\/#organization\"},\"potentialAction\":[{\"@type\":\"SearchAction\",\"target\":{\"@type\":\"EntryPoint\",\"urlTemplate\":\"https:\/\/scanmast.com\/en\/?s={search_term_string}\"},\"query-input\":{\"@type\":\"PropertyValueSpecification\",\"valueRequired\":true,\"valueName\":\"search_term_string\"}}],\"inLanguage\":\"fi\"},{\"@type\":\"Organization\",\"@id\":\"https:\/\/scanmast.com\/en\/#organization\",\"name\":\"Scanmast\",\"url\":\"https:\/\/scanmast.com\/en\/\",\"logo\":{\"@type\":\"ImageObject\",\"inLanguage\":\"fi\",\"@id\":\"https:\/\/scanmast.com\/en\/#\/schema\/logo\/image\/\",\"url\":\"https:\/\/scanmast.com\/wp-content\/uploads\/2025\/01\/scanmast_logotyp_utansymbol.svg\",\"contentUrl\":\"https:\/\/scanmast.com\/wp-content\/uploads\/2025\/01\/scanmast_logotyp_utansymbol.svg\",\"width\":19,\"height\":3,\"caption\":\"Scanmast\"},\"image\":{\"@id\":\"https:\/\/scanmast.com\/en\/#\/schema\/logo\/image\/\"}}]}<\/script>\n<!-- \/ Yoast SEO plugin. -->","yoast_head_json":{"title":"DELTA-s\u00e4\u00e4ti\u00f6 - Scanmast","robots":{"index":"index","follow":"follow","max-snippet":"max-snippet:-1","max-image-preview":"max-image-preview:large","max-video-preview":"max-video-preview:-1"},"canonical":"https:\/\/scanmast.com\/fi\/tuote\/delta-saatio-340-450\/","og_locale":"fi_FI","og_type":"article","og_title":"Fundament DELTA - Scanmast","og_description":"Prefundament Delta Light 340-450 Art.nr: 100711 E-nr: 77780388 Vikt: 480 kg, L\u00e4ngd: 1,0 m Prefundament Delta 340-450 Art.nr: 100712 E-nr: 77780389 Vikt: 850 kg, L\u00e4ngd: 2,0 m Prefundament Delta 560 2500 Art.nr: 100713 E-nr: 788390 Vikt: 1800kg, L\u00e4ngd: 2,5 m Prefundament Delta 690 2500 Art.nr: 100714 E-nr: 788391 Vikt: 2550 kg, L\u00e4ngd: 2,5 m Prefundament [&hellip;]","og_url":"https:\/\/scanmast.com\/fi\/tuote\/delta-saatio-340-450\/","og_site_name":"Scanmast","article_modified_time":"2025-04-25T11:05:17+00:00","og_image":[{"width":2048,"height":1106,"url":"https:\/\/scanmast.com\/wp-content\/uploads\/2025\/03\/100712_Fundament-Delta-340-450.jpg","type":"image\/jpeg"}],"twitter_card":"summary_large_image","twitter_misc":{"Arvioitu lukuaika":"1 minuutti"},"schema":{"@context":"https:\/\/schema.org","@graph":[{"@type":"WebPage","@id":"https:\/\/scanmast.com\/en\/product\/delta-foundation-340-450\/","url":"https:\/\/scanmast.com\/en\/product\/delta-foundation-340-450\/","name":"DELTA-s\u00e4\u00e4ti\u00f6 - Scanmast","isPartOf":{"@id":"https:\/\/scanmast.com\/en\/#website"},"primaryImageOfPage":{"@id":"https:\/\/scanmast.com\/en\/product\/delta-foundation-340-450\/#primaryimage"},"image":{"@id":"https:\/\/scanmast.com\/en\/product\/delta-foundation-340-450\/#primaryimage"},"thumbnailUrl":"https:\/\/scanmast.com\/wp-content\/uploads\/2025\/03\/100712_Fundament-Delta-340-450.jpg","datePublished":"2025-03-10T07:11:15+00:00","dateModified":"2025-04-25T11:05:17+00:00","breadcrumb":{"@id":"https:\/\/scanmast.com\/en\/product\/delta-foundation-340-450\/#breadcrumb"},"inLanguage":"fi","potentialAction":[{"@type":"ReadAction","target":["https:\/\/scanmast.com\/en\/product\/delta-foundation-340-450\/"]}]},{"@type":"ImageObject","inLanguage":"fi","@id":"https:\/\/scanmast.com\/en\/product\/delta-foundation-340-450\/#primaryimage","url":"https:\/\/scanmast.com\/wp-content\/uploads\/2025\/03\/100712_Fundament-Delta-340-450.jpg","contentUrl":"https:\/\/scanmast.com\/wp-content\/uploads\/2025\/03\/100712_Fundament-Delta-340-450.jpg","width":2048,"height":1106},{"@type":"BreadcrumbList","@id":"https:\/\/scanmast.com\/en\/product\/delta-foundation-340-450\/#breadcrumb","itemListElement":[{"@type":"ListItem","position":1,"name":"Scanmast.se","item":"https:\/\/scanmast.com\/en\/"},{"@type":"ListItem","position":2,"name":"V\u00e5ra produkter","item":"https:\/\/scanmast.com\/en\/goods-products\/"},{"@type":"ListItem","position":3,"name":"Fundament DELTA"}]},{"@type":"WebSite","@id":"https:\/\/scanmast.com\/en\/#website","url":"https:\/\/scanmast.com\/en\/","name":"Scanmast","description":"","publisher":{"@id":"https:\/\/scanmast.com\/en\/#organization"},"potentialAction":[{"@type":"SearchAction","target":{"@type":"EntryPoint","urlTemplate":"https:\/\/scanmast.com\/en\/?s={search_term_string}"},"query-input":{"@type":"PropertyValueSpecification","valueRequired":true,"valueName":"search_term_string"}}],"inLanguage":"fi"},{"@type":"Organization","@id":"https:\/\/scanmast.com\/en\/#organization","name":"Scanmast","url":"https:\/\/scanmast.com\/en\/","logo":{"@type":"ImageObject","inLanguage":"fi","@id":"https:\/\/scanmast.com\/en\/#\/schema\/logo\/image\/","url":"https:\/\/scanmast.com\/wp-content\/uploads\/2025\/01\/scanmast_logotyp_utansymbol.svg","contentUrl":"https:\/\/scanmast.com\/wp-content\/uploads\/2025\/01\/scanmast_logotyp_utansymbol.svg","width":19,"height":3,"caption":"Scanmast"},"image":{"@id":"https:\/\/scanmast.com\/en\/#\/schema\/logo\/image\/"}}]}},"_links":{"self":[{"href":"https:\/\/scanmast.com\/fi\/wp-json\/wp\/v2\/product\/4192","targetHints":{"allow":["GET"]}}],"collection":[{"href":"https:\/\/scanmast.com\/fi\/wp-json\/wp\/v2\/product"}],"about":[{"href":"https:\/\/scanmast.com\/fi\/wp-json\/wp\/v2\/types\/product"}],"replies":[{"embeddable":true,"href":"https:\/\/scanmast.com\/fi\/wp-json\/wp\/v2\/comments?post=4192"}],"wp:featuredmedia":[{"embeddable":true,"href":"https:\/\/scanmast.com\/fi\/wp-json\/wp\/v2\/media\/4193"}],"wp:attachment":[{"href":"https:\/\/scanmast.com\/fi\/wp-json\/wp\/v2\/media?parent=4192"}],"wp:term":[{"taxonomy":"product_brand","embeddable":true,"href":"https:\/\/scanmast.com\/fi\/wp-json\/wp\/v2\/product_brand?post=4192"},{"taxonomy":"product_cat","embeddable":true,"href":"https:\/\/scanmast.com\/fi\/wp-json\/wp\/v2\/product_cat?post=4192"},{"taxonomy":"product_tag","embeddable":true,"href":"https:\/\/scanmast.com\/fi\/wp-json\/wp\/v2\/product_tag?post=4192"}],"curies":[{"name":"wp","href":"https:\/\/api.w.org\/{rel}","templated":true}]}}