{"id":2321,"date":"2025-02-27T16:52:28","date_gmt":"2025-02-27T16:52:28","guid":{"rendered":"https:\/\/scanmast.com\/?post_type=product&#038;p=2321"},"modified":"2025-12-01T12:23:29","modified_gmt":"2025-12-01T12:23:29","slug":"alta","status":"publish","type":"product","link":"https:\/\/scanmast.com\/fi\/tuote\/alta\/","title":{"rendered":"ALTA"},"content":{"rendered":"<p class=\"\">ALTA koostuu hitsatuista ja pultatuista kuusimetrisist\u00e4 profiileista, jotka voidaan vakiona rakentaa jopa 84 metri\u00e4 korkeiksi. Joustavan moduulij\u00e4rjestelm\u00e4n ansiosta torni voidaan helposti mitoittaa ja optimoida tarpeen mukaan. T\u00e4m\u00e4 yksinkertaistaa ja nopeuttaa tuotantoa ja toimitusta ja pit\u00e4\u00e4 kustannukset alhaisina. Potentiaalisesta korkeudestaan huolimatta ALTA ei ole torni, joka aiheuttaa paljon melua. Ilmavan ristikkorakenteen ansiosta torni sulautuu hyvin taustaan.<\/p>","protected":false},"excerpt":{"rendered":"<p>ALTA on Scanmastin korkein torni. Torni sopii erinomaisesti urheilukenttien, satamien tai lentokenttien valaistukseen. Se on my\u00f6s yleisimmin k\u00e4ytetty torni sek\u00e4 televiestint\u00e4\u00e4n ett\u00e4 kameravalvontaan.<\/p>","protected":false},"featured_media":8112,"comment_status":"closed","ping_status":"closed","template":"","meta":{"_acf_changed":false},"product_brand":[69],"product_cat":[28],"product_tag":[39,37,38],"class_list":{"0":"post-2321","1":"product","2":"type-product","3":"status-publish","4":"has-post-thumbnail","6":"product_brand-alta","7":"product_cat-master-torn","8":"product_tag-belysning","9":"product_tag-bevakning","10":"product_tag-telekom","12":"first","13":"instock","14":"featured","15":"shipping-taxable","16":"product-type-simple"},"acf":[],"yoast_head":"<!-- This site is optimized with the Yoast SEO plugin v26.8 - https:\/\/yoast.com\/product\/yoast-seo-wordpress\/ -->\n<title>ALTA - Scanmast<\/title>\n<meta name=\"robots\" content=\"index, follow, max-snippet:-1, max-image-preview:large, max-video-preview:-1\" \/>\n<link rel=\"canonical\" href=\"https:\/\/scanmast.com\/fi\/tuote\/alta\/\" \/>\n<meta property=\"og:locale\" content=\"fi_FI\" \/>\n<meta property=\"og:type\" content=\"article\" \/>\n<meta property=\"og:title\" content=\"ALTA - Scanmast\" \/>\n<meta property=\"og:description\" content=\"ALTA \u00e4r Scanmast h\u00f6gsta torn. Tornet l\u00e4mpar sig perfekt f\u00f6r belysning av idrottsplatser, hamnar eller flygplatser. Det \u00e4r ocks\u00e5 det mest anv\u00e4nda tornet f\u00f6r b\u00e5de telekom och kamera\u00f6vervakning.\" \/>\n<meta property=\"og:url\" content=\"https:\/\/scanmast.com\/fi\/tuote\/alta\/\" \/>\n<meta property=\"og:site_name\" content=\"Scanmast\" \/>\n<meta property=\"article:modified_time\" content=\"2025-12-01T12:23:29+00:00\" \/>\n<meta property=\"og:image\" content=\"https:\/\/scanmast.com\/wp-content\/uploads\/2025\/02\/alta-1.webp\" \/>\n\t<meta property=\"og:image:width\" content=\"721\" \/>\n\t<meta property=\"og:image:height\" content=\"900\" \/>\n\t<meta property=\"og:image:type\" content=\"image\/webp\" \/>\n<meta name=\"twitter:card\" content=\"summary_large_image\" \/>\n<meta name=\"twitter:label1\" content=\"Arvioitu lukuaika\" \/>\n\t<meta name=\"twitter:data1\" content=\"1 minuutti\" \/>\n<script type=\"application\/ld+json\" class=\"yoast-schema-graph\">{\"@context\":\"https:\/\/schema.org\",\"@graph\":[{\"@type\":\"WebPage\",\"@id\":\"https:\/\/scanmast.com\/produkt\/alta\/\",\"url\":\"https:\/\/scanmast.com\/produkt\/alta\/\",\"name\":\"ALTA - Scanmast\",\"isPartOf\":{\"@id\":\"https:\/\/scanmast.com\/en\/#website\"},\"primaryImageOfPage\":{\"@id\":\"https:\/\/scanmast.com\/produkt\/alta\/#primaryimage\"},\"image\":{\"@id\":\"https:\/\/scanmast.com\/produkt\/alta\/#primaryimage\"},\"thumbnailUrl\":\"https:\/\/scanmast.com\/wp-content\/uploads\/2025\/02\/alta-1.webp\",\"datePublished\":\"2025-02-27T16:52:28+00:00\",\"dateModified\":\"2025-12-01T12:23:29+00:00\",\"breadcrumb\":{\"@id\":\"https:\/\/scanmast.com\/produkt\/alta\/#breadcrumb\"},\"inLanguage\":\"fi\",\"potentialAction\":[{\"@type\":\"ReadAction\",\"target\":[\"https:\/\/scanmast.com\/produkt\/alta\/\"]}]},{\"@type\":\"ImageObject\",\"inLanguage\":\"fi\",\"@id\":\"https:\/\/scanmast.com\/produkt\/alta\/#primaryimage\",\"url\":\"https:\/\/scanmast.com\/wp-content\/uploads\/2025\/02\/alta-1.webp\",\"contentUrl\":\"https:\/\/scanmast.com\/wp-content\/uploads\/2025\/02\/alta-1.webp\",\"width\":721,\"height\":900},{\"@type\":\"BreadcrumbList\",\"@id\":\"https:\/\/scanmast.com\/produkt\/alta\/#breadcrumb\",\"itemListElement\":[{\"@type\":\"ListItem\",\"position\":1,\"name\":\"Scanmast.se\",\"item\":\"https:\/\/scanmast.com\/en\/\"},{\"@type\":\"ListItem\",\"position\":2,\"name\":\"V\u00e5ra produkter\",\"item\":\"https:\/\/scanmast.com\/en\/goods-products\/\"},{\"@type\":\"ListItem\",\"position\":3,\"name\":\"ALTA\"}]},{\"@type\":\"WebSite\",\"@id\":\"https:\/\/scanmast.com\/en\/#website\",\"url\":\"https:\/\/scanmast.com\/en\/\",\"name\":\"Scanmast\",\"description\":\"\",\"publisher\":{\"@id\":\"https:\/\/scanmast.com\/en\/#organization\"},\"potentialAction\":[{\"@type\":\"SearchAction\",\"target\":{\"@type\":\"EntryPoint\",\"urlTemplate\":\"https:\/\/scanmast.com\/en\/?s={search_term_string}\"},\"query-input\":{\"@type\":\"PropertyValueSpecification\",\"valueRequired\":true,\"valueName\":\"search_term_string\"}}],\"inLanguage\":\"fi\"},{\"@type\":\"Organization\",\"@id\":\"https:\/\/scanmast.com\/en\/#organization\",\"name\":\"Scanmast\",\"url\":\"https:\/\/scanmast.com\/en\/\",\"logo\":{\"@type\":\"ImageObject\",\"inLanguage\":\"fi\",\"@id\":\"https:\/\/scanmast.com\/en\/#\/schema\/logo\/image\/\",\"url\":\"https:\/\/scanmast.com\/wp-content\/uploads\/2025\/01\/scanmast_logotyp_utansymbol.svg\",\"contentUrl\":\"https:\/\/scanmast.com\/wp-content\/uploads\/2025\/01\/scanmast_logotyp_utansymbol.svg\",\"width\":19,\"height\":3,\"caption\":\"Scanmast\"},\"image\":{\"@id\":\"https:\/\/scanmast.com\/en\/#\/schema\/logo\/image\/\"}}]}<\/script>\n<!-- \/ Yoast SEO plugin. -->","yoast_head_json":{"title":"ALTA - Scanmast","robots":{"index":"index","follow":"follow","max-snippet":"max-snippet:-1","max-image-preview":"max-image-preview:large","max-video-preview":"max-video-preview:-1"},"canonical":"https:\/\/scanmast.com\/fi\/tuote\/alta\/","og_locale":"fi_FI","og_type":"article","og_title":"ALTA - Scanmast","og_description":"ALTA \u00e4r Scanmast h\u00f6gsta torn. Tornet l\u00e4mpar sig perfekt f\u00f6r belysning av idrottsplatser, hamnar eller flygplatser. Det \u00e4r ocks\u00e5 det mest anv\u00e4nda tornet f\u00f6r b\u00e5de telekom och kamera\u00f6vervakning.","og_url":"https:\/\/scanmast.com\/fi\/tuote\/alta\/","og_site_name":"Scanmast","article_modified_time":"2025-12-01T12:23:29+00:00","og_image":[{"width":721,"height":900,"url":"https:\/\/scanmast.com\/wp-content\/uploads\/2025\/02\/alta-1.webp","type":"image\/webp"}],"twitter_card":"summary_large_image","twitter_misc":{"Arvioitu lukuaika":"1 minuutti"},"schema":{"@context":"https:\/\/schema.org","@graph":[{"@type":"WebPage","@id":"https:\/\/scanmast.com\/produkt\/alta\/","url":"https:\/\/scanmast.com\/produkt\/alta\/","name":"ALTA - Scanmast","isPartOf":{"@id":"https:\/\/scanmast.com\/en\/#website"},"primaryImageOfPage":{"@id":"https:\/\/scanmast.com\/produkt\/alta\/#primaryimage"},"image":{"@id":"https:\/\/scanmast.com\/produkt\/alta\/#primaryimage"},"thumbnailUrl":"https:\/\/scanmast.com\/wp-content\/uploads\/2025\/02\/alta-1.webp","datePublished":"2025-02-27T16:52:28+00:00","dateModified":"2025-12-01T12:23:29+00:00","breadcrumb":{"@id":"https:\/\/scanmast.com\/produkt\/alta\/#breadcrumb"},"inLanguage":"fi","potentialAction":[{"@type":"ReadAction","target":["https:\/\/scanmast.com\/produkt\/alta\/"]}]},{"@type":"ImageObject","inLanguage":"fi","@id":"https:\/\/scanmast.com\/produkt\/alta\/#primaryimage","url":"https:\/\/scanmast.com\/wp-content\/uploads\/2025\/02\/alta-1.webp","contentUrl":"https:\/\/scanmast.com\/wp-content\/uploads\/2025\/02\/alta-1.webp","width":721,"height":900},{"@type":"BreadcrumbList","@id":"https:\/\/scanmast.com\/produkt\/alta\/#breadcrumb","itemListElement":[{"@type":"ListItem","position":1,"name":"Scanmast.se","item":"https:\/\/scanmast.com\/en\/"},{"@type":"ListItem","position":2,"name":"V\u00e5ra produkter","item":"https:\/\/scanmast.com\/en\/goods-products\/"},{"@type":"ListItem","position":3,"name":"ALTA"}]},{"@type":"WebSite","@id":"https:\/\/scanmast.com\/en\/#website","url":"https:\/\/scanmast.com\/en\/","name":"Scanmast","description":"","publisher":{"@id":"https:\/\/scanmast.com\/en\/#organization"},"potentialAction":[{"@type":"SearchAction","target":{"@type":"EntryPoint","urlTemplate":"https:\/\/scanmast.com\/en\/?s={search_term_string}"},"query-input":{"@type":"PropertyValueSpecification","valueRequired":true,"valueName":"search_term_string"}}],"inLanguage":"fi"},{"@type":"Organization","@id":"https:\/\/scanmast.com\/en\/#organization","name":"Scanmast","url":"https:\/\/scanmast.com\/en\/","logo":{"@type":"ImageObject","inLanguage":"fi","@id":"https:\/\/scanmast.com\/en\/#\/schema\/logo\/image\/","url":"https:\/\/scanmast.com\/wp-content\/uploads\/2025\/01\/scanmast_logotyp_utansymbol.svg","contentUrl":"https:\/\/scanmast.com\/wp-content\/uploads\/2025\/01\/scanmast_logotyp_utansymbol.svg","width":19,"height":3,"caption":"Scanmast"},"image":{"@id":"https:\/\/scanmast.com\/en\/#\/schema\/logo\/image\/"}}]}},"_links":{"self":[{"href":"https:\/\/scanmast.com\/fi\/wp-json\/wp\/v2\/product\/2321","targetHints":{"allow":["GET"]}}],"collection":[{"href":"https:\/\/scanmast.com\/fi\/wp-json\/wp\/v2\/product"}],"about":[{"href":"https:\/\/scanmast.com\/fi\/wp-json\/wp\/v2\/types\/product"}],"replies":[{"embeddable":true,"href":"https:\/\/scanmast.com\/fi\/wp-json\/wp\/v2\/comments?post=2321"}],"wp:featuredmedia":[{"embeddable":true,"href":"https:\/\/scanmast.com\/fi\/wp-json\/wp\/v2\/media\/8112"}],"wp:attachment":[{"href":"https:\/\/scanmast.com\/fi\/wp-json\/wp\/v2\/media?parent=2321"}],"wp:term":[{"taxonomy":"product_brand","embeddable":true,"href":"https:\/\/scanmast.com\/fi\/wp-json\/wp\/v2\/product_brand?post=2321"},{"taxonomy":"product_cat","embeddable":true,"href":"https:\/\/scanmast.com\/fi\/wp-json\/wp\/v2\/product_cat?post=2321"},{"taxonomy":"product_tag","embeddable":true,"href":"https:\/\/scanmast.com\/fi\/wp-json\/wp\/v2\/product_tag?post=2321"}],"curies":[{"name":"wp","href":"https:\/\/api.w.org\/{rel}","templated":true}]}}