{"id":1668,"date":"2025-02-24T11:01:23","date_gmt":"2025-02-24T11:01:23","guid":{"rendered":"https:\/\/scanmast.com\/?post_type=product&#038;p=1668"},"modified":"2025-12-11T06:43:50","modified_gmt":"2025-12-11T06:43:50","slug":"t1200","status":"publish","type":"product","link":"https:\/\/scanmast.com\/fi\/tuote\/t1200\/","title":{"rendered":"T1200"},"content":{"rendered":"<p>T1200 on todellinen kameleontti, joka on muuttunut hyv\u00e4ksi havaitusta mastosta ohueksi torniksi. Se on hyv\u00e4 valinta, jos tila on rajallinen. Masto voidaan toimittaa jopa 30 metri\u00e4 korkeana, ja perustukset voidaan tehd\u00e4 nopeasti tehdasvalmisteisen perustuksen avulla.<\/p>\n<p class=\"before-list\"><strong>Nopea toimitus<br \/>\n<\/strong>Vakiomastot ja -tornit ovat varastossa, mik\u00e4 tarkoittaa lyhyit\u00e4 toimitusaikoja ja nopeaa toimitusta sinulle.<\/p>\n<p class=\"before-list\"><strong>Vaatimukset t\u00e4ytt\u00e4v\u00e4t mastot ja tornit<br \/>\n<\/strong>Mastomme ja tornimme on suunniteltu kest\u00e4m\u00e4\u00e4n ankaria olosuhteita arktisesta kylmyydest\u00e4 teollisuusymp\u00e4rist\u00f6ihin. Kaikki tuotteemme on valmistettu kuumasinkityst\u00e4 ter\u00e4ksest\u00e4, mik\u00e4 takaa niille pitk\u00e4n k\u00e4ytt\u00f6i\u00e4n. Se on j\u00e4rkev\u00e4 valinta sek\u00e4 taloudellisesti ett\u00e4 ymp\u00e4rist\u00f6n kannalta.<\/p>\n<p class=\"before-list\"><strong>Vakiovalikoiman mukauttaminen<br \/>\n<\/strong>Mastot ja tornit ovat p\u00e4\u00e4tuotteitamme, ja niit\u00e4 voidaan r\u00e4\u00e4t\u00e4l\u00f6id\u00e4 ja k\u00e4ytt\u00e4\u00e4 useimpiin tarpeisiisi. Laskenta- ja suunnitteluosastomme avulla voimme helposti muokata vakiotuotteitamme vastaamaan uusia tarpeita.<\/p>","protected":false},"excerpt":{"rendered":"<p class=\"no-margin-top\">T1200, vakiomastomme, joka on aina varastossa.<\/p>","protected":false},"featured_media":8111,"comment_status":"closed","ping_status":"closed","template":"","meta":{"_acf_changed":false},"product_brand":[86],"product_cat":[28],"product_tag":[39,37,38],"class_list":{"0":"post-1668","1":"product","2":"type-product","3":"status-publish","4":"has-post-thumbnail","6":"product_brand-t1200","7":"product_cat-master-torn","8":"product_tag-belysning","9":"product_tag-bevakning","10":"product_tag-telekom","12":"first","13":"instock","14":"shipping-taxable","15":"product-type-simple"},"acf":[],"yoast_head":"<!-- This site is optimized with the Yoast SEO plugin v26.8 - https:\/\/yoast.com\/product\/yoast-seo-wordpress\/ -->\n<title>T1200 - Scanmast<\/title>\n<meta name=\"robots\" content=\"index, follow, max-snippet:-1, max-image-preview:large, max-video-preview:-1\" \/>\n<link rel=\"canonical\" href=\"https:\/\/scanmast.com\/fi\/tuote\/t1200\/\" \/>\n<meta property=\"og:locale\" content=\"fi_FI\" \/>\n<meta property=\"og:type\" content=\"article\" \/>\n<meta property=\"og:title\" content=\"T1200 - Scanmast\" \/>\n<meta property=\"og:description\" content=\"T1200, v\u00e5r standardmast alltid i lager.\" \/>\n<meta property=\"og:url\" content=\"https:\/\/scanmast.com\/fi\/tuote\/t1200\/\" \/>\n<meta property=\"og:site_name\" content=\"Scanmast\" \/>\n<meta property=\"article:modified_time\" content=\"2025-12-11T06:43:50+00:00\" \/>\n<meta property=\"og:image\" content=\"https:\/\/scanmast.com\/wp-content\/uploads\/2025\/02\/t1200.webp\" \/>\n\t<meta property=\"og:image:width\" content=\"721\" \/>\n\t<meta property=\"og:image:height\" content=\"900\" \/>\n\t<meta property=\"og:image:type\" content=\"image\/webp\" \/>\n<meta name=\"twitter:card\" content=\"summary_large_image\" \/>\n<meta name=\"twitter:label1\" content=\"Arvioitu lukuaika\" \/>\n\t<meta name=\"twitter:data1\" content=\"1 minuutti\" \/>\n<script type=\"application\/ld+json\" class=\"yoast-schema-graph\">{\"@context\":\"https:\/\/schema.org\",\"@graph\":[{\"@type\":\"WebPage\",\"@id\":\"https:\/\/scanmast.com\/produkt\/t1200\/\",\"url\":\"https:\/\/scanmast.com\/produkt\/t1200\/\",\"name\":\"T1200 - Scanmast\",\"isPartOf\":{\"@id\":\"https:\/\/scanmast.com\/en\/#website\"},\"primaryImageOfPage\":{\"@id\":\"https:\/\/scanmast.com\/produkt\/t1200\/#primaryimage\"},\"image\":{\"@id\":\"https:\/\/scanmast.com\/produkt\/t1200\/#primaryimage\"},\"thumbnailUrl\":\"https:\/\/scanmast.com\/wp-content\/uploads\/2025\/02\/t1200.webp\",\"datePublished\":\"2025-02-24T11:01:23+00:00\",\"dateModified\":\"2025-12-11T06:43:50+00:00\",\"breadcrumb\":{\"@id\":\"https:\/\/scanmast.com\/produkt\/t1200\/#breadcrumb\"},\"inLanguage\":\"fi\",\"potentialAction\":[{\"@type\":\"ReadAction\",\"target\":[\"https:\/\/scanmast.com\/produkt\/t1200\/\"]}]},{\"@type\":\"ImageObject\",\"inLanguage\":\"fi\",\"@id\":\"https:\/\/scanmast.com\/produkt\/t1200\/#primaryimage\",\"url\":\"https:\/\/scanmast.com\/wp-content\/uploads\/2025\/02\/t1200.webp\",\"contentUrl\":\"https:\/\/scanmast.com\/wp-content\/uploads\/2025\/02\/t1200.webp\",\"width\":721,\"height\":900},{\"@type\":\"BreadcrumbList\",\"@id\":\"https:\/\/scanmast.com\/produkt\/t1200\/#breadcrumb\",\"itemListElement\":[{\"@type\":\"ListItem\",\"position\":1,\"name\":\"Scanmast.se\",\"item\":\"https:\/\/scanmast.com\/en\/\"},{\"@type\":\"ListItem\",\"position\":2,\"name\":\"V\u00e5ra produkter\",\"item\":\"https:\/\/scanmast.com\/en\/goods-products\/\"},{\"@type\":\"ListItem\",\"position\":3,\"name\":\"T1200\"}]},{\"@type\":\"WebSite\",\"@id\":\"https:\/\/scanmast.com\/en\/#website\",\"url\":\"https:\/\/scanmast.com\/en\/\",\"name\":\"Scanmast\",\"description\":\"\",\"publisher\":{\"@id\":\"https:\/\/scanmast.com\/en\/#organization\"},\"potentialAction\":[{\"@type\":\"SearchAction\",\"target\":{\"@type\":\"EntryPoint\",\"urlTemplate\":\"https:\/\/scanmast.com\/en\/?s={search_term_string}\"},\"query-input\":{\"@type\":\"PropertyValueSpecification\",\"valueRequired\":true,\"valueName\":\"search_term_string\"}}],\"inLanguage\":\"fi\"},{\"@type\":\"Organization\",\"@id\":\"https:\/\/scanmast.com\/en\/#organization\",\"name\":\"Scanmast\",\"url\":\"https:\/\/scanmast.com\/en\/\",\"logo\":{\"@type\":\"ImageObject\",\"inLanguage\":\"fi\",\"@id\":\"https:\/\/scanmast.com\/en\/#\/schema\/logo\/image\/\",\"url\":\"https:\/\/scanmast.com\/wp-content\/uploads\/2025\/01\/scanmast_logotyp_utansymbol.svg\",\"contentUrl\":\"https:\/\/scanmast.com\/wp-content\/uploads\/2025\/01\/scanmast_logotyp_utansymbol.svg\",\"width\":19,\"height\":3,\"caption\":\"Scanmast\"},\"image\":{\"@id\":\"https:\/\/scanmast.com\/en\/#\/schema\/logo\/image\/\"}}]}<\/script>\n<!-- \/ Yoast SEO plugin. -->","yoast_head_json":{"title":"T1200 - Scanmast","robots":{"index":"index","follow":"follow","max-snippet":"max-snippet:-1","max-image-preview":"max-image-preview:large","max-video-preview":"max-video-preview:-1"},"canonical":"https:\/\/scanmast.com\/fi\/tuote\/t1200\/","og_locale":"fi_FI","og_type":"article","og_title":"T1200 - Scanmast","og_description":"T1200, v\u00e5r standardmast alltid i lager.","og_url":"https:\/\/scanmast.com\/fi\/tuote\/t1200\/","og_site_name":"Scanmast","article_modified_time":"2025-12-11T06:43:50+00:00","og_image":[{"width":721,"height":900,"url":"https:\/\/scanmast.com\/wp-content\/uploads\/2025\/02\/t1200.webp","type":"image\/webp"}],"twitter_card":"summary_large_image","twitter_misc":{"Arvioitu lukuaika":"1 minuutti"},"schema":{"@context":"https:\/\/schema.org","@graph":[{"@type":"WebPage","@id":"https:\/\/scanmast.com\/produkt\/t1200\/","url":"https:\/\/scanmast.com\/produkt\/t1200\/","name":"T1200 - Scanmast","isPartOf":{"@id":"https:\/\/scanmast.com\/en\/#website"},"primaryImageOfPage":{"@id":"https:\/\/scanmast.com\/produkt\/t1200\/#primaryimage"},"image":{"@id":"https:\/\/scanmast.com\/produkt\/t1200\/#primaryimage"},"thumbnailUrl":"https:\/\/scanmast.com\/wp-content\/uploads\/2025\/02\/t1200.webp","datePublished":"2025-02-24T11:01:23+00:00","dateModified":"2025-12-11T06:43:50+00:00","breadcrumb":{"@id":"https:\/\/scanmast.com\/produkt\/t1200\/#breadcrumb"},"inLanguage":"fi","potentialAction":[{"@type":"ReadAction","target":["https:\/\/scanmast.com\/produkt\/t1200\/"]}]},{"@type":"ImageObject","inLanguage":"fi","@id":"https:\/\/scanmast.com\/produkt\/t1200\/#primaryimage","url":"https:\/\/scanmast.com\/wp-content\/uploads\/2025\/02\/t1200.webp","contentUrl":"https:\/\/scanmast.com\/wp-content\/uploads\/2025\/02\/t1200.webp","width":721,"height":900},{"@type":"BreadcrumbList","@id":"https:\/\/scanmast.com\/produkt\/t1200\/#breadcrumb","itemListElement":[{"@type":"ListItem","position":1,"name":"Scanmast.se","item":"https:\/\/scanmast.com\/en\/"},{"@type":"ListItem","position":2,"name":"V\u00e5ra produkter","item":"https:\/\/scanmast.com\/en\/goods-products\/"},{"@type":"ListItem","position":3,"name":"T1200"}]},{"@type":"WebSite","@id":"https:\/\/scanmast.com\/en\/#website","url":"https:\/\/scanmast.com\/en\/","name":"Scanmast","description":"","publisher":{"@id":"https:\/\/scanmast.com\/en\/#organization"},"potentialAction":[{"@type":"SearchAction","target":{"@type":"EntryPoint","urlTemplate":"https:\/\/scanmast.com\/en\/?s={search_term_string}"},"query-input":{"@type":"PropertyValueSpecification","valueRequired":true,"valueName":"search_term_string"}}],"inLanguage":"fi"},{"@type":"Organization","@id":"https:\/\/scanmast.com\/en\/#organization","name":"Scanmast","url":"https:\/\/scanmast.com\/en\/","logo":{"@type":"ImageObject","inLanguage":"fi","@id":"https:\/\/scanmast.com\/en\/#\/schema\/logo\/image\/","url":"https:\/\/scanmast.com\/wp-content\/uploads\/2025\/01\/scanmast_logotyp_utansymbol.svg","contentUrl":"https:\/\/scanmast.com\/wp-content\/uploads\/2025\/01\/scanmast_logotyp_utansymbol.svg","width":19,"height":3,"caption":"Scanmast"},"image":{"@id":"https:\/\/scanmast.com\/en\/#\/schema\/logo\/image\/"}}]}},"_links":{"self":[{"href":"https:\/\/scanmast.com\/fi\/wp-json\/wp\/v2\/product\/1668","targetHints":{"allow":["GET"]}}],"collection":[{"href":"https:\/\/scanmast.com\/fi\/wp-json\/wp\/v2\/product"}],"about":[{"href":"https:\/\/scanmast.com\/fi\/wp-json\/wp\/v2\/types\/product"}],"replies":[{"embeddable":true,"href":"https:\/\/scanmast.com\/fi\/wp-json\/wp\/v2\/comments?post=1668"}],"wp:featuredmedia":[{"embeddable":true,"href":"https:\/\/scanmast.com\/fi\/wp-json\/wp\/v2\/media\/8111"}],"wp:attachment":[{"href":"https:\/\/scanmast.com\/fi\/wp-json\/wp\/v2\/media?parent=1668"}],"wp:term":[{"taxonomy":"product_brand","embeddable":true,"href":"https:\/\/scanmast.com\/fi\/wp-json\/wp\/v2\/product_brand?post=1668"},{"taxonomy":"product_cat","embeddable":true,"href":"https:\/\/scanmast.com\/fi\/wp-json\/wp\/v2\/product_cat?post=1668"},{"taxonomy":"product_tag","embeddable":true,"href":"https:\/\/scanmast.com\/fi\/wp-json\/wp\/v2\/product_tag?post=1668"}],"curies":[{"name":"wp","href":"https:\/\/api.w.org\/{rel}","templated":true}]}}