{"id":9396,"date":"2025-11-19T12:46:35","date_gmt":"2025-11-19T12:46:35","guid":{"rendered":"https:\/\/scanmast.com\/?page_id=9396"},"modified":"2025-11-19T12:47:43","modified_gmt":"2025-11-19T12:47:43","slug":"valitusten-kasittely","status":"publish","type":"page","link":"https:\/\/scanmast.com\/fi\/valitusten-kasittely\/","title":{"rendered":"Valitusten k\u00e4sittely\u00a0"},"content":{"rendered":"<div data-elementor-type=\"wp-page\" data-elementor-id=\"9396\" class=\"elementor elementor-9396\" data-elementor-post-type=\"page\">\n\t\t\t\t<div class=\"elementor-element elementor-element-f3bc6a7 e-flex e-con-boxed e-con e-parent\" data-id=\"f3bc6a7\" data-element_type=\"container\" data-e-type=\"container\" data-settings=\"{&quot;background_background&quot;:&quot;classic&quot;}\">\n\t\t\t\t\t<div class=\"e-con-inner\">\n\t\t\t\t<div class=\"elementor-element elementor-element-ecf7972 svg-color-white elementor-view-default elementor-widget elementor-widget-icon\" data-id=\"ecf7972\" data-element_type=\"widget\" data-e-type=\"widget\" data-widget_type=\"icon.default\">\n\t\t\t\t<div class=\"elementor-widget-container\">\n\t\t\t\t\t\t\t<div class=\"elementor-icon-wrapper\">\n\t\t\t<div class=\"elementor-icon\">\n\t\t\t<svg xmlns=\"http:\/\/www.w3.org\/2000\/svg\" id=\"uuid-77f82e8d-96a7-429a-8a62-e19d80ed5807\" data-name=\"Lager 1\" viewbox=\"0 0 22.3 21.95\"><defs><style>      .uuid-03aa345e-a4ed-4ed6-952d-cfb57ed9fefa {        fill: #1a1a3c;      }    <\/style><\/defs><path class=\"uuid-03aa345e-a4ed-4ed6-952d-cfb57ed9fefa\" d=\"M13.12,0v2.05c4.1.9,7.17,4.56,7.17,8.93s-3.07,8.02-7.17,8.93v2.05c5.21-.93,9.18-5.5,9.18-10.97S18.33.93,13.12,0\"><\/path><path class=\"uuid-03aa345e-a4ed-4ed6-952d-cfb57ed9fefa\" d=\"M9.17,19.9c-4.09-.91-7.16-4.56-7.16-8.92S5.08,2.96,9.17,2.05V0C3.96.94,0,5.5,0,10.98s3.96,10.04,9.17,10.97v-2.05Z\"><\/path><\/svg>\t\t\t<\/div>\n\t\t<\/div>\n\t\t\t\t\t\t<\/div>\n\t\t\t\t<\/div>\n\t\t<div class=\"elementor-element elementor-element-608636f e-con-full e-flex e-con e-child\" data-id=\"608636f\" data-element_type=\"container\" data-e-type=\"container\">\n\t\t\t\t<div class=\"elementor-element elementor-element-c9c81a8 svg-color-white elementor-icon-list--layout-traditional elementor-list-item-link-full_width elementor-widget elementor-widget-icon-list\" data-id=\"c9c81a8\" data-element_type=\"widget\" data-e-type=\"widget\" data-widget_type=\"icon-list.default\">\n\t\t\t\t<div class=\"elementor-widget-container\">\n\t\t\t\t\t\t\t<ul class=\"elementor-icon-list-items\">\n\t\t\t\t\t\t\t<li class=\"elementor-icon-list-item\">\n\t\t\t\t\t\t\t\t\t\t\t<span class=\"elementor-icon-list-icon\">\n\t\t\t\t\t\t\t<svg xmlns=\"http:\/\/www.w3.org\/2000\/svg\" id=\"uuid-b9029fdc-02de-4b69-bcb6-8cfef79a1f66\" data-name=\"Lager 1\" viewbox=\"0 0 9.3 10\"><defs><style>      .uuid-11c728b0-0004-4730-a8d2-05f5867d3029 {        fill: #1a1a3c;      }    <\/style><\/defs><polygon class=\"uuid-11c728b0-0004-4730-a8d2-05f5867d3029\" points=\"4.3 0 3.6 .7 7.3 4.5 0 4.5 0 5.5 7.3 5.5 3.6 9.3 4.3 10 9.3 5 4.3 0\"><\/polygon><\/svg>\t\t\t\t\t\t<\/span>\n\t\t\t\t\t\t\t\t\t\t<span class=\"elementor-icon-list-text\">Ilmoita poikkeama<\/span>\n\t\t\t\t\t\t\t\t\t<\/li>\n\t\t\t\t\t\t<\/ul>\n\t\t\t\t\t\t<\/div>\n\t\t\t\t<\/div>\n\t\t\t\t<div class=\"elementor-element elementor-element-e1c97a9 elementor-widget elementor-widget-heading\" data-id=\"e1c97a9\" data-element_type=\"widget\" data-e-type=\"widget\" data-widget_type=\"heading.default\">\n\t\t\t\t<div class=\"elementor-widget-container\">\n\t\t\t\t\t<h1 class=\"elementor-heading-title elementor-size-default\">Valitusten k\u00e4sittely \n<\/h1>\t\t\t\t<\/div>\n\t\t\t\t<\/div>\n\t\t\t\t<\/div>\n\t\t\t\t<div class=\"elementor-element elementor-element-70d33e3 elementor-widget elementor-widget-spacer\" data-id=\"70d33e3\" data-element_type=\"widget\" data-e-type=\"widget\" data-widget_type=\"spacer.default\">\n\t\t\t\t<div class=\"elementor-widget-container\">\n\t\t\t\t\t\t\t<div class=\"elementor-spacer\">\n\t\t\t<div class=\"elementor-spacer-inner\"><\/div>\n\t\t<\/div>\n\t\t\t\t\t\t<\/div>\n\t\t\t\t<\/div>\n\t\t\t\t\t<\/div>\n\t\t\t\t<\/div>\n\t\t<div class=\"elementor-element elementor-element-8129011 e-flex e-con-boxed e-con e-parent\" data-id=\"8129011\" data-element_type=\"container\" data-e-type=\"container\" data-settings=\"{&quot;background_background&quot;:&quot;classic&quot;}\">\n\t\t\t\t\t<div class=\"e-con-inner\">\n\t\t\t\t<div class=\"elementor-element elementor-element-ca54e16 elementor-widget elementor-widget-heading\" data-id=\"ca54e16\" data-element_type=\"widget\" data-e-type=\"widget\" data-widget_type=\"heading.default\">\n\t\t\t\t<div class=\"elementor-widget-container\">\n\t\t\t\t\t<p class=\"elementor-heading-title elementor-size-default\">Miten tuotteesta voi tehd\u00e4 valituksen<\/p>\t\t\t\t<\/div>\n\t\t\t\t<\/div>\n\t\t\t\t<div class=\"elementor-element elementor-element-dba3217 elementor-widget elementor-widget-text-editor\" data-id=\"dba3217\" data-element_type=\"widget\" data-e-type=\"widget\" data-widget_type=\"text-editor.default\">\n\t\t\t\t<div class=\"elementor-widget-container\">\n\t\t\t\t\t\t\t\t\t<p class=\"p1\">Jotta voimme k\u00e4sitell\u00e4 valitukset tehokkaasti ja oikein, noudata alla olevia ohjeita. Ne kattavat kuljetusvauriot sek\u00e4 materiaali-, suunnittelu- ja tuotantovirheet.<\/p><p class=\"p3\"><b>1. valitukset toimituksesta<\/b><\/p><p class=\"p3\"><b>1.1 Saapumisen valvonta<\/b><\/p><p class=\"p3\">Toimitettaessa sinun on tarkistettava kuljettajalta, ett\u00e4:<\/p><ul class=\"ul1\"><li class=\"li3\">tavarat ovat vahingoittumattomia<\/li><li class=\"li3\">kollien lukum\u00e4\u00e4r\u00e4 vastaa rahtikirjaa<\/li><\/ul><p class=\"p3\">Jos kuljetusvaurioita, n\u00e4kyvi\u00e4 vaurioita pakkauksissa tai puuttuvia pakkauksia ilmenee, niist\u00e4 on ilmoitettava suoraan kuljettajalle. <b>ennen vastaanottoa<\/b>. T\u00e4m\u00e4n j\u00e4lkeen kuljettaja tekee kirjallisen merkinn\u00e4n rahtikirjaan tai kannettavaan tietokoneeseen.<\/p><p class=\"p3\"><b>1.2 Yhteydenotto 7 p\u00e4iv\u00e4n kuluessa<\/b><\/p><p class=\"p3\">Riippumatta siit\u00e4, havaitaanko vaurioita toimituksen yhteydess\u00e4, kaikki tavarat on tarkastettava seuraavien p\u00e4ivien kuluessa <b>7 kalenterip\u00e4iv\u00e4\u00e4<\/b>.<br \/>Jos havaitset vaurioita tai poikkeamia, sinun on otettava yhteytt\u00e4 Scanmastiin samassa ajassa. Ilmoituksen saatuamme k\u00e4ynnist\u00e4mme tarvittaessa asian k\u00e4sittelyn huolitsijaa vastaan.<\/p><p class=\"p3\"><b>2. materiaalivirheit\u00e4, suunnitteluvirheit\u00e4 ja valmistusvirheit\u00e4 koskevat vaateet.<\/b><\/p><p class=\"p3\">Reklamaatiot, jotka eiv\u00e4t liity kuljetusvaurioihin vaan tuotteen toimintaan tai laatuun, k\u00e4sitell\u00e4\u00e4n materiaali- ja suunnittelukysymyksin\u00e4, ja ne voivat kuulua takuun piiriin.<\/p><p class=\"p3\"><b>2.1 Mitk\u00e4 seikat voivat olla perusteena valitukselle<\/b><\/p><p class=\"p3\">Esimerkkej\u00e4 virheist\u00e4, jotka voidaan kattaa:<\/p><ul class=\"ul1\"><li class=\"li3\">materiaalivirheet<\/li><li class=\"li3\">suunnittelu- tai valmistusvirheet<\/li><li class=\"li3\">Scanmastin eritelmien mukaisen normaalin k\u00e4yt\u00f6n aikana ilmenev\u00e4t viat.<\/li><\/ul><p class=\"p3\"><b>2.2 Miten valitus tehd\u00e4\u00e4n<\/b><\/p><p class=\"p3\">Nopeaa k\u00e4sittely\u00e4 varten pyyd\u00e4mme toimittamaan seuraavat tiedot:<\/p><ul class=\"ul1\"><li class=\"li3\">tuotenumero ja tilausnumero<\/li><li class=\"li3\">kuvaus viasta ja sen ilmenemisest\u00e4<\/li><li class=\"li3\">asennusp\u00e4iv\u00e4m\u00e4\u00e4r\u00e4 ja k\u00e4ytt\u00f6alue<\/li><li class=\"li3\">kuvia tai videoita, joista vika k\u00e4y selv\u00e4sti ilmi<\/li><li class=\"li3\">kaikki asiaankuuluvat piirustukset tai asiakirjat<\/li><\/ul><p class=\"p3\">Ilmoita poikkeamasta verkkosivustollamme olevalla lomakkeella.<\/p><p class=\"p3\"><b>2.3 Oikeaa k\u00e4ytt\u00f6\u00e4 koskevat vaatimukset<\/b><\/p><p class=\"p3\">Valituksia ei voida hyv\u00e4ksy\u00e4, jos vika johtuu seuraavista syist\u00e4:<\/p><ul class=\"ul1\"><li class=\"li3\">virheellinen asennus tai poikkeaminen Scanmasterin k\u00e4ytt\u00f6ohjeista ja piirustuksista.<\/li><li class=\"li3\">tuotteen muuttaminen<\/li><li class=\"li3\">riitt\u00e4m\u00e4t\u00f6n huolto<\/li><li class=\"li3\">virheellinen varastointi tai k\u00e4sittely ennen asennusta<\/li><li class=\"li3\">ulkoiset tekij\u00e4t, kuten \u00e4\u00e4rimm\u00e4iset s\u00e4\u00e4olosuhteet, liikenne, t\u00f6rm\u00e4ykset, ilkivalta jne.<\/li><\/ul><p class=\"p3\"><b>3. Arviointi ja toimenpiteet<\/b><\/p><p class=\"p3\">Kun olemme saaneet asiakirjasi, teemme teknisen arvioinnin. Joissakin tapauksissa meid\u00e4n on ehk\u00e4 tutkittava tuote fyysisesti tai teht\u00e4v\u00e4 vierailu paikan p\u00e4\u00e4ll\u00e4.<\/p><p class=\"p3\">Mahdollisia toimia voisivat olla:<\/p><ul class=\"ul1\"><li class=\"li3\">tuotteen korjaus<\/li><li class=\"li3\">korvaava tuote<\/li><li class=\"li3\">luottolasku<\/li><li class=\"li3\">hylk\u00e4\u00e4minen, jos virheen ei katsota antavan aihetta valitukseen.<\/li><\/ul><p class=\"p3\">Mahdolliset k\u00e4ynnit paikan p\u00e4\u00e4ll\u00e4 voivat olla maksullisia, jos vika ei kuulu takuun tai reklamaatio-oikeuden piiriin.<\/p><p class=\"p3\"><b>4. Rajoitukset ja poikkeukset<\/b><\/p><p class=\"p3\">Seuraavat asiat eiv\u00e4t yleens\u00e4 kuulu vakuutuksen piiriin:<\/p><ul class=\"ul1\"><li class=\"li3\">normaali kuluminen<\/li><li class=\"li3\">tuotteen eritelm\u00e4n ulkopuolisten ymp\u00e4rist\u00f6olosuhteiden aiheuttamat vahingot<\/li><li class=\"li3\">korroosio, joka johtuu virheellisest\u00e4 k\u00e4sittelyst\u00e4 tai varastoinnista ennen asennusta.<\/li><li class=\"li3\">erikoistuotteet ilman erityist\u00e4 sopimusta<\/li><\/ul><p class=\"p3\"><b>5. Sitoumuksemme<\/b><\/p><p class=\"p3\">Scanmast pyrkii k\u00e4sittelem\u00e4\u00e4n valitukset nopeasti, oikeudenmukaisesti ja teknisesti tarkasti. Noudattamalla edell\u00e4 mainittuja ohjeita varmistamme tehokkaan prosessin ja turvallisen toimituksen sinulle asiakkaana.<\/p>\t\t\t\t\t\t\t\t<\/div>\n\t\t\t\t<\/div>\n\t\t\t\t<div class=\"elementor-element elementor-element-328d2ae elementor-widget elementor-widget-button\" data-id=\"328d2ae\" data-element_type=\"widget\" data-e-type=\"widget\" data-widget_type=\"button.default\">\n\t\t\t\t<div class=\"elementor-widget-container\">\n\t\t\t\t\t\t\t\t\t<div class=\"elementor-button-wrapper\">\n\t\t\t\t\t<a class=\"elementor-button elementor-button-link elementor-size-sm\" href=\"https:\/\/scanmast.com\/fi\/raportti-poikkeama\/\">\n\t\t\t\t\t\t<span class=\"elementor-button-content-wrapper\">\n\t\t\t\t\t\t\t\t\t<span class=\"elementor-button-text\">Vie minut takaisin lomakkeeseen<\/span>\n\t\t\t\t\t<\/span>\n\t\t\t\t\t<\/a>\n\t\t\t\t<\/div>\n\t\t\t\t\t\t\t\t<\/div>\n\t\t\t\t<\/div>\n\t\t\t\t\t<\/div>\n\t\t\t\t<\/div>\n\t\t\t\t<\/div>","protected":false},"excerpt":{"rendered":"<p>Rapportera avvikelse Hantering reklamationer S\u00e5 h\u00e4r g\u00f6r du f\u00f6r att reklamera en vara F\u00f6r att vi ska kunna hantera reklamationer p\u00e5 ett effektivt och korrekt s\u00e4tt ber vi dig f\u00f6lja nedanst\u00e5ende riktlinjer. De omfattar b\u00e5de transportskador samt material-, konstruktions- och produktionsrelaterade fel. 1. Reklamationer vid leverans 1.1 Ankomstkontroll Vid leverans ska du tillsammans med chauff\u00f6ren [&hellip;]<\/p>\n","protected":false},"author":2,"featured_media":0,"parent":0,"menu_order":0,"comment_status":"closed","ping_status":"closed","template":"elementor_header_footer","meta":{"_acf_changed":false,"footnotes":""},"class_list":["post-9396","page","type-page","status-publish","hentry"],"acf":[],"yoast_head":"<!-- This site is optimized with the Yoast SEO plugin v26.8 - https:\/\/yoast.com\/product\/yoast-seo-wordpress\/ -->\n<title>Hantering reklamationer\u00a0 - Scanmast<\/title>\n<meta name=\"robots\" content=\"index, follow, max-snippet:-1, max-image-preview:large, max-video-preview:-1\" \/>\n<link rel=\"canonical\" href=\"https:\/\/scanmast.com\/fi\/valitusten-kasittely\/\" \/>\n<meta property=\"og:locale\" content=\"fi_FI\" \/>\n<meta property=\"og:type\" content=\"article\" \/>\n<meta property=\"og:title\" content=\"Hantering reklamationer\u00a0 - Scanmast\" \/>\n<meta property=\"og:description\" content=\"Rapportera avvikelse Hantering reklamationer S\u00e5 h\u00e4r g\u00f6r du f\u00f6r att reklamera en vara F\u00f6r att vi ska kunna hantera reklamationer p\u00e5 ett effektivt och korrekt s\u00e4tt ber vi dig f\u00f6lja nedanst\u00e5ende riktlinjer. De omfattar b\u00e5de transportskador samt material-, konstruktions- och produktionsrelaterade fel. 1. Reklamationer vid leverans 1.1 Ankomstkontroll Vid leverans ska du tillsammans med chauff\u00f6ren [&hellip;]\" \/>\n<meta property=\"og:url\" content=\"https:\/\/scanmast.com\/fi\/valitusten-kasittely\/\" \/>\n<meta property=\"og:site_name\" content=\"Scanmast\" \/>\n<meta property=\"article:modified_time\" content=\"2025-11-19T12:47:43+00:00\" \/>\n<meta name=\"twitter:card\" content=\"summary_large_image\" \/>\n<meta name=\"twitter:label1\" content=\"Arvioitu lukuaika\" \/>\n\t<meta name=\"twitter:data1\" content=\"3 minuuttia\" \/>\n<script type=\"application\/ld+json\" class=\"yoast-schema-graph\">{\"@context\":\"https:\/\/schema.org\",\"@graph\":[{\"@type\":\"WebPage\",\"@id\":\"https:\/\/scanmast.com\/se\/hantering-reklamationer\/\",\"url\":\"https:\/\/scanmast.com\/se\/hantering-reklamationer\/\",\"name\":\"Hantering reklamationer\u00a0 - Scanmast\",\"isPartOf\":{\"@id\":\"https:\/\/scanmast.com\/en\/#website\"},\"datePublished\":\"2025-11-19T12:46:35+00:00\",\"dateModified\":\"2025-11-19T12:47:43+00:00\",\"breadcrumb\":{\"@id\":\"https:\/\/scanmast.com\/se\/hantering-reklamationer\/#breadcrumb\"},\"inLanguage\":\"fi\",\"potentialAction\":[{\"@type\":\"ReadAction\",\"target\":[\"https:\/\/scanmast.com\/se\/hantering-reklamationer\/\"]}]},{\"@type\":\"BreadcrumbList\",\"@id\":\"https:\/\/scanmast.com\/se\/hantering-reklamationer\/#breadcrumb\",\"itemListElement\":[{\"@type\":\"ListItem\",\"position\":1,\"name\":\"Scanmast.se\",\"item\":\"https:\/\/scanmast.com\/en\/\"},{\"@type\":\"ListItem\",\"position\":2,\"name\":\"Hantering reklamationer\u00a0\"}]},{\"@type\":\"WebSite\",\"@id\":\"https:\/\/scanmast.com\/en\/#website\",\"url\":\"https:\/\/scanmast.com\/en\/\",\"name\":\"Scanmast\",\"description\":\"\",\"publisher\":{\"@id\":\"https:\/\/scanmast.com\/en\/#organization\"},\"potentialAction\":[{\"@type\":\"SearchAction\",\"target\":{\"@type\":\"EntryPoint\",\"urlTemplate\":\"https:\/\/scanmast.com\/en\/?s={search_term_string}\"},\"query-input\":{\"@type\":\"PropertyValueSpecification\",\"valueRequired\":true,\"valueName\":\"search_term_string\"}}],\"inLanguage\":\"fi\"},{\"@type\":\"Organization\",\"@id\":\"https:\/\/scanmast.com\/en\/#organization\",\"name\":\"Scanmast\",\"url\":\"https:\/\/scanmast.com\/en\/\",\"logo\":{\"@type\":\"ImageObject\",\"inLanguage\":\"fi\",\"@id\":\"https:\/\/scanmast.com\/en\/#\/schema\/logo\/image\/\",\"url\":\"https:\/\/scanmast.com\/wp-content\/uploads\/2025\/01\/scanmast_logotyp_utansymbol.svg\",\"contentUrl\":\"https:\/\/scanmast.com\/wp-content\/uploads\/2025\/01\/scanmast_logotyp_utansymbol.svg\",\"width\":19,\"height\":3,\"caption\":\"Scanmast\"},\"image\":{\"@id\":\"https:\/\/scanmast.com\/en\/#\/schema\/logo\/image\/\"}}]}<\/script>\n<!-- \/ Yoast SEO plugin. -->","yoast_head_json":{"title":"Valitusten k\u00e4sittely - Scanmast","robots":{"index":"index","follow":"follow","max-snippet":"max-snippet:-1","max-image-preview":"max-image-preview:large","max-video-preview":"max-video-preview:-1"},"canonical":"https:\/\/scanmast.com\/fi\/valitusten-kasittely\/","og_locale":"fi_FI","og_type":"article","og_title":"Hantering reklamationer\u00a0 - Scanmast","og_description":"Rapportera avvikelse Hantering reklamationer S\u00e5 h\u00e4r g\u00f6r du f\u00f6r att reklamera en vara F\u00f6r att vi ska kunna hantera reklamationer p\u00e5 ett effektivt och korrekt s\u00e4tt ber vi dig f\u00f6lja nedanst\u00e5ende riktlinjer. De omfattar b\u00e5de transportskador samt material-, konstruktions- och produktionsrelaterade fel. 1. Reklamationer vid leverans 1.1 Ankomstkontroll Vid leverans ska du tillsammans med chauff\u00f6ren [&hellip;]","og_url":"https:\/\/scanmast.com\/fi\/valitusten-kasittely\/","og_site_name":"Scanmast","article_modified_time":"2025-11-19T12:47:43+00:00","twitter_card":"summary_large_image","twitter_misc":{"Arvioitu lukuaika":"3 minuuttia"},"schema":{"@context":"https:\/\/schema.org","@graph":[{"@type":"WebPage","@id":"https:\/\/scanmast.com\/se\/hantering-reklamationer\/","url":"https:\/\/scanmast.com\/se\/hantering-reklamationer\/","name":"Valitusten k\u00e4sittely - Scanmast","isPartOf":{"@id":"https:\/\/scanmast.com\/en\/#website"},"datePublished":"2025-11-19T12:46:35+00:00","dateModified":"2025-11-19T12:47:43+00:00","breadcrumb":{"@id":"https:\/\/scanmast.com\/se\/hantering-reklamationer\/#breadcrumb"},"inLanguage":"fi","potentialAction":[{"@type":"ReadAction","target":["https:\/\/scanmast.com\/se\/hantering-reklamationer\/"]}]},{"@type":"BreadcrumbList","@id":"https:\/\/scanmast.com\/se\/hantering-reklamationer\/#breadcrumb","itemListElement":[{"@type":"ListItem","position":1,"name":"Scanmast.se","item":"https:\/\/scanmast.com\/en\/"},{"@type":"ListItem","position":2,"name":"Hantering reklamationer\u00a0"}]},{"@type":"WebSite","@id":"https:\/\/scanmast.com\/en\/#website","url":"https:\/\/scanmast.com\/en\/","name":"Scanmast","description":"","publisher":{"@id":"https:\/\/scanmast.com\/en\/#organization"},"potentialAction":[{"@type":"SearchAction","target":{"@type":"EntryPoint","urlTemplate":"https:\/\/scanmast.com\/en\/?s={search_term_string}"},"query-input":{"@type":"PropertyValueSpecification","valueRequired":true,"valueName":"search_term_string"}}],"inLanguage":"fi"},{"@type":"Organization","@id":"https:\/\/scanmast.com\/en\/#organization","name":"Scanmast","url":"https:\/\/scanmast.com\/en\/","logo":{"@type":"ImageObject","inLanguage":"fi","@id":"https:\/\/scanmast.com\/en\/#\/schema\/logo\/image\/","url":"https:\/\/scanmast.com\/wp-content\/uploads\/2025\/01\/scanmast_logotyp_utansymbol.svg","contentUrl":"https:\/\/scanmast.com\/wp-content\/uploads\/2025\/01\/scanmast_logotyp_utansymbol.svg","width":19,"height":3,"caption":"Scanmast"},"image":{"@id":"https:\/\/scanmast.com\/en\/#\/schema\/logo\/image\/"}}]}},"_links":{"self":[{"href":"https:\/\/scanmast.com\/fi\/wp-json\/wp\/v2\/pages\/9396","targetHints":{"allow":["GET"]}}],"collection":[{"href":"https:\/\/scanmast.com\/fi\/wp-json\/wp\/v2\/pages"}],"about":[{"href":"https:\/\/scanmast.com\/fi\/wp-json\/wp\/v2\/types\/page"}],"author":[{"embeddable":true,"href":"https:\/\/scanmast.com\/fi\/wp-json\/wp\/v2\/users\/2"}],"replies":[{"embeddable":true,"href":"https:\/\/scanmast.com\/fi\/wp-json\/wp\/v2\/comments?post=9396"}],"version-history":[{"count":4,"href":"https:\/\/scanmast.com\/fi\/wp-json\/wp\/v2\/pages\/9396\/revisions"}],"predecessor-version":[{"id":9400,"href":"https:\/\/scanmast.com\/fi\/wp-json\/wp\/v2\/pages\/9396\/revisions\/9400"}],"wp:attachment":[{"href":"https:\/\/scanmast.com\/fi\/wp-json\/wp\/v2\/media?parent=9396"}],"curies":[{"name":"wp","href":"https:\/\/api.w.org\/{rel}","templated":true}]}}