{"id":6765,"date":"2025-03-24T13:53:20","date_gmt":"2025-03-24T13:53:20","guid":{"rendered":"https:\/\/scanmast.com\/?page_id=6765"},"modified":"2025-03-24T13:54:02","modified_gmt":"2025-03-24T13:54:02","slug":"tietosuojakaytanto","status":"publish","type":"page","link":"https:\/\/scanmast.com\/fi\/tietosuojakaytanto\/","title":{"rendered":"Tietosuojak\u00e4yt\u00e4nt\u00f6"},"content":{"rendered":"<div data-elementor-type=\"wp-page\" data-elementor-id=\"6765\" class=\"elementor elementor-6765\" data-elementor-post-type=\"page\">\n\t\t\t\t<div class=\"elementor-element elementor-element-af445cb e-flex e-con-boxed e-con e-parent\" data-id=\"af445cb\" data-element_type=\"container\" data-e-type=\"container\">\n\t\t\t\t\t<div class=\"e-con-inner\">\n\t\t\t\t<div class=\"elementor-element elementor-element-8897591 elementor-widget elementor-widget-heading\" data-id=\"8897591\" data-element_type=\"widget\" data-e-type=\"widget\" data-widget_type=\"heading.default\">\n\t\t\t\t<div class=\"elementor-widget-container\">\n\t\t\t\t\t<h1 class=\"elementor-heading-title elementor-size-default\">Tietosuojak\u00e4yt\u00e4nt\u00f6<\/h1>\t\t\t\t<\/div>\n\t\t\t\t<\/div>\n\t\t\t\t<div class=\"elementor-element elementor-element-3a8dfe8 elementor-widget elementor-widget-text-editor\" data-id=\"3a8dfe8\" data-element_type=\"widget\" data-e-type=\"widget\" data-widget_type=\"text-editor.default\">\n\t\t\t\t<div class=\"elementor-widget-container\">\n\t\t\t\t\t\t\t\t\t<p class=\"excerpt\">Kun olet yhteydess\u00e4 Scanmastiin (Scanmast AB ja Scanmast AS) palveluistamme ja tuotteistamme, annat meille tiettyj\u00e4 henkil\u00f6tietoja. Alla, linkin kautta, kuvaamme, miten k\u00e4yt\u00e4mme, s\u00e4ilyt\u00e4mme ja muutoin k\u00e4sittelemme tietojasi ja mit\u00e4 oikeuksia sinulla on.<\/p><p><a href=\"https:\/\/scanmast.com\/fi\/app\/uploads\/2020\/12\/integritetspolicy.pdf\/\">Scanmasterin tietosuojak\u00e4yt\u00e4nt\u00f6<\/a><\/p><h2>Ev\u00e4stetiedostot<\/h2><p>Jos j\u00e4t\u00e4t kommentin verkkosivustollamme, voit valita, tallennetaanko nimesi, s\u00e4hk\u00f6postiosoitteesi ja verkkosivuston osoitteesi ev\u00e4stetiedostoihin. T\u00e4m\u00e4 on k\u00e4tev\u00e4\u00e4, jotta sinun ei tarvitse t\u00e4ytt\u00e4\u00e4 n\u00e4it\u00e4 tietoja uudelleen, kun seuraavan kerran l\u00e4het\u00e4t kommentin. N\u00e4m\u00e4 ev\u00e4stetiedostot ovat voimassa yhden vuoden.<\/p><p>Jos k\u00e4yt kirjautumissivullamme, asetamme v\u00e4liaikaisen ev\u00e4steen tarkistaaksemme, hyv\u00e4ksyyk\u00f6 selaimesi ne. T\u00e4m\u00e4 ev\u00e4ste ei sis\u00e4ll\u00e4 mit\u00e4\u00e4n henkil\u00f6tietoja, ja se h\u00e4vi\u00e4\u00e4, kun suljet selaimesi.<\/p><p>Kun kirjaudut sis\u00e4\u00e4n, luomme lis\u00e4ksi useita ev\u00e4stetiedostoja, jotka tallentavat tietoja kirjautumisestasi ja n\u00e4yt\u00f6n asetteluvalinnoistasi. Kirjautumisev\u00e4steet ovat voimassa kaksi p\u00e4iv\u00e4\u00e4 ja asetteluvalintaev\u00e4steet ovat voimassa vuoden. Jos rastitat \"Muista minut\" -ruutuun, ev\u00e4steesi s\u00e4ilyy kaksi viikkoa. Jos kirjaudut ulos tililt\u00e4si, kirjautumisev\u00e4steet poistetaan.<\/p><p>Jos muokkaat tai julkaiset artikkelin, selaimeesi tallennetaan ylim\u00e4\u00e4r\u00e4inen ev\u00e4stetiedosto. T\u00e4m\u00e4 ev\u00e4stetiedosto ei sis\u00e4ll\u00e4 mit\u00e4\u00e4n henkil\u00f6tietoja, vaan ainoastaan juuri muokkaamasi artikkelin postitustunnuksen. Se on voimassa 1 p\u00e4iv\u00e4n ajan.<\/p><h2>Muiden verkkosivustojen upotettu sis\u00e4lt\u00f6<\/h2><p>T\u00e4m\u00e4n verkkosivuston artikkelit voivat sis\u00e4lt\u00e4\u00e4 upotettua sis\u00e4lt\u00f6\u00e4 (esim. videoita, kuvia, artikkeleita jne.). Muiden verkkosivustojen upotettu sis\u00e4lt\u00f6 k\u00e4ytt\u00e4ytyy aivan samalla tavalla kuin k\u00e4vij\u00e4 olisi vieraillut toisella verkkosivustolla.<\/p><p>N\u00e4m\u00e4 verkkosivustot voivat ker\u00e4t\u00e4 tietoja sinusta, k\u00e4ytt\u00e4\u00e4 ev\u00e4stetiedostoja, upottaa kolmannen osapuolen lis\u00e4seurantaa ja seurata vuorovaikutustasi kyseisen upotetun sis\u00e4ll\u00f6n kanssa, mukaan lukien vuorovaikutuksesi seuraaminen t\u00e4m\u00e4n upotetun sis\u00e4ll\u00f6n kanssa, jos sinulla on tili ja olet kirjautunut kyseiselle verkkosivustolle.<\/p><h2>Google analytics<\/h2><p>Google Analytics on ilmainen palvelu, jonka Google tarjoaa verkkosivustojen omistajille. Sen avulla voidaan ker\u00e4t\u00e4 tietoja verkkosivuston k\u00e4vij\u00f6iden k\u00e4ytt\u00e4ytymisest\u00e4, kuten siit\u00e4, mill\u00e4 sivuilla k\u00e4yd\u00e4\u00e4n eniten, miten k\u00e4vij\u00e4t klikkaavat verkkosivuston kautta ja miss\u00e4 vierailijat ovat. Palvelun asetuksista riippuen on my\u00f6s mahdollista kartoittaa verkkosivuston k\u00e4vij\u00f6it\u00e4 demografisten kriteerien, kuten i\u00e4n ja sukupuolen, perusteella.<\/p><p>Google Analytics k\u00e4sittelee henkil\u00f6tietoja, kuten verkkosivuston k\u00e4vij\u00f6iden IP-osoitteita.  Lis\u00e4ksi palvelu k\u00e4sittelee my\u00f6s muunlaisia tietoja verkkosivuston k\u00e4vij\u00f6ist\u00e4, kuten heid\u00e4n sijaintinsa. N\u00e4m\u00e4 tiedot voidaan yhdist\u00e4\u00e4 muihin tietoihin, joita Google on ker\u00e4nnyt verkkosivuston k\u00e4vij\u00e4st\u00e4, kuten demografisiin tietoihin.<\/p>\t\t\t\t\t\t\t\t<\/div>\n\t\t\t\t<\/div>\n\t\t\t\t\t<\/div>\n\t\t\t\t<\/div>\n\t\t\t\t<\/div>","protected":false},"excerpt":{"rendered":"<p>I samband med att du \u00e4r i kontakt med Scanmast (Scanmast AB respektive Scanmast AS) om v\u00e5ra tj\u00e4nster och produkter f\u00f6rser du oss med vissa personuppgifter. Nedan via l\u00e4nken beskriver vi hur vi anv\u00e4nder, lagrar och p\u00e5 annat s\u00e4tt behandlar din information samt vilka r\u00e4ttigheter du har. Scanmasts integritetspolicy Cookie-filer Om du l\u00e4mnar en kommentar [&hellip;]<\/p>\n","protected":false},"author":2,"featured_media":0,"parent":0,"menu_order":0,"comment_status":"closed","ping_status":"closed","template":"","meta":{"_acf_changed":false,"footnotes":""},"class_list":["post-6765","page","type-page","status-publish","hentry"],"acf":[],"yoast_head":"<!-- This site is optimized with the Yoast SEO plugin v26.8 - https:\/\/yoast.com\/product\/yoast-seo-wordpress\/ -->\n<title>Integritetspolicy - Scanmast<\/title>\n<meta name=\"robots\" content=\"index, follow, max-snippet:-1, max-image-preview:large, max-video-preview:-1\" \/>\n<link rel=\"canonical\" href=\"https:\/\/scanmast.com\/fi\/tietosuojakaytanto\/\" \/>\n<meta property=\"og:locale\" content=\"fi_FI\" \/>\n<meta property=\"og:type\" content=\"article\" \/>\n<meta property=\"og:title\" content=\"Integritetspolicy - Scanmast\" \/>\n<meta property=\"og:description\" content=\"I samband med att du \u00e4r i kontakt med Scanmast (Scanmast AB respektive Scanmast AS) om v\u00e5ra tj\u00e4nster och produkter f\u00f6rser du oss med vissa personuppgifter. Nedan via l\u00e4nken beskriver vi hur vi anv\u00e4nder, lagrar och p\u00e5 annat s\u00e4tt behandlar din information samt vilka r\u00e4ttigheter du har. Scanmasts integritetspolicy Cookie-filer Om du l\u00e4mnar en kommentar [&hellip;]\" \/>\n<meta property=\"og:url\" content=\"https:\/\/scanmast.com\/fi\/tietosuojakaytanto\/\" \/>\n<meta property=\"og:site_name\" content=\"Scanmast\" \/>\n<meta property=\"article:modified_time\" content=\"2025-03-24T13:54:02+00:00\" \/>\n<meta name=\"twitter:card\" content=\"summary_large_image\" \/>\n<meta name=\"twitter:label1\" content=\"Arvioitu lukuaika\" \/>\n\t<meta name=\"twitter:data1\" content=\"3 minuuttia\" \/>\n<script type=\"application\/ld+json\" class=\"yoast-schema-graph\">{\"@context\":\"https:\/\/schema.org\",\"@graph\":[{\"@type\":\"WebPage\",\"@id\":\"https:\/\/scanmast.com\/se\/integritetspolicy\/\",\"url\":\"https:\/\/scanmast.com\/se\/integritetspolicy\/\",\"name\":\"Integritetspolicy - Scanmast\",\"isPartOf\":{\"@id\":\"https:\/\/scanmast.com\/en\/#website\"},\"datePublished\":\"2025-03-24T13:53:20+00:00\",\"dateModified\":\"2025-03-24T13:54:02+00:00\",\"breadcrumb\":{\"@id\":\"https:\/\/scanmast.com\/se\/integritetspolicy\/#breadcrumb\"},\"inLanguage\":\"fi\",\"potentialAction\":[{\"@type\":\"ReadAction\",\"target\":[\"https:\/\/scanmast.com\/se\/integritetspolicy\/\"]}]},{\"@type\":\"BreadcrumbList\",\"@id\":\"https:\/\/scanmast.com\/se\/integritetspolicy\/#breadcrumb\",\"itemListElement\":[{\"@type\":\"ListItem\",\"position\":1,\"name\":\"Scanmast.se\",\"item\":\"https:\/\/scanmast.com\/en\/\"},{\"@type\":\"ListItem\",\"position\":2,\"name\":\"Integritetspolicy\"}]},{\"@type\":\"WebSite\",\"@id\":\"https:\/\/scanmast.com\/en\/#website\",\"url\":\"https:\/\/scanmast.com\/en\/\",\"name\":\"Scanmast\",\"description\":\"\",\"publisher\":{\"@id\":\"https:\/\/scanmast.com\/en\/#organization\"},\"potentialAction\":[{\"@type\":\"SearchAction\",\"target\":{\"@type\":\"EntryPoint\",\"urlTemplate\":\"https:\/\/scanmast.com\/en\/?s={search_term_string}\"},\"query-input\":{\"@type\":\"PropertyValueSpecification\",\"valueRequired\":true,\"valueName\":\"search_term_string\"}}],\"inLanguage\":\"fi\"},{\"@type\":\"Organization\",\"@id\":\"https:\/\/scanmast.com\/en\/#organization\",\"name\":\"Scanmast\",\"url\":\"https:\/\/scanmast.com\/en\/\",\"logo\":{\"@type\":\"ImageObject\",\"inLanguage\":\"fi\",\"@id\":\"https:\/\/scanmast.com\/en\/#\/schema\/logo\/image\/\",\"url\":\"https:\/\/scanmast.com\/wp-content\/uploads\/2025\/01\/scanmast_logotyp_utansymbol.svg\",\"contentUrl\":\"https:\/\/scanmast.com\/wp-content\/uploads\/2025\/01\/scanmast_logotyp_utansymbol.svg\",\"width\":19,\"height\":3,\"caption\":\"Scanmast\"},\"image\":{\"@id\":\"https:\/\/scanmast.com\/en\/#\/schema\/logo\/image\/\"}}]}<\/script>\n<!-- \/ Yoast SEO plugin. -->","yoast_head_json":{"title":"Tietosuojak\u00e4yt\u00e4nt\u00f6 - Scanmast","robots":{"index":"index","follow":"follow","max-snippet":"max-snippet:-1","max-image-preview":"max-image-preview:large","max-video-preview":"max-video-preview:-1"},"canonical":"https:\/\/scanmast.com\/fi\/tietosuojakaytanto\/","og_locale":"fi_FI","og_type":"article","og_title":"Integritetspolicy - Scanmast","og_description":"I samband med att du \u00e4r i kontakt med Scanmast (Scanmast AB respektive Scanmast AS) om v\u00e5ra tj\u00e4nster och produkter f\u00f6rser du oss med vissa personuppgifter. Nedan via l\u00e4nken beskriver vi hur vi anv\u00e4nder, lagrar och p\u00e5 annat s\u00e4tt behandlar din information samt vilka r\u00e4ttigheter du har. Scanmasts integritetspolicy Cookie-filer Om du l\u00e4mnar en kommentar [&hellip;]","og_url":"https:\/\/scanmast.com\/fi\/tietosuojakaytanto\/","og_site_name":"Scanmast","article_modified_time":"2025-03-24T13:54:02+00:00","twitter_card":"summary_large_image","twitter_misc":{"Arvioitu lukuaika":"3 minuuttia"},"schema":{"@context":"https:\/\/schema.org","@graph":[{"@type":"WebPage","@id":"https:\/\/scanmast.com\/se\/integritetspolicy\/","url":"https:\/\/scanmast.com\/se\/integritetspolicy\/","name":"Tietosuojak\u00e4yt\u00e4nt\u00f6 - Scanmast","isPartOf":{"@id":"https:\/\/scanmast.com\/en\/#website"},"datePublished":"2025-03-24T13:53:20+00:00","dateModified":"2025-03-24T13:54:02+00:00","breadcrumb":{"@id":"https:\/\/scanmast.com\/se\/integritetspolicy\/#breadcrumb"},"inLanguage":"fi","potentialAction":[{"@type":"ReadAction","target":["https:\/\/scanmast.com\/se\/integritetspolicy\/"]}]},{"@type":"BreadcrumbList","@id":"https:\/\/scanmast.com\/se\/integritetspolicy\/#breadcrumb","itemListElement":[{"@type":"ListItem","position":1,"name":"Scanmast.se","item":"https:\/\/scanmast.com\/en\/"},{"@type":"ListItem","position":2,"name":"Integritetspolicy"}]},{"@type":"WebSite","@id":"https:\/\/scanmast.com\/en\/#website","url":"https:\/\/scanmast.com\/en\/","name":"Scanmast","description":"","publisher":{"@id":"https:\/\/scanmast.com\/en\/#organization"},"potentialAction":[{"@type":"SearchAction","target":{"@type":"EntryPoint","urlTemplate":"https:\/\/scanmast.com\/en\/?s={search_term_string}"},"query-input":{"@type":"PropertyValueSpecification","valueRequired":true,"valueName":"search_term_string"}}],"inLanguage":"fi"},{"@type":"Organization","@id":"https:\/\/scanmast.com\/en\/#organization","name":"Scanmast","url":"https:\/\/scanmast.com\/en\/","logo":{"@type":"ImageObject","inLanguage":"fi","@id":"https:\/\/scanmast.com\/en\/#\/schema\/logo\/image\/","url":"https:\/\/scanmast.com\/wp-content\/uploads\/2025\/01\/scanmast_logotyp_utansymbol.svg","contentUrl":"https:\/\/scanmast.com\/wp-content\/uploads\/2025\/01\/scanmast_logotyp_utansymbol.svg","width":19,"height":3,"caption":"Scanmast"},"image":{"@id":"https:\/\/scanmast.com\/en\/#\/schema\/logo\/image\/"}}]}},"_links":{"self":[{"href":"https:\/\/scanmast.com\/fi\/wp-json\/wp\/v2\/pages\/6765","targetHints":{"allow":["GET"]}}],"collection":[{"href":"https:\/\/scanmast.com\/fi\/wp-json\/wp\/v2\/pages"}],"about":[{"href":"https:\/\/scanmast.com\/fi\/wp-json\/wp\/v2\/types\/page"}],"author":[{"embeddable":true,"href":"https:\/\/scanmast.com\/fi\/wp-json\/wp\/v2\/users\/2"}],"replies":[{"embeddable":true,"href":"https:\/\/scanmast.com\/fi\/wp-json\/wp\/v2\/comments?post=6765"}],"version-history":[{"count":0,"href":"https:\/\/scanmast.com\/fi\/wp-json\/wp\/v2\/pages\/6765\/revisions"}],"wp:attachment":[{"href":"https:\/\/scanmast.com\/fi\/wp-json\/wp\/v2\/media?parent=6765"}],"curies":[{"name":"wp","href":"https:\/\/api.w.org\/{rel}","templated":true}]}}