{"id":6760,"date":"2025-03-24T13:49:08","date_gmt":"2025-03-24T13:49:08","guid":{"rendered":"https:\/\/scanmast.com\/?page_id=6760"},"modified":"2025-04-04T12:16:11","modified_gmt":"2025-04-04T12:16:11","slug":"ilmiantaminen","status":"publish","type":"page","link":"https:\/\/scanmast.com\/fi\/ilmiantaminen\/","title":{"rendered":"Ilmoitusvelvollisuus"},"content":{"rendered":"<div data-elementor-type=\"wp-page\" data-elementor-id=\"6760\" class=\"elementor elementor-6760\" data-elementor-post-type=\"page\">\n\t\t\t\t<div class=\"elementor-element elementor-element-af445cb e-flex e-con-boxed e-con e-parent\" data-id=\"af445cb\" data-element_type=\"container\" data-e-type=\"container\">\n\t\t\t\t\t<div class=\"e-con-inner\">\n\t\t\t\t<div class=\"elementor-element elementor-element-8897591 elementor-widget elementor-widget-heading\" data-id=\"8897591\" data-element_type=\"widget\" data-e-type=\"widget\" data-widget_type=\"heading.default\">\n\t\t\t\t<div class=\"elementor-widget-container\">\n\t\t\t\t\t<h1 class=\"elementor-heading-title elementor-size-default\">Ilmoitusvelvollisuus<\/h1>\t\t\t\t<\/div>\n\t\t\t\t<\/div>\n\t\t\t\t<div class=\"elementor-element elementor-element-3a8dfe8 elementor-widget elementor-widget-text-editor\" data-id=\"3a8dfe8\" data-element_type=\"widget\" data-e-type=\"widget\" data-widget_type=\"text-editor.default\">\n\t\t\t\t<div class=\"elementor-widget-container\">\n\t\t\t\t\t\t\t\t\t<p>Pyrimme jatkuvasti parantamaan toimintaamme ja est\u00e4m\u00e4\u00e4n vakavia v\u00e4\u00e4rink\u00e4yt\u00f6ksi\u00e4 organisaatiossamme.  Kannustamme tunnistamaan ja raportoimaan aktiivisesti kaikista organisaatiossa tapahtuvista v\u00e4\u00e4rink\u00e4yt\u00f6ksist\u00e4 tai puutteista.  H\u00e4lytyksen tekeminen t\u00e4llaisista asioista on meille t\u00e4rke\u00e4\u00e4, sill\u00e4 se auttaa meit\u00e4 yll\u00e4pit\u00e4m\u00e4\u00e4n korkeatasoista liiketoimintaetiikkaa ja varmistamaan, ett\u00e4 toimimme perusarvojemme mukaisesti.<\/p>\n<p><strong>Milloin ilmiantotoimintoa olisi k\u00e4ytett\u00e4v\u00e4?<br><\/strong>T\u00e4t\u00e4 toimintoa tulisi k\u00e4ytt\u00e4\u00e4, jos ep\u00e4ilet, ett\u00e4 organisaatiossasi tapahtuu vakavia v\u00e4\u00e4rink\u00e4yt\u00f6ksi\u00e4. S\u00e4\u00e4nt\u00f6jenvastaisuus voi olla esimerkiksi:<\/p>\n<ul>\n<li>lahjus<\/li>\n<li>petos<\/li>\n<li>kavallus<\/li>\n<li>varkaus, korruptio<\/li>\n<li>lainrikkomukset tai yksik\u00f6n sis\u00e4isten s\u00e4\u00e4nt\u00f6jen ja ohjeiden vakavat rikkomiset.<\/li>\n<li>tai muut vastaavat v\u00e4\u00e4rink\u00e4yt\u00f6kset<\/li>\n<\/ul>\n<p>Ilmoittajalla on v\u00e4\u00e4rink\u00e4yt\u00f6ksest\u00e4 ilmoittaessaan oltava perusteltu syy uskoa, ett\u00e4 tiedot v\u00e4\u00e4rink\u00e4yt\u00f6ksest\u00e4 ovat totta.<\/p>\n<p><strong>Kuka voi tehd\u00e4 ilmoituksen?<\/strong><br>Sinulla ty\u00f6ntekij\u00e4n\u00e4 ei ole pelk\u00e4st\u00e4\u00e4n oikeus tehd\u00e4 ilmiantoja. Jos kuulut johonkin seuraavista henkil\u00f6ryhmist\u00e4, sinulla on my\u00f6s oikeus tehd\u00e4 ilmiantoja, ja sinulle on n\u00e4in ollen my\u00f6s tiedotettu ilmiantomenettelyist\u00e4mme:<\/p>\n<ul>\n<li>Jos teet tiedustelun tai haet ty\u00f6paikkaa meilt\u00e4.<\/li>\n<li>Jos haet meille t\u00f6ihin tai toimit vapaaehtoisena<\/li>\n<li>Jos olet hakemassa tai suorittamassa harjoittelua kanssamme.<\/li>\n<li>Sin\u00e4, joka olet muutoin k\u00e4ytett\u00e4viss\u00e4 suorittamaan tai tekem\u00e4\u00e4n ty\u00f6t\u00e4 meid\u00e4n valvonnassamme ja johdollamme.<\/li>\n<li>Jos olet itsen\u00e4inen ammatinharjoittaja ja haet tai suoritat toimeksiantoja meille.<\/li>\n<li>Jos olet k\u00e4ytett\u00e4viss\u00e4si tai kuulut kanssamme toimivan yrityksen hallinto-, johto- tai valvontaelimeen.<\/li>\n<li>Jos kuulut johonkin edell\u00e4 mainittuihin henkil\u00f6ryhmiin ja olet saanut tai hankkinut tietoja organisaatiomme palveluksessa ollessasi.<br><br><\/li>\n<\/ul>\n<p><strong>Kenelle voidaan ilmoittaa?<br><\/strong>Ilmoitetun henkil\u00f6n tulisi olla yrityksess\u00e4 johtavassa tai avainasemassa, esimerkiksi ylempi johtaja tai henkil\u00f6, joka vastaa suurista hankinnoista tai muista liiketoiminnan kannalta kriittisist\u00e4 toiminnoista.<\/p>\n<p><strong>Milloin toiminto&nbsp;<em>ei<\/em>&nbsp;k\u00e4ytet\u00e4\u00e4n?<br><\/strong>Sit\u00e4 ei ole tarkoitettu yleisempiin kommentteihin esimerkiksi johtamisesta, ty\u00f6ymp\u00e4rist\u00f6st\u00e4 tai organisaatiosuunnittelusta. Se ei my\u00f6sk\u00e4\u00e4n sovellu yksitt\u00e4isi\u00e4 henkil\u00f6it\u00e4 koskevien arkaluonteisten henkil\u00f6st\u00f6asioiden raportointiin. T\u00e4llaiset asiat on sen sijaan k\u00e4sitelt\u00e4v\u00e4 organisaation sis\u00e4ll\u00e4. Ota yhteytt\u00e4&nbsp;<a href=\"mailto:info@scanmast.com\">info@scanmast.com<\/a>&nbsp;saada yhteys oikeaan henkil\u00f6\u00f6n, joka on vastuussa tapauksesta.<\/p>\n<p><strong>Ilmoitus v\u00e4\u00e4rink\u00e4yt\u00f6ksest\u00e4<br><\/strong>K\u00e4yt\u00e4mme omistajiemme, Volati AB:n ilmiantotoimintoa.<br>K\u00e4yt\u00e4 alla olevaa linkki\u00e4 hakemuksen tekemiseen:<\/p>\n<p><a href=\"https:\/\/eur04.safelinks.protection.outlook.com\/?url=https%3A%2F%2Fwww.volati.se%2Fsv%2Fhallbarhet%2Fvisselblasning.aspx&amp;data=05%7C02%7Cjonas.sahlander%40mafigroup.com%7Cabfacdb12e4843f1038a08dd5c945775%7Ca94ab3b5d79c4709bb0f69d952e0b59c%7C1%7C0%7C638768514375550237%7CUnknown%7CTWFpbGZsb3d8eyJFbXB0eU1hcGkiOnRydWUsIlYiOiIwLjAuMDAwMCIsIlAiOiJXaW4zMiIsIkFOIjoiTWFpbCIsIldUIjoyfQ%3D%3D%7C0%7C%7C%7C&amp;sdata=nEk6JaLcRyLZLgaI3pZZkb6V2P1dqNV3vQXYbmDN578%3D&amp;reserved=0\">https:\/\/www.volati.se\/sv\/hallbarhet\/visselblasning.aspx<\/a><\/p>\t\t\t\t\t\t\t\t<\/div>\n\t\t\t\t<\/div>\n\t\t\t\t\t<\/div>\n\t\t\t\t<\/div>\n\t\t\t\t<\/div>","protected":false},"excerpt":{"rendered":"<p>Vi str\u00e4var efter att st\u00e4ndigt f\u00f6rb\u00e4ttra och f\u00f6rebygga att allvarliga missf\u00f6rh\u00e5llanden f\u00f6rekommer i verksamheten.&nbsp; Vi uppmuntrar att aktivt uppm\u00e4rksamma och rapportera eventuella missf\u00f6rh\u00e5llanden eller brister inom organisationen.&nbsp; Att sl\u00e5 larm om s\u00e5dana problem \u00e4r viktigt f\u00f6r oss eftersom det hj\u00e4lper oss att uppr\u00e4tth\u00e5lla en h\u00f6g niv\u00e5 av aff\u00e4rsetik och s\u00e4kerst\u00e4lla att vi agerar i enlighet [&hellip;]<\/p>\n","protected":false},"author":2,"featured_media":0,"parent":0,"menu_order":0,"comment_status":"closed","ping_status":"closed","template":"","meta":{"_acf_changed":false,"footnotes":""},"class_list":["post-6760","page","type-page","status-publish","hentry"],"acf":[],"yoast_head":"<!-- This site is optimized with the Yoast SEO plugin v26.8 - https:\/\/yoast.com\/product\/yoast-seo-wordpress\/ -->\n<title>Visselbl\u00e5sning - Scanmast<\/title>\n<meta name=\"robots\" content=\"index, follow, max-snippet:-1, max-image-preview:large, max-video-preview:-1\" \/>\n<link rel=\"canonical\" href=\"https:\/\/scanmast.com\/fi\/ilmiantaminen\/\" \/>\n<meta property=\"og:locale\" content=\"fi_FI\" \/>\n<meta property=\"og:type\" content=\"article\" \/>\n<meta property=\"og:title\" content=\"Visselbl\u00e5sning - Scanmast\" \/>\n<meta property=\"og:description\" content=\"Vi str\u00e4var efter att st\u00e4ndigt f\u00f6rb\u00e4ttra och f\u00f6rebygga att allvarliga missf\u00f6rh\u00e5llanden f\u00f6rekommer i verksamheten.&nbsp; Vi uppmuntrar att aktivt uppm\u00e4rksamma och rapportera eventuella missf\u00f6rh\u00e5llanden eller brister inom organisationen.&nbsp; Att sl\u00e5 larm om s\u00e5dana problem \u00e4r viktigt f\u00f6r oss eftersom det hj\u00e4lper oss att uppr\u00e4tth\u00e5lla en h\u00f6g niv\u00e5 av aff\u00e4rsetik och s\u00e4kerst\u00e4lla att vi agerar i enlighet [&hellip;]\" \/>\n<meta property=\"og:url\" content=\"https:\/\/scanmast.com\/fi\/ilmiantaminen\/\" \/>\n<meta property=\"og:site_name\" content=\"Scanmast\" \/>\n<meta property=\"article:modified_time\" content=\"2025-04-04T12:16:11+00:00\" \/>\n<meta name=\"twitter:card\" content=\"summary_large_image\" \/>\n<meta name=\"twitter:label1\" content=\"Arvioitu lukuaika\" \/>\n\t<meta name=\"twitter:data1\" content=\"2 minuuttia\" \/>\n<script type=\"application\/ld+json\" class=\"yoast-schema-graph\">{\"@context\":\"https:\/\/schema.org\",\"@graph\":[{\"@type\":\"WebPage\",\"@id\":\"https:\/\/scanmast.com\/se\/visselblasning\/\",\"url\":\"https:\/\/scanmast.com\/se\/visselblasning\/\",\"name\":\"Visselbl\u00e5sning - Scanmast\",\"isPartOf\":{\"@id\":\"https:\/\/scanmast.com\/en\/#website\"},\"datePublished\":\"2025-03-24T13:49:08+00:00\",\"dateModified\":\"2025-04-04T12:16:11+00:00\",\"breadcrumb\":{\"@id\":\"https:\/\/scanmast.com\/se\/visselblasning\/#breadcrumb\"},\"inLanguage\":\"fi\",\"potentialAction\":[{\"@type\":\"ReadAction\",\"target\":[\"https:\/\/scanmast.com\/se\/visselblasning\/\"]}]},{\"@type\":\"BreadcrumbList\",\"@id\":\"https:\/\/scanmast.com\/se\/visselblasning\/#breadcrumb\",\"itemListElement\":[{\"@type\":\"ListItem\",\"position\":1,\"name\":\"Scanmast.se\",\"item\":\"https:\/\/scanmast.com\/en\/\"},{\"@type\":\"ListItem\",\"position\":2,\"name\":\"Visselbl\u00e5sning\"}]},{\"@type\":\"WebSite\",\"@id\":\"https:\/\/scanmast.com\/en\/#website\",\"url\":\"https:\/\/scanmast.com\/en\/\",\"name\":\"Scanmast\",\"description\":\"\",\"publisher\":{\"@id\":\"https:\/\/scanmast.com\/en\/#organization\"},\"potentialAction\":[{\"@type\":\"SearchAction\",\"target\":{\"@type\":\"EntryPoint\",\"urlTemplate\":\"https:\/\/scanmast.com\/en\/?s={search_term_string}\"},\"query-input\":{\"@type\":\"PropertyValueSpecification\",\"valueRequired\":true,\"valueName\":\"search_term_string\"}}],\"inLanguage\":\"fi\"},{\"@type\":\"Organization\",\"@id\":\"https:\/\/scanmast.com\/en\/#organization\",\"name\":\"Scanmast\",\"url\":\"https:\/\/scanmast.com\/en\/\",\"logo\":{\"@type\":\"ImageObject\",\"inLanguage\":\"fi\",\"@id\":\"https:\/\/scanmast.com\/en\/#\/schema\/logo\/image\/\",\"url\":\"https:\/\/scanmast.com\/wp-content\/uploads\/2025\/01\/scanmast_logotyp_utansymbol.svg\",\"contentUrl\":\"https:\/\/scanmast.com\/wp-content\/uploads\/2025\/01\/scanmast_logotyp_utansymbol.svg\",\"width\":19,\"height\":3,\"caption\":\"Scanmast\"},\"image\":{\"@id\":\"https:\/\/scanmast.com\/en\/#\/schema\/logo\/image\/\"}}]}<\/script>\n<!-- \/ Yoast SEO plugin. -->","yoast_head_json":{"title":"Ilmiantajaksi ilmoittaminen - Scanmast","robots":{"index":"index","follow":"follow","max-snippet":"max-snippet:-1","max-image-preview":"max-image-preview:large","max-video-preview":"max-video-preview:-1"},"canonical":"https:\/\/scanmast.com\/fi\/ilmiantaminen\/","og_locale":"fi_FI","og_type":"article","og_title":"Visselbl\u00e5sning - Scanmast","og_description":"Vi str\u00e4var efter att st\u00e4ndigt f\u00f6rb\u00e4ttra och f\u00f6rebygga att allvarliga missf\u00f6rh\u00e5llanden f\u00f6rekommer i verksamheten.&nbsp; Vi uppmuntrar att aktivt uppm\u00e4rksamma och rapportera eventuella missf\u00f6rh\u00e5llanden eller brister inom organisationen.&nbsp; Att sl\u00e5 larm om s\u00e5dana problem \u00e4r viktigt f\u00f6r oss eftersom det hj\u00e4lper oss att uppr\u00e4tth\u00e5lla en h\u00f6g niv\u00e5 av aff\u00e4rsetik och s\u00e4kerst\u00e4lla att vi agerar i enlighet [&hellip;]","og_url":"https:\/\/scanmast.com\/fi\/ilmiantaminen\/","og_site_name":"Scanmast","article_modified_time":"2025-04-04T12:16:11+00:00","twitter_card":"summary_large_image","twitter_misc":{"Arvioitu lukuaika":"2 minuuttia"},"schema":{"@context":"https:\/\/schema.org","@graph":[{"@type":"WebPage","@id":"https:\/\/scanmast.com\/se\/visselblasning\/","url":"https:\/\/scanmast.com\/se\/visselblasning\/","name":"Ilmiantajaksi ilmoittaminen - Scanmast","isPartOf":{"@id":"https:\/\/scanmast.com\/en\/#website"},"datePublished":"2025-03-24T13:49:08+00:00","dateModified":"2025-04-04T12:16:11+00:00","breadcrumb":{"@id":"https:\/\/scanmast.com\/se\/visselblasning\/#breadcrumb"},"inLanguage":"fi","potentialAction":[{"@type":"ReadAction","target":["https:\/\/scanmast.com\/se\/visselblasning\/"]}]},{"@type":"BreadcrumbList","@id":"https:\/\/scanmast.com\/se\/visselblasning\/#breadcrumb","itemListElement":[{"@type":"ListItem","position":1,"name":"Scanmast.se","item":"https:\/\/scanmast.com\/en\/"},{"@type":"ListItem","position":2,"name":"Visselbl\u00e5sning"}]},{"@type":"WebSite","@id":"https:\/\/scanmast.com\/en\/#website","url":"https:\/\/scanmast.com\/en\/","name":"Scanmast","description":"","publisher":{"@id":"https:\/\/scanmast.com\/en\/#organization"},"potentialAction":[{"@type":"SearchAction","target":{"@type":"EntryPoint","urlTemplate":"https:\/\/scanmast.com\/en\/?s={search_term_string}"},"query-input":{"@type":"PropertyValueSpecification","valueRequired":true,"valueName":"search_term_string"}}],"inLanguage":"fi"},{"@type":"Organization","@id":"https:\/\/scanmast.com\/en\/#organization","name":"Scanmast","url":"https:\/\/scanmast.com\/en\/","logo":{"@type":"ImageObject","inLanguage":"fi","@id":"https:\/\/scanmast.com\/en\/#\/schema\/logo\/image\/","url":"https:\/\/scanmast.com\/wp-content\/uploads\/2025\/01\/scanmast_logotyp_utansymbol.svg","contentUrl":"https:\/\/scanmast.com\/wp-content\/uploads\/2025\/01\/scanmast_logotyp_utansymbol.svg","width":19,"height":3,"caption":"Scanmast"},"image":{"@id":"https:\/\/scanmast.com\/en\/#\/schema\/logo\/image\/"}}]}},"_links":{"self":[{"href":"https:\/\/scanmast.com\/fi\/wp-json\/wp\/v2\/pages\/6760","targetHints":{"allow":["GET"]}}],"collection":[{"href":"https:\/\/scanmast.com\/fi\/wp-json\/wp\/v2\/pages"}],"about":[{"href":"https:\/\/scanmast.com\/fi\/wp-json\/wp\/v2\/types\/page"}],"author":[{"embeddable":true,"href":"https:\/\/scanmast.com\/fi\/wp-json\/wp\/v2\/users\/2"}],"replies":[{"embeddable":true,"href":"https:\/\/scanmast.com\/fi\/wp-json\/wp\/v2\/comments?post=6760"}],"version-history":[{"count":3,"href":"https:\/\/scanmast.com\/fi\/wp-json\/wp\/v2\/pages\/6760\/revisions"}],"predecessor-version":[{"id":8136,"href":"https:\/\/scanmast.com\/fi\/wp-json\/wp\/v2\/pages\/6760\/revisions\/8136"}],"wp:attachment":[{"href":"https:\/\/scanmast.com\/fi\/wp-json\/wp\/v2\/media?parent=6760"}],"curies":[{"name":"wp","href":"https:\/\/api.w.org\/{rel}","templated":true}]}}