{"id":3849,"date":"2025-03-08T20:16:26","date_gmt":"2025-03-08T20:16:26","guid":{"rendered":"https:\/\/scanmast.com\/?page_id=3849"},"modified":"2025-04-14T11:33:18","modified_gmt":"2025-04-14T11:33:18","slug":"yritys","status":"publish","type":"page","link":"https:\/\/scanmast.com\/fi\/yritys\/","title":{"rendered":"Rakentaminen"},"content":{"rendered":"<div data-elementor-type=\"wp-page\" data-elementor-id=\"3849\" class=\"elementor elementor-3849\" data-elementor-post-type=\"page\">\n\t\t\t\t<div class=\"elementor-element elementor-element-3184b91 e-con-full e-flex e-con e-parent\" data-id=\"3184b91\" data-element_type=\"container\" data-e-type=\"container\">\n\t\t\t\t<div class=\"elementor-element elementor-element-b7ecc84 elementor-widget elementor-widget-spacer\" data-id=\"b7ecc84\" data-element_type=\"widget\" data-e-type=\"widget\" data-widget_type=\"spacer.default\">\n\t\t\t\t<div class=\"elementor-widget-container\">\n\t\t\t\t\t\t\t<div class=\"elementor-spacer\">\n\t\t\t<div class=\"elementor-spacer-inner\"><\/div>\n\t\t<\/div>\n\t\t\t\t\t\t<\/div>\n\t\t\t\t<\/div>\n\t\t\t\t<\/div>\n\t\t<div class=\"elementor-element elementor-element-4e8a6b2 e-flex e-con-boxed e-con e-parent\" data-id=\"4e8a6b2\" data-element_type=\"container\" data-e-type=\"container\" data-settings=\"{&quot;background_background&quot;:&quot;classic&quot;}\">\n\t\t\t\t\t<div class=\"e-con-inner\">\n\t\t<div class=\"elementor-element elementor-element-17c73c5 e-con-full e-flex e-con e-child\" data-id=\"17c73c5\" data-element_type=\"container\" data-e-type=\"container\" data-settings=\"{&quot;background_background&quot;:&quot;classic&quot;}\">\n\t\t\t\t<div class=\"elementor-element elementor-element-4b710e2 elementor-widget elementor-widget-image\" data-id=\"4b710e2\" data-element_type=\"widget\" data-e-type=\"widget\" data-widget_type=\"image.default\">\n\t\t\t\t<div class=\"elementor-widget-container\">\n\t\t\t\t\t\t\t\t\t\t\t\t\t\t\t<img fetchpriority=\"high\" decoding=\"async\" width=\"1104\" height=\"860\" src=\"https:\/\/scanmast.com\/wp-content\/uploads\/2025\/03\/entreprenad5.jpg\" class=\"attachment-full size-full wp-image-5435\" alt=\"\" srcset=\"https:\/\/scanmast.com\/wp-content\/uploads\/2025\/03\/entreprenad5.jpg 1104w, https:\/\/scanmast.com\/wp-content\/uploads\/2025\/03\/entreprenad5-456x355.jpg 456w, https:\/\/scanmast.com\/wp-content\/uploads\/2025\/03\/entreprenad5-721x562.jpg 721w, https:\/\/scanmast.com\/wp-content\/uploads\/2025\/03\/entreprenad5-300x234.jpg 300w, https:\/\/scanmast.com\/wp-content\/uploads\/2025\/03\/entreprenad5-1024x798.jpg 1024w, https:\/\/scanmast.com\/wp-content\/uploads\/2025\/03\/entreprenad5-768x598.jpg 768w, https:\/\/scanmast.com\/wp-content\/uploads\/2025\/03\/entreprenad5-15x12.jpg 15w\" sizes=\"(max-width: 1104px) 100vw, 1104px\" \/>\t\t\t\t\t\t\t\t\t\t\t\t\t\t\t<\/div>\n\t\t\t\t<\/div>\n\t\t\t\t<\/div>\n\t\t<div class=\"elementor-element elementor-element-c1ba093 e-con-full e-flex e-con e-child\" data-id=\"c1ba093\" data-element_type=\"container\" data-e-type=\"container\">\n\t\t\t\t<div class=\"elementor-element elementor-element-3524317 parent-cat elementor-icon-list--layout-traditional elementor-list-item-link-full_width elementor-widget elementor-widget-icon-list\" data-id=\"3524317\" data-element_type=\"widget\" data-e-type=\"widget\" data-widget_type=\"icon-list.default\">\n\t\t\t\t<div class=\"elementor-widget-container\">\n\t\t\t\t\t\t\t<ul class=\"elementor-icon-list-items\">\n\t\t\t\t\t\t\t<li class=\"elementor-icon-list-item\">\n\t\t\t\t\t\t\t\t\t\t\t<a href=\"https:\/\/scanmast.com\/fi\/tavarat-palvelut\/\">\n\n\t\t\t\t\t\t\t\t\t\t\t\t<span class=\"elementor-icon-list-icon\">\n\t\t\t\t\t\t\t<svg xmlns=\"http:\/\/www.w3.org\/2000\/svg\" id=\"uuid-b9029fdc-02de-4b69-bcb6-8cfef79a1f66\" data-name=\"Lager 1\" viewbox=\"0 0 9.3 10\"><defs><style>      .uuid-11c728b0-0004-4730-a8d2-05f5867d3029 {        fill: #1a1a3c;      }    <\/style><\/defs><polygon class=\"uuid-11c728b0-0004-4730-a8d2-05f5867d3029\" points=\"4.3 0 3.6 .7 7.3 4.5 0 4.5 0 5.5 7.3 5.5 3.6 9.3 4.3 10 9.3 5 4.3 0\"><\/polygon><\/svg>\t\t\t\t\t\t<\/span>\n\t\t\t\t\t\t\t\t\t\t<span class=\"elementor-icon-list-text\">Palvelumme<\/span>\n\t\t\t\t\t\t\t\t\t\t\t<\/a>\n\t\t\t\t\t\t\t\t\t<\/li>\n\t\t\t\t\t\t<\/ul>\n\t\t\t\t\t\t<\/div>\n\t\t\t\t<\/div>\n\t\t\t\t<div class=\"elementor-element elementor-element-0e9123f elementor-widget elementor-widget-heading\" data-id=\"0e9123f\" data-element_type=\"widget\" data-e-type=\"widget\" data-widget_type=\"heading.default\">\n\t\t\t\t<div class=\"elementor-widget-container\">\n\t\t\t\t\t<h1 class=\"elementor-heading-title elementor-size-default\">Rakentaminen<\/h1>\t\t\t\t<\/div>\n\t\t\t\t<\/div>\n\t\t\t\t<div class=\"elementor-element elementor-element-921d6d5 elementor-widget elementor-widget-text-editor\" data-id=\"921d6d5\" data-element_type=\"widget\" data-e-type=\"widget\" data-widget_type=\"text-editor.default\">\n\t\t\t\t<div class=\"elementor-widget-container\">\n\t\t\t\t\t\t\t\t\t<p>Me Scanmastilla teemme kaikenlaisia t\u00f6it\u00e4, jotka liittyv\u00e4t kokoamiimme ja asentamiimme ristikoiden rakenteisiin. N\u00e4ihin kuuluu yleens\u00e4 perustusten kaivaminen ja s\u00e4hk\u00f6-, kuitu-, s\u00e4hk\u00f6- ja tietoliikenneasennukset.<\/p>\t\t\t\t\t\t\t\t<\/div>\n\t\t\t\t<\/div>\n\t\t\t\t<div class=\"elementor-element elementor-element-6b7bdfe elementor-widget elementor-widget-button\" data-id=\"6b7bdfe\" data-element_type=\"widget\" data-e-type=\"widget\" data-widget_type=\"button.default\">\n\t\t\t\t<div class=\"elementor-widget-container\">\n\t\t\t\t\t\t\t\t\t<div class=\"elementor-button-wrapper\">\n\t\t\t\t\t<a class=\"elementor-button elementor-button-link elementor-size-sm\" href=\"https:\/\/scanmast.com\/fi\/ota-yhteytta\/\">\n\t\t\t\t\t\t<span class=\"elementor-button-content-wrapper\">\n\t\t\t\t\t\t\t\t\t<span class=\"elementor-button-text\">Ota meihin yhteytt\u00e4 osoitteessa<\/span>\n\t\t\t\t\t<\/span>\n\t\t\t\t\t<\/a>\n\t\t\t\t<\/div>\n\t\t\t\t\t\t\t\t<\/div>\n\t\t\t\t<\/div>\n\t\t\t\t<\/div>\n\t\t\t\t\t<\/div>\n\t\t\t\t<\/div>\n\t\t<div class=\"elementor-element elementor-element-1056bd2 elementor-hidden-mobile e-flex e-con-boxed e-con e-child\" data-id=\"1056bd2\" data-element_type=\"container\" data-e-type=\"container\" data-settings=\"{&quot;background_background&quot;:&quot;classic&quot;}\">\n\t\t\t\t\t<div class=\"e-con-inner\">\n\t\t<div class=\"elementor-element elementor-element-1a78f13 e-flex e-con-boxed e-con e-child\" data-id=\"1a78f13\" data-element_type=\"container\" data-e-type=\"container\">\n\t\t\t\t\t<div class=\"e-con-inner\">\n\t\t<div class=\"elementor-element elementor-element-01d5e21 e-con-full e-flex e-con e-child\" data-id=\"01d5e21\" data-element_type=\"container\" data-e-type=\"container\">\n\t\t<div class=\"elementor-element elementor-element-d5fb699 e-con-full e-flex e-con e-child\" data-id=\"d5fb699\" data-element_type=\"container\" data-e-type=\"container\" data-settings=\"{&quot;background_background&quot;:&quot;classic&quot;}\">\n\t\t\t\t<div class=\"elementor-element elementor-element-8acb7ab elementor-widget elementor-widget-heading\" data-id=\"8acb7ab\" data-element_type=\"widget\" data-e-type=\"widget\" data-widget_type=\"heading.default\">\n\t\t\t\t<div class=\"elementor-widget-container\">\n\t\t\t\t\t<p class=\"elementor-heading-title elementor-size-default\"><a href=\"https:\/\/scanmast.com\/fi\/\">scanmast.com<\/a><\/p>\t\t\t\t<\/div>\n\t\t\t\t<\/div>\n\t\t\t\t<div class=\"elementor-element elementor-element-fca1594 thin-link elementor-widget elementor-widget-heading\" data-id=\"fca1594\" data-element_type=\"widget\" data-e-type=\"widget\" data-widget_type=\"heading.default\">\n\t\t\t\t<div class=\"elementor-widget-container\">\n\t\t\t\t\t<p class=\"elementor-heading-title elementor-size-default\"><a href=\"https:\/\/scanmast.com\/fi\/tavarat-palvelut\/\">\/ Palvelumme \/ <\/a><\/p>\t\t\t\t<\/div>\n\t\t\t\t<\/div>\n\t\t\t\t<div class=\"elementor-element elementor-element-a94c00b thin-link elementor-widget elementor-widget-heading\" data-id=\"a94c00b\" data-element_type=\"widget\" data-e-type=\"widget\" data-widget_type=\"heading.default\">\n\t\t\t\t<div class=\"elementor-widget-container\">\n\t\t\t\t\t<p class=\"elementor-heading-title elementor-size-default\">Rakentaminen<\/p>\t\t\t\t<\/div>\n\t\t\t\t<\/div>\n\t\t\t\t<\/div>\n\t\t\t\t<\/div>\n\t\t\t\t\t<\/div>\n\t\t\t\t<\/div>\n\t\t\t\t\t<\/div>\n\t\t\t\t<\/div>\n\t\t<div class=\"elementor-element elementor-element-e43f8f5 e-flex e-con-boxed e-con e-child\" data-id=\"e43f8f5\" data-element_type=\"container\" data-e-type=\"container\" data-settings=\"{&quot;background_background&quot;:&quot;classic&quot;}\">\n\t\t\t\t\t<div class=\"e-con-inner\">\n\t\t<div class=\"elementor-element elementor-element-78c5c66 e-con-full e-flex e-con e-child\" data-id=\"78c5c66\" data-element_type=\"container\" data-e-type=\"container\">\n\t\t<div class=\"elementor-element elementor-element-a80932f e-con-full e-flex e-con e-child\" data-id=\"a80932f\" data-element_type=\"container\" data-e-type=\"container\">\n\t\t\t\t<div class=\"elementor-element elementor-element-e5c93c6 elementor-widget elementor-widget-heading\" data-id=\"e5c93c6\" data-element_type=\"widget\" data-e-type=\"widget\" data-widget_type=\"heading.default\">\n\t\t\t\t<div class=\"elementor-widget-container\">\n\t\t\t\t\t<h2 class=\"elementor-heading-title elementor-size-default\">Tehokkuus<\/h2>\t\t\t\t<\/div>\n\t\t\t\t<\/div>\n\t\t\t\t<div class=\"elementor-element elementor-element-3acb56e elementor-widget elementor-widget-text-editor\" data-id=\"3acb56e\" data-element_type=\"widget\" data-e-type=\"widget\" data-widget_type=\"text-editor.default\">\n\t\t\t\t<div class=\"elementor-widget-container\">\n\t\t\t\t\t\t\t\t\t<p>Jotta rakentamamme infrastruktuuri olisi pitk\u00e4ik\u00e4inen, on t\u00e4rke\u00e4\u00e4 tehd\u00e4 se alusta alkaen oikein. Kun uusia tietoliikennemastoja, valaistusmastoja tai teollisuus- ja turvallisuusmastoja rakennetaan, tekniikka on yleens\u00e4 huomioitava niiden yhteyteen. Meill\u00e4 on sek\u00e4 asiantuntemusta ett\u00e4 kokemusta urakan toteuttamiseen yhdess\u00e4 ristikkorakenteidemme kanssa.<\/p><p>Usein tarvitaan suuria ponnisteluja, jotta p\u00e4\u00e4sy kohteeseen voidaan varmistaa. T\u00e4m\u00e4 voi edellytt\u00e4\u00e4 kulkutien rakentamista liikkuvia nostureita ja muuta raskasta kalustoa varten. Maaper\u00e4n valmisteluun voi kuulua my\u00f6s maaper\u00e4n vaihtaminen, paalutus vakauden lis\u00e4\u00e4miseksi, kaivantojen kaivaminen kuivatuksen parantamiseksi ja tarvittaessa r\u00e4j\u00e4ytykset.<\/p><p>Painotamme suuresti ymp\u00e4rist\u00f6vaikutusten minimoimista koko prosessin ajan sek\u00e4 ty\u00f6alueen ja maan kunnostamista hankkeen p\u00e4\u00e4tytty\u00e4. Kokenut tiimimme voi hallita kaikkia n\u00e4it\u00e4 hankkeen osa-alueita valmistelevista maanrakennust\u00f6ist\u00e4 lopulliseen kunnostukseen. Tarjoamme kattavan ratkaisun, jolla varmistetaan, ett\u00e4 prosessin jokainen vaihe toteutetaan ammattimaisesti ja vastuullisesti.<\/p>\t\t\t\t\t\t\t\t<\/div>\n\t\t\t\t<\/div>\n\t\t\t\t<div class=\"elementor-element elementor-element-4c71332 elementor-widget elementor-widget-heading\" data-id=\"4c71332\" data-element_type=\"widget\" data-e-type=\"widget\" data-widget_type=\"heading.default\">\n\t\t\t\t<div class=\"elementor-widget-container\">\n\t\t\t\t\t<h3 class=\"elementor-heading-title elementor-size-default\">Perustusten kaivaminen ja valaminen<\/h3>\t\t\t\t<\/div>\n\t\t\t\t<\/div>\n\t\t\t\t<div class=\"elementor-element elementor-element-9b8f91d elementor-widget elementor-widget-text-editor\" data-id=\"9b8f91d\" data-element_type=\"widget\" data-e-type=\"widget\" data-widget_type=\"text-editor.default\">\n\t\t\t\t<div class=\"elementor-widget-container\">\n\t\t\t\t\t\t\t\t\tTeemme maanrakennust\u00f6it\u00e4 kaikilla liiketoiminta-alueillamme ja eri ty\u00f6mailla tarvittavia perustuksia varten. Kaivamme tehdasvalmisteiset perustukset pienemmille mastoillemme ja suuremmille mastoillemme valamme my\u00f6s perustukset, teemme muotit, raudoitamme ja valamme betonin.\t\t\t\t\t\t\t\t<\/div>\n\t\t\t\t<\/div>\n\t\t\t\t<div class=\"elementor-element elementor-element-417c4b2 elementor-widget elementor-widget-heading\" data-id=\"417c4b2\" data-element_type=\"widget\" data-e-type=\"widget\" data-widget_type=\"heading.default\">\n\t\t\t\t<div class=\"elementor-widget-container\">\n\t\t\t\t\t<h3 class=\"elementor-heading-title elementor-size-default\">Maanrakennusty\u00f6t s\u00e4hk\u00f6\u00e4 varten<\/h3>\t\t\t\t<\/div>\n\t\t\t\t<\/div>\n\t\t\t\t<div class=\"elementor-element elementor-element-d04dd41 elementor-widget elementor-widget-text-editor\" data-id=\"d04dd41\" data-element_type=\"widget\" data-e-type=\"widget\" data-widget_type=\"text-editor.default\">\n\t\t\t\t<div class=\"elementor-widget-container\">\n\t\t\t\t\t\t\t\t\tHankkeissamme kaivamme liian usein kuitu- tai s\u00e4hk\u00f6kaapeleita ja s\u00e4hk\u00f6\u00f6n liittyvi\u00e4 asennuksia varten.\t\t\t\t\t\t\t\t<\/div>\n\t\t\t\t<\/div>\n\t\t\t\t<\/div>\n\t\t\t\t<\/div>\n\t\t<div class=\"elementor-element elementor-element-9ac9a7e e-con-full e-flex e-con e-child\" data-id=\"9ac9a7e\" data-element_type=\"container\" data-e-type=\"container\">\n\t\t\t\t<div class=\"elementor-element elementor-element-8e51526 elementor-widget elementor-widget-image\" data-id=\"8e51526\" data-element_type=\"widget\" data-e-type=\"widget\" data-widget_type=\"image.default\">\n\t\t\t\t<div class=\"elementor-widget-container\">\n\t\t\t\t\t\t\t\t\t\t\t\t\t\t\t<img decoding=\"async\" width=\"704\" height=\"469\" src=\"https:\/\/scanmast.com\/wp-content\/uploads\/2025\/03\/mata.jpg\" class=\"attachment-large size-large wp-image-4429\" alt=\"\" srcset=\"https:\/\/scanmast.com\/wp-content\/uploads\/2025\/03\/mata.jpg 704w, https:\/\/scanmast.com\/wp-content\/uploads\/2025\/03\/mata-456x304.jpg 456w, https:\/\/scanmast.com\/wp-content\/uploads\/2025\/03\/mata-300x200.jpg 300w, https:\/\/scanmast.com\/wp-content\/uploads\/2025\/03\/mata-18x12.jpg 18w, https:\/\/scanmast.com\/wp-content\/uploads\/2025\/03\/mata-600x400.jpg 600w\" sizes=\"(max-width: 704px) 100vw, 704px\" \/>\t\t\t\t\t\t\t\t\t\t\t\t\t\t\t<\/div>\n\t\t\t\t<\/div>\n\t\t\t\t<\/div>\n\t\t\t\t\t<\/div>\n\t\t\t\t<\/div>\n\t\t<div class=\"elementor-element elementor-element-13c45e8 e-flex e-con-boxed e-con e-parent\" data-id=\"13c45e8\" data-element_type=\"container\" data-e-type=\"container\">\n\t\t\t\t\t<div class=\"e-con-inner\">\n\t\t\t\t<div class=\"elementor-element elementor-element-fe47ddf elementor-widget elementor-widget-image\" data-id=\"fe47ddf\" data-element_type=\"widget\" data-e-type=\"widget\" data-widget_type=\"image.default\">\n\t\t\t\t<div class=\"elementor-widget-container\">\n\t\t\t\t\t\t\t\t\t\t\t\t\t\t\t<img decoding=\"async\" width=\"1104\" height=\"860\" src=\"https:\/\/scanmast.com\/wp-content\/uploads\/2025\/03\/entreprenad2.jpg\" class=\"attachment-full size-full wp-image-5024\" alt=\"\" srcset=\"https:\/\/scanmast.com\/wp-content\/uploads\/2025\/03\/entreprenad2.jpg 1104w, https:\/\/scanmast.com\/wp-content\/uploads\/2025\/03\/entreprenad2-456x355.jpg 456w, https:\/\/scanmast.com\/wp-content\/uploads\/2025\/03\/entreprenad2-721x562.jpg 721w, https:\/\/scanmast.com\/wp-content\/uploads\/2025\/03\/entreprenad2-300x234.jpg 300w, https:\/\/scanmast.com\/wp-content\/uploads\/2025\/03\/entreprenad2-1024x798.jpg 1024w, https:\/\/scanmast.com\/wp-content\/uploads\/2025\/03\/entreprenad2-768x598.jpg 768w, https:\/\/scanmast.com\/wp-content\/uploads\/2025\/03\/entreprenad2-15x12.jpg 15w\" sizes=\"(max-width: 1104px) 100vw, 1104px\" \/>\t\t\t\t\t\t\t\t\t\t\t\t\t\t\t<\/div>\n\t\t\t\t<\/div>\n\t\t\t\t\t<\/div>\n\t\t\t\t<\/div>\n\t\t\t\t<\/div>","protected":false},"excerpt":{"rendered":"<p>V\u00e5ra tj\u00e4nster P\u00e5 Scanmast utf\u00f6r vi alla slags markarbeten som \u00e4r kopplade till de fackverk vi monterar och installerar. Det handlar oftast om gr\u00e4vning f\u00f6r fundament och f\u00f6r att installera el, fiber, kraft och tele. Kontakta oss scanmast.com \/ V\u00e5ra tj\u00e4nster \/ Effektiv entreprenad F\u00f6r att den infrastruktur vi bygger idag ska f\u00e5 ett l\u00e5ngt [&hellip;]<\/p>\n","protected":false},"author":2,"featured_media":5435,"parent":0,"menu_order":0,"comment_status":"closed","ping_status":"closed","template":"","meta":{"_acf_changed":false,"footnotes":""},"class_list":["post-3849","page","type-page","status-publish","has-post-thumbnail","hentry"],"acf":[],"yoast_head":"<!-- This site is optimized with the Yoast SEO plugin v26.8 - https:\/\/yoast.com\/product\/yoast-seo-wordpress\/ -->\n<title>Entreprenad - Scanmast<\/title>\n<meta name=\"robots\" content=\"index, follow, max-snippet:-1, max-image-preview:large, max-video-preview:-1\" \/>\n<link rel=\"canonical\" href=\"https:\/\/scanmast.com\/fi\/yritys\/\" \/>\n<meta property=\"og:locale\" content=\"fi_FI\" \/>\n<meta property=\"og:type\" content=\"article\" \/>\n<meta property=\"og:title\" content=\"Entreprenad - Scanmast\" \/>\n<meta property=\"og:description\" content=\"V\u00e5ra tj\u00e4nster P\u00e5 Scanmast utf\u00f6r vi alla slags markarbeten som \u00e4r kopplade till de fackverk vi monterar och installerar. Det handlar oftast om gr\u00e4vning f\u00f6r fundament och f\u00f6r att installera el, fiber, kraft och tele. Kontakta oss scanmast.com \/ V\u00e5ra tj\u00e4nster \/ Effektiv entreprenad F\u00f6r att den infrastruktur vi bygger idag ska f\u00e5 ett l\u00e5ngt [&hellip;]\" \/>\n<meta property=\"og:url\" content=\"https:\/\/scanmast.com\/fi\/yritys\/\" \/>\n<meta property=\"og:site_name\" content=\"Scanmast\" \/>\n<meta property=\"article:modified_time\" content=\"2025-04-14T11:33:18+00:00\" \/>\n<meta property=\"og:image\" content=\"https:\/\/scanmast.com\/wp-content\/uploads\/2025\/03\/entreprenad5.jpg\" \/>\n\t<meta property=\"og:image:width\" content=\"1104\" \/>\n\t<meta property=\"og:image:height\" content=\"860\" \/>\n\t<meta property=\"og:image:type\" content=\"image\/jpeg\" \/>\n<meta name=\"twitter:card\" content=\"summary_large_image\" \/>\n<meta name=\"twitter:label1\" content=\"Arvioitu lukuaika\" \/>\n\t<meta name=\"twitter:data1\" content=\"2 minuuttia\" \/>\n<script type=\"application\/ld+json\" class=\"yoast-schema-graph\">{\"@context\":\"https:\/\/schema.org\",\"@graph\":[{\"@type\":\"WebPage\",\"@id\":\"https:\/\/scanmast.com\/se\/entreprenad\/\",\"url\":\"https:\/\/scanmast.com\/se\/entreprenad\/\",\"name\":\"Entreprenad - Scanmast\",\"isPartOf\":{\"@id\":\"https:\/\/scanmast.com\/en\/#website\"},\"primaryImageOfPage\":{\"@id\":\"https:\/\/scanmast.com\/se\/entreprenad\/#primaryimage\"},\"image\":{\"@id\":\"https:\/\/scanmast.com\/se\/entreprenad\/#primaryimage\"},\"thumbnailUrl\":\"https:\/\/scanmast.com\/wp-content\/uploads\/2025\/03\/entreprenad5.jpg\",\"datePublished\":\"2025-03-08T20:16:26+00:00\",\"dateModified\":\"2025-04-14T11:33:18+00:00\",\"breadcrumb\":{\"@id\":\"https:\/\/scanmast.com\/se\/entreprenad\/#breadcrumb\"},\"inLanguage\":\"fi\",\"potentialAction\":[{\"@type\":\"ReadAction\",\"target\":[\"https:\/\/scanmast.com\/se\/entreprenad\/\"]}]},{\"@type\":\"ImageObject\",\"inLanguage\":\"fi\",\"@id\":\"https:\/\/scanmast.com\/se\/entreprenad\/#primaryimage\",\"url\":\"https:\/\/scanmast.com\/wp-content\/uploads\/2025\/03\/entreprenad5.jpg\",\"contentUrl\":\"https:\/\/scanmast.com\/wp-content\/uploads\/2025\/03\/entreprenad5.jpg\",\"width\":1104,\"height\":860},{\"@type\":\"BreadcrumbList\",\"@id\":\"https:\/\/scanmast.com\/se\/entreprenad\/#breadcrumb\",\"itemListElement\":[{\"@type\":\"ListItem\",\"position\":1,\"name\":\"Scanmast.se\",\"item\":\"https:\/\/scanmast.com\/en\/\"},{\"@type\":\"ListItem\",\"position\":2,\"name\":\"Entreprenad\"}]},{\"@type\":\"WebSite\",\"@id\":\"https:\/\/scanmast.com\/en\/#website\",\"url\":\"https:\/\/scanmast.com\/en\/\",\"name\":\"Scanmast\",\"description\":\"\",\"publisher\":{\"@id\":\"https:\/\/scanmast.com\/en\/#organization\"},\"potentialAction\":[{\"@type\":\"SearchAction\",\"target\":{\"@type\":\"EntryPoint\",\"urlTemplate\":\"https:\/\/scanmast.com\/en\/?s={search_term_string}\"},\"query-input\":{\"@type\":\"PropertyValueSpecification\",\"valueRequired\":true,\"valueName\":\"search_term_string\"}}],\"inLanguage\":\"fi\"},{\"@type\":\"Organization\",\"@id\":\"https:\/\/scanmast.com\/en\/#organization\",\"name\":\"Scanmast\",\"url\":\"https:\/\/scanmast.com\/en\/\",\"logo\":{\"@type\":\"ImageObject\",\"inLanguage\":\"fi\",\"@id\":\"https:\/\/scanmast.com\/en\/#\/schema\/logo\/image\/\",\"url\":\"https:\/\/scanmast.com\/wp-content\/uploads\/2025\/01\/scanmast_logotyp_utansymbol.svg\",\"contentUrl\":\"https:\/\/scanmast.com\/wp-content\/uploads\/2025\/01\/scanmast_logotyp_utansymbol.svg\",\"width\":19,\"height\":3,\"caption\":\"Scanmast\"},\"image\":{\"@id\":\"https:\/\/scanmast.com\/en\/#\/schema\/logo\/image\/\"}}]}<\/script>\n<!-- \/ Yoast SEO plugin. -->","yoast_head_json":{"title":"Rakentaminen - Scanmast","robots":{"index":"index","follow":"follow","max-snippet":"max-snippet:-1","max-image-preview":"max-image-preview:large","max-video-preview":"max-video-preview:-1"},"canonical":"https:\/\/scanmast.com\/fi\/yritys\/","og_locale":"fi_FI","og_type":"article","og_title":"Entreprenad - Scanmast","og_description":"V\u00e5ra tj\u00e4nster P\u00e5 Scanmast utf\u00f6r vi alla slags markarbeten som \u00e4r kopplade till de fackverk vi monterar och installerar. Det handlar oftast om gr\u00e4vning f\u00f6r fundament och f\u00f6r att installera el, fiber, kraft och tele. Kontakta oss scanmast.com \/ V\u00e5ra tj\u00e4nster \/ Effektiv entreprenad F\u00f6r att den infrastruktur vi bygger idag ska f\u00e5 ett l\u00e5ngt [&hellip;]","og_url":"https:\/\/scanmast.com\/fi\/yritys\/","og_site_name":"Scanmast","article_modified_time":"2025-04-14T11:33:18+00:00","og_image":[{"width":1104,"height":860,"url":"https:\/\/scanmast.com\/wp-content\/uploads\/2025\/03\/entreprenad5.jpg","type":"image\/jpeg"}],"twitter_card":"summary_large_image","twitter_misc":{"Arvioitu lukuaika":"2 minuuttia"},"schema":{"@context":"https:\/\/schema.org","@graph":[{"@type":"WebPage","@id":"https:\/\/scanmast.com\/se\/entreprenad\/","url":"https:\/\/scanmast.com\/se\/entreprenad\/","name":"Rakentaminen - Scanmast","isPartOf":{"@id":"https:\/\/scanmast.com\/en\/#website"},"primaryImageOfPage":{"@id":"https:\/\/scanmast.com\/se\/entreprenad\/#primaryimage"},"image":{"@id":"https:\/\/scanmast.com\/se\/entreprenad\/#primaryimage"},"thumbnailUrl":"https:\/\/scanmast.com\/wp-content\/uploads\/2025\/03\/entreprenad5.jpg","datePublished":"2025-03-08T20:16:26+00:00","dateModified":"2025-04-14T11:33:18+00:00","breadcrumb":{"@id":"https:\/\/scanmast.com\/se\/entreprenad\/#breadcrumb"},"inLanguage":"fi","potentialAction":[{"@type":"ReadAction","target":["https:\/\/scanmast.com\/se\/entreprenad\/"]}]},{"@type":"ImageObject","inLanguage":"fi","@id":"https:\/\/scanmast.com\/se\/entreprenad\/#primaryimage","url":"https:\/\/scanmast.com\/wp-content\/uploads\/2025\/03\/entreprenad5.jpg","contentUrl":"https:\/\/scanmast.com\/wp-content\/uploads\/2025\/03\/entreprenad5.jpg","width":1104,"height":860},{"@type":"BreadcrumbList","@id":"https:\/\/scanmast.com\/se\/entreprenad\/#breadcrumb","itemListElement":[{"@type":"ListItem","position":1,"name":"Scanmast.se","item":"https:\/\/scanmast.com\/en\/"},{"@type":"ListItem","position":2,"name":"Entreprenad"}]},{"@type":"WebSite","@id":"https:\/\/scanmast.com\/en\/#website","url":"https:\/\/scanmast.com\/en\/","name":"Scanmast","description":"","publisher":{"@id":"https:\/\/scanmast.com\/en\/#organization"},"potentialAction":[{"@type":"SearchAction","target":{"@type":"EntryPoint","urlTemplate":"https:\/\/scanmast.com\/en\/?s={search_term_string}"},"query-input":{"@type":"PropertyValueSpecification","valueRequired":true,"valueName":"search_term_string"}}],"inLanguage":"fi"},{"@type":"Organization","@id":"https:\/\/scanmast.com\/en\/#organization","name":"Scanmast","url":"https:\/\/scanmast.com\/en\/","logo":{"@type":"ImageObject","inLanguage":"fi","@id":"https:\/\/scanmast.com\/en\/#\/schema\/logo\/image\/","url":"https:\/\/scanmast.com\/wp-content\/uploads\/2025\/01\/scanmast_logotyp_utansymbol.svg","contentUrl":"https:\/\/scanmast.com\/wp-content\/uploads\/2025\/01\/scanmast_logotyp_utansymbol.svg","width":19,"height":3,"caption":"Scanmast"},"image":{"@id":"https:\/\/scanmast.com\/en\/#\/schema\/logo\/image\/"}}]}},"_links":{"self":[{"href":"https:\/\/scanmast.com\/fi\/wp-json\/wp\/v2\/pages\/3849","targetHints":{"allow":["GET"]}}],"collection":[{"href":"https:\/\/scanmast.com\/fi\/wp-json\/wp\/v2\/pages"}],"about":[{"href":"https:\/\/scanmast.com\/fi\/wp-json\/wp\/v2\/types\/page"}],"author":[{"embeddable":true,"href":"https:\/\/scanmast.com\/fi\/wp-json\/wp\/v2\/users\/2"}],"replies":[{"embeddable":true,"href":"https:\/\/scanmast.com\/fi\/wp-json\/wp\/v2\/comments?post=3849"}],"version-history":[{"count":36,"href":"https:\/\/scanmast.com\/fi\/wp-json\/wp\/v2\/pages\/3849\/revisions"}],"predecessor-version":[{"id":8821,"href":"https:\/\/scanmast.com\/fi\/wp-json\/wp\/v2\/pages\/3849\/revisions\/8821"}],"wp:featuredmedia":[{"embeddable":true,"href":"https:\/\/scanmast.com\/fi\/wp-json\/wp\/v2\/media\/5435"}],"wp:attachment":[{"href":"https:\/\/scanmast.com\/fi\/wp-json\/wp\/v2\/media?parent=3849"}],"curies":[{"name":"wp","href":"https:\/\/api.w.org\/{rel}","templated":true}]}}