{"id":1664,"date":"2025-02-24T10:54:46","date_gmt":"2025-02-24T10:54:46","guid":{"rendered":"https:\/\/scanmast.com\/varukorg\/"},"modified":"2025-02-25T18:12:50","modified_gmt":"2025-02-25T18:12:50","slug":"ostoskori","status":"publish","type":"page","link":"https:\/\/scanmast.com\/fi\/ostoskori\/","title":{"rendered":"Ostoskori"},"content":{"rendered":"<div data-block-name=\"woocommerce\/cart\" class=\"wp-block-woocommerce-cart alignwide is-loading\">\n<div data-block-name=\"woocommerce\/filled-cart-block\" class=\"wp-block-woocommerce-filled-cart-block\">\n<div data-block-name=\"woocommerce\/cart-items-block\" class=\"wp-block-woocommerce-cart-items-block\">\n<div data-block-name=\"woocommerce\/cart-line-items-block\" class=\"wp-block-woocommerce-cart-line-items-block\"><\/div>\n\n\n\n<div data-block-name=\"woocommerce\/cart-cross-sells-block\" class=\"wp-block-woocommerce-cart-cross-sells-block\">\n<h2 class=\"wp-block-heading has-large-font-size\">Saatat olla kiinnostunut...<\/h2>\n\n\n\n<div data-block-name=\"woocommerce\/cart-cross-sells-products-block\" class=\"wp-block-woocommerce-cart-cross-sells-products-block\"><\/div>\n<\/div>\n<\/div>\n\n\n\n<div data-block-name=\"woocommerce\/cart-totals-block\" class=\"wp-block-woocommerce-cart-totals-block\">\n<div data-block-name=\"woocommerce\/cart-order-summary-block\" class=\"wp-block-woocommerce-cart-order-summary-block\">\n<div data-block-name=\"woocommerce\/cart-order-summary-heading-block\" class=\"wp-block-woocommerce-cart-order-summary-heading-block\"><\/div><div data-block-name=\"woocommerce\/cart-order-summary-coupon-form-block\" class=\"wp-block-woocommerce-cart-order-summary-coupon-form-block\"><\/div><div data-block-name=\"woocommerce\/cart-order-summary-totals-block\" class=\"wp-block-woocommerce-cart-order-summary-totals-block\">\n<div data-block-name=\"woocommerce\/cart-order-summary-subtotal-block\" class=\"wp-block-woocommerce-cart-order-summary-subtotal-block\"><\/div>\n<div data-block-name=\"woocommerce\/cart-order-summary-discount-block\" class=\"wp-block-woocommerce-cart-order-summary-discount-block\"><\/div>\n<div data-block-name=\"woocommerce\/cart-order-summary-fee-block\" class=\"wp-block-woocommerce-cart-order-summary-fee-block\"><\/div>\n<div data-block-name=\"woocommerce\/cart-order-summary-shipping-block\" class=\"wp-block-woocommerce-cart-order-summary-shipping-block\"><\/div>\n<div data-block-name=\"woocommerce\/cart-order-summary-taxes-block\" class=\"wp-block-woocommerce-cart-order-summary-taxes-block\"><\/div><\/div>\n<\/div>\n\n\n\n<div data-block-name=\"woocommerce\/cart-express-payment-block\" class=\"wp-block-woocommerce-cart-express-payment-block\"><\/div>\n\n\n\n<div data-block-name=\"woocommerce\/proceed-to-checkout-block\" class=\"wp-block-woocommerce-proceed-to-checkout-block\"><\/div>\n\n\n\n<div data-block-name=\"woocommerce\/cart-accepted-payment-methods-block\" class=\"wp-block-woocommerce-cart-accepted-payment-methods-block\"><\/div>\n<\/div>\n<\/div>\n\n\n\n<div data-block-name=\"woocommerce\/empty-cart-block\" class=\"wp-block-woocommerce-empty-cart-block\">\n<h2 class=\"wp-block-heading has-text-align-center with-empty-cart-icon wc-block-cart__empty-cart__title\">Korisi on t\u00e4ll\u00e4 hetkell\u00e4 tyhj\u00e4!<\/h2>\n\n\n\n<hr class=\"wp-block-separator has-alpha-channel-opacity is-style-dots\"\/>\n\n\n\n<h2 class=\"wp-block-heading has-text-align-center\">Uutta myym\u00e4l\u00e4ss\u00e4<\/h2>\n\n\n<div data-block-name=\"woocommerce\/product-new\" data-columns=\"4\" data-rows=\"1\" class=\"wc-block-grid wp-block-product-new wp-block-woocommerce-product-new wc-block-product-new has-4-columns\"><ul class=\"wc-block-grid__products\"><li class=\"wc-block-grid__product\">\n\t\t\t\t<a href=\"https:\/\/scanmast.com\/fi\/tuote\/perusta-w1200\/\" class=\"wc-block-grid__product-link\">\n\t\t\t\t\t\n\t\t\t\t\t<div class=\"wc-block-grid__product-image\"><img fetchpriority=\"high\" decoding=\"async\" width=\"456\" height=\"638\" src=\"https:\/\/scanmast.com\/wp-content\/uploads\/2025\/03\/fundament-s-w1200-729342hs-550x770-1-456x638.jpg\" class=\"attachment-woocommerce_thumbnail size-woocommerce_thumbnail\" alt=\"Jalusta W1200\" srcset=\"https:\/\/scanmast.com\/wp-content\/uploads\/2025\/03\/fundament-s-w1200-729342hs-550x770-1-456x638.jpg 456w, https:\/\/scanmast.com\/wp-content\/uploads\/2025\/03\/fundament-s-w1200-729342hs-550x770-1-214x300.jpg 214w, https:\/\/scanmast.com\/wp-content\/uploads\/2025\/03\/fundament-s-w1200-729342hs-550x770-1-9x12.jpg 9w, https:\/\/scanmast.com\/wp-content\/uploads\/2025\/03\/fundament-s-w1200-729342hs-550x770-1.jpg 550w\" sizes=\"(max-width: 456px) 100vw, 456px\" \/><\/div>\n\t\t\t\t\t<div class=\"wc-block-grid__product-title\">Jalusta W1200<\/div>\n\t\t\t\t<\/a>\n\t\t\t\t<div class=\"wc-block-grid__product-price price\"><\/div>\n\t\t\t\t\n\t\t\t\t<div class=\"wp-block-button wc-block-grid__product-add-to-cart\"><a href=\"https:\/\/scanmast.com\/fi\/tuote\/perusta-w1200\/\" aria-label=\"Lue lis\u00e4\u00e4 \u201cFundament W1200\u201d asiasta\" data-quantity=\"1\" data-product_id=\"5474\" data-product_sku=\"Art. no. 729342 | E-no. 354156\" data-price=\"0\" rel=\"nofollow\" class=\"wp-block-button__link  add_to_cart_button\" data-no-translation=\"\" data-trp-gettext=\"\" data-no-translation-aria-label=\"\">Lue lis\u00e4\u00e4<\/a><\/div>\n\t\t\t<\/li><li class=\"wc-block-grid__product\">\n\t\t\t\t<a href=\"https:\/\/scanmast.com\/fi\/tuote\/perusta-s1200\/\" class=\"wc-block-grid__product-link\">\n\t\t\t\t\t\n\t\t\t\t\t<div class=\"wc-block-grid__product-image\"><img decoding=\"async\" width=\"456\" height=\"638\" src=\"https:\/\/scanmast.com\/wp-content\/uploads\/2025\/03\/fundament-s-w1200-729342hs-550x770-1-456x638.jpg\" class=\"attachment-woocommerce_thumbnail size-woocommerce_thumbnail\" alt=\"Jalusta S1200\" srcset=\"https:\/\/scanmast.com\/wp-content\/uploads\/2025\/03\/fundament-s-w1200-729342hs-550x770-1-456x638.jpg 456w, https:\/\/scanmast.com\/wp-content\/uploads\/2025\/03\/fundament-s-w1200-729342hs-550x770-1-214x300.jpg 214w, https:\/\/scanmast.com\/wp-content\/uploads\/2025\/03\/fundament-s-w1200-729342hs-550x770-1-9x12.jpg 9w, https:\/\/scanmast.com\/wp-content\/uploads\/2025\/03\/fundament-s-w1200-729342hs-550x770-1.jpg 550w\" sizes=\"(max-width: 456px) 100vw, 456px\" \/><\/div>\n\t\t\t\t\t<div class=\"wc-block-grid__product-title\">Jalusta S1200<\/div>\n\t\t\t\t<\/a>\n\t\t\t\t<div class=\"wc-block-grid__product-price price\"><\/div>\n\t\t\t\t\n\t\t\t\t<div class=\"wp-block-button wc-block-grid__product-add-to-cart\"><a href=\"https:\/\/scanmast.com\/fi\/tuote\/perusta-s1200\/\" aria-label=\"Lue lis\u00e4\u00e4 \u201cFundament S1200\u201d asiasta\" data-quantity=\"1\" data-product_id=\"5473\" data-product_sku=\"729342 | E-nr 354156\" data-price=\"0\" rel=\"nofollow\" class=\"wp-block-button__link  add_to_cart_button\" data-no-translation=\"\" data-trp-gettext=\"\" data-no-translation-aria-label=\"\">Lue lis\u00e4\u00e4<\/a><\/div>\n\t\t\t<\/li><li class=\"wc-block-grid__product\">\n\t\t\t\t<a href=\"https:\/\/scanmast.com\/fi\/tuote\/perusta-t1200\/\" class=\"wc-block-grid__product-link\">\n\t\t\t\t\t\n\t\t\t\t\t<div class=\"wc-block-grid__product-image\"><img decoding=\"async\" width=\"456\" height=\"638\" src=\"https:\/\/scanmast.com\/wp-content\/uploads\/2025\/03\/fundament-t1200-100731hs-550x770-1-456x638.jpg\" class=\"attachment-woocommerce_thumbnail size-woocommerce_thumbnail\" alt=\"Jalusta T1200\" srcset=\"https:\/\/scanmast.com\/wp-content\/uploads\/2025\/03\/fundament-t1200-100731hs-550x770-1-456x638.jpg 456w, https:\/\/scanmast.com\/wp-content\/uploads\/2025\/03\/fundament-t1200-100731hs-550x770-1-214x300.jpg 214w, https:\/\/scanmast.com\/wp-content\/uploads\/2025\/03\/fundament-t1200-100731hs-550x770-1-9x12.jpg 9w, https:\/\/scanmast.com\/wp-content\/uploads\/2025\/03\/fundament-t1200-100731hs-550x770-1.jpg 550w\" sizes=\"(max-width: 456px) 100vw, 456px\" \/><\/div>\n\t\t\t\t\t<div class=\"wc-block-grid__product-title\">Jalusta T1200<\/div>\n\t\t\t\t<\/a>\n\t\t\t\t<div class=\"wc-block-grid__product-price price\"><\/div>\n\t\t\t\t\n\t\t\t\t<div class=\"wp-block-button wc-block-grid__product-add-to-cart\"><a href=\"https:\/\/scanmast.com\/fi\/tuote\/perusta-t1200\/\" aria-label=\"Lue lis\u00e4\u00e4 \u201cFundament T1200\u201d asiasta\" data-quantity=\"1\" data-product_id=\"5472\" data-product_sku=\"100731\" data-price=\"0\" rel=\"nofollow\" class=\"wp-block-button__link  add_to_cart_button\" data-no-translation=\"\" data-trp-gettext=\"\" data-no-translation-aria-label=\"\">Lue lis\u00e4\u00e4<\/a><\/div>\n\t\t\t<\/li><li class=\"wc-block-grid__product\">\n\t\t\t\t<a href=\"https:\/\/scanmast.com\/fi\/tuote\/alta-saatio\/\" class=\"wc-block-grid__product-link\">\n\t\t\t\t\t\n\t\t\t\t\t<div class=\"wc-block-grid__product-image\"><img loading=\"lazy\" decoding=\"async\" width=\"456\" height=\"569\" src=\"https:\/\/scanmast.com\/wp-content\/uploads\/2025\/03\/fundament-alta-102167hs-550x770-1-456x569.webp\" class=\"attachment-woocommerce_thumbnail size-woocommerce_thumbnail\" alt=\"ALTA-jalustat\" srcset=\"https:\/\/scanmast.com\/wp-content\/uploads\/2025\/03\/fundament-alta-102167hs-550x770-1-456x569.webp 456w, https:\/\/scanmast.com\/wp-content\/uploads\/2025\/03\/fundament-alta-102167hs-550x770-1-578x721.webp 578w, https:\/\/scanmast.com\/wp-content\/uploads\/2025\/03\/fundament-alta-102167hs-550x770-1-10x12.webp 10w, https:\/\/scanmast.com\/wp-content\/uploads\/2025\/03\/fundament-alta-102167hs-550x770-1.webp 721w\" sizes=\"(max-width: 456px) 100vw, 456px\" \/><\/div>\n\t\t\t\t\t<div class=\"wc-block-grid__product-title\">ALTA-jalustat<\/div>\n\t\t\t\t<\/a>\n\t\t\t\t<div class=\"wc-block-grid__product-price price\"><\/div>\n\t\t\t\t\n\t\t\t\t<div class=\"wp-block-button wc-block-grid__product-add-to-cart\"><a href=\"https:\/\/scanmast.com\/fi\/tuote\/alta-saatio\/\" aria-label=\"Lue lis\u00e4\u00e4 \u201cFundament ALTA\u201d asiasta\" data-quantity=\"1\" data-product_id=\"5465\" data-product_sku=\"102167\" data-price=\"0\" rel=\"nofollow\" class=\"wp-block-button__link  add_to_cart_button\" data-no-translation=\"\" data-trp-gettext=\"\" data-no-translation-aria-label=\"\">Lue lis\u00e4\u00e4<\/a><\/div>\n\t\t\t<\/li><\/ul><\/div><\/div>\n<\/div>","protected":false},"excerpt":{"rendered":"","protected":false},"author":1,"featured_media":0,"parent":0,"menu_order":0,"comment_status":"closed","ping_status":"closed","template":"","meta":{"_acf_changed":false,"footnotes":""},"class_list":["post-1664","page","type-page","status-publish","hentry"],"acf":[],"yoast_head":"<!-- This site is optimized with the Yoast SEO plugin v26.8 - https:\/\/yoast.com\/product\/yoast-seo-wordpress\/ -->\n<title>Varukorg - Scanmast<\/title>\n<meta name=\"robots\" content=\"index, follow, max-snippet:-1, max-image-preview:large, max-video-preview:-1\" \/>\n<link rel=\"canonical\" href=\"https:\/\/scanmast.com\/fi\/ostoskori\/\" \/>\n<meta property=\"og:locale\" content=\"fi_FI\" \/>\n<meta property=\"og:type\" content=\"article\" \/>\n<meta property=\"og:title\" content=\"Varukorg - Scanmast\" \/>\n<meta property=\"og:url\" content=\"https:\/\/scanmast.com\/fi\/ostoskori\/\" \/>\n<meta property=\"og:site_name\" content=\"Scanmast\" \/>\n<meta property=\"article:modified_time\" content=\"2025-02-25T18:12:50+00:00\" \/>\n<meta name=\"twitter:card\" content=\"summary_large_image\" \/>\n<script type=\"application\/ld+json\" class=\"yoast-schema-graph\">{\"@context\":\"https:\/\/schema.org\",\"@graph\":[{\"@type\":\"WebPage\",\"@id\":\"https:\/\/scanmast.com\/varukorg\/\",\"url\":\"https:\/\/scanmast.com\/varukorg\/\",\"name\":\"Varukorg - Scanmast\",\"isPartOf\":{\"@id\":\"https:\/\/scanmast.com\/en\/#website\"},\"datePublished\":\"2025-02-24T10:54:46+00:00\",\"dateModified\":\"2025-02-25T18:12:50+00:00\",\"breadcrumb\":{\"@id\":\"https:\/\/scanmast.com\/varukorg\/#breadcrumb\"},\"inLanguage\":\"fi\",\"potentialAction\":[{\"@type\":\"ReadAction\",\"target\":[\"https:\/\/scanmast.com\/varukorg\/\"]}]},{\"@type\":\"BreadcrumbList\",\"@id\":\"https:\/\/scanmast.com\/varukorg\/#breadcrumb\",\"itemListElement\":[{\"@type\":\"ListItem\",\"position\":1,\"name\":\"Scanmast.se\",\"item\":\"https:\/\/scanmast.com\/en\/\"},{\"@type\":\"ListItem\",\"position\":2,\"name\":\"Varukorg\"}]},{\"@type\":\"WebSite\",\"@id\":\"https:\/\/scanmast.com\/en\/#website\",\"url\":\"https:\/\/scanmast.com\/en\/\",\"name\":\"Scanmast\",\"description\":\"\",\"publisher\":{\"@id\":\"https:\/\/scanmast.com\/en\/#organization\"},\"potentialAction\":[{\"@type\":\"SearchAction\",\"target\":{\"@type\":\"EntryPoint\",\"urlTemplate\":\"https:\/\/scanmast.com\/en\/?s={search_term_string}\"},\"query-input\":{\"@type\":\"PropertyValueSpecification\",\"valueRequired\":true,\"valueName\":\"search_term_string\"}}],\"inLanguage\":\"fi\"},{\"@type\":\"Organization\",\"@id\":\"https:\/\/scanmast.com\/en\/#organization\",\"name\":\"Scanmast\",\"url\":\"https:\/\/scanmast.com\/en\/\",\"logo\":{\"@type\":\"ImageObject\",\"inLanguage\":\"fi\",\"@id\":\"https:\/\/scanmast.com\/en\/#\/schema\/logo\/image\/\",\"url\":\"https:\/\/scanmast.com\/wp-content\/uploads\/2025\/01\/scanmast_logotyp_utansymbol.svg\",\"contentUrl\":\"https:\/\/scanmast.com\/wp-content\/uploads\/2025\/01\/scanmast_logotyp_utansymbol.svg\",\"width\":19,\"height\":3,\"caption\":\"Scanmast\"},\"image\":{\"@id\":\"https:\/\/scanmast.com\/en\/#\/schema\/logo\/image\/\"}}]}<\/script>\n<!-- \/ Yoast SEO plugin. -->","yoast_head_json":{"title":"Ostoskori - Scanmast","robots":{"index":"index","follow":"follow","max-snippet":"max-snippet:-1","max-image-preview":"max-image-preview:large","max-video-preview":"max-video-preview:-1"},"canonical":"https:\/\/scanmast.com\/fi\/ostoskori\/","og_locale":"fi_FI","og_type":"article","og_title":"Varukorg - Scanmast","og_url":"https:\/\/scanmast.com\/fi\/ostoskori\/","og_site_name":"Scanmast","article_modified_time":"2025-02-25T18:12:50+00:00","twitter_card":"summary_large_image","schema":{"@context":"https:\/\/schema.org","@graph":[{"@type":"WebPage","@id":"https:\/\/scanmast.com\/varukorg\/","url":"https:\/\/scanmast.com\/varukorg\/","name":"Ostoskori - Scanmast","isPartOf":{"@id":"https:\/\/scanmast.com\/en\/#website"},"datePublished":"2025-02-24T10:54:46+00:00","dateModified":"2025-02-25T18:12:50+00:00","breadcrumb":{"@id":"https:\/\/scanmast.com\/varukorg\/#breadcrumb"},"inLanguage":"fi","potentialAction":[{"@type":"ReadAction","target":["https:\/\/scanmast.com\/varukorg\/"]}]},{"@type":"BreadcrumbList","@id":"https:\/\/scanmast.com\/varukorg\/#breadcrumb","itemListElement":[{"@type":"ListItem","position":1,"name":"Scanmast.se","item":"https:\/\/scanmast.com\/en\/"},{"@type":"ListItem","position":2,"name":"Varukorg"}]},{"@type":"WebSite","@id":"https:\/\/scanmast.com\/en\/#website","url":"https:\/\/scanmast.com\/en\/","name":"Scanmast","description":"","publisher":{"@id":"https:\/\/scanmast.com\/en\/#organization"},"potentialAction":[{"@type":"SearchAction","target":{"@type":"EntryPoint","urlTemplate":"https:\/\/scanmast.com\/en\/?s={search_term_string}"},"query-input":{"@type":"PropertyValueSpecification","valueRequired":true,"valueName":"search_term_string"}}],"inLanguage":"fi"},{"@type":"Organization","@id":"https:\/\/scanmast.com\/en\/#organization","name":"Scanmast","url":"https:\/\/scanmast.com\/en\/","logo":{"@type":"ImageObject","inLanguage":"fi","@id":"https:\/\/scanmast.com\/en\/#\/schema\/logo\/image\/","url":"https:\/\/scanmast.com\/wp-content\/uploads\/2025\/01\/scanmast_logotyp_utansymbol.svg","contentUrl":"https:\/\/scanmast.com\/wp-content\/uploads\/2025\/01\/scanmast_logotyp_utansymbol.svg","width":19,"height":3,"caption":"Scanmast"},"image":{"@id":"https:\/\/scanmast.com\/en\/#\/schema\/logo\/image\/"}}]}},"_links":{"self":[{"href":"https:\/\/scanmast.com\/fi\/wp-json\/wp\/v2\/pages\/1664","targetHints":{"allow":["GET"]}}],"collection":[{"href":"https:\/\/scanmast.com\/fi\/wp-json\/wp\/v2\/pages"}],"about":[{"href":"https:\/\/scanmast.com\/fi\/wp-json\/wp\/v2\/types\/page"}],"author":[{"embeddable":true,"href":"https:\/\/scanmast.com\/fi\/wp-json\/wp\/v2\/users\/1"}],"replies":[{"embeddable":true,"href":"https:\/\/scanmast.com\/fi\/wp-json\/wp\/v2\/comments?post=1664"}],"version-history":[{"count":0,"href":"https:\/\/scanmast.com\/fi\/wp-json\/wp\/v2\/pages\/1664\/revisions"}],"wp:attachment":[{"href":"https:\/\/scanmast.com\/fi\/wp-json\/wp\/v2\/media?parent=1664"}],"curies":[{"name":"wp","href":"https:\/\/api.w.org\/{rel}","templated":true}]}}