{"id":5462,"date":"2025-03-13T09:30:00","date_gmt":"2025-03-13T09:30:00","guid":{"rendered":"https:\/\/scanmast.com\/?post_type=product&#038;p=5462"},"modified":"2025-04-04T09:28:01","modified_gmt":"2025-04-04T09:28:01","slug":"delta-portal","status":"publish","type":"product","link":"https:\/\/scanmast.com\/en\/product\/delta-portal\/","title":{"rendered":"DELTA Gantry"},"content":{"rendered":"<p>Intended for transporting short distances between pillars. Can be used for industrial projects, bus terminals, road portals, cable transfers, and temporary solutions. It is supported by vertical sections and equipped with the components needed in each specific project.<\/p>\n<p>DELTA works very well when it comes to transporting electricity, gas, and liquids from one property to another. An economically attractive solution, DELTA is extremely customisable to each customer's needs and project.<\/p>\n<p><strong>Customise to different requirements and needs<\/strong><br \/>\nOur gantries and signage towers can always be customised to your requirements. With the help of our calculation and construction department, we can design and optimize the load-bearing capacity based on the exact solution you need.<\/p>\n<p><strong>Gantries and sign carriers that meet tough requirements<\/strong><br \/>\nAll Scanmast products are designed to withstand tough conditions, both harsh winter weather and industrial environments. Our gantries and signage towers are made of hot-dip galvanised steel, which means they last up to 50 years. It's a smart choice, both economically and environmentally.<\/p>","protected":false},"excerpt":{"rendered":"<p>DELTA is a three-sided truss structure, which is very strong in relation to its construction.<\/p>","protected":false},"featured_media":5464,"comment_status":"closed","ping_status":"closed","template":"","meta":{"_acf_changed":false},"product_brand":[34],"product_cat":[31],"product_tag":[37,40],"class_list":{"0":"post-5462","1":"product","2":"type-product","3":"status-publish","4":"has-post-thumbnail","6":"product_brand-delta","7":"product_cat-portaler-skyltbarare","8":"product_tag-bevakning","9":"product_tag-energi","11":"first","12":"instock","13":"shipping-taxable","14":"product-type-simple"},"acf":[],"yoast_head":"<!-- This site is optimized with the Yoast SEO plugin v26.8 - https:\/\/yoast.com\/product\/yoast-seo-wordpress\/ -->\n<title>Portal DELTA - Scanmast<\/title>\n<meta name=\"robots\" content=\"index, follow, max-snippet:-1, max-image-preview:large, max-video-preview:-1\" \/>\n<link rel=\"canonical\" href=\"https:\/\/scanmast.com\/en\/product\/delta-portal\/\" \/>\n<meta property=\"og:locale\" content=\"en_GB\" \/>\n<meta property=\"og:type\" content=\"article\" \/>\n<meta property=\"og:title\" content=\"Portal DELTA - Scanmast\" \/>\n<meta property=\"og:description\" content=\"DELTA \u00e4r en tresidig fackverkskonstruktion, som \u00e4r mycket stark i f\u00f6rh\u00e5llande till sin konstruktion.\" \/>\n<meta property=\"og:url\" content=\"https:\/\/scanmast.com\/en\/product\/delta-portal\/\" \/>\n<meta property=\"og:site_name\" content=\"Scanmast\" \/>\n<meta property=\"article:modified_time\" content=\"2025-04-04T09:28:01+00:00\" \/>\n<meta property=\"og:image\" content=\"https:\/\/scanmast.com\/wp-content\/uploads\/2025\/03\/portal-delta-2-550x770-1.jpg\" \/>\n\t<meta property=\"og:image:width\" content=\"550\" \/>\n\t<meta property=\"og:image:height\" content=\"770\" \/>\n\t<meta property=\"og:image:type\" content=\"image\/jpeg\" \/>\n<meta name=\"twitter:card\" content=\"summary_large_image\" \/>\n<meta name=\"twitter:label1\" content=\"Estimated reading time\" \/>\n\t<meta name=\"twitter:data1\" content=\"1 minute\" \/>\n<script type=\"application\/ld+json\" class=\"yoast-schema-graph\">{\"@context\":\"https:\/\/schema.org\",\"@graph\":[{\"@type\":\"WebPage\",\"@id\":\"https:\/\/scanmast.com\/en\/product\/delta-portal\/\",\"url\":\"https:\/\/scanmast.com\/en\/product\/delta-portal\/\",\"name\":\"Portal DELTA - Scanmast\",\"isPartOf\":{\"@id\":\"https:\/\/scanmast.com\/en\/#website\"},\"primaryImageOfPage\":{\"@id\":\"https:\/\/scanmast.com\/en\/product\/delta-portal\/#primaryimage\"},\"image\":{\"@id\":\"https:\/\/scanmast.com\/en\/product\/delta-portal\/#primaryimage\"},\"thumbnailUrl\":\"https:\/\/scanmast.com\/wp-content\/uploads\/2025\/03\/portal-delta-2-550x770-1.jpg\",\"datePublished\":\"2025-03-13T09:30:00+00:00\",\"dateModified\":\"2025-04-04T09:28:01+00:00\",\"breadcrumb\":{\"@id\":\"https:\/\/scanmast.com\/en\/product\/delta-portal\/#breadcrumb\"},\"inLanguage\":\"en-GB\",\"potentialAction\":[{\"@type\":\"ReadAction\",\"target\":[\"https:\/\/scanmast.com\/en\/product\/delta-portal\/\"]}]},{\"@type\":\"ImageObject\",\"inLanguage\":\"en-GB\",\"@id\":\"https:\/\/scanmast.com\/en\/product\/delta-portal\/#primaryimage\",\"url\":\"https:\/\/scanmast.com\/wp-content\/uploads\/2025\/03\/portal-delta-2-550x770-1.jpg\",\"contentUrl\":\"https:\/\/scanmast.com\/wp-content\/uploads\/2025\/03\/portal-delta-2-550x770-1.jpg\",\"width\":550,\"height\":770},{\"@type\":\"BreadcrumbList\",\"@id\":\"https:\/\/scanmast.com\/en\/product\/delta-portal\/#breadcrumb\",\"itemListElement\":[{\"@type\":\"ListItem\",\"position\":1,\"name\":\"Scanmast.se\",\"item\":\"https:\/\/scanmast.com\/en\/\"},{\"@type\":\"ListItem\",\"position\":2,\"name\":\"V\u00e5ra produkter\",\"item\":\"https:\/\/scanmast.com\/en\/goods-products\/\"},{\"@type\":\"ListItem\",\"position\":3,\"name\":\"Portal DELTA\"}]},{\"@type\":\"WebSite\",\"@id\":\"https:\/\/scanmast.com\/en\/#website\",\"url\":\"https:\/\/scanmast.com\/en\/\",\"name\":\"Scanmast\",\"description\":\"\",\"publisher\":{\"@id\":\"https:\/\/scanmast.com\/en\/#organization\"},\"potentialAction\":[{\"@type\":\"SearchAction\",\"target\":{\"@type\":\"EntryPoint\",\"urlTemplate\":\"https:\/\/scanmast.com\/en\/?s={search_term_string}\"},\"query-input\":{\"@type\":\"PropertyValueSpecification\",\"valueRequired\":true,\"valueName\":\"search_term_string\"}}],\"inLanguage\":\"en-GB\"},{\"@type\":\"Organization\",\"@id\":\"https:\/\/scanmast.com\/en\/#organization\",\"name\":\"Scanmast\",\"url\":\"https:\/\/scanmast.com\/en\/\",\"logo\":{\"@type\":\"ImageObject\",\"inLanguage\":\"en-GB\",\"@id\":\"https:\/\/scanmast.com\/en\/#\/schema\/logo\/image\/\",\"url\":\"https:\/\/scanmast.com\/wp-content\/uploads\/2025\/01\/scanmast_logotyp_utansymbol.svg\",\"contentUrl\":\"https:\/\/scanmast.com\/wp-content\/uploads\/2025\/01\/scanmast_logotyp_utansymbol.svg\",\"width\":19,\"height\":3,\"caption\":\"Scanmast\"},\"image\":{\"@id\":\"https:\/\/scanmast.com\/en\/#\/schema\/logo\/image\/\"}}]}<\/script>\n<!-- \/ Yoast SEO plugin. -->","yoast_head_json":{"title":"DELTA Portal - Scanmast","robots":{"index":"index","follow":"follow","max-snippet":"max-snippet:-1","max-image-preview":"max-image-preview:large","max-video-preview":"max-video-preview:-1"},"canonical":"https:\/\/scanmast.com\/en\/product\/delta-portal\/","og_locale":"en_GB","og_type":"article","og_title":"Portal DELTA - Scanmast","og_description":"DELTA \u00e4r en tresidig fackverkskonstruktion, som \u00e4r mycket stark i f\u00f6rh\u00e5llande till sin konstruktion.","og_url":"https:\/\/scanmast.com\/en\/product\/delta-portal\/","og_site_name":"Scanmast","article_modified_time":"2025-04-04T09:28:01+00:00","og_image":[{"width":550,"height":770,"url":"https:\/\/scanmast.com\/wp-content\/uploads\/2025\/03\/portal-delta-2-550x770-1.jpg","type":"image\/jpeg"}],"twitter_card":"summary_large_image","twitter_misc":{"Estimated reading time":"1 minute"},"schema":{"@context":"https:\/\/schema.org","@graph":[{"@type":"WebPage","@id":"https:\/\/scanmast.com\/en\/product\/delta-portal\/","url":"https:\/\/scanmast.com\/en\/product\/delta-portal\/","name":"DELTA Portal - Scanmast","isPartOf":{"@id":"https:\/\/scanmast.com\/en\/#website"},"primaryImageOfPage":{"@id":"https:\/\/scanmast.com\/en\/product\/delta-portal\/#primaryimage"},"image":{"@id":"https:\/\/scanmast.com\/en\/product\/delta-portal\/#primaryimage"},"thumbnailUrl":"https:\/\/scanmast.com\/wp-content\/uploads\/2025\/03\/portal-delta-2-550x770-1.jpg","datePublished":"2025-03-13T09:30:00+00:00","dateModified":"2025-04-04T09:28:01+00:00","breadcrumb":{"@id":"https:\/\/scanmast.com\/en\/product\/delta-portal\/#breadcrumb"},"inLanguage":"en-GB","potentialAction":[{"@type":"ReadAction","target":["https:\/\/scanmast.com\/en\/product\/delta-portal\/"]}]},{"@type":"ImageObject","inLanguage":"en-GB","@id":"https:\/\/scanmast.com\/en\/product\/delta-portal\/#primaryimage","url":"https:\/\/scanmast.com\/wp-content\/uploads\/2025\/03\/portal-delta-2-550x770-1.jpg","contentUrl":"https:\/\/scanmast.com\/wp-content\/uploads\/2025\/03\/portal-delta-2-550x770-1.jpg","width":550,"height":770},{"@type":"BreadcrumbList","@id":"https:\/\/scanmast.com\/en\/product\/delta-portal\/#breadcrumb","itemListElement":[{"@type":"ListItem","position":1,"name":"Scanmast.se","item":"https:\/\/scanmast.com\/en\/"},{"@type":"ListItem","position":2,"name":"V\u00e5ra produkter","item":"https:\/\/scanmast.com\/en\/goods-products\/"},{"@type":"ListItem","position":3,"name":"Portal DELTA"}]},{"@type":"WebSite","@id":"https:\/\/scanmast.com\/en\/#website","url":"https:\/\/scanmast.com\/en\/","name":"Scanmast","description":"","publisher":{"@id":"https:\/\/scanmast.com\/en\/#organization"},"potentialAction":[{"@type":"SearchAction","target":{"@type":"EntryPoint","urlTemplate":"https:\/\/scanmast.com\/en\/?s={search_term_string}"},"query-input":{"@type":"PropertyValueSpecification","valueRequired":true,"valueName":"search_term_string"}}],"inLanguage":"en-GB"},{"@type":"Organization","@id":"https:\/\/scanmast.com\/en\/#organization","name":"Scanmast","url":"https:\/\/scanmast.com\/en\/","logo":{"@type":"ImageObject","inLanguage":"en-GB","@id":"https:\/\/scanmast.com\/en\/#\/schema\/logo\/image\/","url":"https:\/\/scanmast.com\/wp-content\/uploads\/2025\/01\/scanmast_logotyp_utansymbol.svg","contentUrl":"https:\/\/scanmast.com\/wp-content\/uploads\/2025\/01\/scanmast_logotyp_utansymbol.svg","width":19,"height":3,"caption":"Scanmast"},"image":{"@id":"https:\/\/scanmast.com\/en\/#\/schema\/logo\/image\/"}}]}},"_links":{"self":[{"href":"https:\/\/scanmast.com\/en\/wp-json\/wp\/v2\/product\/5462","targetHints":{"allow":["GET"]}}],"collection":[{"href":"https:\/\/scanmast.com\/en\/wp-json\/wp\/v2\/product"}],"about":[{"href":"https:\/\/scanmast.com\/en\/wp-json\/wp\/v2\/types\/product"}],"replies":[{"embeddable":true,"href":"https:\/\/scanmast.com\/en\/wp-json\/wp\/v2\/comments?post=5462"}],"wp:featuredmedia":[{"embeddable":true,"href":"https:\/\/scanmast.com\/en\/wp-json\/wp\/v2\/media\/5464"}],"wp:attachment":[{"href":"https:\/\/scanmast.com\/en\/wp-json\/wp\/v2\/media?parent=5462"}],"wp:term":[{"taxonomy":"product_brand","embeddable":true,"href":"https:\/\/scanmast.com\/en\/wp-json\/wp\/v2\/product_brand?post=5462"},{"taxonomy":"product_cat","embeddable":true,"href":"https:\/\/scanmast.com\/en\/wp-json\/wp\/v2\/product_cat?post=5462"},{"taxonomy":"product_tag","embeddable":true,"href":"https:\/\/scanmast.com\/en\/wp-json\/wp\/v2\/product_tag?post=5462"}],"curies":[{"name":"wp","href":"https:\/\/api.w.org\/{rel}","templated":true}]}}