{"id":5456,"date":"2025-03-13T09:11:51","date_gmt":"2025-03-13T09:11:51","guid":{"rendered":"https:\/\/scanmast.com\/?post_type=product&#038;p=5456"},"modified":"2025-04-04T09:08:29","modified_gmt":"2025-04-04T09:08:29","slug":"jetty-delta","status":"publish","type":"product","link":"https:\/\/scanmast.com\/en\/product\/jetty-delta\/","title":{"rendered":"Pipe bridge DELTA"},"content":{"rendered":"<p>Intended for transporting short distances between pillars.<\/p>\n<p>Can be used for industrial projects, bus terminals, road portals, cable transmissions, as well as temporary solutions. It is supported by vertical sections and equipped with the components needed in each specific project.<\/p>\n<p>DELTA works very well when it comes to transporting electricity, gas, and liquids from one property to another. An economically attractive solution, DELTA is extremely customisable to each customer's needs and project.<\/p>","protected":false},"excerpt":{"rendered":"<p>Delta is a three-sided truss structure, which is very strong in relation to its construction.<\/p>","protected":false},"featured_media":5458,"comment_status":"closed","ping_status":"closed","template":"","meta":{"_acf_changed":false},"product_brand":[34],"product_cat":[30],"product_tag":[40],"class_list":{"0":"post-5456","1":"product","2":"type-product","3":"status-publish","4":"has-post-thumbnail","6":"product_brand-delta","7":"product_cat-rorbryggor","8":"product_tag-energi","10":"first","11":"instock","12":"shipping-taxable","13":"product-type-simple"},"acf":[],"yoast_head":"<!-- This site is optimized with the Yoast SEO plugin v26.8 - https:\/\/yoast.com\/product\/yoast-seo-wordpress\/ -->\n<title>R\u00f6rbrygga DELTA - Scanmast<\/title>\n<meta name=\"robots\" content=\"index, follow, max-snippet:-1, max-image-preview:large, max-video-preview:-1\" \/>\n<link rel=\"canonical\" href=\"https:\/\/scanmast.com\/en\/product\/jetty-delta\/\" \/>\n<meta property=\"og:locale\" content=\"en_GB\" \/>\n<meta property=\"og:type\" content=\"article\" \/>\n<meta property=\"og:title\" content=\"R\u00f6rbrygga DELTA - Scanmast\" \/>\n<meta property=\"og:description\" content=\"Delta \u00e4r en tresidig fackverkskonstruktion, som \u00e4r mycket stark i f\u00f6rh\u00e5llande till sin konstruktion.\" \/>\n<meta property=\"og:url\" content=\"https:\/\/scanmast.com\/en\/product\/jetty-delta\/\" \/>\n<meta property=\"og:site_name\" content=\"Scanmast\" \/>\n<meta property=\"article:modified_time\" content=\"2025-04-04T09:08:29+00:00\" \/>\n<meta property=\"og:image\" content=\"https:\/\/scanmast.com\/wp-content\/uploads\/2025\/03\/rorbrygga-delta-1-2-550x770-1.jpg\" \/>\n\t<meta property=\"og:image:width\" content=\"550\" \/>\n\t<meta property=\"og:image:height\" content=\"770\" \/>\n\t<meta property=\"og:image:type\" content=\"image\/jpeg\" \/>\n<meta name=\"twitter:card\" content=\"summary_large_image\" \/>\n<meta name=\"twitter:label1\" content=\"Estimated reading time\" \/>\n\t<meta name=\"twitter:data1\" content=\"1 minute\" \/>\n<script type=\"application\/ld+json\" class=\"yoast-schema-graph\">{\"@context\":\"https:\/\/schema.org\",\"@graph\":[{\"@type\":\"WebPage\",\"@id\":\"https:\/\/scanmast.com\/se\/produkt\/rorbrygga-delta\/\",\"url\":\"https:\/\/scanmast.com\/se\/produkt\/rorbrygga-delta\/\",\"name\":\"R\u00f6rbrygga DELTA - Scanmast\",\"isPartOf\":{\"@id\":\"https:\/\/scanmast.com\/en\/#website\"},\"primaryImageOfPage\":{\"@id\":\"https:\/\/scanmast.com\/se\/produkt\/rorbrygga-delta\/#primaryimage\"},\"image\":{\"@id\":\"https:\/\/scanmast.com\/se\/produkt\/rorbrygga-delta\/#primaryimage\"},\"thumbnailUrl\":\"https:\/\/scanmast.com\/wp-content\/uploads\/2025\/03\/rorbrygga-delta-1-2-550x770-1.jpg\",\"datePublished\":\"2025-03-13T09:11:51+00:00\",\"dateModified\":\"2025-04-04T09:08:29+00:00\",\"breadcrumb\":{\"@id\":\"https:\/\/scanmast.com\/se\/produkt\/rorbrygga-delta\/#breadcrumb\"},\"inLanguage\":\"en-GB\",\"potentialAction\":[{\"@type\":\"ReadAction\",\"target\":[\"https:\/\/scanmast.com\/se\/produkt\/rorbrygga-delta\/\"]}]},{\"@type\":\"ImageObject\",\"inLanguage\":\"en-GB\",\"@id\":\"https:\/\/scanmast.com\/se\/produkt\/rorbrygga-delta\/#primaryimage\",\"url\":\"https:\/\/scanmast.com\/wp-content\/uploads\/2025\/03\/rorbrygga-delta-1-2-550x770-1.jpg\",\"contentUrl\":\"https:\/\/scanmast.com\/wp-content\/uploads\/2025\/03\/rorbrygga-delta-1-2-550x770-1.jpg\",\"width\":550,\"height\":770},{\"@type\":\"BreadcrumbList\",\"@id\":\"https:\/\/scanmast.com\/se\/produkt\/rorbrygga-delta\/#breadcrumb\",\"itemListElement\":[{\"@type\":\"ListItem\",\"position\":1,\"name\":\"Scanmast.se\",\"item\":\"https:\/\/scanmast.com\/en\/\"},{\"@type\":\"ListItem\",\"position\":2,\"name\":\"V\u00e5ra produkter\",\"item\":\"https:\/\/scanmast.com\/en\/goods-products\/\"},{\"@type\":\"ListItem\",\"position\":3,\"name\":\"R\u00f6rbrygga DELTA\"}]},{\"@type\":\"WebSite\",\"@id\":\"https:\/\/scanmast.com\/en\/#website\",\"url\":\"https:\/\/scanmast.com\/en\/\",\"name\":\"Scanmast\",\"description\":\"\",\"publisher\":{\"@id\":\"https:\/\/scanmast.com\/en\/#organization\"},\"potentialAction\":[{\"@type\":\"SearchAction\",\"target\":{\"@type\":\"EntryPoint\",\"urlTemplate\":\"https:\/\/scanmast.com\/en\/?s={search_term_string}\"},\"query-input\":{\"@type\":\"PropertyValueSpecification\",\"valueRequired\":true,\"valueName\":\"search_term_string\"}}],\"inLanguage\":\"en-GB\"},{\"@type\":\"Organization\",\"@id\":\"https:\/\/scanmast.com\/en\/#organization\",\"name\":\"Scanmast\",\"url\":\"https:\/\/scanmast.com\/en\/\",\"logo\":{\"@type\":\"ImageObject\",\"inLanguage\":\"en-GB\",\"@id\":\"https:\/\/scanmast.com\/en\/#\/schema\/logo\/image\/\",\"url\":\"https:\/\/scanmast.com\/wp-content\/uploads\/2025\/01\/scanmast_logotyp_utansymbol.svg\",\"contentUrl\":\"https:\/\/scanmast.com\/wp-content\/uploads\/2025\/01\/scanmast_logotyp_utansymbol.svg\",\"width\":19,\"height\":3,\"caption\":\"Scanmast\"},\"image\":{\"@id\":\"https:\/\/scanmast.com\/en\/#\/schema\/logo\/image\/\"}}]}<\/script>\n<!-- \/ Yoast SEO plugin. -->","yoast_head_json":{"title":"Pipe bridge DELTA - Scanmast","robots":{"index":"index","follow":"follow","max-snippet":"max-snippet:-1","max-image-preview":"max-image-preview:large","max-video-preview":"max-video-preview:-1"},"canonical":"https:\/\/scanmast.com\/en\/product\/jetty-delta\/","og_locale":"en_GB","og_type":"article","og_title":"R\u00f6rbrygga DELTA - Scanmast","og_description":"Delta \u00e4r en tresidig fackverkskonstruktion, som \u00e4r mycket stark i f\u00f6rh\u00e5llande till sin konstruktion.","og_url":"https:\/\/scanmast.com\/en\/product\/jetty-delta\/","og_site_name":"Scanmast","article_modified_time":"2025-04-04T09:08:29+00:00","og_image":[{"width":550,"height":770,"url":"https:\/\/scanmast.com\/wp-content\/uploads\/2025\/03\/rorbrygga-delta-1-2-550x770-1.jpg","type":"image\/jpeg"}],"twitter_card":"summary_large_image","twitter_misc":{"Estimated reading time":"1 minute"},"schema":{"@context":"https:\/\/schema.org","@graph":[{"@type":"WebPage","@id":"https:\/\/scanmast.com\/se\/produkt\/rorbrygga-delta\/","url":"https:\/\/scanmast.com\/se\/produkt\/rorbrygga-delta\/","name":"Pipe bridge DELTA - Scanmast","isPartOf":{"@id":"https:\/\/scanmast.com\/en\/#website"},"primaryImageOfPage":{"@id":"https:\/\/scanmast.com\/se\/produkt\/rorbrygga-delta\/#primaryimage"},"image":{"@id":"https:\/\/scanmast.com\/se\/produkt\/rorbrygga-delta\/#primaryimage"},"thumbnailUrl":"https:\/\/scanmast.com\/wp-content\/uploads\/2025\/03\/rorbrygga-delta-1-2-550x770-1.jpg","datePublished":"2025-03-13T09:11:51+00:00","dateModified":"2025-04-04T09:08:29+00:00","breadcrumb":{"@id":"https:\/\/scanmast.com\/se\/produkt\/rorbrygga-delta\/#breadcrumb"},"inLanguage":"en-GB","potentialAction":[{"@type":"ReadAction","target":["https:\/\/scanmast.com\/se\/produkt\/rorbrygga-delta\/"]}]},{"@type":"ImageObject","inLanguage":"en-GB","@id":"https:\/\/scanmast.com\/se\/produkt\/rorbrygga-delta\/#primaryimage","url":"https:\/\/scanmast.com\/wp-content\/uploads\/2025\/03\/rorbrygga-delta-1-2-550x770-1.jpg","contentUrl":"https:\/\/scanmast.com\/wp-content\/uploads\/2025\/03\/rorbrygga-delta-1-2-550x770-1.jpg","width":550,"height":770},{"@type":"BreadcrumbList","@id":"https:\/\/scanmast.com\/se\/produkt\/rorbrygga-delta\/#breadcrumb","itemListElement":[{"@type":"ListItem","position":1,"name":"Scanmast.se","item":"https:\/\/scanmast.com\/en\/"},{"@type":"ListItem","position":2,"name":"V\u00e5ra produkter","item":"https:\/\/scanmast.com\/en\/goods-products\/"},{"@type":"ListItem","position":3,"name":"R\u00f6rbrygga DELTA"}]},{"@type":"WebSite","@id":"https:\/\/scanmast.com\/en\/#website","url":"https:\/\/scanmast.com\/en\/","name":"Scanmast","description":"","publisher":{"@id":"https:\/\/scanmast.com\/en\/#organization"},"potentialAction":[{"@type":"SearchAction","target":{"@type":"EntryPoint","urlTemplate":"https:\/\/scanmast.com\/en\/?s={search_term_string}"},"query-input":{"@type":"PropertyValueSpecification","valueRequired":true,"valueName":"search_term_string"}}],"inLanguage":"en-GB"},{"@type":"Organization","@id":"https:\/\/scanmast.com\/en\/#organization","name":"Scanmast","url":"https:\/\/scanmast.com\/en\/","logo":{"@type":"ImageObject","inLanguage":"en-GB","@id":"https:\/\/scanmast.com\/en\/#\/schema\/logo\/image\/","url":"https:\/\/scanmast.com\/wp-content\/uploads\/2025\/01\/scanmast_logotyp_utansymbol.svg","contentUrl":"https:\/\/scanmast.com\/wp-content\/uploads\/2025\/01\/scanmast_logotyp_utansymbol.svg","width":19,"height":3,"caption":"Scanmast"},"image":{"@id":"https:\/\/scanmast.com\/en\/#\/schema\/logo\/image\/"}}]}},"_links":{"self":[{"href":"https:\/\/scanmast.com\/en\/wp-json\/wp\/v2\/product\/5456","targetHints":{"allow":["GET"]}}],"collection":[{"href":"https:\/\/scanmast.com\/en\/wp-json\/wp\/v2\/product"}],"about":[{"href":"https:\/\/scanmast.com\/en\/wp-json\/wp\/v2\/types\/product"}],"replies":[{"embeddable":true,"href":"https:\/\/scanmast.com\/en\/wp-json\/wp\/v2\/comments?post=5456"}],"wp:featuredmedia":[{"embeddable":true,"href":"https:\/\/scanmast.com\/en\/wp-json\/wp\/v2\/media\/5458"}],"wp:attachment":[{"href":"https:\/\/scanmast.com\/en\/wp-json\/wp\/v2\/media?parent=5456"}],"wp:term":[{"taxonomy":"product_brand","embeddable":true,"href":"https:\/\/scanmast.com\/en\/wp-json\/wp\/v2\/product_brand?post=5456"},{"taxonomy":"product_cat","embeddable":true,"href":"https:\/\/scanmast.com\/en\/wp-json\/wp\/v2\/product_cat?post=5456"},{"taxonomy":"product_tag","embeddable":true,"href":"https:\/\/scanmast.com\/en\/wp-json\/wp\/v2\/product_tag?post=5456"}],"curies":[{"name":"wp","href":"https:\/\/api.w.org\/{rel}","templated":true}]}}