{"id":5009,"date":"2025-03-11T15:26:56","date_gmt":"2025-03-11T15:26:56","guid":{"rendered":"https:\/\/scanmast.com\/?post_type=product&#038;p=5009"},"modified":"2025-04-04T09:03:03","modified_gmt":"2025-04-04T09:03:03","slug":"foundation-delta-mobile-340-450","status":"publish","type":"product","link":"https:\/\/scanmast.com\/en\/product\/foundation-delta-mobile-340-450\/","title":{"rendered":"Foundation DELTA mobile 340-450"},"content":{"rendered":"<p><strong>NOTE<\/strong> foundation bolts are ordered separately.<\/p>\n<p>&nbsp;<\/p>\n<p><strong>Foundation Delta Mob 340-450 XS. Dimensions: 1100 x 1100 x 250. Net weight: 500 kg<\/strong><br \/>\nArt no: 100777<br \/>\nE-No: 7780394<\/p>\n<p><strong>Foundation Delta Mob 340-450 S. Dimensions: 1100 x 1100 x 400. Net weight: 1000 kg<\/strong><br \/>\nArt no: 101457<br \/>\nE-No: 7780395<\/p>\n<p><strong>Foundation Delta Mob 340-450 M. Dimensions: 1100 x 1100 x 500. Net weight: 1400 kg<\/strong><br \/>\nArt no: 102195<br \/>\nE-No: 7780397<\/p>\n<p><strong>Foundation Delta Mob 340-450 L. Dimensions: 1500 x 1500 x 400. Net weight: 2100 kg<\/strong><br \/>\nArt no: 105542<br \/>\nE-No: 7780434<\/p>\n<p><strong>Foundation Delta Mob 340-450 XL Dimensions: 1500 x 1500 x 600. Net weight: 2900 kg<\/strong><br \/>\nArt no: 102170<br \/>\nE-No: 7780396<\/p>\n<p><strong>Foundation Delta Mob 340-450 XXL Dimensions: 2100 x 2100 x 600. Net weight: 6400 kg<\/strong><br \/>\nArt no: 104562<br \/>\nE-No: 7780433<\/p>\n<p><strong>Foundation Delta Mob 560 M. Dimensions: 2100 x 2100 x 600. Net weight: 6403 kg<\/strong><br \/>\nArt no: 103283<\/p>\n<p><strong>Foundation Delta Mob 560 L. Dimensions: 2400 x 2400 x 600. Net weight: 8792 kg<\/strong><br \/>\nArt no: 103746<br \/>\nE-No: 7780419<\/p>","protected":false},"excerpt":{"rendered":"<p>OBS fundamentbultar best\u00e4lls separat. &nbsp; Fundament Delta Mob 340-450 XS. M\u00e5tt: 1100 x 1100 x 250. Nettovikt: 500 kg Art nr: 100777 E-nr: 7780394 Fundament Delta Mob 340-450 S. M\u00e5tt: 1100 x 1100 x 400. Nettovikt: 1000 kg Art nr: 101457 E-nr: 7780395 Fundament Delta Mob 340-450 M. M\u00e5tt: 1100 x 1100 x 500. Nettovikt: [&hellip;]<\/p>\n","protected":false},"featured_media":5014,"comment_status":"closed","ping_status":"closed","template":"","meta":{"_acf_changed":false},"product_brand":[34],"product_cat":[32],"product_tag":[39,37],"class_list":{"0":"post-5009","1":"product","2":"type-product","3":"status-publish","4":"has-post-thumbnail","6":"product_brand-delta","7":"product_cat-fundament","8":"product_tag-belysning","9":"product_tag-bevakning","11":"first","12":"instock","13":"shipping-taxable","14":"product-type-simple"},"acf":[],"yoast_head":"<!-- This site is optimized with the Yoast SEO plugin v26.8 - https:\/\/yoast.com\/product\/yoast-seo-wordpress\/ -->\n<title>Fundament DELTA mobil 340-450 - Scanmast<\/title>\n<meta name=\"robots\" content=\"index, follow, max-snippet:-1, max-image-preview:large, max-video-preview:-1\" \/>\n<link rel=\"canonical\" href=\"https:\/\/scanmast.com\/en\/product\/foundation-delta-mobile-340-450\/\" \/>\n<meta property=\"og:locale\" content=\"en_GB\" \/>\n<meta property=\"og:type\" content=\"article\" \/>\n<meta property=\"og:title\" content=\"Fundament DELTA mobil 340-450 - Scanmast\" \/>\n<meta property=\"og:description\" content=\"OBS fundamentbultar best\u00e4lls separat. &nbsp; Fundament Delta Mob 340-450 XS. M\u00e5tt: 1100 x 1100 x 250. Nettovikt: 500 kg Art nr: 100777 E-nr: 7780394 Fundament Delta Mob 340-450 S. M\u00e5tt: 1100 x 1100 x 400. Nettovikt: 1000 kg Art nr: 101457 E-nr: 7780395 Fundament Delta Mob 340-450 M. M\u00e5tt: 1100 x 1100 x 500. Nettovikt: [&hellip;]\" \/>\n<meta property=\"og:url\" content=\"https:\/\/scanmast.com\/en\/product\/foundation-delta-mobile-340-450\/\" \/>\n<meta property=\"og:site_name\" content=\"Scanmast\" \/>\n<meta property=\"article:modified_time\" content=\"2025-04-04T09:03:03+00:00\" \/>\n<meta property=\"og:image\" content=\"https:\/\/scanmast.com\/wp-content\/uploads\/2025\/03\/102170_Fundament-Delta-Mob-340-450-L.jpg\" \/>\n\t<meta property=\"og:image:width\" content=\"2048\" \/>\n\t<meta property=\"og:image:height\" content=\"1106\" \/>\n\t<meta property=\"og:image:type\" content=\"image\/jpeg\" \/>\n<meta name=\"twitter:card\" content=\"summary_large_image\" \/>\n<meta name=\"twitter:label1\" content=\"Estimated reading time\" \/>\n\t<meta name=\"twitter:data1\" content=\"1 minute\" \/>\n<script type=\"application\/ld+json\" class=\"yoast-schema-graph\">{\"@context\":\"https:\/\/schema.org\",\"@graph\":[{\"@type\":\"WebPage\",\"@id\":\"https:\/\/scanmast.com\/se\/produkt\/fundament-delta-mobil-340-450\/\",\"url\":\"https:\/\/scanmast.com\/se\/produkt\/fundament-delta-mobil-340-450\/\",\"name\":\"Fundament DELTA mobil 340-450 - Scanmast\",\"isPartOf\":{\"@id\":\"https:\/\/scanmast.com\/en\/#website\"},\"primaryImageOfPage\":{\"@id\":\"https:\/\/scanmast.com\/se\/produkt\/fundament-delta-mobil-340-450\/#primaryimage\"},\"image\":{\"@id\":\"https:\/\/scanmast.com\/se\/produkt\/fundament-delta-mobil-340-450\/#primaryimage\"},\"thumbnailUrl\":\"https:\/\/scanmast.com\/wp-content\/uploads\/2025\/03\/102170_Fundament-Delta-Mob-340-450-L.jpg\",\"datePublished\":\"2025-03-11T15:26:56+00:00\",\"dateModified\":\"2025-04-04T09:03:03+00:00\",\"breadcrumb\":{\"@id\":\"https:\/\/scanmast.com\/se\/produkt\/fundament-delta-mobil-340-450\/#breadcrumb\"},\"inLanguage\":\"en-GB\",\"potentialAction\":[{\"@type\":\"ReadAction\",\"target\":[\"https:\/\/scanmast.com\/se\/produkt\/fundament-delta-mobil-340-450\/\"]}]},{\"@type\":\"ImageObject\",\"inLanguage\":\"en-GB\",\"@id\":\"https:\/\/scanmast.com\/se\/produkt\/fundament-delta-mobil-340-450\/#primaryimage\",\"url\":\"https:\/\/scanmast.com\/wp-content\/uploads\/2025\/03\/102170_Fundament-Delta-Mob-340-450-L.jpg\",\"contentUrl\":\"https:\/\/scanmast.com\/wp-content\/uploads\/2025\/03\/102170_Fundament-Delta-Mob-340-450-L.jpg\",\"width\":2048,\"height\":1106},{\"@type\":\"BreadcrumbList\",\"@id\":\"https:\/\/scanmast.com\/se\/produkt\/fundament-delta-mobil-340-450\/#breadcrumb\",\"itemListElement\":[{\"@type\":\"ListItem\",\"position\":1,\"name\":\"Scanmast.se\",\"item\":\"https:\/\/scanmast.com\/en\/\"},{\"@type\":\"ListItem\",\"position\":2,\"name\":\"V\u00e5ra produkter\",\"item\":\"https:\/\/scanmast.com\/en\/goods-products\/\"},{\"@type\":\"ListItem\",\"position\":3,\"name\":\"Fundament DELTA mobil 340-450\"}]},{\"@type\":\"WebSite\",\"@id\":\"https:\/\/scanmast.com\/en\/#website\",\"url\":\"https:\/\/scanmast.com\/en\/\",\"name\":\"Scanmast\",\"description\":\"\",\"publisher\":{\"@id\":\"https:\/\/scanmast.com\/en\/#organization\"},\"potentialAction\":[{\"@type\":\"SearchAction\",\"target\":{\"@type\":\"EntryPoint\",\"urlTemplate\":\"https:\/\/scanmast.com\/en\/?s={search_term_string}\"},\"query-input\":{\"@type\":\"PropertyValueSpecification\",\"valueRequired\":true,\"valueName\":\"search_term_string\"}}],\"inLanguage\":\"en-GB\"},{\"@type\":\"Organization\",\"@id\":\"https:\/\/scanmast.com\/en\/#organization\",\"name\":\"Scanmast\",\"url\":\"https:\/\/scanmast.com\/en\/\",\"logo\":{\"@type\":\"ImageObject\",\"inLanguage\":\"en-GB\",\"@id\":\"https:\/\/scanmast.com\/en\/#\/schema\/logo\/image\/\",\"url\":\"https:\/\/scanmast.com\/wp-content\/uploads\/2025\/01\/scanmast_logotyp_utansymbol.svg\",\"contentUrl\":\"https:\/\/scanmast.com\/wp-content\/uploads\/2025\/01\/scanmast_logotyp_utansymbol.svg\",\"width\":19,\"height\":3,\"caption\":\"Scanmast\"},\"image\":{\"@id\":\"https:\/\/scanmast.com\/en\/#\/schema\/logo\/image\/\"}}]}<\/script>\n<!-- \/ Yoast SEO plugin. -->","yoast_head_json":{"title":"Foundation DELTA mobile 340-450 - Scanmast","robots":{"index":"index","follow":"follow","max-snippet":"max-snippet:-1","max-image-preview":"max-image-preview:large","max-video-preview":"max-video-preview:-1"},"canonical":"https:\/\/scanmast.com\/en\/product\/foundation-delta-mobile-340-450\/","og_locale":"en_GB","og_type":"article","og_title":"Fundament DELTA mobil 340-450 - Scanmast","og_description":"OBS fundamentbultar best\u00e4lls separat. &nbsp; Fundament Delta Mob 340-450 XS. M\u00e5tt: 1100 x 1100 x 250. Nettovikt: 500 kg Art nr: 100777 E-nr: 7780394 Fundament Delta Mob 340-450 S. M\u00e5tt: 1100 x 1100 x 400. Nettovikt: 1000 kg Art nr: 101457 E-nr: 7780395 Fundament Delta Mob 340-450 M. M\u00e5tt: 1100 x 1100 x 500. Nettovikt: [&hellip;]","og_url":"https:\/\/scanmast.com\/en\/product\/foundation-delta-mobile-340-450\/","og_site_name":"Scanmast","article_modified_time":"2025-04-04T09:03:03+00:00","og_image":[{"width":2048,"height":1106,"url":"https:\/\/scanmast.com\/wp-content\/uploads\/2025\/03\/102170_Fundament-Delta-Mob-340-450-L.jpg","type":"image\/jpeg"}],"twitter_card":"summary_large_image","twitter_misc":{"Estimated reading time":"1 minute"},"schema":{"@context":"https:\/\/schema.org","@graph":[{"@type":"WebPage","@id":"https:\/\/scanmast.com\/se\/produkt\/fundament-delta-mobil-340-450\/","url":"https:\/\/scanmast.com\/se\/produkt\/fundament-delta-mobil-340-450\/","name":"Foundation DELTA mobile 340-450 - Scanmast","isPartOf":{"@id":"https:\/\/scanmast.com\/en\/#website"},"primaryImageOfPage":{"@id":"https:\/\/scanmast.com\/se\/produkt\/fundament-delta-mobil-340-450\/#primaryimage"},"image":{"@id":"https:\/\/scanmast.com\/se\/produkt\/fundament-delta-mobil-340-450\/#primaryimage"},"thumbnailUrl":"https:\/\/scanmast.com\/wp-content\/uploads\/2025\/03\/102170_Fundament-Delta-Mob-340-450-L.jpg","datePublished":"2025-03-11T15:26:56+00:00","dateModified":"2025-04-04T09:03:03+00:00","breadcrumb":{"@id":"https:\/\/scanmast.com\/se\/produkt\/fundament-delta-mobil-340-450\/#breadcrumb"},"inLanguage":"en-GB","potentialAction":[{"@type":"ReadAction","target":["https:\/\/scanmast.com\/se\/produkt\/fundament-delta-mobil-340-450\/"]}]},{"@type":"ImageObject","inLanguage":"en-GB","@id":"https:\/\/scanmast.com\/se\/produkt\/fundament-delta-mobil-340-450\/#primaryimage","url":"https:\/\/scanmast.com\/wp-content\/uploads\/2025\/03\/102170_Fundament-Delta-Mob-340-450-L.jpg","contentUrl":"https:\/\/scanmast.com\/wp-content\/uploads\/2025\/03\/102170_Fundament-Delta-Mob-340-450-L.jpg","width":2048,"height":1106},{"@type":"BreadcrumbList","@id":"https:\/\/scanmast.com\/se\/produkt\/fundament-delta-mobil-340-450\/#breadcrumb","itemListElement":[{"@type":"ListItem","position":1,"name":"Scanmast.se","item":"https:\/\/scanmast.com\/en\/"},{"@type":"ListItem","position":2,"name":"V\u00e5ra produkter","item":"https:\/\/scanmast.com\/en\/goods-products\/"},{"@type":"ListItem","position":3,"name":"Fundament DELTA mobil 340-450"}]},{"@type":"WebSite","@id":"https:\/\/scanmast.com\/en\/#website","url":"https:\/\/scanmast.com\/en\/","name":"Scanmast","description":"","publisher":{"@id":"https:\/\/scanmast.com\/en\/#organization"},"potentialAction":[{"@type":"SearchAction","target":{"@type":"EntryPoint","urlTemplate":"https:\/\/scanmast.com\/en\/?s={search_term_string}"},"query-input":{"@type":"PropertyValueSpecification","valueRequired":true,"valueName":"search_term_string"}}],"inLanguage":"en-GB"},{"@type":"Organization","@id":"https:\/\/scanmast.com\/en\/#organization","name":"Scanmast","url":"https:\/\/scanmast.com\/en\/","logo":{"@type":"ImageObject","inLanguage":"en-GB","@id":"https:\/\/scanmast.com\/en\/#\/schema\/logo\/image\/","url":"https:\/\/scanmast.com\/wp-content\/uploads\/2025\/01\/scanmast_logotyp_utansymbol.svg","contentUrl":"https:\/\/scanmast.com\/wp-content\/uploads\/2025\/01\/scanmast_logotyp_utansymbol.svg","width":19,"height":3,"caption":"Scanmast"},"image":{"@id":"https:\/\/scanmast.com\/en\/#\/schema\/logo\/image\/"}}]}},"_links":{"self":[{"href":"https:\/\/scanmast.com\/en\/wp-json\/wp\/v2\/product\/5009","targetHints":{"allow":["GET"]}}],"collection":[{"href":"https:\/\/scanmast.com\/en\/wp-json\/wp\/v2\/product"}],"about":[{"href":"https:\/\/scanmast.com\/en\/wp-json\/wp\/v2\/types\/product"}],"replies":[{"embeddable":true,"href":"https:\/\/scanmast.com\/en\/wp-json\/wp\/v2\/comments?post=5009"}],"wp:featuredmedia":[{"embeddable":true,"href":"https:\/\/scanmast.com\/en\/wp-json\/wp\/v2\/media\/5014"}],"wp:attachment":[{"href":"https:\/\/scanmast.com\/en\/wp-json\/wp\/v2\/media?parent=5009"}],"wp:term":[{"taxonomy":"product_brand","embeddable":true,"href":"https:\/\/scanmast.com\/en\/wp-json\/wp\/v2\/product_brand?post=5009"},{"taxonomy":"product_cat","embeddable":true,"href":"https:\/\/scanmast.com\/en\/wp-json\/wp\/v2\/product_cat?post=5009"},{"taxonomy":"product_tag","embeddable":true,"href":"https:\/\/scanmast.com\/en\/wp-json\/wp\/v2\/product_tag?post=5009"}],"curies":[{"name":"wp","href":"https:\/\/api.w.org\/{rel}","templated":true}]}}