{"id":4698,"date":"2025-03-11T09:50:12","date_gmt":"2025-03-11T09:50:12","guid":{"rendered":"https:\/\/scanmast.com\/?post_type=product&#038;p=4698"},"modified":"2025-04-04T09:28:54","modified_gmt":"2025-04-04T09:28:54","slug":"camera-fixed-section-side-bosch","status":"publish","type":"product","link":"https:\/\/scanmast.com\/en\/product\/camera-fixed-section-side-bosch\/","title":{"rendered":"Camera bracket sectional side BOSCH"},"content":{"rendered":"<p>Camera bracket for mounting on rail. suitable BOSCH series:<\/p>\n<p><strong>Brackets<\/strong>: NDA-U-WMT, NDA-U-PA0, NDA-U-PA2, VG4-A-PA0, VG4-A-PA2, VGA-PEND-WPLATE, MIC-WMB-WD<\/p>","protected":false},"excerpt":{"rendered":"<p>Camera bracket for rail mounting. suitable BOSCH series: Brackets: NDA-U-WMT, NDA-U-PA0, NDA-U-PA2, VG4-A-PA0, VG4-A-PA2, VGA-PEND-WPLATE, MIC-WMB-WD<\/p>","protected":false},"featured_media":4703,"comment_status":"closed","ping_status":"closed","template":"","meta":{"_acf_changed":false},"product_brand":[34],"product_cat":[33],"product_tag":[37],"class_list":{"0":"post-4698","1":"product","2":"type-product","3":"status-publish","4":"has-post-thumbnail","6":"product_brand-delta","7":"product_cat-tillbehor","8":"product_tag-bevakning","10":"first","11":"instock","12":"shipping-taxable","13":"product-type-simple"},"acf":[],"yoast_head":"<!-- This site is optimized with the Yoast SEO plugin v26.8 - https:\/\/yoast.com\/product\/yoast-seo-wordpress\/ -->\n<title>Kameraf\u00e4ste sektionssida BOSCH - Scanmast<\/title>\n<meta name=\"robots\" content=\"index, follow, max-snippet:-1, max-image-preview:large, max-video-preview:-1\" \/>\n<link rel=\"canonical\" href=\"https:\/\/scanmast.com\/en\/product\/camera-fixed-section-side-bosch\/\" \/>\n<meta property=\"og:locale\" content=\"en_GB\" \/>\n<meta property=\"og:type\" content=\"article\" \/>\n<meta property=\"og:title\" content=\"Kameraf\u00e4ste sektionssida BOSCH - Scanmast\" \/>\n<meta property=\"og:description\" content=\"Kameraf\u00e4ste f\u00f6r montage mot skena. passande BOSCH serier: F\u00e4sten: NDA-U-WMT, NDA-U-PA0, NDA-U-PA2, VG4-A-PA0, VG4-A-PA2, VGA-PEND-WPLATE, MIC-WMB-WD\" \/>\n<meta property=\"og:url\" content=\"https:\/\/scanmast.com\/en\/product\/camera-fixed-section-side-bosch\/\" \/>\n<meta property=\"og:site_name\" content=\"Scanmast\" \/>\n<meta property=\"article:modified_time\" content=\"2025-04-04T09:28:54+00:00\" \/>\n<meta property=\"og:image\" content=\"https:\/\/scanmast.com\/wp-content\/uploads\/2025\/03\/105879_Kamerafaste-sektionssida-BOSCH.jpg\" \/>\n\t<meta property=\"og:image:width\" content=\"2048\" \/>\n\t<meta property=\"og:image:height\" content=\"1106\" \/>\n\t<meta property=\"og:image:type\" content=\"image\/jpeg\" \/>\n<meta name=\"twitter:card\" content=\"summary_large_image\" \/>\n<script type=\"application\/ld+json\" class=\"yoast-schema-graph\">{\"@context\":\"https:\/\/schema.org\",\"@graph\":[{\"@type\":\"WebPage\",\"@id\":\"https:\/\/scanmast.com\/en\/product\/camera-fixed-section-side-bosch\/\",\"url\":\"https:\/\/scanmast.com\/en\/product\/camera-fixed-section-side-bosch\/\",\"name\":\"Kameraf\u00e4ste sektionssida BOSCH - Scanmast\",\"isPartOf\":{\"@id\":\"https:\/\/scanmast.com\/en\/#website\"},\"primaryImageOfPage\":{\"@id\":\"https:\/\/scanmast.com\/en\/product\/camera-fixed-section-side-bosch\/#primaryimage\"},\"image\":{\"@id\":\"https:\/\/scanmast.com\/en\/product\/camera-fixed-section-side-bosch\/#primaryimage\"},\"thumbnailUrl\":\"https:\/\/scanmast.com\/wp-content\/uploads\/2025\/03\/105879_Kamerafaste-sektionssida-BOSCH.jpg\",\"datePublished\":\"2025-03-11T09:50:12+00:00\",\"dateModified\":\"2025-04-04T09:28:54+00:00\",\"breadcrumb\":{\"@id\":\"https:\/\/scanmast.com\/en\/product\/camera-fixed-section-side-bosch\/#breadcrumb\"},\"inLanguage\":\"en-GB\",\"potentialAction\":[{\"@type\":\"ReadAction\",\"target\":[\"https:\/\/scanmast.com\/en\/product\/camera-fixed-section-side-bosch\/\"]}]},{\"@type\":\"ImageObject\",\"inLanguage\":\"en-GB\",\"@id\":\"https:\/\/scanmast.com\/en\/product\/camera-fixed-section-side-bosch\/#primaryimage\",\"url\":\"https:\/\/scanmast.com\/wp-content\/uploads\/2025\/03\/105879_Kamerafaste-sektionssida-BOSCH.jpg\",\"contentUrl\":\"https:\/\/scanmast.com\/wp-content\/uploads\/2025\/03\/105879_Kamerafaste-sektionssida-BOSCH.jpg\",\"width\":2048,\"height\":1106},{\"@type\":\"BreadcrumbList\",\"@id\":\"https:\/\/scanmast.com\/en\/product\/camera-fixed-section-side-bosch\/#breadcrumb\",\"itemListElement\":[{\"@type\":\"ListItem\",\"position\":1,\"name\":\"Scanmast.se\",\"item\":\"https:\/\/scanmast.com\/en\/\"},{\"@type\":\"ListItem\",\"position\":2,\"name\":\"V\u00e5ra produkter\",\"item\":\"https:\/\/scanmast.com\/en\/goods-products\/\"},{\"@type\":\"ListItem\",\"position\":3,\"name\":\"Kameraf\u00e4ste sektionssida BOSCH\"}]},{\"@type\":\"WebSite\",\"@id\":\"https:\/\/scanmast.com\/en\/#website\",\"url\":\"https:\/\/scanmast.com\/en\/\",\"name\":\"Scanmast\",\"description\":\"\",\"publisher\":{\"@id\":\"https:\/\/scanmast.com\/en\/#organization\"},\"potentialAction\":[{\"@type\":\"SearchAction\",\"target\":{\"@type\":\"EntryPoint\",\"urlTemplate\":\"https:\/\/scanmast.com\/en\/?s={search_term_string}\"},\"query-input\":{\"@type\":\"PropertyValueSpecification\",\"valueRequired\":true,\"valueName\":\"search_term_string\"}}],\"inLanguage\":\"en-GB\"},{\"@type\":\"Organization\",\"@id\":\"https:\/\/scanmast.com\/en\/#organization\",\"name\":\"Scanmast\",\"url\":\"https:\/\/scanmast.com\/en\/\",\"logo\":{\"@type\":\"ImageObject\",\"inLanguage\":\"en-GB\",\"@id\":\"https:\/\/scanmast.com\/en\/#\/schema\/logo\/image\/\",\"url\":\"https:\/\/scanmast.com\/wp-content\/uploads\/2025\/01\/scanmast_logotyp_utansymbol.svg\",\"contentUrl\":\"https:\/\/scanmast.com\/wp-content\/uploads\/2025\/01\/scanmast_logotyp_utansymbol.svg\",\"width\":19,\"height\":3,\"caption\":\"Scanmast\"},\"image\":{\"@id\":\"https:\/\/scanmast.com\/en\/#\/schema\/logo\/image\/\"}}]}<\/script>\n<!-- \/ Yoast SEO plugin. -->","yoast_head_json":{"title":"Camera bracket section side BOSCH - Scanmast","robots":{"index":"index","follow":"follow","max-snippet":"max-snippet:-1","max-image-preview":"max-image-preview:large","max-video-preview":"max-video-preview:-1"},"canonical":"https:\/\/scanmast.com\/en\/product\/camera-fixed-section-side-bosch\/","og_locale":"en_GB","og_type":"article","og_title":"Kameraf\u00e4ste sektionssida BOSCH - Scanmast","og_description":"Kameraf\u00e4ste f\u00f6r montage mot skena. passande BOSCH serier: F\u00e4sten: NDA-U-WMT, NDA-U-PA0, NDA-U-PA2, VG4-A-PA0, VG4-A-PA2, VGA-PEND-WPLATE, MIC-WMB-WD","og_url":"https:\/\/scanmast.com\/en\/product\/camera-fixed-section-side-bosch\/","og_site_name":"Scanmast","article_modified_time":"2025-04-04T09:28:54+00:00","og_image":[{"width":2048,"height":1106,"url":"https:\/\/scanmast.com\/wp-content\/uploads\/2025\/03\/105879_Kamerafaste-sektionssida-BOSCH.jpg","type":"image\/jpeg"}],"twitter_card":"summary_large_image","schema":{"@context":"https:\/\/schema.org","@graph":[{"@type":"WebPage","@id":"https:\/\/scanmast.com\/en\/product\/camera-fixed-section-side-bosch\/","url":"https:\/\/scanmast.com\/en\/product\/camera-fixed-section-side-bosch\/","name":"Camera bracket section side BOSCH - Scanmast","isPartOf":{"@id":"https:\/\/scanmast.com\/en\/#website"},"primaryImageOfPage":{"@id":"https:\/\/scanmast.com\/en\/product\/camera-fixed-section-side-bosch\/#primaryimage"},"image":{"@id":"https:\/\/scanmast.com\/en\/product\/camera-fixed-section-side-bosch\/#primaryimage"},"thumbnailUrl":"https:\/\/scanmast.com\/wp-content\/uploads\/2025\/03\/105879_Kamerafaste-sektionssida-BOSCH.jpg","datePublished":"2025-03-11T09:50:12+00:00","dateModified":"2025-04-04T09:28:54+00:00","breadcrumb":{"@id":"https:\/\/scanmast.com\/en\/product\/camera-fixed-section-side-bosch\/#breadcrumb"},"inLanguage":"en-GB","potentialAction":[{"@type":"ReadAction","target":["https:\/\/scanmast.com\/en\/product\/camera-fixed-section-side-bosch\/"]}]},{"@type":"ImageObject","inLanguage":"en-GB","@id":"https:\/\/scanmast.com\/en\/product\/camera-fixed-section-side-bosch\/#primaryimage","url":"https:\/\/scanmast.com\/wp-content\/uploads\/2025\/03\/105879_Kamerafaste-sektionssida-BOSCH.jpg","contentUrl":"https:\/\/scanmast.com\/wp-content\/uploads\/2025\/03\/105879_Kamerafaste-sektionssida-BOSCH.jpg","width":2048,"height":1106},{"@type":"BreadcrumbList","@id":"https:\/\/scanmast.com\/en\/product\/camera-fixed-section-side-bosch\/#breadcrumb","itemListElement":[{"@type":"ListItem","position":1,"name":"Scanmast.se","item":"https:\/\/scanmast.com\/en\/"},{"@type":"ListItem","position":2,"name":"V\u00e5ra produkter","item":"https:\/\/scanmast.com\/en\/goods-products\/"},{"@type":"ListItem","position":3,"name":"Kameraf\u00e4ste sektionssida BOSCH"}]},{"@type":"WebSite","@id":"https:\/\/scanmast.com\/en\/#website","url":"https:\/\/scanmast.com\/en\/","name":"Scanmast","description":"","publisher":{"@id":"https:\/\/scanmast.com\/en\/#organization"},"potentialAction":[{"@type":"SearchAction","target":{"@type":"EntryPoint","urlTemplate":"https:\/\/scanmast.com\/en\/?s={search_term_string}"},"query-input":{"@type":"PropertyValueSpecification","valueRequired":true,"valueName":"search_term_string"}}],"inLanguage":"en-GB"},{"@type":"Organization","@id":"https:\/\/scanmast.com\/en\/#organization","name":"Scanmast","url":"https:\/\/scanmast.com\/en\/","logo":{"@type":"ImageObject","inLanguage":"en-GB","@id":"https:\/\/scanmast.com\/en\/#\/schema\/logo\/image\/","url":"https:\/\/scanmast.com\/wp-content\/uploads\/2025\/01\/scanmast_logotyp_utansymbol.svg","contentUrl":"https:\/\/scanmast.com\/wp-content\/uploads\/2025\/01\/scanmast_logotyp_utansymbol.svg","width":19,"height":3,"caption":"Scanmast"},"image":{"@id":"https:\/\/scanmast.com\/en\/#\/schema\/logo\/image\/"}}]}},"_links":{"self":[{"href":"https:\/\/scanmast.com\/en\/wp-json\/wp\/v2\/product\/4698","targetHints":{"allow":["GET"]}}],"collection":[{"href":"https:\/\/scanmast.com\/en\/wp-json\/wp\/v2\/product"}],"about":[{"href":"https:\/\/scanmast.com\/en\/wp-json\/wp\/v2\/types\/product"}],"replies":[{"embeddable":true,"href":"https:\/\/scanmast.com\/en\/wp-json\/wp\/v2\/comments?post=4698"}],"wp:featuredmedia":[{"embeddable":true,"href":"https:\/\/scanmast.com\/en\/wp-json\/wp\/v2\/media\/4703"}],"wp:attachment":[{"href":"https:\/\/scanmast.com\/en\/wp-json\/wp\/v2\/media?parent=4698"}],"wp:term":[{"taxonomy":"product_brand","embeddable":true,"href":"https:\/\/scanmast.com\/en\/wp-json\/wp\/v2\/product_brand?post=4698"},{"taxonomy":"product_cat","embeddable":true,"href":"https:\/\/scanmast.com\/en\/wp-json\/wp\/v2\/product_cat?post=4698"},{"taxonomy":"product_tag","embeddable":true,"href":"https:\/\/scanmast.com\/en\/wp-json\/wp\/v2\/product_tag?post=4698"}],"curies":[{"name":"wp","href":"https:\/\/api.w.org\/{rel}","templated":true}]}}