{"id":7021,"date":"2025-03-25T11:01:35","date_gmt":"2025-03-25T11:01:35","guid":{"rendered":"https:\/\/scanmast.com\/?page_id=7021"},"modified":"2025-03-25T11:08:30","modified_gmt":"2025-03-25T11:08:30","slug":"lattice-mast-20m-30m","status":"publish","type":"page","link":"https:\/\/scanmast.com\/en\/product-catalogue\/lattice-mast-20m-30m\/","title":{"rendered":"lattice mast"},"content":{"rendered":"<div data-elementor-type=\"wp-page\" data-elementor-id=\"7021\" class=\"elementor elementor-7021\" data-elementor-post-type=\"page\">\n\t\t\t\t<div class=\"elementor-element elementor-element-8d7426e e-con-full e-flex e-con e-parent\" data-id=\"8d7426e\" data-element_type=\"container\" data-e-type=\"container\">\n\t\t<div class=\"elementor-element elementor-element-7abd391 e-con-full e-flex e-con e-child\" data-id=\"7abd391\" data-element_type=\"container\" data-e-type=\"container\" data-settings=\"{&quot;background_background&quot;:&quot;classic&quot;}\">\n\t\t<div class=\"elementor-element elementor-element-ccaa227 e-con-full e-flex e-con e-child\" data-id=\"ccaa227\" data-element_type=\"container\" data-e-type=\"container\">\n\t\t<div class=\"elementor-element elementor-element-796ef19 e-con-full e-flex e-con e-child\" data-id=\"796ef19\" data-element_type=\"container\" data-e-type=\"container\" data-settings=\"{&quot;background_background&quot;:&quot;classic&quot;}\">\n\t\t\t\t<div class=\"elementor-element elementor-element-dd5eab3 elementor-widget elementor-widget-theme-post-featured-image elementor-widget-image\" data-id=\"dd5eab3\" data-element_type=\"widget\" data-e-type=\"widget\" data-widget_type=\"theme-post-featured-image.default\">\n\t\t\t\t<div class=\"elementor-widget-container\">\n\t\t\t\t\t\t\t\t\t\t\t\t\t\t\t<img fetchpriority=\"high\" decoding=\"async\" width=\"704\" height=\"469\" src=\"https:\/\/scanmast.com\/wp-content\/uploads\/2025\/03\/steel4.jpg\" class=\"attachment-full size-full wp-image-5422\" alt=\"latticework\" srcset=\"https:\/\/scanmast.com\/wp-content\/uploads\/2025\/03\/steel4.jpg 704w, https:\/\/scanmast.com\/wp-content\/uploads\/2025\/03\/steel4-456x304.jpg 456w, https:\/\/scanmast.com\/wp-content\/uploads\/2025\/03\/steel4-300x200.jpg 300w, https:\/\/scanmast.com\/wp-content\/uploads\/2025\/03\/steel4-18x12.jpg 18w, https:\/\/scanmast.com\/wp-content\/uploads\/2025\/03\/steel4-600x400.jpg 600w\" sizes=\"(max-width: 704px) 100vw, 704px\" \/>\t\t\t\t\t\t\t\t\t\t\t\t\t\t\t<\/div>\n\t\t\t\t<\/div>\n\t\t\t\t<\/div>\n\t\t\t\t<\/div>\n\t\t<div class=\"elementor-element elementor-element-23a4ee4 e-con-full e-flex e-con e-child\" data-id=\"23a4ee4\" data-element_type=\"container\" data-e-type=\"container\">\n\t\t<div class=\"elementor-element elementor-element-1c7c9b6 e-con-full e-flex e-con e-child\" data-id=\"1c7c9b6\" data-element_type=\"container\" data-e-type=\"container\">\n\t\t\t\t<div class=\"elementor-element elementor-element-3669f4d parent-cat elementor-icon-list--layout-traditional elementor-list-item-link-full_width elementor-widget elementor-widget-icon-list\" data-id=\"3669f4d\" data-element_type=\"widget\" data-e-type=\"widget\" data-widget_type=\"icon-list.default\">\n\t\t\t\t<div class=\"elementor-widget-container\">\n\t\t\t\t\t\t\t<ul class=\"elementor-icon-list-items\">\n\t\t\t\t\t\t\t<li class=\"elementor-icon-list-item\">\n\t\t\t\t\t\t\t\t\t\t\t<a href=\"https:\/\/scanmast.com\/en\/goods-services\/\">\n\n\t\t\t\t\t\t\t\t\t\t\t\t<span class=\"elementor-icon-list-icon\">\n\t\t\t\t\t\t\t<svg aria-hidden=\"true\" class=\"e-font-icon-svg e-fas-arrow-right\" viewbox=\"0 0 448 512\" xmlns=\"http:\/\/www.w3.org\/2000\/svg\"><path d=\"M190.5 66.9l22.2-22.2c9.4-9.4 24.6-9.4 33.9 0L441 239c9.4 9.4 9.4 24.6 0 33.9L246.6 467.3c-9.4 9.4-24.6 9.4-33.9 0l-22.2-22.2c-9.5-9.5-9.3-25 .4-34.3L311.4 296H24c-13.3 0-24-10.7-24-24v-32c0-13.3 10.7-24 24-24h287.4L190.9 101.2c-9.8-9.3-10-24.8-.4-34.3z\"><\/path><\/svg>\t\t\t\t\t\t<\/span>\n\t\t\t\t\t\t\t\t\t\t<span class=\"elementor-icon-list-text\">Our services<\/span>\n\t\t\t\t\t\t\t\t\t\t\t<\/a>\n\t\t\t\t\t\t\t\t\t<\/li>\n\t\t\t\t\t\t<\/ul>\n\t\t\t\t\t\t<\/div>\n\t\t\t\t<\/div>\n\t\t\t\t<div class=\"elementor-element elementor-element-def65b9 elementor-widget elementor-widget-heading\" data-id=\"def65b9\" data-element_type=\"widget\" data-e-type=\"widget\" data-widget_type=\"heading.default\">\n\t\t\t\t<div class=\"elementor-widget-container\">\n\t\t\t\t\t<h1 class=\"elementor-heading-title elementor-size-default\">lattice mast<\/h1>\t\t\t\t<\/div>\n\t\t\t\t<\/div>\n\t\t<div class=\"elementor-element elementor-element-00e4042 e-con-full e-flex e-con e-child\" data-id=\"00e4042\" data-element_type=\"container\" data-e-type=\"container\">\n\t\t\t\t<div class=\"elementor-element elementor-element-45023cf elementor-widget elementor-widget-text-editor\" data-id=\"45023cf\" data-element_type=\"widget\" data-e-type=\"widget\" data-widget_type=\"text-editor.default\">\n\t\t\t\t<div class=\"elementor-widget-container\">\n\t\t\t\t\t\t\t\t\t<p>If you need to mount equipment at height and have nothing to attach it to, we have a lattice mast 20m &amp; 30m that can solve your problems.<br \/>Our lattice masts can withstand very tough weather conditions, which means you can feel confident in your choice of supplier. Our lattice masts 20m &amp; 30m deliver and assemble today to the entire Nordic region. When you order a lattice mast 20m &amp; 30m from us, it comes with foundations, materials and instructions for you to be able to assemble the mast correctly.<\/p>\t\t\t\t\t\t\t\t<\/div>\n\t\t\t\t<\/div>\n\t\t\t\t<div class=\"elementor-element elementor-element-107e50d elementor-widget elementor-widget-button\" data-id=\"107e50d\" data-element_type=\"widget\" data-e-type=\"widget\" data-widget_type=\"button.default\">\n\t\t\t\t<div class=\"elementor-widget-container\">\n\t\t\t\t\t\t\t\t\t<div class=\"elementor-button-wrapper\">\n\t\t\t\t\t<a class=\"elementor-button elementor-button-link elementor-size-sm\" href=\"https:\/\/scanmast.com\/en\/contact\/\">\n\t\t\t\t\t\t<span class=\"elementor-button-content-wrapper\">\n\t\t\t\t\t\t\t\t\t<span class=\"elementor-button-text\">CONTACT US<\/span>\n\t\t\t\t\t<\/span>\n\t\t\t\t\t<\/a>\n\t\t\t\t<\/div>\n\t\t\t\t\t\t\t\t<\/div>\n\t\t\t\t<\/div>\n\t\t\t\t<\/div>\n\t\t\t\t<\/div>\n\t\t\t\t<\/div>\n\t\t\t\t<\/div>\n\t\t<div class=\"elementor-element elementor-element-ae24021 e-flex e-con-boxed e-con e-child\" data-id=\"ae24021\" data-element_type=\"container\" data-e-type=\"container\" data-settings=\"{&quot;background_background&quot;:&quot;classic&quot;}\">\n\t\t\t\t\t<div class=\"e-con-inner\">\n\t\t\t\t<div class=\"elementor-element elementor-element-6cebc90 elementor-widget elementor-widget-heading\" data-id=\"6cebc90\" data-element_type=\"widget\" data-e-type=\"widget\" data-widget_type=\"heading.default\">\n\t\t\t\t<div class=\"elementor-widget-container\">\n\t\t\t\t\t<p class=\"elementor-heading-title elementor-size-default\"><a href=\"https:\/\/scanmast.com\/en\/\">Scanmast.se \/ <\/a><\/p>\t\t\t\t<\/div>\n\t\t\t\t<\/div>\n\t\t\t\t<div class=\"elementor-element elementor-element-dc96203 thin-link elementor-widget elementor-widget-heading\" data-id=\"dc96203\" data-element_type=\"widget\" data-e-type=\"widget\" data-widget_type=\"heading.default\">\n\t\t\t\t<div class=\"elementor-widget-container\">\n\t\t\t\t\t<p class=\"elementor-heading-title elementor-size-default\"><a href=\"https:\/\/scanmast.com\/en\/goods-services\/\">Our services \/<\/a><\/p>\t\t\t\t<\/div>\n\t\t\t\t<\/div>\n\t\t\t\t<div class=\"elementor-element elementor-element-12e6780 thin-link elementor-widget elementor-widget-heading\" data-id=\"12e6780\" data-element_type=\"widget\" data-e-type=\"widget\" data-widget_type=\"heading.default\">\n\t\t\t\t<div class=\"elementor-widget-container\">\n\t\t\t\t\t<p class=\"elementor-heading-title elementor-size-default\">lattice mast<\/p>\t\t\t\t<\/div>\n\t\t\t\t<\/div>\n\t\t\t\t\t<\/div>\n\t\t\t\t<\/div>\n\t\t\t\t<\/div>\n\t\t<div class=\"elementor-element elementor-element-ff6312d nyhetsarkiv e-flex e-con-boxed e-con e-child\" data-id=\"ff6312d\" data-element_type=\"container\" data-e-type=\"container\" data-settings=\"{&quot;background_background&quot;:&quot;classic&quot;}\">\n\t\t\t\t\t<div class=\"e-con-inner\">\n\t\t<div class=\"elementor-element elementor-element-a4aaba0 e-con-full e-flex e-con e-child\" data-id=\"a4aaba0\" data-element_type=\"container\" data-e-type=\"container\">\n\t\t\t\t<div class=\"elementor-element elementor-element-b957b99 elementor-widget elementor-widget-heading\" data-id=\"b957b99\" data-element_type=\"widget\" data-e-type=\"widget\" data-widget_type=\"heading.default\">\n\t\t\t\t<div class=\"elementor-widget-container\">\n\t\t\t\t\t<h2 class=\"elementor-heading-title elementor-size-default\">Lattice mast 20m &amp; 30m contact us today.<\/h2>\t\t\t\t<\/div>\n\t\t\t\t<\/div>\n\t\t\t\t<div class=\"elementor-element elementor-element-14ba180 elementor-widget elementor-widget-text-editor\" data-id=\"14ba180\" data-element_type=\"widget\" data-e-type=\"widget\" data-widget_type=\"text-editor.default\">\n\t\t\t\t<div class=\"elementor-widget-container\">\n\t\t\t\t\t\t\t\t\t<p>Once the mast is in place, we help you install and commission both radio and transmission, camera, anemometer or lighting. We also install fibre or lay the pipes you want to run in your pipe bridge.<\/p><p>Our installers are continuously trained and certified on new equipment and technology. We have the expertise for design, project management, assembly and installation within the company. When you give us overall responsibility for your project, you get back in the form of saved time and money.<\/p><p>Contact us today to find out more.<\/p>\t\t\t\t\t\t\t\t<\/div>\n\t\t\t\t<\/div>\n\t\t\t\t<\/div>\n\t\t<div class=\"elementor-element elementor-element-d47240a e-con-full e-flex e-con e-child\" data-id=\"d47240a\" data-element_type=\"container\" data-e-type=\"container\">\n\t\t\t\t<div class=\"elementor-element elementor-element-b35ed8d elementor-widget elementor-widget-image\" data-id=\"b35ed8d\" data-element_type=\"widget\" data-e-type=\"widget\" data-widget_type=\"image.default\">\n\t\t\t\t<div class=\"elementor-widget-container\">\n\t\t\t\t\t\t\t\t\t\t\t\t\t\t\t<img decoding=\"async\" width=\"704\" height=\"469\" src=\"https:\/\/scanmast.com\/wp-content\/uploads\/2025\/03\/besikting.jpg\" class=\"attachment-large size-large wp-image-4526\" alt=\"\" srcset=\"https:\/\/scanmast.com\/wp-content\/uploads\/2025\/03\/besikting.jpg 704w, https:\/\/scanmast.com\/wp-content\/uploads\/2025\/03\/besikting-456x304.jpg 456w, https:\/\/scanmast.com\/wp-content\/uploads\/2025\/03\/besikting-300x200.jpg 300w, https:\/\/scanmast.com\/wp-content\/uploads\/2025\/03\/besikting-18x12.jpg 18w, https:\/\/scanmast.com\/wp-content\/uploads\/2025\/03\/besikting-600x400.jpg 600w\" sizes=\"(max-width: 704px) 100vw, 704px\" \/>\t\t\t\t\t\t\t\t\t\t\t\t\t\t\t<\/div>\n\t\t\t\t<\/div>\n\t\t\t\t<\/div>\n\t\t\t\t\t<\/div>\n\t\t\t\t<\/div>\n\t\t\t\t<\/div>","protected":false},"excerpt":{"rendered":"<p>V\u00e5ra tj\u00e4nster Beh\u00f6ver du montera upp utrustning p\u00e5 h\u00f6g h\u00f6jd och inte har n\u00e5got att f\u00e4sta den i s\u00e5 har vi en gittermast 20m &amp; 30m \u00a0som kan l\u00f6sa dina problem.V\u00e5ra gittermaster klara v\u00e4ldigt tuffa v\u00e4derf\u00f6rh\u00e5llanden vilket betyder att du kan k\u00e4nna dig trygg i valet av leverant\u00f6r. V\u00e5r gittermast 20m &amp; 30m levererar och [&hellip;]<\/p>\n","protected":false},"author":2,"featured_media":5422,"parent":6975,"menu_order":0,"comment_status":"closed","ping_status":"closed","template":"","meta":{"_acf_changed":false,"footnotes":""},"class_list":["post-7021","page","type-page","status-publish","has-post-thumbnail","hentry"],"acf":[],"yoast_head":"<!-- This site is optimized with the Yoast SEO plugin v26.8 - https:\/\/yoast.com\/product\/yoast-seo-wordpress\/ -->\n<title>Gittermast fr\u00e5n Scanmast - Kontakta oss i dag<\/title>\n<meta name=\"description\" content=\"En gittermast anv\u00e4nds n\u00e4r du beh\u00f6ver montera upp utrustning p\u00e5 h\u00f6g h\u00f6jd och inte har n\u00e5got att f\u00e4sta den i.\" \/>\n<meta name=\"robots\" content=\"index, follow, max-snippet:-1, max-image-preview:large, max-video-preview:-1\" \/>\n<link rel=\"canonical\" href=\"https:\/\/scanmast.com\/en\/product-catalogue\/lattice-mast-20m-30m\/\" \/>\n<meta property=\"og:locale\" content=\"en_GB\" \/>\n<meta property=\"og:type\" content=\"article\" \/>\n<meta property=\"og:title\" content=\"Gittermast fr\u00e5n Scanmast - Kontakta oss i dag\" \/>\n<meta property=\"og:description\" content=\"En gittermast anv\u00e4nds n\u00e4r du beh\u00f6ver montera upp utrustning p\u00e5 h\u00f6g h\u00f6jd och inte har n\u00e5got att f\u00e4sta den i.\" \/>\n<meta property=\"og:url\" content=\"https:\/\/scanmast.com\/en\/product-catalogue\/lattice-mast-20m-30m\/\" \/>\n<meta property=\"og:site_name\" content=\"Scanmast\" \/>\n<meta property=\"article:modified_time\" content=\"2025-03-25T11:08:30+00:00\" \/>\n<meta property=\"og:image\" content=\"https:\/\/scanmast.com\/wp-content\/uploads\/2025\/03\/steel4.jpg\" \/>\n\t<meta property=\"og:image:width\" content=\"704\" \/>\n\t<meta property=\"og:image:height\" content=\"469\" \/>\n\t<meta property=\"og:image:type\" content=\"image\/jpeg\" \/>\n<meta name=\"twitter:card\" content=\"summary_large_image\" \/>\n<meta name=\"twitter:label1\" content=\"Estimated reading time\" \/>\n\t<meta name=\"twitter:data1\" content=\"2 minutes\" \/>\n<script type=\"application\/ld+json\" class=\"yoast-schema-graph\">{\"@context\":\"https:\/\/schema.org\",\"@graph\":[{\"@type\":\"WebPage\",\"@id\":\"https:\/\/scanmast.com\/fi\/tuoteluettelo\/ristikkomasto-20m-30m\/\",\"url\":\"https:\/\/scanmast.com\/fi\/tuoteluettelo\/ristikkomasto-20m-30m\/\",\"name\":\"Gittermast fr\u00e5n Scanmast - Kontakta oss i dag\",\"isPartOf\":{\"@id\":\"https:\/\/scanmast.com\/en\/#website\"},\"primaryImageOfPage\":{\"@id\":\"https:\/\/scanmast.com\/fi\/tuoteluettelo\/ristikkomasto-20m-30m\/#primaryimage\"},\"image\":{\"@id\":\"https:\/\/scanmast.com\/fi\/tuoteluettelo\/ristikkomasto-20m-30m\/#primaryimage\"},\"thumbnailUrl\":\"https:\/\/scanmast.com\/wp-content\/uploads\/2025\/03\/steel4.jpg\",\"datePublished\":\"2025-03-25T11:01:35+00:00\",\"dateModified\":\"2025-03-25T11:08:30+00:00\",\"description\":\"En gittermast anv\u00e4nds n\u00e4r du beh\u00f6ver montera upp utrustning p\u00e5 h\u00f6g h\u00f6jd och inte har n\u00e5got att f\u00e4sta den i.\",\"breadcrumb\":{\"@id\":\"https:\/\/scanmast.com\/fi\/tuoteluettelo\/ristikkomasto-20m-30m\/#breadcrumb\"},\"inLanguage\":\"en-GB\",\"potentialAction\":[{\"@type\":\"ReadAction\",\"target\":[\"https:\/\/scanmast.com\/fi\/tuoteluettelo\/ristikkomasto-20m-30m\/\"]}]},{\"@type\":\"ImageObject\",\"inLanguage\":\"en-GB\",\"@id\":\"https:\/\/scanmast.com\/fi\/tuoteluettelo\/ristikkomasto-20m-30m\/#primaryimage\",\"url\":\"https:\/\/scanmast.com\/wp-content\/uploads\/2025\/03\/steel4.jpg\",\"contentUrl\":\"https:\/\/scanmast.com\/wp-content\/uploads\/2025\/03\/steel4.jpg\",\"width\":704,\"height\":469,\"caption\":\"Gitterma\"},{\"@type\":\"BreadcrumbList\",\"@id\":\"https:\/\/scanmast.com\/fi\/tuoteluettelo\/ristikkomasto-20m-30m\/#breadcrumb\",\"itemListElement\":[{\"@type\":\"ListItem\",\"position\":1,\"name\":\"Scanmast.se\",\"item\":\"https:\/\/scanmast.com\/en\/\"},{\"@type\":\"ListItem\",\"position\":2,\"name\":\"Produktkatalog\",\"item\":\"https:\/\/scanmast.com\/se\/produktkatalog\/\"},{\"@type\":\"ListItem\",\"position\":3,\"name\":\"Gittermast\"}]},{\"@type\":\"WebSite\",\"@id\":\"https:\/\/scanmast.com\/en\/#website\",\"url\":\"https:\/\/scanmast.com\/en\/\",\"name\":\"Scanmast\",\"description\":\"\",\"publisher\":{\"@id\":\"https:\/\/scanmast.com\/en\/#organization\"},\"potentialAction\":[{\"@type\":\"SearchAction\",\"target\":{\"@type\":\"EntryPoint\",\"urlTemplate\":\"https:\/\/scanmast.com\/en\/?s={search_term_string}\"},\"query-input\":{\"@type\":\"PropertyValueSpecification\",\"valueRequired\":true,\"valueName\":\"search_term_string\"}}],\"inLanguage\":\"en-GB\"},{\"@type\":\"Organization\",\"@id\":\"https:\/\/scanmast.com\/en\/#organization\",\"name\":\"Scanmast\",\"url\":\"https:\/\/scanmast.com\/en\/\",\"logo\":{\"@type\":\"ImageObject\",\"inLanguage\":\"en-GB\",\"@id\":\"https:\/\/scanmast.com\/en\/#\/schema\/logo\/image\/\",\"url\":\"https:\/\/scanmast.com\/wp-content\/uploads\/2025\/01\/scanmast_logotyp_utansymbol.svg\",\"contentUrl\":\"https:\/\/scanmast.com\/wp-content\/uploads\/2025\/01\/scanmast_logotyp_utansymbol.svg\",\"width\":19,\"height\":3,\"caption\":\"Scanmast\"},\"image\":{\"@id\":\"https:\/\/scanmast.com\/en\/#\/schema\/logo\/image\/\"}}]}<\/script>\n<!-- \/ Yoast SEO plugin. -->","yoast_head_json":{"title":"Lattice masts from Scanmast - Contact us today","description":"A lattice mast is used when you need to mount equipment at height and have nothing to attach it to.","robots":{"index":"index","follow":"follow","max-snippet":"max-snippet:-1","max-image-preview":"max-image-preview:large","max-video-preview":"max-video-preview:-1"},"canonical":"https:\/\/scanmast.com\/en\/product-catalogue\/lattice-mast-20m-30m\/","og_locale":"en_GB","og_type":"article","og_title":"Gittermast fr\u00e5n Scanmast - Kontakta oss i dag","og_description":"En gittermast anv\u00e4nds n\u00e4r du beh\u00f6ver montera upp utrustning p\u00e5 h\u00f6g h\u00f6jd och inte har n\u00e5got att f\u00e4sta den i.","og_url":"https:\/\/scanmast.com\/en\/product-catalogue\/lattice-mast-20m-30m\/","og_site_name":"Scanmast","article_modified_time":"2025-03-25T11:08:30+00:00","og_image":[{"width":704,"height":469,"url":"https:\/\/scanmast.com\/wp-content\/uploads\/2025\/03\/steel4.jpg","type":"image\/jpeg"}],"twitter_card":"summary_large_image","twitter_misc":{"Estimated reading time":"2 minutes"},"schema":{"@context":"https:\/\/schema.org","@graph":[{"@type":"WebPage","@id":"https:\/\/scanmast.com\/fi\/tuoteluettelo\/ristikkomasto-20m-30m\/","url":"https:\/\/scanmast.com\/fi\/tuoteluettelo\/ristikkomasto-20m-30m\/","name":"Lattice masts from Scanmast - Contact us today","isPartOf":{"@id":"https:\/\/scanmast.com\/en\/#website"},"primaryImageOfPage":{"@id":"https:\/\/scanmast.com\/fi\/tuoteluettelo\/ristikkomasto-20m-30m\/#primaryimage"},"image":{"@id":"https:\/\/scanmast.com\/fi\/tuoteluettelo\/ristikkomasto-20m-30m\/#primaryimage"},"thumbnailUrl":"https:\/\/scanmast.com\/wp-content\/uploads\/2025\/03\/steel4.jpg","datePublished":"2025-03-25T11:01:35+00:00","dateModified":"2025-03-25T11:08:30+00:00","description":"A lattice mast is used when you need to mount equipment at height and have nothing to attach it to.","breadcrumb":{"@id":"https:\/\/scanmast.com\/fi\/tuoteluettelo\/ristikkomasto-20m-30m\/#breadcrumb"},"inLanguage":"en-GB","potentialAction":[{"@type":"ReadAction","target":["https:\/\/scanmast.com\/fi\/tuoteluettelo\/ristikkomasto-20m-30m\/"]}]},{"@type":"ImageObject","inLanguage":"en-GB","@id":"https:\/\/scanmast.com\/fi\/tuoteluettelo\/ristikkomasto-20m-30m\/#primaryimage","url":"https:\/\/scanmast.com\/wp-content\/uploads\/2025\/03\/steel4.jpg","contentUrl":"https:\/\/scanmast.com\/wp-content\/uploads\/2025\/03\/steel4.jpg","width":704,"height":469,"caption":"Gitterma"},{"@type":"BreadcrumbList","@id":"https:\/\/scanmast.com\/fi\/tuoteluettelo\/ristikkomasto-20m-30m\/#breadcrumb","itemListElement":[{"@type":"ListItem","position":1,"name":"Scanmast.se","item":"https:\/\/scanmast.com\/en\/"},{"@type":"ListItem","position":2,"name":"Produktkatalog","item":"https:\/\/scanmast.com\/se\/produktkatalog\/"},{"@type":"ListItem","position":3,"name":"Gittermast"}]},{"@type":"WebSite","@id":"https:\/\/scanmast.com\/en\/#website","url":"https:\/\/scanmast.com\/en\/","name":"Scanmast","description":"","publisher":{"@id":"https:\/\/scanmast.com\/en\/#organization"},"potentialAction":[{"@type":"SearchAction","target":{"@type":"EntryPoint","urlTemplate":"https:\/\/scanmast.com\/en\/?s={search_term_string}"},"query-input":{"@type":"PropertyValueSpecification","valueRequired":true,"valueName":"search_term_string"}}],"inLanguage":"en-GB"},{"@type":"Organization","@id":"https:\/\/scanmast.com\/en\/#organization","name":"Scanmast","url":"https:\/\/scanmast.com\/en\/","logo":{"@type":"ImageObject","inLanguage":"en-GB","@id":"https:\/\/scanmast.com\/en\/#\/schema\/logo\/image\/","url":"https:\/\/scanmast.com\/wp-content\/uploads\/2025\/01\/scanmast_logotyp_utansymbol.svg","contentUrl":"https:\/\/scanmast.com\/wp-content\/uploads\/2025\/01\/scanmast_logotyp_utansymbol.svg","width":19,"height":3,"caption":"Scanmast"},"image":{"@id":"https:\/\/scanmast.com\/en\/#\/schema\/logo\/image\/"}}]}},"_links":{"self":[{"href":"https:\/\/scanmast.com\/en\/wp-json\/wp\/v2\/pages\/7021","targetHints":{"allow":["GET"]}}],"collection":[{"href":"https:\/\/scanmast.com\/en\/wp-json\/wp\/v2\/pages"}],"about":[{"href":"https:\/\/scanmast.com\/en\/wp-json\/wp\/v2\/types\/page"}],"author":[{"embeddable":true,"href":"https:\/\/scanmast.com\/en\/wp-json\/wp\/v2\/users\/2"}],"replies":[{"embeddable":true,"href":"https:\/\/scanmast.com\/en\/wp-json\/wp\/v2\/comments?post=7021"}],"version-history":[{"count":0,"href":"https:\/\/scanmast.com\/en\/wp-json\/wp\/v2\/pages\/7021\/revisions"}],"up":[{"embeddable":true,"href":"https:\/\/scanmast.com\/en\/wp-json\/wp\/v2\/pages\/6975"}],"wp:featuredmedia":[{"embeddable":true,"href":"https:\/\/scanmast.com\/en\/wp-json\/wp\/v2\/media\/5422"}],"wp:attachment":[{"href":"https:\/\/scanmast.com\/en\/wp-json\/wp\/v2\/media?parent=7021"}],"curies":[{"name":"wp","href":"https:\/\/api.w.org\/{rel}","templated":true}]}}