{"id":6975,"date":"2025-03-25T09:46:02","date_gmt":"2025-03-25T09:46:02","guid":{"rendered":"https:\/\/scanmast.com\/?page_id=6975"},"modified":"2025-03-25T09:48:11","modified_gmt":"2025-03-25T09:48:11","slug":"product-catalogue","status":"publish","type":"page","link":"https:\/\/scanmast.com\/en\/product-catalogue\/","title":{"rendered":"Product catalogue"},"content":{"rendered":"<div data-elementor-type=\"wp-page\" data-elementor-id=\"6975\" class=\"elementor elementor-6975\" data-elementor-post-type=\"page\">\n\t\t\t\t<div class=\"elementor-element elementor-element-20937e2 e-con-full e-flex e-con e-child\" data-id=\"20937e2\" data-element_type=\"container\" data-e-type=\"container\">\n\t\t<div class=\"elementor-element elementor-element-852a012 e-con-full e-flex e-con e-child\" data-id=\"852a012\" data-element_type=\"container\" data-e-type=\"container\" data-settings=\"{&quot;background_background&quot;:&quot;classic&quot;}\">\n\t\t<div class=\"elementor-element elementor-element-05257f4 e-con-full e-flex e-con e-child\" data-id=\"05257f4\" data-element_type=\"container\" data-e-type=\"container\">\n\t\t<div class=\"elementor-element elementor-element-914f6c2 e-con-full e-flex e-con e-child\" data-id=\"914f6c2\" data-element_type=\"container\" data-e-type=\"container\" data-settings=\"{&quot;background_background&quot;:&quot;classic&quot;}\">\n\t\t\t\t<div class=\"elementor-element elementor-element-c827e8b elementor-widget elementor-widget-theme-post-featured-image elementor-widget-image\" data-id=\"c827e8b\" data-element_type=\"widget\" data-e-type=\"widget\" data-widget_type=\"theme-post-featured-image.default\">\n\t\t\t\t<div class=\"elementor-widget-container\">\n\t\t\t\t\t\t\t\t\t\t\t\t\t\t\t<img fetchpriority=\"high\" decoding=\"async\" width=\"1584\" height=\"891\" src=\"https:\/\/scanmast.com\/wp-content\/uploads\/2025\/03\/240515_Mastresning_Vimmerby-172-4-1.webp\" class=\"attachment-full size-full wp-image-4430\" alt=\"\" srcset=\"https:\/\/scanmast.com\/wp-content\/uploads\/2025\/03\/240515_Mastresning_Vimmerby-172-4-1.webp 1584w, https:\/\/scanmast.com\/wp-content\/uploads\/2025\/03\/240515_Mastresning_Vimmerby-172-4-1-456x257.webp 456w, https:\/\/scanmast.com\/wp-content\/uploads\/2025\/03\/240515_Mastresning_Vimmerby-172-4-1-721x406.webp 721w, https:\/\/scanmast.com\/wp-content\/uploads\/2025\/03\/240515_Mastresning_Vimmerby-172-4-1-300x169.webp 300w, https:\/\/scanmast.com\/wp-content\/uploads\/2025\/03\/240515_Mastresning_Vimmerby-172-4-1-1024x576.webp 1024w, https:\/\/scanmast.com\/wp-content\/uploads\/2025\/03\/240515_Mastresning_Vimmerby-172-4-1-768x432.webp 768w, https:\/\/scanmast.com\/wp-content\/uploads\/2025\/03\/240515_Mastresning_Vimmerby-172-4-1-1536x864.webp 1536w, https:\/\/scanmast.com\/wp-content\/uploads\/2025\/03\/240515_Mastresning_Vimmerby-172-4-1-18x10.webp 18w\" sizes=\"(max-width: 1584px) 100vw, 1584px\" \/>\t\t\t\t\t\t\t\t\t\t\t\t\t\t\t<\/div>\n\t\t\t\t<\/div>\n\t\t\t\t<\/div>\n\t\t\t\t<\/div>\n\t\t<div class=\"elementor-element elementor-element-914d719 e-con-full e-flex e-con e-child\" data-id=\"914d719\" data-element_type=\"container\" data-e-type=\"container\">\n\t\t<div class=\"elementor-element elementor-element-6e8eaa6 e-con-full e-flex e-con e-child\" data-id=\"6e8eaa6\" data-element_type=\"container\" data-e-type=\"container\">\n\t\t\t\t<div class=\"elementor-element elementor-element-84805db parent-cat elementor-icon-list--layout-traditional elementor-list-item-link-full_width elementor-widget elementor-widget-icon-list\" data-id=\"84805db\" data-element_type=\"widget\" data-e-type=\"widget\" data-widget_type=\"icon-list.default\">\n\t\t\t\t<div class=\"elementor-widget-container\">\n\t\t\t\t\t\t\t<ul class=\"elementor-icon-list-items\">\n\t\t\t\t\t\t\t<li class=\"elementor-icon-list-item\">\n\t\t\t\t\t\t\t\t\t\t\t<span class=\"elementor-icon-list-icon\">\n\t\t\t\t\t\t\t<svg aria-hidden=\"true\" class=\"e-font-icon-svg e-fas-arrow-right\" viewbox=\"0 0 448 512\" xmlns=\"http:\/\/www.w3.org\/2000\/svg\"><path d=\"M190.5 66.9l22.2-22.2c9.4-9.4 24.6-9.4 33.9 0L441 239c9.4 9.4 9.4 24.6 0 33.9L246.6 467.3c-9.4 9.4-24.6 9.4-33.9 0l-22.2-22.2c-9.5-9.5-9.3-25 .4-34.3L311.4 296H24c-13.3 0-24-10.7-24-24v-32c0-13.3 10.7-24 24-24h287.4L190.9 101.2c-9.8-9.3-10-24.8-.4-34.3z\"><\/path><\/svg>\t\t\t\t\t\t<\/span>\n\t\t\t\t\t\t\t\t\t\t<span class=\"elementor-icon-list-text\">About Scanmast<\/span>\n\t\t\t\t\t\t\t\t\t<\/li>\n\t\t\t\t\t\t<\/ul>\n\t\t\t\t\t\t<\/div>\n\t\t\t\t<\/div>\n\t\t\t\t<div class=\"elementor-element elementor-element-fac627d elementor-widget elementor-widget-heading\" data-id=\"fac627d\" data-element_type=\"widget\" data-e-type=\"widget\" data-widget_type=\"heading.default\">\n\t\t\t\t<div class=\"elementor-widget-container\">\n\t\t\t\t\t<h1 class=\"elementor-heading-title elementor-size-default\">Product catalogue<\/h1>\t\t\t\t<\/div>\n\t\t\t\t<\/div>\n\t\t<div class=\"elementor-element elementor-element-2d8876a e-con-full e-flex e-con e-child\" data-id=\"2d8876a\" data-element_type=\"container\" data-e-type=\"container\">\n\t\t\t\t<div class=\"elementor-element elementor-element-1f94f39 elementor-widget elementor-widget-text-editor\" data-id=\"1f94f39\" data-element_type=\"widget\" data-e-type=\"widget\" data-widget_type=\"text-editor.default\">\n\t\t\t\t<div class=\"elementor-widget-container\">\n\t\t\t\t\t\t\t\t\t<p>We deliver tomorrow's knowledge and support the technology of the future. As the market leader in masts and towers, we at Scanmast are your partner throughout the entire life cycle.<\/p>\t\t\t\t\t\t\t\t<\/div>\n\t\t\t\t<\/div>\n\t\t\t\t<\/div>\n\t\t\t\t<\/div>\n\t\t\t\t<\/div>\n\t\t\t\t<\/div>\n\t\t<div class=\"elementor-element elementor-element-a95a773 e-flex e-con-boxed e-con e-child\" data-id=\"a95a773\" data-element_type=\"container\" data-e-type=\"container\" data-settings=\"{&quot;background_background&quot;:&quot;classic&quot;}\">\n\t\t\t\t\t<div class=\"e-con-inner\">\n\t\t\t\t<div class=\"elementor-element elementor-element-5624c9c elementor-widget elementor-widget-heading\" data-id=\"5624c9c\" data-element_type=\"widget\" data-e-type=\"widget\" data-widget_type=\"heading.default\">\n\t\t\t\t<div class=\"elementor-widget-container\">\n\t\t\t\t\t<p class=\"elementor-heading-title elementor-size-default\"><a href=\"https:\/\/scanmast.com\/en\/\">Scanmast.se \/ <\/a><\/p>\t\t\t\t<\/div>\n\t\t\t\t<\/div>\n\t\t\t\t<div class=\"elementor-element elementor-element-eada722 thin-link elementor-widget elementor-widget-heading\" data-id=\"eada722\" data-element_type=\"widget\" data-e-type=\"widget\" data-widget_type=\"heading.default\">\n\t\t\t\t<div class=\"elementor-widget-container\">\n\t\t\t\t\t<p class=\"elementor-heading-title elementor-size-default\">About Scanmast<\/p>\t\t\t\t<\/div>\n\t\t\t\t<\/div>\n\t\t\t\t\t<\/div>\n\t\t\t\t<\/div>\n\t\t\t\t<\/div>\n\t\t<div class=\"elementor-element elementor-element-2cb48f8 nyhetsarkiv e-con-full e-flex e-con e-child\" data-id=\"2cb48f8\" data-element_type=\"container\" data-e-type=\"container\" data-settings=\"{&quot;background_background&quot;:&quot;classic&quot;}\">\n\t\t<div class=\"elementor-element elementor-element-2c1fa9c e-con-full e-flex e-con e-child\" data-id=\"2c1fa9c\" data-element_type=\"container\" data-e-type=\"container\">\n\t\t\t\t<div class=\"elementor-element elementor-element-26ce084 elementor-widget elementor-widget-heading\" data-id=\"26ce084\" data-element_type=\"widget\" data-e-type=\"widget\" data-widget_type=\"heading.default\">\n\t\t\t\t<div class=\"elementor-widget-container\">\n\t\t\t\t\t<h2 class=\"elementor-heading-title elementor-size-default\">Our products <\/h2>\t\t\t\t<\/div>\n\t\t\t\t<\/div>\n\t\t\t\t<\/div>\n\t\t<div class=\"elementor-element elementor-element-16786ce e-con-full e-flex e-con e-child\" data-id=\"16786ce\" data-element_type=\"container\" data-e-type=\"container\">\n\t\t\t\t<div class=\"elementor-element elementor-element-f88a0b5 elementor-widget elementor-widget-image\" data-id=\"f88a0b5\" data-element_type=\"widget\" data-e-type=\"widget\" data-widget_type=\"image.default\">\n\t\t\t\t<div class=\"elementor-widget-container\">\n\t\t\t\t\t\t\t\t\t\t\t\t\t\t\t<img decoding=\"async\" width=\"704\" height=\"469\" src=\"https:\/\/scanmast.com\/wp-content\/uploads\/2025\/03\/steel2.jpg\" class=\"attachment-large size-large wp-image-5375\" alt=\"\" srcset=\"https:\/\/scanmast.com\/wp-content\/uploads\/2025\/03\/steel2.jpg 704w, https:\/\/scanmast.com\/wp-content\/uploads\/2025\/03\/steel2-456x304.jpg 456w, https:\/\/scanmast.com\/wp-content\/uploads\/2025\/03\/steel2-300x200.jpg 300w, https:\/\/scanmast.com\/wp-content\/uploads\/2025\/03\/steel2-18x12.jpg 18w, https:\/\/scanmast.com\/wp-content\/uploads\/2025\/03\/steel2-600x400.jpg 600w\" sizes=\"(max-width: 704px) 100vw, 704px\" \/>\t\t\t\t\t\t\t\t\t\t\t\t\t\t\t<\/div>\n\t\t\t\t<\/div>\n\t\t\t\t<\/div>\n\t\t\t\t<\/div>\n\t\t\t\t<\/div>","protected":false},"excerpt":{"rendered":"<p>About Scanmast Product Catalogue We deliver tomorrow's knowledge and support the technology of the future. As the market leader in masts and towers, we at Scanmast are your partner throughout the entire life cycle. Scanmast.se \/ About Scanmast Our products<\/p>","protected":false},"author":2,"featured_media":4430,"parent":0,"menu_order":0,"comment_status":"closed","ping_status":"closed","template":"","meta":{"_acf_changed":false,"footnotes":""},"class_list":["post-6975","page","type-page","status-publish","has-post-thumbnail","hentry"],"acf":[],"yoast_head":"<!-- This site is optimized with the Yoast SEO plugin v26.8 - https:\/\/yoast.com\/product\/yoast-seo-wordpress\/ -->\n<title>Produktkatalog - Scanmast<\/title>\n<meta name=\"robots\" content=\"index, follow, max-snippet:-1, max-image-preview:large, max-video-preview:-1\" \/>\n<link rel=\"canonical\" href=\"https:\/\/scanmast.com\/en\/product-catalogue\/\" \/>\n<meta property=\"og:locale\" content=\"en_GB\" \/>\n<meta property=\"og:type\" content=\"article\" \/>\n<meta property=\"og:title\" content=\"Produktkatalog - Scanmast\" \/>\n<meta property=\"og:description\" content=\"Om Scanmast Produktkatalog Vi levererar morgondagens kunskap och b\u00e4r upp framtidens teknik. Som marknadsledare inom master och torn \u00e4r vi p\u00e5 Scanmast din partner genom hela livscykeln. Scanmast.se \/ Om Scanmast V\u00e5ra produkter\" \/>\n<meta property=\"og:url\" content=\"https:\/\/scanmast.com\/en\/product-catalogue\/\" \/>\n<meta property=\"og:site_name\" content=\"Scanmast\" \/>\n<meta property=\"article:modified_time\" content=\"2025-03-25T09:48:11+00:00\" \/>\n<meta property=\"og:image\" content=\"https:\/\/scanmast.com\/wp-content\/uploads\/2025\/03\/240515_Mastresning_Vimmerby-172-4-1.webp\" \/>\n\t<meta property=\"og:image:width\" content=\"1584\" \/>\n\t<meta property=\"og:image:height\" content=\"891\" \/>\n\t<meta property=\"og:image:type\" content=\"image\/webp\" \/>\n<meta name=\"twitter:card\" content=\"summary_large_image\" \/>\n<script type=\"application\/ld+json\" class=\"yoast-schema-graph\">{\"@context\":\"https:\/\/schema.org\",\"@graph\":[{\"@type\":\"WebPage\",\"@id\":\"https:\/\/scanmast.com\/se\/produktkatalog\/\",\"url\":\"https:\/\/scanmast.com\/se\/produktkatalog\/\",\"name\":\"Produktkatalog - Scanmast\",\"isPartOf\":{\"@id\":\"https:\/\/scanmast.com\/en\/#website\"},\"primaryImageOfPage\":{\"@id\":\"https:\/\/scanmast.com\/se\/produktkatalog\/#primaryimage\"},\"image\":{\"@id\":\"https:\/\/scanmast.com\/se\/produktkatalog\/#primaryimage\"},\"thumbnailUrl\":\"https:\/\/scanmast.com\/wp-content\/uploads\/2025\/03\/240515_Mastresning_Vimmerby-172-4-1.webp\",\"datePublished\":\"2025-03-25T09:46:02+00:00\",\"dateModified\":\"2025-03-25T09:48:11+00:00\",\"breadcrumb\":{\"@id\":\"https:\/\/scanmast.com\/se\/produktkatalog\/#breadcrumb\"},\"inLanguage\":\"en-GB\",\"potentialAction\":[{\"@type\":\"ReadAction\",\"target\":[\"https:\/\/scanmast.com\/se\/produktkatalog\/\"]}]},{\"@type\":\"ImageObject\",\"inLanguage\":\"en-GB\",\"@id\":\"https:\/\/scanmast.com\/se\/produktkatalog\/#primaryimage\",\"url\":\"https:\/\/scanmast.com\/wp-content\/uploads\/2025\/03\/240515_Mastresning_Vimmerby-172-4-1.webp\",\"contentUrl\":\"https:\/\/scanmast.com\/wp-content\/uploads\/2025\/03\/240515_Mastresning_Vimmerby-172-4-1.webp\",\"width\":1584,\"height\":891},{\"@type\":\"BreadcrumbList\",\"@id\":\"https:\/\/scanmast.com\/se\/produktkatalog\/#breadcrumb\",\"itemListElement\":[{\"@type\":\"ListItem\",\"position\":1,\"name\":\"Scanmast.se\",\"item\":\"https:\/\/scanmast.com\/en\/\"},{\"@type\":\"ListItem\",\"position\":2,\"name\":\"Produktkatalog\"}]},{\"@type\":\"WebSite\",\"@id\":\"https:\/\/scanmast.com\/en\/#website\",\"url\":\"https:\/\/scanmast.com\/en\/\",\"name\":\"Scanmast\",\"description\":\"\",\"publisher\":{\"@id\":\"https:\/\/scanmast.com\/en\/#organization\"},\"potentialAction\":[{\"@type\":\"SearchAction\",\"target\":{\"@type\":\"EntryPoint\",\"urlTemplate\":\"https:\/\/scanmast.com\/en\/?s={search_term_string}\"},\"query-input\":{\"@type\":\"PropertyValueSpecification\",\"valueRequired\":true,\"valueName\":\"search_term_string\"}}],\"inLanguage\":\"en-GB\"},{\"@type\":\"Organization\",\"@id\":\"https:\/\/scanmast.com\/en\/#organization\",\"name\":\"Scanmast\",\"url\":\"https:\/\/scanmast.com\/en\/\",\"logo\":{\"@type\":\"ImageObject\",\"inLanguage\":\"en-GB\",\"@id\":\"https:\/\/scanmast.com\/en\/#\/schema\/logo\/image\/\",\"url\":\"https:\/\/scanmast.com\/wp-content\/uploads\/2025\/01\/scanmast_logotyp_utansymbol.svg\",\"contentUrl\":\"https:\/\/scanmast.com\/wp-content\/uploads\/2025\/01\/scanmast_logotyp_utansymbol.svg\",\"width\":19,\"height\":3,\"caption\":\"Scanmast\"},\"image\":{\"@id\":\"https:\/\/scanmast.com\/en\/#\/schema\/logo\/image\/\"}}]}<\/script>\n<!-- \/ Yoast SEO plugin. -->","yoast_head_json":{"title":"Product catalogue - Scanmast","robots":{"index":"index","follow":"follow","max-snippet":"max-snippet:-1","max-image-preview":"max-image-preview:large","max-video-preview":"max-video-preview:-1"},"canonical":"https:\/\/scanmast.com\/en\/product-catalogue\/","og_locale":"en_GB","og_type":"article","og_title":"Produktkatalog - Scanmast","og_description":"Om Scanmast Produktkatalog Vi levererar morgondagens kunskap och b\u00e4r upp framtidens teknik. Som marknadsledare inom master och torn \u00e4r vi p\u00e5 Scanmast din partner genom hela livscykeln. Scanmast.se \/ Om Scanmast V\u00e5ra produkter","og_url":"https:\/\/scanmast.com\/en\/product-catalogue\/","og_site_name":"Scanmast","article_modified_time":"2025-03-25T09:48:11+00:00","og_image":[{"width":1584,"height":891,"url":"https:\/\/scanmast.com\/wp-content\/uploads\/2025\/03\/240515_Mastresning_Vimmerby-172-4-1.webp","type":"image\/webp"}],"twitter_card":"summary_large_image","schema":{"@context":"https:\/\/schema.org","@graph":[{"@type":"WebPage","@id":"https:\/\/scanmast.com\/se\/produktkatalog\/","url":"https:\/\/scanmast.com\/se\/produktkatalog\/","name":"Product catalogue - Scanmast","isPartOf":{"@id":"https:\/\/scanmast.com\/en\/#website"},"primaryImageOfPage":{"@id":"https:\/\/scanmast.com\/se\/produktkatalog\/#primaryimage"},"image":{"@id":"https:\/\/scanmast.com\/se\/produktkatalog\/#primaryimage"},"thumbnailUrl":"https:\/\/scanmast.com\/wp-content\/uploads\/2025\/03\/240515_Mastresning_Vimmerby-172-4-1.webp","datePublished":"2025-03-25T09:46:02+00:00","dateModified":"2025-03-25T09:48:11+00:00","breadcrumb":{"@id":"https:\/\/scanmast.com\/se\/produktkatalog\/#breadcrumb"},"inLanguage":"en-GB","potentialAction":[{"@type":"ReadAction","target":["https:\/\/scanmast.com\/se\/produktkatalog\/"]}]},{"@type":"ImageObject","inLanguage":"en-GB","@id":"https:\/\/scanmast.com\/se\/produktkatalog\/#primaryimage","url":"https:\/\/scanmast.com\/wp-content\/uploads\/2025\/03\/240515_Mastresning_Vimmerby-172-4-1.webp","contentUrl":"https:\/\/scanmast.com\/wp-content\/uploads\/2025\/03\/240515_Mastresning_Vimmerby-172-4-1.webp","width":1584,"height":891},{"@type":"BreadcrumbList","@id":"https:\/\/scanmast.com\/se\/produktkatalog\/#breadcrumb","itemListElement":[{"@type":"ListItem","position":1,"name":"Scanmast.se","item":"https:\/\/scanmast.com\/en\/"},{"@type":"ListItem","position":2,"name":"Produktkatalog"}]},{"@type":"WebSite","@id":"https:\/\/scanmast.com\/en\/#website","url":"https:\/\/scanmast.com\/en\/","name":"Scanmast","description":"","publisher":{"@id":"https:\/\/scanmast.com\/en\/#organization"},"potentialAction":[{"@type":"SearchAction","target":{"@type":"EntryPoint","urlTemplate":"https:\/\/scanmast.com\/en\/?s={search_term_string}"},"query-input":{"@type":"PropertyValueSpecification","valueRequired":true,"valueName":"search_term_string"}}],"inLanguage":"en-GB"},{"@type":"Organization","@id":"https:\/\/scanmast.com\/en\/#organization","name":"Scanmast","url":"https:\/\/scanmast.com\/en\/","logo":{"@type":"ImageObject","inLanguage":"en-GB","@id":"https:\/\/scanmast.com\/en\/#\/schema\/logo\/image\/","url":"https:\/\/scanmast.com\/wp-content\/uploads\/2025\/01\/scanmast_logotyp_utansymbol.svg","contentUrl":"https:\/\/scanmast.com\/wp-content\/uploads\/2025\/01\/scanmast_logotyp_utansymbol.svg","width":19,"height":3,"caption":"Scanmast"},"image":{"@id":"https:\/\/scanmast.com\/en\/#\/schema\/logo\/image\/"}}]}},"_links":{"self":[{"href":"https:\/\/scanmast.com\/en\/wp-json\/wp\/v2\/pages\/6975","targetHints":{"allow":["GET"]}}],"collection":[{"href":"https:\/\/scanmast.com\/en\/wp-json\/wp\/v2\/pages"}],"about":[{"href":"https:\/\/scanmast.com\/en\/wp-json\/wp\/v2\/types\/page"}],"author":[{"embeddable":true,"href":"https:\/\/scanmast.com\/en\/wp-json\/wp\/v2\/users\/2"}],"replies":[{"embeddable":true,"href":"https:\/\/scanmast.com\/en\/wp-json\/wp\/v2\/comments?post=6975"}],"version-history":[{"count":0,"href":"https:\/\/scanmast.com\/en\/wp-json\/wp\/v2\/pages\/6975\/revisions"}],"wp:featuredmedia":[{"embeddable":true,"href":"https:\/\/scanmast.com\/en\/wp-json\/wp\/v2\/media\/4430"}],"wp:attachment":[{"href":"https:\/\/scanmast.com\/en\/wp-json\/wp\/v2\/media?parent=6975"}],"curies":[{"name":"wp","href":"https:\/\/api.w.org\/{rel}","templated":true}]}}