{"id":6760,"date":"2025-03-24T13:49:08","date_gmt":"2025-03-24T13:49:08","guid":{"rendered":"https:\/\/scanmast.com\/?page_id=6760"},"modified":"2025-04-04T12:16:11","modified_gmt":"2025-04-04T12:16:11","slug":"whistleblowing","status":"publish","type":"page","link":"https:\/\/scanmast.com\/en\/whistleblowing\/","title":{"rendered":"Whistleblowing"},"content":{"rendered":"<div data-elementor-type=\"wp-page\" data-elementor-id=\"6760\" class=\"elementor elementor-6760\" data-elementor-post-type=\"page\">\n\t\t\t\t<div class=\"elementor-element elementor-element-af445cb e-flex e-con-boxed e-con e-parent\" data-id=\"af445cb\" data-element_type=\"container\" data-e-type=\"container\">\n\t\t\t\t\t<div class=\"e-con-inner\">\n\t\t\t\t<div class=\"elementor-element elementor-element-8897591 elementor-widget elementor-widget-heading\" data-id=\"8897591\" data-element_type=\"widget\" data-e-type=\"widget\" data-widget_type=\"heading.default\">\n\t\t\t\t<div class=\"elementor-widget-container\">\n\t\t\t\t\t<h1 class=\"elementor-heading-title elementor-size-default\">Whistleblowing<\/h1>\t\t\t\t<\/div>\n\t\t\t\t<\/div>\n\t\t\t\t<div class=\"elementor-element elementor-element-3a8dfe8 elementor-widget elementor-widget-text-editor\" data-id=\"3a8dfe8\" data-element_type=\"widget\" data-e-type=\"widget\" data-widget_type=\"text-editor.default\">\n\t\t\t\t<div class=\"elementor-widget-container\">\n\t\t\t\t\t\t\t\t\t<p>We strive to continuously improve and prevent serious misconduct from occurring in our organisation.  We encourage the active identification and reporting of any wrongdoing or shortcomings within the organisation.  Raising the alarm on such issues is important to us as it helps us to maintain a high level of business ethics and ensure that we act in accordance with our core values.<\/p>\n<p><strong>When should the whistleblowing function be used?<br><\/strong>This function should be used if you suspect that serious irregularities are taking place in your organisation. An irregularity can be, for example:<\/p>\n<ul>\n<li>bribe<\/li>\n<li>deception<\/li>\n<li>embezzlement<\/li>\n<li>theft, corruption<\/li>\n<li>offences against the law or serious breaches of internal rules and guidelines in the service<\/li>\n<li>or other comparable abuses<\/li>\n<\/ul>\n<p>The reporter must, at the time of reporting the misconduct, have reasonable grounds to believe that the information about the misconduct is true.<\/p>\n<p><strong>Who can report?<\/strong><br>It is not only you as an employee who has the right to whistleblow. If you belong to one of the following categories of persons, you also have the right to whistleblow and have therefore also been informed of our whistleblowing procedures:<\/p>\n<ul>\n<li>If you are making an enquiry or applying for a job with us<\/li>\n<li>If you apply or volunteer with us<\/li>\n<li>If you are applying for or completing a traineeship with us<\/li>\n<li>You who are otherwise available to perform or carry out work under our control and direction<\/li>\n<li>If you are self-employed and you apply for or carry out assignments for us<\/li>\n<li>If you are available to join or are part of an administrative, management or supervisory body of a company with us<\/li>\n<li>If you belong to one of the above categories of persons and have received or obtained the information during your time in our organisation<br><br><\/li>\n<\/ul>\n<p><strong>Who can be notified?<br><\/strong>The person reported should be in a senior or key position within the company, for example a senior manager or a person responsible for major purchases or other business-critical functions.<\/p>\n<p><strong>When should the function&nbsp;<em>not<\/em>&nbsp;be used?<br><\/strong>It is not intended for more general comments on, for example, management, work environment or organisational planning. It is also not suitable for reporting sensitive personnel issues that concern single individuals. Such matters should instead be dealt with within the organisation. Please contact&nbsp;<a href=\"mailto:info@scanmast.com\">info@scanmast.com<\/a>&nbsp;to be connected to the right person responsible for the case.<\/p>\n<p><strong>Make a report of misconduct<br><\/strong>We use our owners, Volati AB's whistleblowing function.<br>Use the link below to make an application:<\/p>\n<p><a href=\"https:\/\/eur04.safelinks.protection.outlook.com\/?url=https%3A%2F%2Fwww.volati.se%2Fsv%2Fhallbarhet%2Fvisselblasning.aspx&amp;data=05%7C02%7Cjonas.sahlander%40mafigroup.com%7Cabfacdb12e4843f1038a08dd5c945775%7Ca94ab3b5d79c4709bb0f69d952e0b59c%7C1%7C0%7C638768514375550237%7CUnknown%7CTWFpbGZsb3d8eyJFbXB0eU1hcGkiOnRydWUsIlYiOiIwLjAuMDAwMCIsIlAiOiJXaW4zMiIsIkFOIjoiTWFpbCIsIldUIjoyfQ%3D%3D%7C0%7C%7C%7C&amp;sdata=nEk6JaLcRyLZLgaI3pZZkb6V2P1dqNV3vQXYbmDN578%3D&amp;reserved=0\">https:\/\/www.volati.se\/sv\/hallbarhet\/visselblasning.aspx<\/a><\/p>\t\t\t\t\t\t\t\t<\/div>\n\t\t\t\t<\/div>\n\t\t\t\t\t<\/div>\n\t\t\t\t<\/div>\n\t\t\t\t<\/div>","protected":false},"excerpt":{"rendered":"<p>Vi str\u00e4var efter att st\u00e4ndigt f\u00f6rb\u00e4ttra och f\u00f6rebygga att allvarliga missf\u00f6rh\u00e5llanden f\u00f6rekommer i verksamheten.&nbsp; Vi uppmuntrar att aktivt uppm\u00e4rksamma och rapportera eventuella missf\u00f6rh\u00e5llanden eller brister inom organisationen.&nbsp; Att sl\u00e5 larm om s\u00e5dana problem \u00e4r viktigt f\u00f6r oss eftersom det hj\u00e4lper oss att uppr\u00e4tth\u00e5lla en h\u00f6g niv\u00e5 av aff\u00e4rsetik och s\u00e4kerst\u00e4lla att vi agerar i enlighet [&hellip;]<\/p>\n","protected":false},"author":2,"featured_media":0,"parent":0,"menu_order":0,"comment_status":"closed","ping_status":"closed","template":"","meta":{"_acf_changed":false,"footnotes":""},"class_list":["post-6760","page","type-page","status-publish","hentry"],"acf":[],"yoast_head":"<!-- This site is optimized with the Yoast SEO plugin v26.8 - https:\/\/yoast.com\/product\/yoast-seo-wordpress\/ -->\n<title>Visselbl\u00e5sning - Scanmast<\/title>\n<meta name=\"robots\" content=\"index, follow, max-snippet:-1, max-image-preview:large, max-video-preview:-1\" \/>\n<link rel=\"canonical\" href=\"https:\/\/scanmast.com\/en\/whistleblowing\/\" \/>\n<meta property=\"og:locale\" content=\"en_GB\" \/>\n<meta property=\"og:type\" content=\"article\" \/>\n<meta property=\"og:title\" content=\"Visselbl\u00e5sning - Scanmast\" \/>\n<meta property=\"og:description\" content=\"Vi str\u00e4var efter att st\u00e4ndigt f\u00f6rb\u00e4ttra och f\u00f6rebygga att allvarliga missf\u00f6rh\u00e5llanden f\u00f6rekommer i verksamheten.&nbsp; Vi uppmuntrar att aktivt uppm\u00e4rksamma och rapportera eventuella missf\u00f6rh\u00e5llanden eller brister inom organisationen.&nbsp; Att sl\u00e5 larm om s\u00e5dana problem \u00e4r viktigt f\u00f6r oss eftersom det hj\u00e4lper oss att uppr\u00e4tth\u00e5lla en h\u00f6g niv\u00e5 av aff\u00e4rsetik och s\u00e4kerst\u00e4lla att vi agerar i enlighet [&hellip;]\" \/>\n<meta property=\"og:url\" content=\"https:\/\/scanmast.com\/en\/whistleblowing\/\" \/>\n<meta property=\"og:site_name\" content=\"Scanmast\" \/>\n<meta property=\"article:modified_time\" content=\"2025-04-04T12:16:11+00:00\" \/>\n<meta name=\"twitter:card\" content=\"summary_large_image\" \/>\n<meta name=\"twitter:label1\" content=\"Estimated reading time\" \/>\n\t<meta name=\"twitter:data1\" content=\"2 minutes\" \/>\n<script type=\"application\/ld+json\" class=\"yoast-schema-graph\">{\"@context\":\"https:\/\/schema.org\",\"@graph\":[{\"@type\":\"WebPage\",\"@id\":\"https:\/\/scanmast.com\/se\/visselblasning\/\",\"url\":\"https:\/\/scanmast.com\/se\/visselblasning\/\",\"name\":\"Visselbl\u00e5sning - Scanmast\",\"isPartOf\":{\"@id\":\"https:\/\/scanmast.com\/en\/#website\"},\"datePublished\":\"2025-03-24T13:49:08+00:00\",\"dateModified\":\"2025-04-04T12:16:11+00:00\",\"breadcrumb\":{\"@id\":\"https:\/\/scanmast.com\/se\/visselblasning\/#breadcrumb\"},\"inLanguage\":\"en-GB\",\"potentialAction\":[{\"@type\":\"ReadAction\",\"target\":[\"https:\/\/scanmast.com\/se\/visselblasning\/\"]}]},{\"@type\":\"BreadcrumbList\",\"@id\":\"https:\/\/scanmast.com\/se\/visselblasning\/#breadcrumb\",\"itemListElement\":[{\"@type\":\"ListItem\",\"position\":1,\"name\":\"Scanmast.se\",\"item\":\"https:\/\/scanmast.com\/en\/\"},{\"@type\":\"ListItem\",\"position\":2,\"name\":\"Visselbl\u00e5sning\"}]},{\"@type\":\"WebSite\",\"@id\":\"https:\/\/scanmast.com\/en\/#website\",\"url\":\"https:\/\/scanmast.com\/en\/\",\"name\":\"Scanmast\",\"description\":\"\",\"publisher\":{\"@id\":\"https:\/\/scanmast.com\/en\/#organization\"},\"potentialAction\":[{\"@type\":\"SearchAction\",\"target\":{\"@type\":\"EntryPoint\",\"urlTemplate\":\"https:\/\/scanmast.com\/en\/?s={search_term_string}\"},\"query-input\":{\"@type\":\"PropertyValueSpecification\",\"valueRequired\":true,\"valueName\":\"search_term_string\"}}],\"inLanguage\":\"en-GB\"},{\"@type\":\"Organization\",\"@id\":\"https:\/\/scanmast.com\/en\/#organization\",\"name\":\"Scanmast\",\"url\":\"https:\/\/scanmast.com\/en\/\",\"logo\":{\"@type\":\"ImageObject\",\"inLanguage\":\"en-GB\",\"@id\":\"https:\/\/scanmast.com\/en\/#\/schema\/logo\/image\/\",\"url\":\"https:\/\/scanmast.com\/wp-content\/uploads\/2025\/01\/scanmast_logotyp_utansymbol.svg\",\"contentUrl\":\"https:\/\/scanmast.com\/wp-content\/uploads\/2025\/01\/scanmast_logotyp_utansymbol.svg\",\"width\":19,\"height\":3,\"caption\":\"Scanmast\"},\"image\":{\"@id\":\"https:\/\/scanmast.com\/en\/#\/schema\/logo\/image\/\"}}]}<\/script>\n<!-- \/ Yoast SEO plugin. -->","yoast_head_json":{"title":"Whistleblowing - Scanmast","robots":{"index":"index","follow":"follow","max-snippet":"max-snippet:-1","max-image-preview":"max-image-preview:large","max-video-preview":"max-video-preview:-1"},"canonical":"https:\/\/scanmast.com\/en\/whistleblowing\/","og_locale":"en_GB","og_type":"article","og_title":"Visselbl\u00e5sning - Scanmast","og_description":"Vi str\u00e4var efter att st\u00e4ndigt f\u00f6rb\u00e4ttra och f\u00f6rebygga att allvarliga missf\u00f6rh\u00e5llanden f\u00f6rekommer i verksamheten.&nbsp; Vi uppmuntrar att aktivt uppm\u00e4rksamma och rapportera eventuella missf\u00f6rh\u00e5llanden eller brister inom organisationen.&nbsp; Att sl\u00e5 larm om s\u00e5dana problem \u00e4r viktigt f\u00f6r oss eftersom det hj\u00e4lper oss att uppr\u00e4tth\u00e5lla en h\u00f6g niv\u00e5 av aff\u00e4rsetik och s\u00e4kerst\u00e4lla att vi agerar i enlighet [&hellip;]","og_url":"https:\/\/scanmast.com\/en\/whistleblowing\/","og_site_name":"Scanmast","article_modified_time":"2025-04-04T12:16:11+00:00","twitter_card":"summary_large_image","twitter_misc":{"Estimated reading time":"2 minutes"},"schema":{"@context":"https:\/\/schema.org","@graph":[{"@type":"WebPage","@id":"https:\/\/scanmast.com\/se\/visselblasning\/","url":"https:\/\/scanmast.com\/se\/visselblasning\/","name":"Whistleblowing - Scanmast","isPartOf":{"@id":"https:\/\/scanmast.com\/en\/#website"},"datePublished":"2025-03-24T13:49:08+00:00","dateModified":"2025-04-04T12:16:11+00:00","breadcrumb":{"@id":"https:\/\/scanmast.com\/se\/visselblasning\/#breadcrumb"},"inLanguage":"en-GB","potentialAction":[{"@type":"ReadAction","target":["https:\/\/scanmast.com\/se\/visselblasning\/"]}]},{"@type":"BreadcrumbList","@id":"https:\/\/scanmast.com\/se\/visselblasning\/#breadcrumb","itemListElement":[{"@type":"ListItem","position":1,"name":"Scanmast.se","item":"https:\/\/scanmast.com\/en\/"},{"@type":"ListItem","position":2,"name":"Visselbl\u00e5sning"}]},{"@type":"WebSite","@id":"https:\/\/scanmast.com\/en\/#website","url":"https:\/\/scanmast.com\/en\/","name":"Scanmast","description":"","publisher":{"@id":"https:\/\/scanmast.com\/en\/#organization"},"potentialAction":[{"@type":"SearchAction","target":{"@type":"EntryPoint","urlTemplate":"https:\/\/scanmast.com\/en\/?s={search_term_string}"},"query-input":{"@type":"PropertyValueSpecification","valueRequired":true,"valueName":"search_term_string"}}],"inLanguage":"en-GB"},{"@type":"Organization","@id":"https:\/\/scanmast.com\/en\/#organization","name":"Scanmast","url":"https:\/\/scanmast.com\/en\/","logo":{"@type":"ImageObject","inLanguage":"en-GB","@id":"https:\/\/scanmast.com\/en\/#\/schema\/logo\/image\/","url":"https:\/\/scanmast.com\/wp-content\/uploads\/2025\/01\/scanmast_logotyp_utansymbol.svg","contentUrl":"https:\/\/scanmast.com\/wp-content\/uploads\/2025\/01\/scanmast_logotyp_utansymbol.svg","width":19,"height":3,"caption":"Scanmast"},"image":{"@id":"https:\/\/scanmast.com\/en\/#\/schema\/logo\/image\/"}}]}},"_links":{"self":[{"href":"https:\/\/scanmast.com\/en\/wp-json\/wp\/v2\/pages\/6760","targetHints":{"allow":["GET"]}}],"collection":[{"href":"https:\/\/scanmast.com\/en\/wp-json\/wp\/v2\/pages"}],"about":[{"href":"https:\/\/scanmast.com\/en\/wp-json\/wp\/v2\/types\/page"}],"author":[{"embeddable":true,"href":"https:\/\/scanmast.com\/en\/wp-json\/wp\/v2\/users\/2"}],"replies":[{"embeddable":true,"href":"https:\/\/scanmast.com\/en\/wp-json\/wp\/v2\/comments?post=6760"}],"version-history":[{"count":3,"href":"https:\/\/scanmast.com\/en\/wp-json\/wp\/v2\/pages\/6760\/revisions"}],"predecessor-version":[{"id":8136,"href":"https:\/\/scanmast.com\/en\/wp-json\/wp\/v2\/pages\/6760\/revisions\/8136"}],"wp:attachment":[{"href":"https:\/\/scanmast.com\/en\/wp-json\/wp\/v2\/media?parent=6760"}],"curies":[{"name":"wp","href":"https:\/\/api.w.org\/{rel}","templated":true}]}}