{"id":3884,"date":"2025-03-08T20:44:02","date_gmt":"2025-03-08T20:44:02","guid":{"rendered":"https:\/\/scanmast.com\/?page_id=3884"},"modified":"2025-04-10T14:16:25","modified_gmt":"2025-04-10T14:16:25","slug":"product-development","status":"publish","type":"page","link":"https:\/\/scanmast.com\/en\/product-development\/","title":{"rendered":"Product development"},"content":{"rendered":"<div data-elementor-type=\"wp-page\" data-elementor-id=\"3884\" class=\"elementor elementor-3884\" data-elementor-post-type=\"page\">\n\t\t\t\t<div class=\"elementor-element elementor-element-6845fca e-con-full e-flex e-con e-parent\" data-id=\"6845fca\" data-element_type=\"container\" data-e-type=\"container\">\n\t\t\t\t<div class=\"elementor-element elementor-element-bcffa6b elementor-widget elementor-widget-spacer\" data-id=\"bcffa6b\" data-element_type=\"widget\" data-e-type=\"widget\" data-widget_type=\"spacer.default\">\n\t\t\t\t<div class=\"elementor-widget-container\">\n\t\t\t\t\t\t\t<div class=\"elementor-spacer\">\n\t\t\t<div class=\"elementor-spacer-inner\"><\/div>\n\t\t<\/div>\n\t\t\t\t\t\t<\/div>\n\t\t\t\t<\/div>\n\t\t\t\t<\/div>\n\t\t<div class=\"elementor-element elementor-element-20983c5 e-flex e-con-boxed e-con e-parent\" data-id=\"20983c5\" data-element_type=\"container\" data-e-type=\"container\" data-settings=\"{&quot;background_background&quot;:&quot;classic&quot;}\">\n\t\t\t\t\t<div class=\"e-con-inner\">\n\t\t<div class=\"elementor-element elementor-element-6b8dec9 e-con-full e-flex e-con e-child\" data-id=\"6b8dec9\" data-element_type=\"container\" data-e-type=\"container\" data-settings=\"{&quot;background_background&quot;:&quot;classic&quot;}\">\n\t\t\t\t<div class=\"elementor-element elementor-element-79eab06 elementor-widget elementor-widget-image\" data-id=\"79eab06\" data-element_type=\"widget\" data-e-type=\"widget\" data-widget_type=\"image.default\">\n\t\t\t\t<div class=\"elementor-widget-container\">\n\t\t\t\t\t\t\t\t\t\t\t\t\t\t\t<img fetchpriority=\"high\" decoding=\"async\" width=\"1104\" height=\"860\" src=\"https:\/\/scanmast.com\/wp-content\/uploads\/2025\/03\/bevakning2.jpg\" class=\"attachment-full size-full wp-image-4978\" alt=\"\" srcset=\"https:\/\/scanmast.com\/wp-content\/uploads\/2025\/03\/bevakning2.jpg 1104w, https:\/\/scanmast.com\/wp-content\/uploads\/2025\/03\/bevakning2-456x355.jpg 456w, https:\/\/scanmast.com\/wp-content\/uploads\/2025\/03\/bevakning2-721x562.jpg 721w, https:\/\/scanmast.com\/wp-content\/uploads\/2025\/03\/bevakning2-300x234.jpg 300w, https:\/\/scanmast.com\/wp-content\/uploads\/2025\/03\/bevakning2-1024x798.jpg 1024w, https:\/\/scanmast.com\/wp-content\/uploads\/2025\/03\/bevakning2-768x598.jpg 768w, https:\/\/scanmast.com\/wp-content\/uploads\/2025\/03\/bevakning2-15x12.jpg 15w\" sizes=\"(max-width: 1104px) 100vw, 1104px\" \/>\t\t\t\t\t\t\t\t\t\t\t\t\t\t\t<\/div>\n\t\t\t\t<\/div>\n\t\t\t\t<\/div>\n\t\t<div class=\"elementor-element elementor-element-56e1508 e-con-full e-flex e-con e-child\" data-id=\"56e1508\" data-element_type=\"container\" data-e-type=\"container\">\n\t\t\t\t<div class=\"elementor-element elementor-element-399c822 parent-cat elementor-icon-list--layout-traditional elementor-list-item-link-full_width elementor-widget elementor-widget-icon-list\" data-id=\"399c822\" data-element_type=\"widget\" data-e-type=\"widget\" data-widget_type=\"icon-list.default\">\n\t\t\t\t<div class=\"elementor-widget-container\">\n\t\t\t\t\t\t\t<ul class=\"elementor-icon-list-items\">\n\t\t\t\t\t\t\t<li class=\"elementor-icon-list-item\">\n\t\t\t\t\t\t\t\t\t\t\t<a href=\"https:\/\/scanmast.com\/en\/goods-services\/\">\n\n\t\t\t\t\t\t\t\t\t\t\t\t<span class=\"elementor-icon-list-icon\">\n\t\t\t\t\t\t\t<svg xmlns=\"http:\/\/www.w3.org\/2000\/svg\" id=\"uuid-b9029fdc-02de-4b69-bcb6-8cfef79a1f66\" data-name=\"Lager 1\" viewbox=\"0 0 9.3 10\"><defs><style>      .uuid-11c728b0-0004-4730-a8d2-05f5867d3029 {        fill: #1a1a3c;      }    <\/style><\/defs><polygon class=\"uuid-11c728b0-0004-4730-a8d2-05f5867d3029\" points=\"4.3 0 3.6 .7 7.3 4.5 0 4.5 0 5.5 7.3 5.5 3.6 9.3 4.3 10 9.3 5 4.3 0\"><\/polygon><\/svg>\t\t\t\t\t\t<\/span>\n\t\t\t\t\t\t\t\t\t\t<span class=\"elementor-icon-list-text\">Our services<\/span>\n\t\t\t\t\t\t\t\t\t\t\t<\/a>\n\t\t\t\t\t\t\t\t\t<\/li>\n\t\t\t\t\t\t<\/ul>\n\t\t\t\t\t\t<\/div>\n\t\t\t\t<\/div>\n\t\t\t\t<div class=\"elementor-element elementor-element-57b8807 elementor-widget elementor-widget-heading\" data-id=\"57b8807\" data-element_type=\"widget\" data-e-type=\"widget\" data-widget_type=\"heading.default\">\n\t\t\t\t<div class=\"elementor-widget-container\">\n\t\t\t\t\t<h1 class=\"elementor-heading-title elementor-size-default\">Product development<\/h1>\t\t\t\t<\/div>\n\t\t\t\t<\/div>\n\t\t\t\t<div class=\"elementor-element elementor-element-b4d063b elementor-widget elementor-widget-text-editor\" data-id=\"b4d063b\" data-element_type=\"widget\" data-e-type=\"widget\" data-widget_type=\"text-editor.default\">\n\t\t\t\t<div class=\"elementor-widget-container\">\n\t\t\t\t\t\t\t\t\t<p>Often our products need to be customised to meet specific requirements, and sometimes completely new products need to be developed. Together with our customers, we develop effective solutions with customised media bridges, foundations and technology carriers. We use our standard products as a basis and develop customised solutions for your specific purpose. The customisations can involve media bridges, platforms, attachments for technology or other special solutions where our truss construction forms the basis of the design.<\/p>\t\t\t\t\t\t\t\t<\/div>\n\t\t\t\t<\/div>\n\t\t\t\t<div class=\"elementor-element elementor-element-90917ae elementor-widget elementor-widget-button\" data-id=\"90917ae\" data-element_type=\"widget\" data-e-type=\"widget\" data-widget_type=\"button.default\">\n\t\t\t\t<div class=\"elementor-widget-container\">\n\t\t\t\t\t\t\t\t\t<div class=\"elementor-button-wrapper\">\n\t\t\t\t\t<a class=\"elementor-button elementor-button-link elementor-size-sm\" href=\"https:\/\/scanmast.com\/en\/contact\/\">\n\t\t\t\t\t\t<span class=\"elementor-button-content-wrapper\">\n\t\t\t\t\t\t\t\t\t<span class=\"elementor-button-text\">Contact us<\/span>\n\t\t\t\t\t<\/span>\n\t\t\t\t\t<\/a>\n\t\t\t\t<\/div>\n\t\t\t\t\t\t\t\t<\/div>\n\t\t\t\t<\/div>\n\t\t\t\t<\/div>\n\t\t\t\t\t<\/div>\n\t\t\t\t<\/div>\n\t\t<div class=\"elementor-element elementor-element-1ac3480 elementor-hidden-mobile e-flex e-con-boxed e-con e-child\" data-id=\"1ac3480\" data-element_type=\"container\" data-e-type=\"container\" data-settings=\"{&quot;background_background&quot;:&quot;classic&quot;}\">\n\t\t\t\t\t<div class=\"e-con-inner\">\n\t\t<div class=\"elementor-element elementor-element-2cbae08 e-flex e-con-boxed e-con e-child\" data-id=\"2cbae08\" data-element_type=\"container\" data-e-type=\"container\">\n\t\t\t\t\t<div class=\"e-con-inner\">\n\t\t<div class=\"elementor-element elementor-element-1285264 e-con-full e-flex e-con e-child\" data-id=\"1285264\" data-element_type=\"container\" data-e-type=\"container\">\n\t\t<div class=\"elementor-element elementor-element-33060a1 e-con-full e-flex e-con e-child\" data-id=\"33060a1\" data-element_type=\"container\" data-e-type=\"container\" data-settings=\"{&quot;background_background&quot;:&quot;classic&quot;}\">\n\t\t\t\t<div class=\"elementor-element elementor-element-08bddc5 elementor-widget elementor-widget-heading\" data-id=\"08bddc5\" data-element_type=\"widget\" data-e-type=\"widget\" data-widget_type=\"heading.default\">\n\t\t\t\t<div class=\"elementor-widget-container\">\n\t\t\t\t\t<p class=\"elementor-heading-title elementor-size-default\"><a href=\"https:\/\/scanmast.com\/en\/\">scanmast.com<\/a><\/p>\t\t\t\t<\/div>\n\t\t\t\t<\/div>\n\t\t\t\t<div class=\"elementor-element elementor-element-4d8a26e thin-link elementor-widget elementor-widget-heading\" data-id=\"4d8a26e\" data-element_type=\"widget\" data-e-type=\"widget\" data-widget_type=\"heading.default\">\n\t\t\t\t<div class=\"elementor-widget-container\">\n\t\t\t\t\t<p class=\"elementor-heading-title elementor-size-default\"><a href=\"https:\/\/scanmast.com\/en\/goods-services\/\">\/ Our services \/ <\/a><\/p>\t\t\t\t<\/div>\n\t\t\t\t<\/div>\n\t\t\t\t<div class=\"elementor-element elementor-element-a79c95c thin-link elementor-widget elementor-widget-heading\" data-id=\"a79c95c\" data-element_type=\"widget\" data-e-type=\"widget\" data-widget_type=\"heading.default\">\n\t\t\t\t<div class=\"elementor-widget-container\">\n\t\t\t\t\t<p class=\"elementor-heading-title elementor-size-default\">Product development<\/p>\t\t\t\t<\/div>\n\t\t\t\t<\/div>\n\t\t\t\t<\/div>\n\t\t\t\t<\/div>\n\t\t\t\t\t<\/div>\n\t\t\t\t<\/div>\n\t\t\t\t\t<\/div>\n\t\t\t\t<\/div>\n\t\t<div class=\"elementor-element elementor-element-87a0c9d e-flex e-con-boxed e-con e-child\" data-id=\"87a0c9d\" data-element_type=\"container\" data-e-type=\"container\" data-settings=\"{&quot;background_background&quot;:&quot;classic&quot;}\">\n\t\t\t\t\t<div class=\"e-con-inner\">\n\t\t<div class=\"elementor-element elementor-element-af41c58 e-con-full e-flex e-con e-child\" data-id=\"af41c58\" data-element_type=\"container\" data-e-type=\"container\">\n\t\t\t\t<div class=\"elementor-element elementor-element-5165d00 elementor-widget elementor-widget-heading\" data-id=\"5165d00\" data-element_type=\"widget\" data-e-type=\"widget\" data-widget_type=\"heading.default\">\n\t\t\t\t<div class=\"elementor-widget-container\">\n\t\t\t\t\t<h2 class=\"elementor-heading-title elementor-size-default\">New solutions and customisations<\/h2>\t\t\t\t<\/div>\n\t\t\t\t<\/div>\n\t\t\t\t<div class=\"elementor-element elementor-element-faeead0 elementor-widget elementor-widget-heading\" data-id=\"faeead0\" data-element_type=\"widget\" data-e-type=\"widget\" data-widget_type=\"heading.default\">\n\t\t\t\t<div class=\"elementor-widget-container\">\n\t\t\t\t\t<h3 class=\"elementor-heading-title elementor-size-default\">Product development for new standards<\/h3>\t\t\t\t<\/div>\n\t\t\t\t<\/div>\n\t\t\t\t<div class=\"elementor-element elementor-element-2e1aad0 elementor-widget elementor-widget-text-editor\" data-id=\"2e1aad0\" data-element_type=\"widget\" data-e-type=\"widget\" data-widget_type=\"text-editor.default\">\n\t\t\t\t<div class=\"elementor-widget-container\">\n\t\t\t\t\t\t\t\t\t<p>We develop and optimise our products according to the latest requirements of the Eurocode so that they are adapted to current standards and requirements.<\/p>\t\t\t\t\t\t\t\t<\/div>\n\t\t\t\t<\/div>\n\t\t\t\t<div class=\"elementor-element elementor-element-c343d90 elementor-widget elementor-widget-heading\" data-id=\"c343d90\" data-element_type=\"widget\" data-e-type=\"widget\" data-widget_type=\"heading.default\">\n\t\t\t\t<div class=\"elementor-widget-container\">\n\t\t\t\t\t<h3 class=\"elementor-heading-title elementor-size-default\">Calculation important in product development<\/h3>\t\t\t\t<\/div>\n\t\t\t\t<\/div>\n\t\t\t\t<div class=\"elementor-element elementor-element-be1988d elementor-widget elementor-widget-text-editor\" data-id=\"be1988d\" data-element_type=\"widget\" data-e-type=\"widget\" data-widget_type=\"text-editor.default\">\n\t\t\t\t<div class=\"elementor-widget-container\">\n\t\t\t\t\t\t\t\t\t<p>When designing new products or customising existing ones, strength calculation is essential. Our design and strength calculation departments work closely together to ensure the best and most durable solution that does the job.<\/p>\t\t\t\t\t\t\t\t<\/div>\n\t\t\t\t<\/div>\n\t\t\t\t<div class=\"elementor-element elementor-element-9c2adbe elementor-widget elementor-widget-heading\" data-id=\"9c2adbe\" data-element_type=\"widget\" data-e-type=\"widget\" data-widget_type=\"heading.default\">\n\t\t\t\t<div class=\"elementor-widget-container\">\n\t\t\t\t\t<h3 class=\"elementor-heading-title elementor-size-default\">Specialised solutions are our everyday business<\/h3>\t\t\t\t<\/div>\n\t\t\t\t<\/div>\n\t\t\t\t<div class=\"elementor-element elementor-element-694ef4b elementor-widget elementor-widget-text-editor\" data-id=\"694ef4b\" data-element_type=\"widget\" data-e-type=\"widget\" data-widget_type=\"text-editor.default\">\n\t\t\t\t<div class=\"elementor-widget-container\">\n\t\t\t\t\t\t\t\t\t<p>We have helped produce various media bridges for cables, pipelines, footbridges and more, as well as poles for power lines for electrified trucks, masts for wind measurement and water cannons, and supporting structures for satellite dishes on oil platforms - to name a few.<\/p><p>Take a look at some of our references in product development and customised solutions.<\/p>\t\t\t\t\t\t\t\t<\/div>\n\t\t\t\t<\/div>\n\t\t\t\t<div class=\"elementor-element elementor-element-c9713b9 elementor-widget elementor-widget-button\" data-id=\"c9713b9\" data-element_type=\"widget\" data-e-type=\"widget\" data-widget_type=\"button.default\">\n\t\t\t\t<div class=\"elementor-widget-container\">\n\t\t\t\t\t\t\t\t\t<div class=\"elementor-button-wrapper\">\n\t\t\t\t\t<a class=\"elementor-button elementor-button-link elementor-size-sm\" href=\"\/en\/category\/box\/\">\n\t\t\t\t\t\t<span class=\"elementor-button-content-wrapper\">\n\t\t\t\t\t\t\t\t\t<span class=\"elementor-button-text\">See our cases<\/span>\n\t\t\t\t\t<\/span>\n\t\t\t\t\t<\/a>\n\t\t\t\t<\/div>\n\t\t\t\t\t\t\t\t<\/div>\n\t\t\t\t<\/div>\n\t\t\t\t<\/div>\n\t\t<div class=\"elementor-element elementor-element-ca1fb67 e-con-full e-flex e-con e-child\" data-id=\"ca1fb67\" data-element_type=\"container\" data-e-type=\"container\">\n\t\t\t\t<div class=\"elementor-element elementor-element-0ab35d5 elementor-widget elementor-widget-image\" data-id=\"0ab35d5\" data-element_type=\"widget\" data-e-type=\"widget\" data-widget_type=\"image.default\">\n\t\t\t\t<div class=\"elementor-widget-container\">\n\t\t\t\t\t\t\t\t\t\t\t\t\t\t\t<img decoding=\"async\" width=\"704\" height=\"469\" src=\"https:\/\/scanmast.com\/wp-content\/uploads\/2025\/03\/konstruktion.jpg\" class=\"attachment-large size-large wp-image-5010\" alt=\"\" srcset=\"https:\/\/scanmast.com\/wp-content\/uploads\/2025\/03\/konstruktion.jpg 704w, https:\/\/scanmast.com\/wp-content\/uploads\/2025\/03\/konstruktion-456x304.jpg 456w, https:\/\/scanmast.com\/wp-content\/uploads\/2025\/03\/konstruktion-300x200.jpg 300w, https:\/\/scanmast.com\/wp-content\/uploads\/2025\/03\/konstruktion-18x12.jpg 18w, https:\/\/scanmast.com\/wp-content\/uploads\/2025\/03\/konstruktion-600x400.jpg 600w\" sizes=\"(max-width: 704px) 100vw, 704px\" \/>\t\t\t\t\t\t\t\t\t\t\t\t\t\t\t<\/div>\n\t\t\t\t<\/div>\n\t\t\t\t<\/div>\n\t\t\t\t\t<\/div>\n\t\t\t\t<\/div>\n\t\t<div class=\"elementor-element elementor-element-13c45e8 e-flex e-con-boxed e-con e-parent\" data-id=\"13c45e8\" data-element_type=\"container\" data-e-type=\"container\">\n\t\t\t\t\t<div class=\"e-con-inner\">\n\t\t\t\t<div class=\"elementor-element elementor-element-fe47ddf elementor-widget elementor-widget-image\" data-id=\"fe47ddf\" data-element_type=\"widget\" data-e-type=\"widget\" data-widget_type=\"image.default\">\n\t\t\t\t<div class=\"elementor-widget-container\">\n\t\t\t\t\t\t\t\t\t\t\t\t\t\t\t<img decoding=\"async\" width=\"1715\" height=\"965\" src=\"https:\/\/scanmast.com\/wp-content\/uploads\/2025\/03\/ror5.jpg\" class=\"attachment-full size-full wp-image-5008\" alt=\"\" srcset=\"https:\/\/scanmast.com\/wp-content\/uploads\/2025\/03\/ror5.jpg 1715w, https:\/\/scanmast.com\/wp-content\/uploads\/2025\/03\/ror5-456x257.jpg 456w, https:\/\/scanmast.com\/wp-content\/uploads\/2025\/03\/ror5-721x406.jpg 721w, https:\/\/scanmast.com\/wp-content\/uploads\/2025\/03\/ror5-300x169.jpg 300w, https:\/\/scanmast.com\/wp-content\/uploads\/2025\/03\/ror5-1024x576.jpg 1024w, https:\/\/scanmast.com\/wp-content\/uploads\/2025\/03\/ror5-768x432.jpg 768w, https:\/\/scanmast.com\/wp-content\/uploads\/2025\/03\/ror5-1536x864.jpg 1536w, https:\/\/scanmast.com\/wp-content\/uploads\/2025\/03\/ror5-18x10.jpg 18w\" sizes=\"(max-width: 1715px) 100vw, 1715px\" \/>\t\t\t\t\t\t\t\t\t\t\t\t\t\t\t<\/div>\n\t\t\t\t<\/div>\n\t\t\t\t\t<\/div>\n\t\t\t\t<\/div>\n\t\t\t\t<\/div>","protected":false},"excerpt":{"rendered":"<p>V\u00e5ra tj\u00e4nster Ofta beh\u00f6ver v\u00e5ra produkter anpassas utifr\u00e5n s\u00e4rskilda \u00f6nskem\u00e5l, och ibland beh\u00f6ver helt nya produkter tas fram. Tillsammans med v\u00e5ra kunder tar vi fram effektiva l\u00f6sningar med anpassade mediabryggor, fundament och teknikb\u00e4rare. Vi anv\u00e4nder v\u00e5ra standardprodukter som grund och tar fram specialanpassade l\u00f6sningar f\u00f6r just ditt \u00e4ndam\u00e5l. Anpassningarna kan handla om mediabryggor, plattformar, inf\u00e4stning [&hellip;]<\/p>\n","protected":false},"author":2,"featured_media":4978,"parent":0,"menu_order":0,"comment_status":"closed","ping_status":"closed","template":"","meta":{"_acf_changed":false,"footnotes":""},"class_list":["post-3884","page","type-page","status-publish","has-post-thumbnail","hentry"],"acf":[],"yoast_head":"<!-- This site is optimized with the Yoast SEO plugin v26.8 - https:\/\/yoast.com\/product\/yoast-seo-wordpress\/ -->\n<title>Produktutveckling - Scanmast<\/title>\n<meta name=\"robots\" content=\"index, follow, max-snippet:-1, max-image-preview:large, max-video-preview:-1\" \/>\n<link rel=\"canonical\" href=\"https:\/\/scanmast.com\/en\/product-development\/\" \/>\n<meta property=\"og:locale\" content=\"en_GB\" \/>\n<meta property=\"og:type\" content=\"article\" \/>\n<meta property=\"og:title\" content=\"Produktutveckling - Scanmast\" \/>\n<meta property=\"og:description\" content=\"V\u00e5ra tj\u00e4nster Ofta beh\u00f6ver v\u00e5ra produkter anpassas utifr\u00e5n s\u00e4rskilda \u00f6nskem\u00e5l, och ibland beh\u00f6ver helt nya produkter tas fram. Tillsammans med v\u00e5ra kunder tar vi fram effektiva l\u00f6sningar med anpassade mediabryggor, fundament och teknikb\u00e4rare. Vi anv\u00e4nder v\u00e5ra standardprodukter som grund och tar fram specialanpassade l\u00f6sningar f\u00f6r just ditt \u00e4ndam\u00e5l. Anpassningarna kan handla om mediabryggor, plattformar, inf\u00e4stning [&hellip;]\" \/>\n<meta property=\"og:url\" content=\"https:\/\/scanmast.com\/en\/product-development\/\" \/>\n<meta property=\"og:site_name\" content=\"Scanmast\" \/>\n<meta property=\"article:modified_time\" content=\"2025-04-10T14:16:25+00:00\" \/>\n<meta property=\"og:image\" content=\"https:\/\/scanmast.com\/wp-content\/uploads\/2025\/03\/bevakning2.jpg\" \/>\n\t<meta property=\"og:image:width\" content=\"1104\" \/>\n\t<meta property=\"og:image:height\" content=\"860\" \/>\n\t<meta property=\"og:image:type\" content=\"image\/jpeg\" \/>\n<meta name=\"twitter:card\" content=\"summary_large_image\" \/>\n<meta name=\"twitter:label1\" content=\"Estimated reading time\" \/>\n\t<meta name=\"twitter:data1\" content=\"2 minutes\" \/>\n<script type=\"application\/ld+json\" class=\"yoast-schema-graph\">{\"@context\":\"https:\/\/schema.org\",\"@graph\":[{\"@type\":\"WebPage\",\"@id\":\"https:\/\/scanmast.com\/en\/product-development\/\",\"url\":\"https:\/\/scanmast.com\/en\/product-development\/\",\"name\":\"Produktutveckling - Scanmast\",\"isPartOf\":{\"@id\":\"https:\/\/scanmast.com\/en\/#website\"},\"primaryImageOfPage\":{\"@id\":\"https:\/\/scanmast.com\/en\/product-development\/#primaryimage\"},\"image\":{\"@id\":\"https:\/\/scanmast.com\/en\/product-development\/#primaryimage\"},\"thumbnailUrl\":\"https:\/\/scanmast.com\/wp-content\/uploads\/2025\/03\/bevakning2.jpg\",\"datePublished\":\"2025-03-08T20:44:02+00:00\",\"dateModified\":\"2025-04-10T14:16:25+00:00\",\"breadcrumb\":{\"@id\":\"https:\/\/scanmast.com\/en\/product-development\/#breadcrumb\"},\"inLanguage\":\"en-GB\",\"potentialAction\":[{\"@type\":\"ReadAction\",\"target\":[\"https:\/\/scanmast.com\/en\/product-development\/\"]}]},{\"@type\":\"ImageObject\",\"inLanguage\":\"en-GB\",\"@id\":\"https:\/\/scanmast.com\/en\/product-development\/#primaryimage\",\"url\":\"https:\/\/scanmast.com\/wp-content\/uploads\/2025\/03\/bevakning2.jpg\",\"contentUrl\":\"https:\/\/scanmast.com\/wp-content\/uploads\/2025\/03\/bevakning2.jpg\",\"width\":1104,\"height\":860},{\"@type\":\"BreadcrumbList\",\"@id\":\"https:\/\/scanmast.com\/en\/product-development\/#breadcrumb\",\"itemListElement\":[{\"@type\":\"ListItem\",\"position\":1,\"name\":\"Scanmast.se\",\"item\":\"https:\/\/scanmast.com\/en\/\"},{\"@type\":\"ListItem\",\"position\":2,\"name\":\"Produktutveckling\"}]},{\"@type\":\"WebSite\",\"@id\":\"https:\/\/scanmast.com\/en\/#website\",\"url\":\"https:\/\/scanmast.com\/en\/\",\"name\":\"Scanmast\",\"description\":\"\",\"publisher\":{\"@id\":\"https:\/\/scanmast.com\/en\/#organization\"},\"potentialAction\":[{\"@type\":\"SearchAction\",\"target\":{\"@type\":\"EntryPoint\",\"urlTemplate\":\"https:\/\/scanmast.com\/en\/?s={search_term_string}\"},\"query-input\":{\"@type\":\"PropertyValueSpecification\",\"valueRequired\":true,\"valueName\":\"search_term_string\"}}],\"inLanguage\":\"en-GB\"},{\"@type\":\"Organization\",\"@id\":\"https:\/\/scanmast.com\/en\/#organization\",\"name\":\"Scanmast\",\"url\":\"https:\/\/scanmast.com\/en\/\",\"logo\":{\"@type\":\"ImageObject\",\"inLanguage\":\"en-GB\",\"@id\":\"https:\/\/scanmast.com\/en\/#\/schema\/logo\/image\/\",\"url\":\"https:\/\/scanmast.com\/wp-content\/uploads\/2025\/01\/scanmast_logotyp_utansymbol.svg\",\"contentUrl\":\"https:\/\/scanmast.com\/wp-content\/uploads\/2025\/01\/scanmast_logotyp_utansymbol.svg\",\"width\":19,\"height\":3,\"caption\":\"Scanmast\"},\"image\":{\"@id\":\"https:\/\/scanmast.com\/en\/#\/schema\/logo\/image\/\"}}]}<\/script>\n<!-- \/ Yoast SEO plugin. -->","yoast_head_json":{"title":"Product development - Scanmast","robots":{"index":"index","follow":"follow","max-snippet":"max-snippet:-1","max-image-preview":"max-image-preview:large","max-video-preview":"max-video-preview:-1"},"canonical":"https:\/\/scanmast.com\/en\/product-development\/","og_locale":"en_GB","og_type":"article","og_title":"Produktutveckling - Scanmast","og_description":"V\u00e5ra tj\u00e4nster Ofta beh\u00f6ver v\u00e5ra produkter anpassas utifr\u00e5n s\u00e4rskilda \u00f6nskem\u00e5l, och ibland beh\u00f6ver helt nya produkter tas fram. Tillsammans med v\u00e5ra kunder tar vi fram effektiva l\u00f6sningar med anpassade mediabryggor, fundament och teknikb\u00e4rare. Vi anv\u00e4nder v\u00e5ra standardprodukter som grund och tar fram specialanpassade l\u00f6sningar f\u00f6r just ditt \u00e4ndam\u00e5l. Anpassningarna kan handla om mediabryggor, plattformar, inf\u00e4stning [&hellip;]","og_url":"https:\/\/scanmast.com\/en\/product-development\/","og_site_name":"Scanmast","article_modified_time":"2025-04-10T14:16:25+00:00","og_image":[{"width":1104,"height":860,"url":"https:\/\/scanmast.com\/wp-content\/uploads\/2025\/03\/bevakning2.jpg","type":"image\/jpeg"}],"twitter_card":"summary_large_image","twitter_misc":{"Estimated reading time":"2 minutes"},"schema":{"@context":"https:\/\/schema.org","@graph":[{"@type":"WebPage","@id":"https:\/\/scanmast.com\/en\/product-development\/","url":"https:\/\/scanmast.com\/en\/product-development\/","name":"Product development - Scanmast","isPartOf":{"@id":"https:\/\/scanmast.com\/en\/#website"},"primaryImageOfPage":{"@id":"https:\/\/scanmast.com\/en\/product-development\/#primaryimage"},"image":{"@id":"https:\/\/scanmast.com\/en\/product-development\/#primaryimage"},"thumbnailUrl":"https:\/\/scanmast.com\/wp-content\/uploads\/2025\/03\/bevakning2.jpg","datePublished":"2025-03-08T20:44:02+00:00","dateModified":"2025-04-10T14:16:25+00:00","breadcrumb":{"@id":"https:\/\/scanmast.com\/en\/product-development\/#breadcrumb"},"inLanguage":"en-GB","potentialAction":[{"@type":"ReadAction","target":["https:\/\/scanmast.com\/en\/product-development\/"]}]},{"@type":"ImageObject","inLanguage":"en-GB","@id":"https:\/\/scanmast.com\/en\/product-development\/#primaryimage","url":"https:\/\/scanmast.com\/wp-content\/uploads\/2025\/03\/bevakning2.jpg","contentUrl":"https:\/\/scanmast.com\/wp-content\/uploads\/2025\/03\/bevakning2.jpg","width":1104,"height":860},{"@type":"BreadcrumbList","@id":"https:\/\/scanmast.com\/en\/product-development\/#breadcrumb","itemListElement":[{"@type":"ListItem","position":1,"name":"Scanmast.se","item":"https:\/\/scanmast.com\/en\/"},{"@type":"ListItem","position":2,"name":"Produktutveckling"}]},{"@type":"WebSite","@id":"https:\/\/scanmast.com\/en\/#website","url":"https:\/\/scanmast.com\/en\/","name":"Scanmast","description":"","publisher":{"@id":"https:\/\/scanmast.com\/en\/#organization"},"potentialAction":[{"@type":"SearchAction","target":{"@type":"EntryPoint","urlTemplate":"https:\/\/scanmast.com\/en\/?s={search_term_string}"},"query-input":{"@type":"PropertyValueSpecification","valueRequired":true,"valueName":"search_term_string"}}],"inLanguage":"en-GB"},{"@type":"Organization","@id":"https:\/\/scanmast.com\/en\/#organization","name":"Scanmast","url":"https:\/\/scanmast.com\/en\/","logo":{"@type":"ImageObject","inLanguage":"en-GB","@id":"https:\/\/scanmast.com\/en\/#\/schema\/logo\/image\/","url":"https:\/\/scanmast.com\/wp-content\/uploads\/2025\/01\/scanmast_logotyp_utansymbol.svg","contentUrl":"https:\/\/scanmast.com\/wp-content\/uploads\/2025\/01\/scanmast_logotyp_utansymbol.svg","width":19,"height":3,"caption":"Scanmast"},"image":{"@id":"https:\/\/scanmast.com\/en\/#\/schema\/logo\/image\/"}}]}},"_links":{"self":[{"href":"https:\/\/scanmast.com\/en\/wp-json\/wp\/v2\/pages\/3884","targetHints":{"allow":["GET"]}}],"collection":[{"href":"https:\/\/scanmast.com\/en\/wp-json\/wp\/v2\/pages"}],"about":[{"href":"https:\/\/scanmast.com\/en\/wp-json\/wp\/v2\/types\/page"}],"author":[{"embeddable":true,"href":"https:\/\/scanmast.com\/en\/wp-json\/wp\/v2\/users\/2"}],"replies":[{"embeddable":true,"href":"https:\/\/scanmast.com\/en\/wp-json\/wp\/v2\/comments?post=3884"}],"version-history":[{"count":27,"href":"https:\/\/scanmast.com\/en\/wp-json\/wp\/v2\/pages\/3884\/revisions"}],"predecessor-version":[{"id":8621,"href":"https:\/\/scanmast.com\/en\/wp-json\/wp\/v2\/pages\/3884\/revisions\/8621"}],"wp:featuredmedia":[{"embeddable":true,"href":"https:\/\/scanmast.com\/en\/wp-json\/wp\/v2\/media\/4978"}],"wp:attachment":[{"href":"https:\/\/scanmast.com\/en\/wp-json\/wp\/v2\/media?parent=3884"}],"curies":[{"name":"wp","href":"https:\/\/api.w.org\/{rel}","templated":true}]}}