{"id":3876,"date":"2025-03-08T20:37:56","date_gmt":"2025-03-08T20:37:56","guid":{"rendered":"https:\/\/scanmast.com\/?page_id=3876"},"modified":"2025-04-10T14:15:32","modified_gmt":"2025-04-10T14:15:32","slug":"installation-commissioning","status":"publish","type":"page","link":"https:\/\/scanmast.com\/en\/installation-commissioning\/","title":{"rendered":"Installation &amp; commissioning"},"content":{"rendered":"<div data-elementor-type=\"wp-page\" data-elementor-id=\"3876\" class=\"elementor elementor-3876\" data-elementor-post-type=\"page\">\n\t\t\t\t<div class=\"elementor-element elementor-element-b871e1f e-con-full e-flex e-con e-parent\" data-id=\"b871e1f\" data-element_type=\"container\" data-e-type=\"container\">\n\t\t\t\t<div class=\"elementor-element elementor-element-ecb5b74 elementor-widget elementor-widget-spacer\" data-id=\"ecb5b74\" data-element_type=\"widget\" data-e-type=\"widget\" data-widget_type=\"spacer.default\">\n\t\t\t\t<div class=\"elementor-widget-container\">\n\t\t\t\t\t\t\t<div class=\"elementor-spacer\">\n\t\t\t<div class=\"elementor-spacer-inner\"><\/div>\n\t\t<\/div>\n\t\t\t\t\t\t<\/div>\n\t\t\t\t<\/div>\n\t\t\t\t<\/div>\n\t\t<div class=\"elementor-element elementor-element-375df06 e-flex e-con-boxed e-con e-parent\" data-id=\"375df06\" data-element_type=\"container\" data-e-type=\"container\" data-settings=\"{&quot;background_background&quot;:&quot;classic&quot;}\">\n\t\t\t\t\t<div class=\"e-con-inner\">\n\t\t<div class=\"elementor-element elementor-element-851b901 e-con-full e-flex e-con e-child\" data-id=\"851b901\" data-element_type=\"container\" data-e-type=\"container\" data-settings=\"{&quot;background_background&quot;:&quot;classic&quot;}\">\n\t\t\t\t<div class=\"elementor-element elementor-element-26a08d2 elementor-widget elementor-widget-image\" data-id=\"26a08d2\" data-element_type=\"widget\" data-e-type=\"widget\" data-widget_type=\"image.default\">\n\t\t\t\t<div class=\"elementor-widget-container\">\n\t\t\t\t\t\t\t\t\t\t\t\t\t\t\t<img fetchpriority=\"high\" decoding=\"async\" width=\"1102\" height=\"860\" src=\"https:\/\/scanmast.com\/wp-content\/uploads\/2025\/03\/antenner.jpg\" class=\"attachment-full size-full wp-image-4577\" alt=\"\" srcset=\"https:\/\/scanmast.com\/wp-content\/uploads\/2025\/03\/antenner.jpg 1102w, https:\/\/scanmast.com\/wp-content\/uploads\/2025\/03\/antenner-456x356.jpg 456w, https:\/\/scanmast.com\/wp-content\/uploads\/2025\/03\/antenner-721x563.jpg 721w, https:\/\/scanmast.com\/wp-content\/uploads\/2025\/03\/antenner-300x234.jpg 300w, https:\/\/scanmast.com\/wp-content\/uploads\/2025\/03\/antenner-1024x799.jpg 1024w, https:\/\/scanmast.com\/wp-content\/uploads\/2025\/03\/antenner-768x599.jpg 768w, https:\/\/scanmast.com\/wp-content\/uploads\/2025\/03\/antenner-15x12.jpg 15w\" sizes=\"(max-width: 1102px) 100vw, 1102px\" \/>\t\t\t\t\t\t\t\t\t\t\t\t\t\t\t<\/div>\n\t\t\t\t<\/div>\n\t\t\t\t<\/div>\n\t\t<div class=\"elementor-element elementor-element-062cc14 e-con-full e-flex e-con e-child\" data-id=\"062cc14\" data-element_type=\"container\" data-e-type=\"container\">\n\t\t\t\t<div class=\"elementor-element elementor-element-710f74a parent-cat elementor-icon-list--layout-traditional elementor-list-item-link-full_width elementor-widget elementor-widget-icon-list\" data-id=\"710f74a\" data-element_type=\"widget\" data-e-type=\"widget\" data-widget_type=\"icon-list.default\">\n\t\t\t\t<div class=\"elementor-widget-container\">\n\t\t\t\t\t\t\t<ul class=\"elementor-icon-list-items\">\n\t\t\t\t\t\t\t<li class=\"elementor-icon-list-item\">\n\t\t\t\t\t\t\t\t\t\t\t<a href=\"https:\/\/scanmast.com\/en\/goods-services\/\">\n\n\t\t\t\t\t\t\t\t\t\t\t\t<span class=\"elementor-icon-list-icon\">\n\t\t\t\t\t\t\t<svg xmlns=\"http:\/\/www.w3.org\/2000\/svg\" id=\"uuid-b9029fdc-02de-4b69-bcb6-8cfef79a1f66\" data-name=\"Lager 1\" viewbox=\"0 0 9.3 10\"><defs><style>      .uuid-11c728b0-0004-4730-a8d2-05f5867d3029 {        fill: #1a1a3c;      }    <\/style><\/defs><polygon class=\"uuid-11c728b0-0004-4730-a8d2-05f5867d3029\" points=\"4.3 0 3.6 .7 7.3 4.5 0 4.5 0 5.5 7.3 5.5 3.6 9.3 4.3 10 9.3 5 4.3 0\"><\/polygon><\/svg>\t\t\t\t\t\t<\/span>\n\t\t\t\t\t\t\t\t\t\t<span class=\"elementor-icon-list-text\">Our services<\/span>\n\t\t\t\t\t\t\t\t\t\t\t<\/a>\n\t\t\t\t\t\t\t\t\t<\/li>\n\t\t\t\t\t\t<\/ul>\n\t\t\t\t\t\t<\/div>\n\t\t\t\t<\/div>\n\t\t\t\t<div class=\"elementor-element elementor-element-2c431cb elementor-widget elementor-widget-heading\" data-id=\"2c431cb\" data-element_type=\"widget\" data-e-type=\"widget\" data-widget_type=\"heading.default\">\n\t\t\t\t<div class=\"elementor-widget-container\">\n\t\t\t\t\t<h1 class=\"elementor-heading-title elementor-size-default\">Installation &amp; commissioning<\/h1>\t\t\t\t<\/div>\n\t\t\t\t<\/div>\n\t\t\t\t<div class=\"elementor-element elementor-element-fe51314 elementor-widget elementor-widget-text-editor\" data-id=\"fe51314\" data-element_type=\"widget\" data-e-type=\"widget\" data-widget_type=\"text-editor.default\">\n\t\t\t\t<div class=\"elementor-widget-container\">\n\t\t\t\t\t\t\t\t\t<p>We install and commission all kinds of equipment and technology in our truss structures, such as radio and transmission, cameras, anemometers and lighting. We also install fibre and lay pipes and cables in pipe bridges.<\/p>\t\t\t\t\t\t\t\t<\/div>\n\t\t\t\t<\/div>\n\t\t\t\t<div class=\"elementor-element elementor-element-fa3af65 elementor-widget elementor-widget-button\" data-id=\"fa3af65\" data-element_type=\"widget\" data-e-type=\"widget\" data-widget_type=\"button.default\">\n\t\t\t\t<div class=\"elementor-widget-container\">\n\t\t\t\t\t\t\t\t\t<div class=\"elementor-button-wrapper\">\n\t\t\t\t\t<a class=\"elementor-button elementor-button-link elementor-size-sm\" href=\"https:\/\/scanmast.com\/en\/contact\/\">\n\t\t\t\t\t\t<span class=\"elementor-button-content-wrapper\">\n\t\t\t\t\t\t\t\t\t<span class=\"elementor-button-text\">Contact us<\/span>\n\t\t\t\t\t<\/span>\n\t\t\t\t\t<\/a>\n\t\t\t\t<\/div>\n\t\t\t\t\t\t\t\t<\/div>\n\t\t\t\t<\/div>\n\t\t\t\t<\/div>\n\t\t\t\t\t<\/div>\n\t\t\t\t<\/div>\n\t\t<div class=\"elementor-element elementor-element-6916c1a elementor-hidden-mobile e-flex e-con-boxed e-con e-child\" data-id=\"6916c1a\" data-element_type=\"container\" data-e-type=\"container\" data-settings=\"{&quot;background_background&quot;:&quot;classic&quot;}\">\n\t\t\t\t\t<div class=\"e-con-inner\">\n\t\t<div class=\"elementor-element elementor-element-9c49e4c e-flex e-con-boxed e-con e-child\" data-id=\"9c49e4c\" data-element_type=\"container\" data-e-type=\"container\">\n\t\t\t\t\t<div class=\"e-con-inner\">\n\t\t<div class=\"elementor-element elementor-element-facf641 e-con-full e-flex e-con e-child\" data-id=\"facf641\" data-element_type=\"container\" data-e-type=\"container\">\n\t\t<div class=\"elementor-element elementor-element-861627c e-con-full e-flex e-con e-child\" data-id=\"861627c\" data-element_type=\"container\" data-e-type=\"container\" data-settings=\"{&quot;background_background&quot;:&quot;classic&quot;}\">\n\t\t\t\t<div class=\"elementor-element elementor-element-67ccf23 elementor-widget elementor-widget-heading\" data-id=\"67ccf23\" data-element_type=\"widget\" data-e-type=\"widget\" data-widget_type=\"heading.default\">\n\t\t\t\t<div class=\"elementor-widget-container\">\n\t\t\t\t\t<p class=\"elementor-heading-title elementor-size-default\"><a href=\"https:\/\/scanmast.com\/en\/\">scanmast.com<\/a><\/p>\t\t\t\t<\/div>\n\t\t\t\t<\/div>\n\t\t\t\t<div class=\"elementor-element elementor-element-d758206 thin-link elementor-widget elementor-widget-heading\" data-id=\"d758206\" data-element_type=\"widget\" data-e-type=\"widget\" data-widget_type=\"heading.default\">\n\t\t\t\t<div class=\"elementor-widget-container\">\n\t\t\t\t\t<p class=\"elementor-heading-title elementor-size-default\"><a href=\"https:\/\/scanmast.com\/en\/goods-services\/\">\/ Our services \/ <\/a><\/p>\t\t\t\t<\/div>\n\t\t\t\t<\/div>\n\t\t\t\t<div class=\"elementor-element elementor-element-4c3831a thin-link elementor-widget elementor-widget-heading\" data-id=\"4c3831a\" data-element_type=\"widget\" data-e-type=\"widget\" data-widget_type=\"heading.default\">\n\t\t\t\t<div class=\"elementor-widget-container\">\n\t\t\t\t\t<p class=\"elementor-heading-title elementor-size-default\">Installation &amp; commissioning<\/p>\t\t\t\t<\/div>\n\t\t\t\t<\/div>\n\t\t\t\t<\/div>\n\t\t\t\t<\/div>\n\t\t\t\t\t<\/div>\n\t\t\t\t<\/div>\n\t\t\t\t\t<\/div>\n\t\t\t\t<\/div>\n\t\t<div class=\"elementor-element elementor-element-14b8394 e-flex e-con-boxed e-con e-child\" data-id=\"14b8394\" data-element_type=\"container\" data-e-type=\"container\" data-settings=\"{&quot;background_background&quot;:&quot;classic&quot;}\">\n\t\t\t\t\t<div class=\"e-con-inner\">\n\t\t<div class=\"elementor-element elementor-element-32d0379 e-con-full e-flex e-con e-child\" data-id=\"32d0379\" data-element_type=\"container\" data-e-type=\"container\">\n\t\t\t\t<div class=\"elementor-element elementor-element-86d8559 elementor-widget elementor-widget-heading\" data-id=\"86d8559\" data-element_type=\"widget\" data-e-type=\"widget\" data-widget_type=\"heading.default\">\n\t\t\t\t<div class=\"elementor-widget-container\">\n\t\t\t\t\t<h2 class=\"elementor-heading-title elementor-size-default\">Long experience in installation and commissioning<\/h2>\t\t\t\t<\/div>\n\t\t\t\t<\/div>\n\t\t\t\t<div class=\"elementor-element elementor-element-915a28d elementor-widget elementor-widget-text-editor\" data-id=\"915a28d\" data-element_type=\"widget\" data-e-type=\"widget\" data-widget_type=\"text-editor.default\">\n\t\t\t\t<div class=\"elementor-widget-container\">\n\t\t\t\t\t\t\t\t\t<p>Large projects in telecoms and industry, for example, require an overview and good planning. At Scanmast, we are used to controlling large parts of the logistics chain necessary for this type of installation and commissioning. We have extensive experience of major commissioning projects in the latest technology, from the 2G network to today's 5G network.<\/p>\t\t\t\t\t\t\t\t<\/div>\n\t\t\t\t<\/div>\n\t\t\t\t<div class=\"elementor-element elementor-element-3c4b1e5 elementor-widget elementor-widget-heading\" data-id=\"3c4b1e5\" data-element_type=\"widget\" data-e-type=\"widget\" data-widget_type=\"heading.default\">\n\t\t\t\t<div class=\"elementor-widget-container\">\n\t\t\t\t\t<h3 class=\"elementor-heading-title elementor-size-default\">Our installation and commissioning solutions<\/h3>\t\t\t\t<\/div>\n\t\t\t\t<\/div>\n\t\t\t\t<div class=\"elementor-element elementor-element-701c5fb elementor-widget elementor-widget-text-editor\" data-id=\"701c5fb\" data-element_type=\"widget\" data-e-type=\"widget\" data-widget_type=\"text-editor.default\">\n\t\t\t\t<div class=\"elementor-widget-container\">\n\t\t\t\t\t\t\t\t\t<p>When you leave installation and commissioning to us, you get a smooth project that runs and works as it should.<\/p><p><strong>Electricity and telecoms:<\/strong> We install and commission all kinds of telecoms equipment, lighting fixtures and cameras. We ensure that electrical and telecoms cables are correctly routed to the nearest facility.<\/p><p><strong>Fibre and broadband:<\/strong> We take care of the construction of fibre facilities for both broadband expansion and the connection of mobile base stations.<\/p><p><strong>Radio and radio link:<\/strong> We help you install and commission both radio and radio link from most suppliers.<\/p><p><strong>New installation:<\/strong> When we build brand new telecoms sites in masts and towers, we call them \"Greenfields\". On rooftops, the corresponding sites are called \"Roof top\". For these new sites, we install and commission new technology on the mast, tower or rooftop. This can be our own or other suppliers' masts and towers.<\/p><p><strong>Replacement of equipment:<\/strong> Replacing equipment at an existing site is known as a 'brownfield' or 'equipment swap'. These are often time-sensitive installations and are carried out during working hours that do not disrupt ongoing operations. We help to replace equipment such as radios, free cooling and extending battery back-up.<\/p><p><strong>Indoor solutions:<\/strong> Good indoor coverage is a given. We help you install and commission indoor solutions in office buildings, commercial properties, stadiums, shopping centres and tunnels.<\/p>\t\t\t\t\t\t\t\t<\/div>\n\t\t\t\t<\/div>\n\t\t\t\t<\/div>\n\t\t<div class=\"elementor-element elementor-element-e9fddbd e-con-full e-flex e-con e-child\" data-id=\"e9fddbd\" data-element_type=\"container\" data-e-type=\"container\">\n\t\t\t\t<div class=\"elementor-element elementor-element-d5f3c10 elementor-widget elementor-widget-image\" data-id=\"d5f3c10\" data-element_type=\"widget\" data-e-type=\"widget\" data-widget_type=\"image.default\">\n\t\t\t\t<div class=\"elementor-widget-container\">\n\t\t\t\t\t\t\t\t\t\t\t\t\t\t\t<img decoding=\"async\" width=\"704\" height=\"469\" src=\"https:\/\/scanmast.com\/wp-content\/uploads\/2025\/04\/installation3.jpg\" class=\"attachment-large size-large wp-image-8197\" alt=\"\" srcset=\"https:\/\/scanmast.com\/wp-content\/uploads\/2025\/04\/installation3.jpg 704w, https:\/\/scanmast.com\/wp-content\/uploads\/2025\/04\/installation3-18x12.jpg 18w, https:\/\/scanmast.com\/wp-content\/uploads\/2025\/04\/installation3-456x304.jpg 456w\" sizes=\"(max-width: 704px) 100vw, 704px\" \/>\t\t\t\t\t\t\t\t\t\t\t\t\t\t\t<\/div>\n\t\t\t\t<\/div>\n\t\t\t\t<\/div>\n\t\t\t\t\t<\/div>\n\t\t\t\t<\/div>\n\t\t<div class=\"elementor-element elementor-element-13c45e8 e-flex e-con-boxed e-con e-parent\" data-id=\"13c45e8\" data-element_type=\"container\" data-e-type=\"container\">\n\t\t\t\t\t<div class=\"e-con-inner\">\n\t\t\t\t<div class=\"elementor-element elementor-element-fe47ddf elementor-widget elementor-widget-image\" data-id=\"fe47ddf\" data-element_type=\"widget\" data-e-type=\"widget\" data-widget_type=\"image.default\">\n\t\t\t\t<div class=\"elementor-widget-container\">\n\t\t\t\t\t\t\t\t\t\t\t\t\t\t\t<img decoding=\"async\" width=\"1715\" height=\"965\" src=\"https:\/\/scanmast.com\/wp-content\/uploads\/2025\/03\/kablar.jpg\" class=\"attachment-full size-full wp-image-4566\" alt=\"\" srcset=\"https:\/\/scanmast.com\/wp-content\/uploads\/2025\/03\/kablar.jpg 1715w, https:\/\/scanmast.com\/wp-content\/uploads\/2025\/03\/kablar-456x257.jpg 456w, https:\/\/scanmast.com\/wp-content\/uploads\/2025\/03\/kablar-721x406.jpg 721w, https:\/\/scanmast.com\/wp-content\/uploads\/2025\/03\/kablar-300x169.jpg 300w, https:\/\/scanmast.com\/wp-content\/uploads\/2025\/03\/kablar-1024x576.jpg 1024w, https:\/\/scanmast.com\/wp-content\/uploads\/2025\/03\/kablar-768x432.jpg 768w, https:\/\/scanmast.com\/wp-content\/uploads\/2025\/03\/kablar-1536x864.jpg 1536w, https:\/\/scanmast.com\/wp-content\/uploads\/2025\/03\/kablar-18x10.jpg 18w\" sizes=\"(max-width: 1715px) 100vw, 1715px\" \/>\t\t\t\t\t\t\t\t\t\t\t\t\t\t\t<\/div>\n\t\t\t\t<\/div>\n\t\t\t\t\t<\/div>\n\t\t\t\t<\/div>\n\t\t\t\t<\/div>","protected":false},"excerpt":{"rendered":"<p>V\u00e5ra tj\u00e4nster Vi installerar och drifts\u00e4tter all slags utrustning och teknik i v\u00e5ra fackverkskonstruktioner, s\u00e5som radio och transmission, kamera, vindm\u00e4tare och belysning. Vi installerar \u00e4ven fiber och l\u00e4gger r\u00f6r samt ledningar i r\u00f6rbryggor. Kontakta oss scanmast.com \/ V\u00e5ra tj\u00e4nster \/ L\u00e5ng erfarenhet av installation och drifts\u00e4ttning F\u00f6r stora projekt inom t.ex. telekom och industri kr\u00e4vs [&hellip;]<\/p>\n","protected":false},"author":2,"featured_media":4577,"parent":0,"menu_order":0,"comment_status":"closed","ping_status":"closed","template":"","meta":{"_acf_changed":false,"footnotes":""},"class_list":["post-3876","page","type-page","status-publish","has-post-thumbnail","hentry"],"acf":[],"yoast_head":"<!-- This site is optimized with the Yoast SEO plugin v26.8 - https:\/\/yoast.com\/product\/yoast-seo-wordpress\/ -->\n<title>Installation &amp; drifts\u00e4ttning - Scanmast<\/title>\n<meta name=\"robots\" content=\"index, follow, max-snippet:-1, max-image-preview:large, max-video-preview:-1\" \/>\n<link rel=\"canonical\" href=\"https:\/\/scanmast.com\/en\/installation-commissioning\/\" \/>\n<meta property=\"og:locale\" content=\"en_GB\" \/>\n<meta property=\"og:type\" content=\"article\" \/>\n<meta property=\"og:title\" content=\"Installation &amp; drifts\u00e4ttning - Scanmast\" \/>\n<meta property=\"og:description\" content=\"V\u00e5ra tj\u00e4nster Vi installerar och drifts\u00e4tter all slags utrustning och teknik i v\u00e5ra fackverkskonstruktioner, s\u00e5som radio och transmission, kamera, vindm\u00e4tare och belysning. Vi installerar \u00e4ven fiber och l\u00e4gger r\u00f6r samt ledningar i r\u00f6rbryggor. Kontakta oss scanmast.com \/ V\u00e5ra tj\u00e4nster \/ L\u00e5ng erfarenhet av installation och drifts\u00e4ttning F\u00f6r stora projekt inom t.ex. telekom och industri kr\u00e4vs [&hellip;]\" \/>\n<meta property=\"og:url\" content=\"https:\/\/scanmast.com\/en\/installation-commissioning\/\" \/>\n<meta property=\"og:site_name\" content=\"Scanmast\" \/>\n<meta property=\"article:modified_time\" content=\"2025-04-10T14:15:32+00:00\" \/>\n<meta property=\"og:image\" content=\"https:\/\/scanmast.com\/wp-content\/uploads\/2025\/03\/antenner.jpg\" \/>\n\t<meta property=\"og:image:width\" content=\"1102\" \/>\n\t<meta property=\"og:image:height\" content=\"860\" \/>\n\t<meta property=\"og:image:type\" content=\"image\/jpeg\" \/>\n<meta name=\"twitter:card\" content=\"summary_large_image\" \/>\n<meta name=\"twitter:label1\" content=\"Estimated reading time\" \/>\n\t<meta name=\"twitter:data1\" content=\"3 minutes\" \/>\n<script type=\"application\/ld+json\" class=\"yoast-schema-graph\">{\"@context\":\"https:\/\/schema.org\",\"@graph\":[{\"@type\":\"WebPage\",\"@id\":\"https:\/\/scanmast.com\/en\/installation-commissioning\/\",\"url\":\"https:\/\/scanmast.com\/en\/installation-commissioning\/\",\"name\":\"Installation &amp; drifts\u00e4ttning - Scanmast\",\"isPartOf\":{\"@id\":\"https:\/\/scanmast.com\/en\/#website\"},\"primaryImageOfPage\":{\"@id\":\"https:\/\/scanmast.com\/en\/installation-commissioning\/#primaryimage\"},\"image\":{\"@id\":\"https:\/\/scanmast.com\/en\/installation-commissioning\/#primaryimage\"},\"thumbnailUrl\":\"https:\/\/scanmast.com\/wp-content\/uploads\/2025\/03\/antenner.jpg\",\"datePublished\":\"2025-03-08T20:37:56+00:00\",\"dateModified\":\"2025-04-10T14:15:32+00:00\",\"breadcrumb\":{\"@id\":\"https:\/\/scanmast.com\/en\/installation-commissioning\/#breadcrumb\"},\"inLanguage\":\"en-GB\",\"potentialAction\":[{\"@type\":\"ReadAction\",\"target\":[\"https:\/\/scanmast.com\/en\/installation-commissioning\/\"]}]},{\"@type\":\"ImageObject\",\"inLanguage\":\"en-GB\",\"@id\":\"https:\/\/scanmast.com\/en\/installation-commissioning\/#primaryimage\",\"url\":\"https:\/\/scanmast.com\/wp-content\/uploads\/2025\/03\/antenner.jpg\",\"contentUrl\":\"https:\/\/scanmast.com\/wp-content\/uploads\/2025\/03\/antenner.jpg\",\"width\":1102,\"height\":860},{\"@type\":\"BreadcrumbList\",\"@id\":\"https:\/\/scanmast.com\/en\/installation-commissioning\/#breadcrumb\",\"itemListElement\":[{\"@type\":\"ListItem\",\"position\":1,\"name\":\"Scanmast.se\",\"item\":\"https:\/\/scanmast.com\/en\/\"},{\"@type\":\"ListItem\",\"position\":2,\"name\":\"Installation &amp; drifts\u00e4ttning\"}]},{\"@type\":\"WebSite\",\"@id\":\"https:\/\/scanmast.com\/en\/#website\",\"url\":\"https:\/\/scanmast.com\/en\/\",\"name\":\"Scanmast\",\"description\":\"\",\"publisher\":{\"@id\":\"https:\/\/scanmast.com\/en\/#organization\"},\"potentialAction\":[{\"@type\":\"SearchAction\",\"target\":{\"@type\":\"EntryPoint\",\"urlTemplate\":\"https:\/\/scanmast.com\/en\/?s={search_term_string}\"},\"query-input\":{\"@type\":\"PropertyValueSpecification\",\"valueRequired\":true,\"valueName\":\"search_term_string\"}}],\"inLanguage\":\"en-GB\"},{\"@type\":\"Organization\",\"@id\":\"https:\/\/scanmast.com\/en\/#organization\",\"name\":\"Scanmast\",\"url\":\"https:\/\/scanmast.com\/en\/\",\"logo\":{\"@type\":\"ImageObject\",\"inLanguage\":\"en-GB\",\"@id\":\"https:\/\/scanmast.com\/en\/#\/schema\/logo\/image\/\",\"url\":\"https:\/\/scanmast.com\/wp-content\/uploads\/2025\/01\/scanmast_logotyp_utansymbol.svg\",\"contentUrl\":\"https:\/\/scanmast.com\/wp-content\/uploads\/2025\/01\/scanmast_logotyp_utansymbol.svg\",\"width\":19,\"height\":3,\"caption\":\"Scanmast\"},\"image\":{\"@id\":\"https:\/\/scanmast.com\/en\/#\/schema\/logo\/image\/\"}}]}<\/script>\n<!-- \/ Yoast SEO plugin. -->","yoast_head_json":{"title":"Installation &amp; commissioning - Scanmast","robots":{"index":"index","follow":"follow","max-snippet":"max-snippet:-1","max-image-preview":"max-image-preview:large","max-video-preview":"max-video-preview:-1"},"canonical":"https:\/\/scanmast.com\/en\/installation-commissioning\/","og_locale":"en_GB","og_type":"article","og_title":"Installation &amp; drifts\u00e4ttning - Scanmast","og_description":"V\u00e5ra tj\u00e4nster Vi installerar och drifts\u00e4tter all slags utrustning och teknik i v\u00e5ra fackverkskonstruktioner, s\u00e5som radio och transmission, kamera, vindm\u00e4tare och belysning. Vi installerar \u00e4ven fiber och l\u00e4gger r\u00f6r samt ledningar i r\u00f6rbryggor. Kontakta oss scanmast.com \/ V\u00e5ra tj\u00e4nster \/ L\u00e5ng erfarenhet av installation och drifts\u00e4ttning F\u00f6r stora projekt inom t.ex. telekom och industri kr\u00e4vs [&hellip;]","og_url":"https:\/\/scanmast.com\/en\/installation-commissioning\/","og_site_name":"Scanmast","article_modified_time":"2025-04-10T14:15:32+00:00","og_image":[{"width":1102,"height":860,"url":"https:\/\/scanmast.com\/wp-content\/uploads\/2025\/03\/antenner.jpg","type":"image\/jpeg"}],"twitter_card":"summary_large_image","twitter_misc":{"Estimated reading time":"3 minutes"},"schema":{"@context":"https:\/\/schema.org","@graph":[{"@type":"WebPage","@id":"https:\/\/scanmast.com\/en\/installation-commissioning\/","url":"https:\/\/scanmast.com\/en\/installation-commissioning\/","name":"Installation &amp; commissioning - Scanmast","isPartOf":{"@id":"https:\/\/scanmast.com\/en\/#website"},"primaryImageOfPage":{"@id":"https:\/\/scanmast.com\/en\/installation-commissioning\/#primaryimage"},"image":{"@id":"https:\/\/scanmast.com\/en\/installation-commissioning\/#primaryimage"},"thumbnailUrl":"https:\/\/scanmast.com\/wp-content\/uploads\/2025\/03\/antenner.jpg","datePublished":"2025-03-08T20:37:56+00:00","dateModified":"2025-04-10T14:15:32+00:00","breadcrumb":{"@id":"https:\/\/scanmast.com\/en\/installation-commissioning\/#breadcrumb"},"inLanguage":"en-GB","potentialAction":[{"@type":"ReadAction","target":["https:\/\/scanmast.com\/en\/installation-commissioning\/"]}]},{"@type":"ImageObject","inLanguage":"en-GB","@id":"https:\/\/scanmast.com\/en\/installation-commissioning\/#primaryimage","url":"https:\/\/scanmast.com\/wp-content\/uploads\/2025\/03\/antenner.jpg","contentUrl":"https:\/\/scanmast.com\/wp-content\/uploads\/2025\/03\/antenner.jpg","width":1102,"height":860},{"@type":"BreadcrumbList","@id":"https:\/\/scanmast.com\/en\/installation-commissioning\/#breadcrumb","itemListElement":[{"@type":"ListItem","position":1,"name":"Scanmast.se","item":"https:\/\/scanmast.com\/en\/"},{"@type":"ListItem","position":2,"name":"Installation &amp; drifts\u00e4ttning"}]},{"@type":"WebSite","@id":"https:\/\/scanmast.com\/en\/#website","url":"https:\/\/scanmast.com\/en\/","name":"Scanmast","description":"","publisher":{"@id":"https:\/\/scanmast.com\/en\/#organization"},"potentialAction":[{"@type":"SearchAction","target":{"@type":"EntryPoint","urlTemplate":"https:\/\/scanmast.com\/en\/?s={search_term_string}"},"query-input":{"@type":"PropertyValueSpecification","valueRequired":true,"valueName":"search_term_string"}}],"inLanguage":"en-GB"},{"@type":"Organization","@id":"https:\/\/scanmast.com\/en\/#organization","name":"Scanmast","url":"https:\/\/scanmast.com\/en\/","logo":{"@type":"ImageObject","inLanguage":"en-GB","@id":"https:\/\/scanmast.com\/en\/#\/schema\/logo\/image\/","url":"https:\/\/scanmast.com\/wp-content\/uploads\/2025\/01\/scanmast_logotyp_utansymbol.svg","contentUrl":"https:\/\/scanmast.com\/wp-content\/uploads\/2025\/01\/scanmast_logotyp_utansymbol.svg","width":19,"height":3,"caption":"Scanmast"},"image":{"@id":"https:\/\/scanmast.com\/en\/#\/schema\/logo\/image\/"}}]}},"_links":{"self":[{"href":"https:\/\/scanmast.com\/en\/wp-json\/wp\/v2\/pages\/3876","targetHints":{"allow":["GET"]}}],"collection":[{"href":"https:\/\/scanmast.com\/en\/wp-json\/wp\/v2\/pages"}],"about":[{"href":"https:\/\/scanmast.com\/en\/wp-json\/wp\/v2\/types\/page"}],"author":[{"embeddable":true,"href":"https:\/\/scanmast.com\/en\/wp-json\/wp\/v2\/users\/2"}],"replies":[{"embeddable":true,"href":"https:\/\/scanmast.com\/en\/wp-json\/wp\/v2\/comments?post=3876"}],"version-history":[{"count":24,"href":"https:\/\/scanmast.com\/en\/wp-json\/wp\/v2\/pages\/3876\/revisions"}],"predecessor-version":[{"id":8615,"href":"https:\/\/scanmast.com\/en\/wp-json\/wp\/v2\/pages\/3876\/revisions\/8615"}],"wp:featuredmedia":[{"embeddable":true,"href":"https:\/\/scanmast.com\/en\/wp-json\/wp\/v2\/media\/4577"}],"wp:attachment":[{"href":"https:\/\/scanmast.com\/en\/wp-json\/wp\/v2\/media?parent=3876"}],"curies":[{"name":"wp","href":"https:\/\/api.w.org\/{rel}","templated":true}]}}