{"id":3824,"date":"2025-03-08T19:57:29","date_gmt":"2025-03-08T19:57:29","guid":{"rendered":"https:\/\/scanmast.com\/?page_id=3824"},"modified":"2025-04-14T11:32:31","modified_gmt":"2025-04-14T11:32:31","slug":"corrections","status":"publish","type":"page","link":"https:\/\/scanmast.com\/en\/corrections\/","title":{"rendered":"Calculations"},"content":{"rendered":"<div data-elementor-type=\"wp-page\" data-elementor-id=\"3824\" class=\"elementor elementor-3824\" data-elementor-post-type=\"page\">\n\t\t\t\t<div class=\"elementor-element elementor-element-979c85f e-con-full e-flex e-con e-parent\" data-id=\"979c85f\" data-element_type=\"container\" data-e-type=\"container\">\n\t\t\t\t<div class=\"elementor-element elementor-element-1702290 elementor-widget elementor-widget-spacer\" data-id=\"1702290\" data-element_type=\"widget\" data-e-type=\"widget\" data-widget_type=\"spacer.default\">\n\t\t\t\t<div class=\"elementor-widget-container\">\n\t\t\t\t\t\t\t<div class=\"elementor-spacer\">\n\t\t\t<div class=\"elementor-spacer-inner\"><\/div>\n\t\t<\/div>\n\t\t\t\t\t\t<\/div>\n\t\t\t\t<\/div>\n\t\t\t\t<\/div>\n\t\t<div class=\"elementor-element elementor-element-660fc40 e-flex e-con-boxed e-con e-parent\" data-id=\"660fc40\" data-element_type=\"container\" data-e-type=\"container\" data-settings=\"{&quot;background_background&quot;:&quot;classic&quot;}\">\n\t\t\t\t\t<div class=\"e-con-inner\">\n\t\t<div class=\"elementor-element elementor-element-e52533c e-con-full e-flex e-con e-child\" data-id=\"e52533c\" data-element_type=\"container\" data-e-type=\"container\" data-settings=\"{&quot;background_background&quot;:&quot;classic&quot;}\">\n\t\t\t\t<div class=\"elementor-element elementor-element-a48d244 elementor-widget elementor-widget-image\" data-id=\"a48d244\" data-element_type=\"widget\" data-e-type=\"widget\" data-widget_type=\"image.default\">\n\t\t\t\t<div class=\"elementor-widget-container\">\n\t\t\t\t\t\t\t\t\t\t\t\t\t\t\t<img fetchpriority=\"high\" decoding=\"async\" width=\"1104\" height=\"860\" src=\"https:\/\/scanmast.com\/wp-content\/uploads\/2025\/03\/berakning.jpg\" class=\"attachment-full size-full wp-image-5022\" alt=\"\" srcset=\"https:\/\/scanmast.com\/wp-content\/uploads\/2025\/03\/berakning.jpg 1104w, https:\/\/scanmast.com\/wp-content\/uploads\/2025\/03\/berakning-456x355.jpg 456w, https:\/\/scanmast.com\/wp-content\/uploads\/2025\/03\/berakning-721x562.jpg 721w, https:\/\/scanmast.com\/wp-content\/uploads\/2025\/03\/berakning-300x234.jpg 300w, https:\/\/scanmast.com\/wp-content\/uploads\/2025\/03\/berakning-1024x798.jpg 1024w, https:\/\/scanmast.com\/wp-content\/uploads\/2025\/03\/berakning-768x598.jpg 768w, https:\/\/scanmast.com\/wp-content\/uploads\/2025\/03\/berakning-15x12.jpg 15w\" sizes=\"(max-width: 1104px) 100vw, 1104px\" \/>\t\t\t\t\t\t\t\t\t\t\t\t\t\t\t<\/div>\n\t\t\t\t<\/div>\n\t\t\t\t<\/div>\n\t\t<div class=\"elementor-element elementor-element-372120e e-con-full e-flex e-con e-child\" data-id=\"372120e\" data-element_type=\"container\" data-e-type=\"container\">\n\t\t\t\t<div class=\"elementor-element elementor-element-c916b2b parent-cat elementor-icon-list--layout-traditional elementor-list-item-link-full_width elementor-widget elementor-widget-icon-list\" data-id=\"c916b2b\" data-element_type=\"widget\" data-e-type=\"widget\" data-widget_type=\"icon-list.default\">\n\t\t\t\t<div class=\"elementor-widget-container\">\n\t\t\t\t\t\t\t<ul class=\"elementor-icon-list-items\">\n\t\t\t\t\t\t\t<li class=\"elementor-icon-list-item\">\n\t\t\t\t\t\t\t\t\t\t\t<a href=\"https:\/\/scanmast.com\/en\/goods-services\/\">\n\n\t\t\t\t\t\t\t\t\t\t\t\t<span class=\"elementor-icon-list-icon\">\n\t\t\t\t\t\t\t<svg xmlns=\"http:\/\/www.w3.org\/2000\/svg\" id=\"uuid-b9029fdc-02de-4b69-bcb6-8cfef79a1f66\" data-name=\"Lager 1\" viewbox=\"0 0 9.3 10\"><defs><style>      .uuid-11c728b0-0004-4730-a8d2-05f5867d3029 {        fill: #1a1a3c;      }    <\/style><\/defs><polygon class=\"uuid-11c728b0-0004-4730-a8d2-05f5867d3029\" points=\"4.3 0 3.6 .7 7.3 4.5 0 4.5 0 5.5 7.3 5.5 3.6 9.3 4.3 10 9.3 5 4.3 0\"><\/polygon><\/svg>\t\t\t\t\t\t<\/span>\n\t\t\t\t\t\t\t\t\t\t<span class=\"elementor-icon-list-text\">Our services<\/span>\n\t\t\t\t\t\t\t\t\t\t\t<\/a>\n\t\t\t\t\t\t\t\t\t<\/li>\n\t\t\t\t\t\t<\/ul>\n\t\t\t\t\t\t<\/div>\n\t\t\t\t<\/div>\n\t\t\t\t<div class=\"elementor-element elementor-element-7e80cf0 elementor-widget elementor-widget-heading\" data-id=\"7e80cf0\" data-element_type=\"widget\" data-e-type=\"widget\" data-widget_type=\"heading.default\">\n\t\t\t\t<div class=\"elementor-widget-container\">\n\t\t\t\t\t<h1 class=\"elementor-heading-title elementor-size-default\">Calculations<\/h1>\t\t\t\t<\/div>\n\t\t\t\t<\/div>\n\t\t\t\t<div class=\"elementor-element elementor-element-bcfdfa1 elementor-widget elementor-widget-text-editor\" data-id=\"bcfdfa1\" data-element_type=\"widget\" data-e-type=\"widget\" data-widget_type=\"text-editor.default\">\n\t\t\t\t<div class=\"elementor-widget-container\">\n\t\t\t\t\t\t\t\t\t<p>At Scanmast, we have developed our own calculation programme, specially designed for calculating masts and towers. We also make other calculations that form the basis for the new constructions, adaptations or maintenance that you need.<\/p>\t\t\t\t\t\t\t\t<\/div>\n\t\t\t\t<\/div>\n\t\t\t\t<div class=\"elementor-element elementor-element-a6f494c elementor-widget elementor-widget-button\" data-id=\"a6f494c\" data-element_type=\"widget\" data-e-type=\"widget\" data-widget_type=\"button.default\">\n\t\t\t\t<div class=\"elementor-widget-container\">\n\t\t\t\t\t\t\t\t\t<div class=\"elementor-button-wrapper\">\n\t\t\t\t\t<a class=\"elementor-button elementor-button-link elementor-size-sm\" href=\"https:\/\/scanmast.com\/en\/contact\/\">\n\t\t\t\t\t\t<span class=\"elementor-button-content-wrapper\">\n\t\t\t\t\t\t\t\t\t<span class=\"elementor-button-text\">Contact us<\/span>\n\t\t\t\t\t<\/span>\n\t\t\t\t\t<\/a>\n\t\t\t\t<\/div>\n\t\t\t\t\t\t\t\t<\/div>\n\t\t\t\t<\/div>\n\t\t\t\t<\/div>\n\t\t\t\t\t<\/div>\n\t\t\t\t<\/div>\n\t\t<div class=\"elementor-element elementor-element-1797d18 elementor-hidden-mobile e-flex e-con-boxed e-con e-child\" data-id=\"1797d18\" data-element_type=\"container\" data-e-type=\"container\" data-settings=\"{&quot;background_background&quot;:&quot;classic&quot;}\">\n\t\t\t\t\t<div class=\"e-con-inner\">\n\t\t<div class=\"elementor-element elementor-element-f34b1ea e-flex e-con-boxed e-con e-child\" data-id=\"f34b1ea\" data-element_type=\"container\" data-e-type=\"container\">\n\t\t\t\t\t<div class=\"e-con-inner\">\n\t\t<div class=\"elementor-element elementor-element-301c3fa e-con-full e-flex e-con e-child\" data-id=\"301c3fa\" data-element_type=\"container\" data-e-type=\"container\">\n\t\t<div class=\"elementor-element elementor-element-4765e10 e-con-full e-flex e-con e-child\" data-id=\"4765e10\" data-element_type=\"container\" data-e-type=\"container\" data-settings=\"{&quot;background_background&quot;:&quot;classic&quot;}\">\n\t\t\t\t<div class=\"elementor-element elementor-element-c7df796 elementor-widget elementor-widget-heading\" data-id=\"c7df796\" data-element_type=\"widget\" data-e-type=\"widget\" data-widget_type=\"heading.default\">\n\t\t\t\t<div class=\"elementor-widget-container\">\n\t\t\t\t\t<p class=\"elementor-heading-title elementor-size-default\"><a href=\"https:\/\/scanmast.com\/en\/\">scanmast.com<\/a><\/p>\t\t\t\t<\/div>\n\t\t\t\t<\/div>\n\t\t\t\t<div class=\"elementor-element elementor-element-43244b8 thin-link elementor-widget elementor-widget-heading\" data-id=\"43244b8\" data-element_type=\"widget\" data-e-type=\"widget\" data-widget_type=\"heading.default\">\n\t\t\t\t<div class=\"elementor-widget-container\">\n\t\t\t\t\t<p class=\"elementor-heading-title elementor-size-default\"><a href=\"https:\/\/scanmast.com\/en\/goods-services\/\">\/ Our services \/ <\/a><\/p>\t\t\t\t<\/div>\n\t\t\t\t<\/div>\n\t\t\t\t<div class=\"elementor-element elementor-element-7bb2971 thin-link elementor-widget elementor-widget-heading\" data-id=\"7bb2971\" data-element_type=\"widget\" data-e-type=\"widget\" data-widget_type=\"heading.default\">\n\t\t\t\t<div class=\"elementor-widget-container\">\n\t\t\t\t\t<p class=\"elementor-heading-title elementor-size-default\">Calculations<\/p>\t\t\t\t<\/div>\n\t\t\t\t<\/div>\n\t\t\t\t<\/div>\n\t\t\t\t<\/div>\n\t\t\t\t\t<\/div>\n\t\t\t\t<\/div>\n\t\t\t\t\t<\/div>\n\t\t\t\t<\/div>\n\t\t<div class=\"elementor-element elementor-element-3d2f927 e-flex e-con-boxed e-con e-child\" data-id=\"3d2f927\" data-element_type=\"container\" data-e-type=\"container\" data-settings=\"{&quot;background_background&quot;:&quot;classic&quot;}\">\n\t\t\t\t\t<div class=\"e-con-inner\">\n\t\t<div class=\"elementor-element elementor-element-4f99bf3 e-con-full e-flex e-con e-child\" data-id=\"4f99bf3\" data-element_type=\"container\" data-e-type=\"container\">\n\t\t<div class=\"elementor-element elementor-element-3cb17d3 e-con-full e-flex e-con e-child\" data-id=\"3cb17d3\" data-element_type=\"container\" data-e-type=\"container\">\n\t\t\t\t<div class=\"elementor-element elementor-element-793ca41 elementor-widget elementor-widget-heading\" data-id=\"793ca41\" data-element_type=\"widget\" data-e-type=\"widget\" data-widget_type=\"heading.default\">\n\t\t\t\t<div class=\"elementor-widget-container\">\n\t\t\t\t\t<h2 class=\"elementor-heading-title elementor-size-default\">Own mast calculation programme<\/h2>\t\t\t\t<\/div>\n\t\t\t\t<\/div>\n\t\t\t\t<div class=\"elementor-element elementor-element-b240c5e elementor-widget elementor-widget-text-editor\" data-id=\"b240c5e\" data-element_type=\"widget\" data-e-type=\"widget\" data-widget_type=\"text-editor.default\">\n\t\t\t\t<div class=\"elementor-widget-container\">\n\t\t\t\t\t\t\t\t\t<p>Our in-house mast calculation programme takes into account the latest Eurocode requirements. We also take into account geographical location, safety class, terrain type and possible ice load. Our designs are dimensioned according to the Eurocode with any national additions.\u00a0<\/p>\t\t\t\t\t\t\t\t<\/div>\n\t\t\t\t<\/div>\n\t\t\t\t<div class=\"elementor-element elementor-element-4f09e70 elementor-widget elementor-widget-heading\" data-id=\"4f09e70\" data-element_type=\"widget\" data-e-type=\"widget\" data-widget_type=\"heading.default\">\n\t\t\t\t<div class=\"elementor-widget-container\">\n\t\t\t\t\t<h3 class=\"elementor-heading-title elementor-size-default\">Strength calculations for construction<\/h3>\t\t\t\t<\/div>\n\t\t\t\t<\/div>\n\t\t\t\t<div class=\"elementor-element elementor-element-1ab769c elementor-widget elementor-widget-text-editor\" data-id=\"1ab769c\" data-element_type=\"widget\" data-e-type=\"widget\" data-widget_type=\"text-editor.default\">\n\t\t\t\t<div class=\"elementor-widget-container\">\n\t\t\t\t\t\t\t\t\t<p>Based on the underlying design, practices and applicable standards, we produce assembly and fabrication drawings. The calculation and design teams then work closely together in an interactive process to produce new designs that are fit for purpose.<\/p>\t\t\t\t\t\t\t\t<\/div>\n\t\t\t\t<\/div>\n\t\t\t\t<div class=\"elementor-element elementor-element-642f186 elementor-widget elementor-widget-heading\" data-id=\"642f186\" data-element_type=\"widget\" data-e-type=\"widget\" data-widget_type=\"heading.default\">\n\t\t\t\t<div class=\"elementor-widget-container\">\n\t\t\t\t\t<h3 class=\"elementor-heading-title elementor-size-default\">Detailed dimensioning<\/h3>\t\t\t\t<\/div>\n\t\t\t\t<\/div>\n\t\t\t\t<div class=\"elementor-element elementor-element-4b33da6 elementor-widget elementor-widget-text-editor\" data-id=\"4b33da6\" data-element_type=\"widget\" data-e-type=\"widget\" data-widget_type=\"text-editor.default\">\n\t\t\t\t<div class=\"elementor-widget-container\">\n\t\t\t\t\t\t\t\t\t<p>We also carry out FEM (finite element method) calculations to dimension products other than masts and towers. With the help of FEM, we can dimension in detail various structural solutions that are part of media bridges or other specialised solutions, for example.<\/p>\t\t\t\t\t\t\t\t<\/div>\n\t\t\t\t<\/div>\n\t\t\t\t<div class=\"elementor-element elementor-element-f806e72 elementor-widget elementor-widget-heading\" data-id=\"f806e72\" data-element_type=\"widget\" data-e-type=\"widget\" data-widget_type=\"heading.default\">\n\t\t\t\t<div class=\"elementor-widget-container\">\n\t\t\t\t\t<h3 class=\"elementor-heading-title elementor-size-default\">Calculations for maintenance<\/h3>\t\t\t\t<\/div>\n\t\t\t\t<\/div>\n\t\t\t\t<div class=\"elementor-element elementor-element-99c6553 elementor-widget elementor-widget-text-editor\" data-id=\"99c6553\" data-element_type=\"widget\" data-e-type=\"widget\" data-widget_type=\"text-editor.default\">\n\t\t\t\t<div class=\"elementor-widget-container\">\n\t\t\t\t\t\t\t\t\tExisting technology carriers also need to be counted, especially to see how much utilisation the technology carrier has. You will then find out whether your technology carrier has the capacity for new loads, for example new antennas, or whether the maximum load has been reached. When calculating, you can see whether the technology carrier is in good condition, whether it needs to be reinforced, or replaced and built new.\n\nWith the help of strength calculations, you can see what the capacity of the mast or tower is. Sometimes it may turn out that it is enough to replace or reinforce part of the mast, instead of replacing it. This often means that the products are used for longer, which is positive from both an economic and environmental perspective.\u00a0\t\t\t\t\t\t\t\t<\/div>\n\t\t\t\t<\/div>\n\t\t\t\t<\/div>\n\t\t\t\t<\/div>\n\t\t<div class=\"elementor-element elementor-element-ae3ae30 e-con-full e-flex e-con e-child\" data-id=\"ae3ae30\" data-element_type=\"container\" data-e-type=\"container\">\n\t\t\t\t<div class=\"elementor-element elementor-element-f22b042 elementor-widget elementor-widget-image\" data-id=\"f22b042\" data-element_type=\"widget\" data-e-type=\"widget\" data-widget_type=\"image.default\">\n\t\t\t\t<div class=\"elementor-widget-container\">\n\t\t\t\t\t\t\t\t\t\t\t\t\t\t\t<img decoding=\"async\" width=\"704\" height=\"469\" src=\"https:\/\/scanmast.com\/wp-content\/uploads\/2025\/03\/ror2.jpg\" class=\"attachment-large size-large wp-image-4585\" alt=\"\" srcset=\"https:\/\/scanmast.com\/wp-content\/uploads\/2025\/03\/ror2.jpg 704w, https:\/\/scanmast.com\/wp-content\/uploads\/2025\/03\/ror2-456x304.jpg 456w, https:\/\/scanmast.com\/wp-content\/uploads\/2025\/03\/ror2-300x200.jpg 300w, https:\/\/scanmast.com\/wp-content\/uploads\/2025\/03\/ror2-18x12.jpg 18w, https:\/\/scanmast.com\/wp-content\/uploads\/2025\/03\/ror2-600x400.jpg 600w\" sizes=\"(max-width: 704px) 100vw, 704px\" \/>\t\t\t\t\t\t\t\t\t\t\t\t\t\t\t<\/div>\n\t\t\t\t<\/div>\n\t\t\t\t<\/div>\n\t\t\t\t\t<\/div>\n\t\t\t\t<\/div>\n\t\t<div class=\"elementor-element elementor-element-13c45e8 e-flex e-con-boxed e-con e-parent\" data-id=\"13c45e8\" data-element_type=\"container\" data-e-type=\"container\">\n\t\t\t\t\t<div class=\"e-con-inner\">\n\t\t\t\t<div class=\"elementor-element elementor-element-fe47ddf elementor-widget elementor-widget-image\" data-id=\"fe47ddf\" data-element_type=\"widget\" data-e-type=\"widget\" data-widget_type=\"image.default\">\n\t\t\t\t<div class=\"elementor-widget-container\">\n\t\t\t\t\t\t\t\t\t\t\t\t\t\t\t<img decoding=\"async\" width=\"1715\" height=\"965\" src=\"https:\/\/scanmast.com\/wp-content\/uploads\/2025\/03\/monterar.jpg\" class=\"attachment-full size-full wp-image-4581\" alt=\"\" srcset=\"https:\/\/scanmast.com\/wp-content\/uploads\/2025\/03\/monterar.jpg 1715w, https:\/\/scanmast.com\/wp-content\/uploads\/2025\/03\/monterar-456x257.jpg 456w, https:\/\/scanmast.com\/wp-content\/uploads\/2025\/03\/monterar-721x406.jpg 721w, https:\/\/scanmast.com\/wp-content\/uploads\/2025\/03\/monterar-300x169.jpg 300w, https:\/\/scanmast.com\/wp-content\/uploads\/2025\/03\/monterar-1024x576.jpg 1024w, https:\/\/scanmast.com\/wp-content\/uploads\/2025\/03\/monterar-768x432.jpg 768w, https:\/\/scanmast.com\/wp-content\/uploads\/2025\/03\/monterar-1536x864.jpg 1536w, https:\/\/scanmast.com\/wp-content\/uploads\/2025\/03\/monterar-18x10.jpg 18w\" sizes=\"(max-width: 1715px) 100vw, 1715px\" \/>\t\t\t\t\t\t\t\t\t\t\t\t\t\t\t<\/div>\n\t\t\t\t<\/div>\n\t\t\t\t\t<\/div>\n\t\t\t\t<\/div>\n\t\t\t\t<\/div>","protected":false},"excerpt":{"rendered":"<p>V\u00e5ra tj\u00e4nster P\u00e5 Scanmast har vi utvecklat ett eget ber\u00e4kningsprogram, specialgjort f\u00f6r att kunna r\u00e4kna p\u00e5 master och torn. Vi g\u00f6r \u00e4ven andra ber\u00e4kningar som ligger till grund f\u00f6r de nya konstruktioner, anpassningar eller underh\u00e5ll som du har behov av. Kontakta oss scanmast.com \/ V\u00e5ra tj\u00e4nster \/ Eget mastber\u00e4kningsprogram V\u00e5rt eget mastber\u00e4kningsprogram tar h\u00e4nsyn till [&hellip;]<\/p>\n","protected":false},"author":2,"featured_media":5022,"parent":0,"menu_order":0,"comment_status":"closed","ping_status":"closed","template":"","meta":{"_acf_changed":false,"footnotes":""},"class_list":["post-3824","page","type-page","status-publish","has-post-thumbnail","hentry"],"acf":[],"yoast_head":"<!-- This site is optimized with the Yoast SEO plugin v26.8 - https:\/\/yoast.com\/product\/yoast-seo-wordpress\/ -->\n<title>Ber\u00e4kningar - Scanmast<\/title>\n<meta name=\"robots\" content=\"index, follow, max-snippet:-1, max-image-preview:large, max-video-preview:-1\" \/>\n<link rel=\"canonical\" href=\"https:\/\/scanmast.com\/en\/corrections\/\" \/>\n<meta property=\"og:locale\" content=\"en_GB\" \/>\n<meta property=\"og:type\" content=\"article\" \/>\n<meta property=\"og:title\" content=\"Ber\u00e4kningar - Scanmast\" \/>\n<meta property=\"og:description\" content=\"V\u00e5ra tj\u00e4nster P\u00e5 Scanmast har vi utvecklat ett eget ber\u00e4kningsprogram, specialgjort f\u00f6r att kunna r\u00e4kna p\u00e5 master och torn. Vi g\u00f6r \u00e4ven andra ber\u00e4kningar som ligger till grund f\u00f6r de nya konstruktioner, anpassningar eller underh\u00e5ll som du har behov av. Kontakta oss scanmast.com \/ V\u00e5ra tj\u00e4nster \/ Eget mastber\u00e4kningsprogram V\u00e5rt eget mastber\u00e4kningsprogram tar h\u00e4nsyn till [&hellip;]\" \/>\n<meta property=\"og:url\" content=\"https:\/\/scanmast.com\/en\/corrections\/\" \/>\n<meta property=\"og:site_name\" content=\"Scanmast\" \/>\n<meta property=\"article:modified_time\" content=\"2025-04-14T11:32:31+00:00\" \/>\n<meta property=\"og:image\" content=\"https:\/\/scanmast.com\/wp-content\/uploads\/2025\/03\/berakning.jpg\" \/>\n\t<meta property=\"og:image:width\" content=\"1104\" \/>\n\t<meta property=\"og:image:height\" content=\"860\" \/>\n\t<meta property=\"og:image:type\" content=\"image\/jpeg\" \/>\n<meta name=\"twitter:card\" content=\"summary_large_image\" \/>\n<meta name=\"twitter:label1\" content=\"Estimated reading time\" \/>\n\t<meta name=\"twitter:data1\" content=\"2 minutes\" \/>\n<script type=\"application\/ld+json\" class=\"yoast-schema-graph\">{\"@context\":\"https:\/\/schema.org\",\"@graph\":[{\"@type\":\"WebPage\",\"@id\":\"https:\/\/scanmast.com\/fi\/korjaukset\/\",\"url\":\"https:\/\/scanmast.com\/fi\/korjaukset\/\",\"name\":\"Ber\u00e4kningar - Scanmast\",\"isPartOf\":{\"@id\":\"https:\/\/scanmast.com\/en\/#website\"},\"primaryImageOfPage\":{\"@id\":\"https:\/\/scanmast.com\/fi\/korjaukset\/#primaryimage\"},\"image\":{\"@id\":\"https:\/\/scanmast.com\/fi\/korjaukset\/#primaryimage\"},\"thumbnailUrl\":\"https:\/\/scanmast.com\/wp-content\/uploads\/2025\/03\/berakning.jpg\",\"datePublished\":\"2025-03-08T19:57:29+00:00\",\"dateModified\":\"2025-04-14T11:32:31+00:00\",\"breadcrumb\":{\"@id\":\"https:\/\/scanmast.com\/fi\/korjaukset\/#breadcrumb\"},\"inLanguage\":\"en-GB\",\"potentialAction\":[{\"@type\":\"ReadAction\",\"target\":[\"https:\/\/scanmast.com\/fi\/korjaukset\/\"]}]},{\"@type\":\"ImageObject\",\"inLanguage\":\"en-GB\",\"@id\":\"https:\/\/scanmast.com\/fi\/korjaukset\/#primaryimage\",\"url\":\"https:\/\/scanmast.com\/wp-content\/uploads\/2025\/03\/berakning.jpg\",\"contentUrl\":\"https:\/\/scanmast.com\/wp-content\/uploads\/2025\/03\/berakning.jpg\",\"width\":1104,\"height\":860},{\"@type\":\"BreadcrumbList\",\"@id\":\"https:\/\/scanmast.com\/fi\/korjaukset\/#breadcrumb\",\"itemListElement\":[{\"@type\":\"ListItem\",\"position\":1,\"name\":\"Scanmast.se\",\"item\":\"https:\/\/scanmast.com\/en\/\"},{\"@type\":\"ListItem\",\"position\":2,\"name\":\"Ber\u00e4kningar\"}]},{\"@type\":\"WebSite\",\"@id\":\"https:\/\/scanmast.com\/en\/#website\",\"url\":\"https:\/\/scanmast.com\/en\/\",\"name\":\"Scanmast\",\"description\":\"\",\"publisher\":{\"@id\":\"https:\/\/scanmast.com\/en\/#organization\"},\"potentialAction\":[{\"@type\":\"SearchAction\",\"target\":{\"@type\":\"EntryPoint\",\"urlTemplate\":\"https:\/\/scanmast.com\/en\/?s={search_term_string}\"},\"query-input\":{\"@type\":\"PropertyValueSpecification\",\"valueRequired\":true,\"valueName\":\"search_term_string\"}}],\"inLanguage\":\"en-GB\"},{\"@type\":\"Organization\",\"@id\":\"https:\/\/scanmast.com\/en\/#organization\",\"name\":\"Scanmast\",\"url\":\"https:\/\/scanmast.com\/en\/\",\"logo\":{\"@type\":\"ImageObject\",\"inLanguage\":\"en-GB\",\"@id\":\"https:\/\/scanmast.com\/en\/#\/schema\/logo\/image\/\",\"url\":\"https:\/\/scanmast.com\/wp-content\/uploads\/2025\/01\/scanmast_logotyp_utansymbol.svg\",\"contentUrl\":\"https:\/\/scanmast.com\/wp-content\/uploads\/2025\/01\/scanmast_logotyp_utansymbol.svg\",\"width\":19,\"height\":3,\"caption\":\"Scanmast\"},\"image\":{\"@id\":\"https:\/\/scanmast.com\/en\/#\/schema\/logo\/image\/\"}}]}<\/script>\n<!-- \/ Yoast SEO plugin. -->","yoast_head_json":{"title":"Calculations - Scanmast","robots":{"index":"index","follow":"follow","max-snippet":"max-snippet:-1","max-image-preview":"max-image-preview:large","max-video-preview":"max-video-preview:-1"},"canonical":"https:\/\/scanmast.com\/en\/corrections\/","og_locale":"en_GB","og_type":"article","og_title":"Ber\u00e4kningar - Scanmast","og_description":"V\u00e5ra tj\u00e4nster P\u00e5 Scanmast har vi utvecklat ett eget ber\u00e4kningsprogram, specialgjort f\u00f6r att kunna r\u00e4kna p\u00e5 master och torn. Vi g\u00f6r \u00e4ven andra ber\u00e4kningar som ligger till grund f\u00f6r de nya konstruktioner, anpassningar eller underh\u00e5ll som du har behov av. Kontakta oss scanmast.com \/ V\u00e5ra tj\u00e4nster \/ Eget mastber\u00e4kningsprogram V\u00e5rt eget mastber\u00e4kningsprogram tar h\u00e4nsyn till [&hellip;]","og_url":"https:\/\/scanmast.com\/en\/corrections\/","og_site_name":"Scanmast","article_modified_time":"2025-04-14T11:32:31+00:00","og_image":[{"width":1104,"height":860,"url":"https:\/\/scanmast.com\/wp-content\/uploads\/2025\/03\/berakning.jpg","type":"image\/jpeg"}],"twitter_card":"summary_large_image","twitter_misc":{"Estimated reading time":"2 minutes"},"schema":{"@context":"https:\/\/schema.org","@graph":[{"@type":"WebPage","@id":"https:\/\/scanmast.com\/fi\/korjaukset\/","url":"https:\/\/scanmast.com\/fi\/korjaukset\/","name":"Calculations - Scanmast","isPartOf":{"@id":"https:\/\/scanmast.com\/en\/#website"},"primaryImageOfPage":{"@id":"https:\/\/scanmast.com\/fi\/korjaukset\/#primaryimage"},"image":{"@id":"https:\/\/scanmast.com\/fi\/korjaukset\/#primaryimage"},"thumbnailUrl":"https:\/\/scanmast.com\/wp-content\/uploads\/2025\/03\/berakning.jpg","datePublished":"2025-03-08T19:57:29+00:00","dateModified":"2025-04-14T11:32:31+00:00","breadcrumb":{"@id":"https:\/\/scanmast.com\/fi\/korjaukset\/#breadcrumb"},"inLanguage":"en-GB","potentialAction":[{"@type":"ReadAction","target":["https:\/\/scanmast.com\/fi\/korjaukset\/"]}]},{"@type":"ImageObject","inLanguage":"en-GB","@id":"https:\/\/scanmast.com\/fi\/korjaukset\/#primaryimage","url":"https:\/\/scanmast.com\/wp-content\/uploads\/2025\/03\/berakning.jpg","contentUrl":"https:\/\/scanmast.com\/wp-content\/uploads\/2025\/03\/berakning.jpg","width":1104,"height":860},{"@type":"BreadcrumbList","@id":"https:\/\/scanmast.com\/fi\/korjaukset\/#breadcrumb","itemListElement":[{"@type":"ListItem","position":1,"name":"Scanmast.se","item":"https:\/\/scanmast.com\/en\/"},{"@type":"ListItem","position":2,"name":"Ber\u00e4kningar"}]},{"@type":"WebSite","@id":"https:\/\/scanmast.com\/en\/#website","url":"https:\/\/scanmast.com\/en\/","name":"Scanmast","description":"","publisher":{"@id":"https:\/\/scanmast.com\/en\/#organization"},"potentialAction":[{"@type":"SearchAction","target":{"@type":"EntryPoint","urlTemplate":"https:\/\/scanmast.com\/en\/?s={search_term_string}"},"query-input":{"@type":"PropertyValueSpecification","valueRequired":true,"valueName":"search_term_string"}}],"inLanguage":"en-GB"},{"@type":"Organization","@id":"https:\/\/scanmast.com\/en\/#organization","name":"Scanmast","url":"https:\/\/scanmast.com\/en\/","logo":{"@type":"ImageObject","inLanguage":"en-GB","@id":"https:\/\/scanmast.com\/en\/#\/schema\/logo\/image\/","url":"https:\/\/scanmast.com\/wp-content\/uploads\/2025\/01\/scanmast_logotyp_utansymbol.svg","contentUrl":"https:\/\/scanmast.com\/wp-content\/uploads\/2025\/01\/scanmast_logotyp_utansymbol.svg","width":19,"height":3,"caption":"Scanmast"},"image":{"@id":"https:\/\/scanmast.com\/en\/#\/schema\/logo\/image\/"}}]}},"_links":{"self":[{"href":"https:\/\/scanmast.com\/en\/wp-json\/wp\/v2\/pages\/3824","targetHints":{"allow":["GET"]}}],"collection":[{"href":"https:\/\/scanmast.com\/en\/wp-json\/wp\/v2\/pages"}],"about":[{"href":"https:\/\/scanmast.com\/en\/wp-json\/wp\/v2\/types\/page"}],"author":[{"embeddable":true,"href":"https:\/\/scanmast.com\/en\/wp-json\/wp\/v2\/users\/2"}],"replies":[{"embeddable":true,"href":"https:\/\/scanmast.com\/en\/wp-json\/wp\/v2\/comments?post=3824"}],"version-history":[{"count":39,"href":"https:\/\/scanmast.com\/en\/wp-json\/wp\/v2\/pages\/3824\/revisions"}],"predecessor-version":[{"id":8818,"href":"https:\/\/scanmast.com\/en\/wp-json\/wp\/v2\/pages\/3824\/revisions\/8818"}],"wp:featuredmedia":[{"embeddable":true,"href":"https:\/\/scanmast.com\/en\/wp-json\/wp\/v2\/media\/5022"}],"wp:attachment":[{"href":"https:\/\/scanmast.com\/en\/wp-json\/wp\/v2\/media?parent=3824"}],"curies":[{"name":"wp","href":"https:\/\/api.w.org\/{rel}","templated":true}]}}